{"id":96,"date":"2015-06-22T21:07:03","date_gmt":"2015-06-22T19:07:03","guid":{"rendered":"http:\/\/chalons.catholique.fr\/vesle\/?page_id=96"},"modified":"2024-01-16T18:08:50","modified_gmt":"2024-01-16T16:08:50","slug":"le-bapteme-des-petits-enfants","status":"publish","type":"page","link":"https:\/\/chalons.catholique.fr\/vesle\/celebrations\/le-bapteme-des-petits-enfants\/","title":{"rendered":"Le bapt\u00eame des petits enfants"},"content":{"rendered":"<div class=\"fusion-fullwidth fullwidth-box fusion-builder-row-1 fusion-flex-container nonhundred-percent-fullwidth non-hundred-percent-height-scrolling\" style=\"--awb-border-radius-top-left:0px;--awb-border-radius-top-right:0px;--awb-border-radius-bottom-right:0px;--awb-border-radius-bottom-left:0px;--awb-flex-wrap:wrap;\" ><div class=\"fusion-builder-row fusion-row fusion-flex-align-items-flex-start fusion-flex-content-wrap\" style=\"max-width:1144px;margin-left: calc(-4% \/ 2 );margin-right: calc(-4% \/ 2 );\"><div class=\"fusion-layout-column fusion_builder_column fusion-builder-column-0 fusion_builder_column_1_1 1_1 fusion-flex-column\" style=\"--awb-bg-blend:overlay;--awb-bg-size:cover;--awb-width-large:100%;--awb-margin-top-large:0px;--awb-spacing-right-large:1.92%;--awb-margin-bottom-large:0px;--awb-spacing-left-large:1.92%;--awb-width-medium:100%;--awb-spacing-right-medium:1.92%;--awb-spacing-left-medium:1.92%;--awb-width-small:100%;--awb-spacing-right-small:1.92%;--awb-spacing-left-small:1.92%;\"><div class=\"fusion-column-wrapper fusion-flex-justify-content-flex-start fusion-content-layout-column\"><div class=\"fusion-title title fusion-title-1 fusion-sep-none fusion-title-text fusion-title-size-one\" style=\"--awb-margin-bottom:0px;\"><h1 class=\"fusion-title-heading title-heading-left\" style=\"margin:0;\">Le bapt\u00eame des petits enfants<\/h1><\/div><div class=\"fusion-text fusion-text-1\"><blockquote>\n<p><em>Baptiser (en grec baptizein) signifie \u00ab\u00a0plonger\u00a0\u00bb, \u00ab\u00a0immerger\u00a0\u00bb; la \u00ab\u00a0plong\u00e9e\u00a0\u00bb dans l\u2019eau symbolise l\u2019ensevelissement du cat\u00e9chum\u00e8ne dans la mort du Christ d\u2019o\u00f9 il sort par la r\u00e9surrection avec lui , comme \u00ab\u00a0nouvelle cr\u00e9ature\u00a0\u00bb. Ce sacrement est aussi appel\u00e9 \u00ab\u00a0le bain de la r\u00e9g\u00e9n\u00e9ration et de la r\u00e9novation en l\u2019Esprit Saint\u00a0\u00bb, car il signifie et r\u00e9alise cette naissance de l\u2019eau et de l\u2019Esprit sans laquelle \u00ab\u00a0nul ne peut entrer au Royaume de Dieu\u00a0\u00bb. \u00ab\u00a0Ce bain est appel\u00e9 illumination, parce que ceux qui re\u00e7oivent cet enseignement [cat\u00e9ch\u00e9tique] ont l\u2019esprit illumin\u00e9 \u2026\u00a0\u00bb (S.Justin, apologie. 1, 61, 12).<br \/>\nAyant re\u00e7u dans le Bapt\u00eame le Verbe, \u00ab\u00a0la lumi\u00e8re v\u00e9ritable qui illumine tout homme\u00a0\u00bb, le baptis\u00e9, \u00ab\u00a0apr\u00e8s avoir \u00e9t\u00e9 illumin\u00e9\u00a0\u00bb est devenu \u00ab\u00a0fils de lumi\u00e8re\u00a0\u00bb, et \u00ab\u00a0lumi\u00e8re\u00a0\u00bb lui-m\u00eame.<\/em><\/p>\n<p><em>Cat\u00e9chisme de l\u2019\u00c9glise catholique 1214-1216<\/em><\/p>\n<\/blockquote>\n<\/div><div class=\"fusion-title title fusion-title-2 fusion-sep-none fusion-title-text fusion-title-size-two\"><h2 class=\"fusion-title-heading title-heading-left\" style=\"margin:0;\">Comment s&rsquo;y prendre pour faire baptiser un enfant ?<\/h2><\/div><div class=\"fusion-title title fusion-title-3 fusion-sep-none fusion-title-text fusion-title-size-three\" style=\"--awb-margin-bottom:0px;\"><h3 class=\"fusion-title-heading title-heading-left\" style=\"margin:0;\">Les d\u00e9marches<\/h3><\/div><div class=\"fusion-text fusion-text-2\"><ul>\n<li>Lorsque vous aurez d\u00e9cid\u00e9 de faire baptiser votre enfant, il vous faudra d&rsquo;abord prendre contact avec la paroisse afin de d\u00e9finir une date pour le bapt\u00eame.<\/li>\n<li>Il vous sera propos\u00e9 de remplir la fiche de renseignement suivante pour officialiser votre demande : ici !<\/li>\n<li>Vous serez ensuite convi\u00e9s \u00e0 une r\u00e9union avec l\u2019ensemble des familles qui ont fait la demande du bapt\u00eame pour les mois \u00e0 venir. Le sens du bapt\u00eame y sera approfondi ensemble.<\/li>\n<li>Vous serez mis en relation avec un membre de la paroisse qui se chargera de pr\u00e9parer avec vous la c\u00e9l\u00e9bration du bapt\u00eame et la confection du livret. Un mod\u00e8le est disponible\u00a0: ici\u00a0!<\/li>\n<\/ul>\n<\/div><div class=\"fusion-title title fusion-title-4 fusion-sep-none fusion-title-text fusion-title-size-three\"><h3 class=\"fusion-title-heading title-heading-left\" style=\"margin:0;\">Le choix du parrain et de la marraine<\/h3><\/div><div class=\"fusion-text fusion-text-3\"><p>Une grosse question se trouve dans le choix du parrain et de la marraine, voici la consigne pour l\u2019\u00c9glise dans son ensemble\u00a0:<\/p>\n<ul>\n<li>on peut choisir un parrain et une marraine (mais pas deux parrains ou deux marraines) (\u00e7a ne peut pas \u00eatre les parents eux-m\u00eames)<\/li>\n<li>le parrain ET la marraine sont baptis\u00e9s dans l\u2019\u00c9glise catholique.<\/li>\n<li>ils ont au moins 16 ans<\/li>\n<li>le mieux \u00e9tant de choisir une personne ayant \u00e9t\u00e9 confirm\u00e9e qui pourra \u00eatre parrain ou marraine de confirmation de votre enfant !<\/li>\n<\/ul>\n<\/div><div class=\"fusion-title title fusion-title-5 fusion-sep-none fusion-title-text fusion-title-size-three\"><h3 class=\"fusion-title-heading title-heading-left\" style=\"margin:0;\">Les contacts<\/h3><\/div><div class=\"fusion-text fusion-text-4\"><p>La personne responsable de la pr\u00e9paration des bapt\u00eames sur la paroisse est <strong>Madame H\u00e9l\u00e8ne Gobillard<\/strong>.<br \/>\nT\u00e9l\u00e9phone :<br \/>\nMail :<\/p>\n<\/div><div class=\"fusion-title title fusion-title-6 fusion-sep-none fusion-title-text fusion-title-size-three\"><h3 class=\"fusion-title-heading title-heading-left\" style=\"margin:0;\">Les documents<\/h3><\/div><div class=\"fusion-text fusion-text-5\"><p>Voici les divers documents \u00e0 fournir<\/p>\n<ul>\n<li>Extrait de naissance de l\u2019enfant<\/li>\n<li>Certificat de bapt\u00eame du parrain et de la marraine<\/li>\n<li>Autorisation de votre cur\u00e9 si vous n\u2019habitez pas sur la paroisse<\/li>\n<\/ul>\n<\/div><div class=\"fusion-title title fusion-title-7 fusion-sep-none fusion-title-text fusion-title-size-one\"><h1 class=\"fusion-title-heading title-heading-left\" style=\"margin:0;\">Le bapt\u00eame des enfants \u00e0 partir de 7 ans<\/h1><\/div><div class=\"fusion-text fusion-text-6\"><p style=\"text-align: justify; \">Pour les enfants ayant atteint l\u2019\u00e2ge de 7 ans, que l\u2019on ne peut plus consid\u00e9rer comme des \u00ab petits enfants \u00bb, la pr\u00e9paration au bapt\u00eame se fera en lien avec <a href=\"http:\/\/vesle\/activites\/enfants\/ce2-a-la-5ieme\/\">la cat\u00e9ch\u00e8se<\/a>.<\/p>\n<p style=\"text-align: justify; \">Pour le bapt\u00eame de coll\u00e9giens ou lyc\u00e9ens, prendre contact avec l\u2019aum\u00f4nerie des jeunes de l\u2019\u00e9tablissement scolaire ou de la paroisse de r\u00e9sidence<\/p>\n<p style=\"text-align: justify; \">Pour les coll\u00e9giens : <a href=\"https:\/\/chalons.catholique.fr\/vesle\/activites\/jeunes\/aumonerie-des-collegiens\/\">L&rsquo;aum\u00f4nerie des coll\u00e9giens<\/a><\/p>\n<p style=\"text-align: justify; \">Pour les lyc\u00e9ens : <a href=\"https:\/\/chalons.catholique.fr\/vesle\/activites\/jeunes\/aumonerie-des-lyceens\/\">L&rsquo;aum\u00f4nerie des Lyc\u00e9ens <\/a><\/p>\n<p style=\"text-align: justify; \">Dans tous les cas, n\u2019h\u00e9sitez pas \u00e0 contacter le <a href=\"\/vesle\/la-paroisse\/nous-contacter\/\">presbyt\u00e8re<\/a>.<\/p>\n<\/div><div class=\"fusion-title title fusion-title-8 fusion-sep-none fusion-title-text fusion-title-size-one\"><h1 class=\"fusion-title-heading title-heading-left\" style=\"margin:0;\">Comment se procurer une copie d&rsquo;acte de bapt\u00eame ?<\/h1><\/div><div class=\"fusion-text fusion-text-7\"><p style=\"text-align: justify;\">Vous allez \u00eatre parrain ou marraine, et vous cherchez votre acte de bapt\u00eame. <b>Merci d\u2019envoyer votre demande par \u00e9crit \u00e0 la paroisse (9 rue du Souvenir Fran\u00e7ais 51460 COURTISOLS) en pr\u00e9cisant votre nom et pr\u00e9nom, le jour et le lieu de votre bapt\u00eame, et en joignant une enveloppe timbr\u00e9e \u00e0 votre adresse<\/b> pour que nous puissions vous faire parvenir le document demand\u00e9.<\/p>\n<\/div><\/div><\/div><\/div><\/div>\n","protected":false},"excerpt":{"rendered":"","protected":false},"author":5,"featured_media":0,"parent":94,"menu_order":0,"comment_status":"closed","ping_status":"closed","template":"","meta":{"xn-wppe-expiration":[],"xn-wppe-expiration-action":[],"xn-wppe-expiration-prefix":[],"footnotes":""},"_links":{"self":[{"href":"https:\/\/chalons.catholique.fr\/vesle\/wp-json\/wp\/v2\/pages\/96"}],"collection":[{"href":"https:\/\/chalons.catholique.fr\/vesle\/wp-json\/wp\/v2\/pages"}],"about":[{"href":"https:\/\/chalons.catholique.fr\/vesle\/wp-json\/wp\/v2\/types\/page"}],"author":[{"embeddable":true,"href":"https:\/\/chalons.catholique.fr\/vesle\/wp-json\/wp\/v2\/users\/5"}],"replies":[{"embeddable":true,"href":"https:\/\/chalons.catholique.fr\/vesle\/wp-json\/wp\/v2\/comments?post=96"}],"version-history":[{"count":6,"href":"https:\/\/chalons.catholique.fr\/vesle\/wp-json\/wp\/v2\/pages\/96\/revisions"}],"predecessor-version":[{"id":1467,"href":"https:\/\/chalons.catholique.fr\/vesle\/wp-json\/wp\/v2\/pages\/96\/revisions\/1467"}],"up":[{"embeddable":true,"href":"https:\/\/chalons.catholique.fr\/vesle\/wp-json\/wp\/v2\/pages\/94"}],"wp:attachment":[{"href":"https:\/\/chalons.catholique.fr\/vesle\/wp-json\/wp\/v2\/media?parent=96"}],"curies":[{"name":"wp","href":"https:\/\/api.w.org\/{rel}","templated":true}]}}