{"id":79,"date":"2015-06-22T20:31:43","date_gmt":"2015-06-22T18:31:43","guid":{"rendered":"http:\/\/chalons.catholique.fr\/vesle\/?page_id=79"},"modified":"2022-04-02T10:56:38","modified_gmt":"2022-04-02T08:56:38","slug":"chorale-paroissiale","status":"publish","type":"page","link":"https:\/\/chalons.catholique.fr\/vesle\/activites\/adultes\/chorale-paroissiale\/","title":{"rendered":"Chorale paroissiale"},"content":{"rendered":"<p>La chorale paroissiale est anim\u00e9e par s\u0153ur Marie-Estelle du sanctuaire de L\u2019\u00c9pine. Une r\u00e9p\u00e9tition toutes les deux semaines de 19h \u00e0 21h30 \u00e0 la salle paroissiale.<\/p>\n<p>(Lien vers l\u2019organigramme)<\/p>\n","protected":false},"excerpt":{"rendered":"<p>La chorale paroissiale est anim\u00e9e par s\u0153ur Marie-Estelle du sanctuaire de L\u2019\u00c9pine. Une r\u00e9p\u00e9tition toutes les deux semaines de 19h \u00e0 21h30 \u00e0 la salle paroissiale. (Lien vers l\u2019organigramme)<\/p>\n","protected":false},"author":5,"featured_media":0,"parent":1231,"menu_order":0,"comment_status":"closed","ping_status":"closed","template":"","meta":{"xn-wppe-expiration":[],"xn-wppe-expiration-action":[],"xn-wppe-expiration-prefix":[],"footnotes":""},"_links":{"self":[{"href":"https:\/\/chalons.catholique.fr\/vesle\/wp-json\/wp\/v2\/pages\/79"}],"collection":[{"href":"https:\/\/chalons.catholique.fr\/vesle\/wp-json\/wp\/v2\/pages"}],"about":[{"href":"https:\/\/chalons.catholique.fr\/vesle\/wp-json\/wp\/v2\/types\/page"}],"author":[{"embeddable":true,"href":"https:\/\/chalons.catholique.fr\/vesle\/wp-json\/wp\/v2\/users\/5"}],"replies":[{"embeddable":true,"href":"https:\/\/chalons.catholique.fr\/vesle\/wp-json\/wp\/v2\/comments?post=79"}],"version-history":[{"count":0,"href":"https:\/\/chalons.catholique.fr\/vesle\/wp-json\/wp\/v2\/pages\/79\/revisions"}],"up":[{"embeddable":true,"href":"https:\/\/chalons.catholique.fr\/vesle\/wp-json\/wp\/v2\/pages\/1231"}],"wp:attachment":[{"href":"https:\/\/chalons.catholique.fr\/vesle\/wp-json\/wp\/v2\/media?parent=79"}],"curies":[{"name":"wp","href":"https:\/\/api.w.org\/{rel}","templated":true}]}}