{"id":73,"date":"2015-06-22T20:27:12","date_gmt":"2015-06-22T18:27:12","guid":{"rendered":"http:\/\/chalons.catholique.fr\/vesle\/?page_id=73"},"modified":"2022-04-02T11:04:30","modified_gmt":"2022-04-02T09:04:30","slug":"equipe-de-bapteme-liturgiques-obseques","status":"publish","type":"page","link":"https:\/\/chalons.catholique.fr\/vesle\/activites\/adultes\/equipe-de-bapteme-liturgiques-obseques\/","title":{"rendered":"Equipes de bapt\u00eame, liturgiques, obs\u00e8ques"},"content":{"rendered":"<p>Si vous souhaitez vous investir dans une \u00e9quipe ayant pour objectif de collaborer avec le pr\u00eatre de la paroisse et de permettre une bonne pr\u00e9paration de la c\u00e9l\u00e9bration demand\u00e9e avec la famille.<\/p>\n<p>(lien vers l\u2019organigramme).<\/p>\n<div id=\"divtagdefaultwrapper\" dir=\"ltr\" style=\"font-size: 12pt;color: #548dd4;font-family: 'Comic Sans MS',Chalkboard,cursive\"><\/div>\n","protected":false},"excerpt":{"rendered":"<p>Si vous souhaitez vous investir dans une \u00e9quipe ayant pour objectif de collaborer avec le pr\u00eatre de la paroisse et de permettre une bonne pr\u00e9paration de la c\u00e9l\u00e9bration demand\u00e9e avec la famille. (lien vers l\u2019organigramme).<\/p>\n","protected":false},"author":5,"featured_media":0,"parent":1231,"menu_order":0,"comment_status":"closed","ping_status":"open","template":"","meta":{"xn-wppe-expiration":[],"xn-wppe-expiration-action":[],"xn-wppe-expiration-prefix":[],"footnotes":""},"_links":{"self":[{"href":"https:\/\/chalons.catholique.fr\/vesle\/wp-json\/wp\/v2\/pages\/73"}],"collection":[{"href":"https:\/\/chalons.catholique.fr\/vesle\/wp-json\/wp\/v2\/pages"}],"about":[{"href":"https:\/\/chalons.catholique.fr\/vesle\/wp-json\/wp\/v2\/types\/page"}],"author":[{"embeddable":true,"href":"https:\/\/chalons.catholique.fr\/vesle\/wp-json\/wp\/v2\/users\/5"}],"replies":[{"embeddable":true,"href":"https:\/\/chalons.catholique.fr\/vesle\/wp-json\/wp\/v2\/comments?post=73"}],"version-history":[{"count":0,"href":"https:\/\/chalons.catholique.fr\/vesle\/wp-json\/wp\/v2\/pages\/73\/revisions"}],"up":[{"embeddable":true,"href":"https:\/\/chalons.catholique.fr\/vesle\/wp-json\/wp\/v2\/pages\/1231"}],"wp:attachment":[{"href":"https:\/\/chalons.catholique.fr\/vesle\/wp-json\/wp\/v2\/media?parent=73"}],"curies":[{"name":"wp","href":"https:\/\/api.w.org\/{rel}","templated":true}]}}