{"id":72,"date":"2015-06-22T20:32:59","date_gmt":"2015-06-22T18:32:59","guid":{"rendered":"http:\/\/chalons.catholique.fr\/vesle\/?page_id=72"},"modified":"2024-12-11T10:48:31","modified_gmt":"2024-12-11T08:48:31","slug":"lequipe-paroissiale","status":"publish","type":"page","link":"https:\/\/chalons.catholique.fr\/vesle\/lequipe-paroissiale\/","title":{"rendered":"L&rsquo;\u00e9quipe paroissiale"},"content":{"rendered":"<div class=\"fusion-fullwidth fullwidth-box fusion-builder-row-1 fusion-flex-container nonhundred-percent-fullwidth non-hundred-percent-height-scrolling\" style=\"--awb-border-radius-top-left:0px;--awb-border-radius-top-right:0px;--awb-border-radius-bottom-right:0px;--awb-border-radius-bottom-left:0px;--awb-flex-wrap:wrap;\" ><div class=\"fusion-builder-row fusion-row fusion-flex-align-items-flex-start fusion-flex-content-wrap\" style=\"max-width:1144px;margin-left: calc(-4% \/ 2 );margin-right: calc(-4% \/ 2 );\"><div class=\"fusion-layout-column fusion_builder_column fusion-builder-column-0 fusion_builder_column_1_1 1_1 fusion-flex-column\" style=\"--awb-bg-blend:overlay;--awb-bg-size:cover;--awb-width-large:100%;--awb-margin-top-large:0px;--awb-spacing-right-large:1.92%;--awb-margin-bottom-large:0px;--awb-spacing-left-large:1.92%;--awb-width-medium:100%;--awb-spacing-right-medium:1.92%;--awb-spacing-left-medium:1.92%;--awb-width-small:100%;--awb-spacing-right-small:1.92%;--awb-spacing-left-small:1.92%;\"><div class=\"fusion-column-wrapper fusion-flex-justify-content-flex-start fusion-content-layout-column\"><div class=\"fusion-text fusion-text-1\"><blockquote>\n<p>\u00ab\u00a0Cette \u00e9quipe de pasteurs travaillera avec les fid\u00e8les la\u00efcs \u00e0 la vie paroissiale (\u2026) la pr\u00e9cieuse collaboration. (\u2026) J\u2019encourage \u00e0 aller beaucoup plus loin qu\u2019une \u00e9quipe structurelle et fonctionnelle\u00a0: former progressivement une communaut\u00e9 de fr\u00e8res et de s\u0153urs, pr\u00eatres et la\u00efcs, d\u00e9sireux de partager les moyens de la vie th\u00e9ologale en mettant en \u0153uvre les 5 essentiels.\u00a0\u00bb<\/p>\n<p>Mgr Fran\u00e7ois TOUVET (Proph\u00e8te de l\u2019esp\u00e9rance, n\u00b035).<\/p>\n<\/blockquote>\n<\/div><div class=\"fusion-text fusion-text-2\"><ul>\n<li>Une \u00e9quipe de pr\u00eatres : Don Geoffroy BOHINEUST ; don J\u00e9r\u00f4me ELISABETH (<a href=\"https:\/\/www.communautesaintmartin.org\/article\/chalons\/\">lien vers le site de la communaut\u00e9 saint Martin<\/a>)<\/li>\n<li>Un diacre : Denis RENAULT<\/li>\n<li>Une \u00e9quipe de conduite : Laura HUBERT ; Isabelle PILLOT ; Xavier BRACHET ; Emmanuel CHALAN-BELVAL<\/li>\n<li>Divers services : Chorale (Bernadette PERARDEL) ; SAM (Marie-H\u00e9l\u00e8ne COLSON) ; Obs\u00e8ques ; Bapt\u00eames (H\u00e9l\u00e8ne GOBILLARD) ; Rosaire (Elisabeth SECY) ; \u2026<\/li>\n<li>Des fr\u00e8res et s\u0153urs dans vos villages : L\u2019\u00c9pine, Courtisols, Somme-Vesle, Tilloy-et-Bellay, Poix.<\/li>\n<\/ul>\n<\/div><\/div><\/div><\/div><\/div>\n","protected":false},"excerpt":{"rendered":"","protected":false},"author":5,"featured_media":0,"parent":0,"menu_order":0,"comment_status":"closed","ping_status":"open","template":"","meta":{"xn-wppe-expiration":[],"xn-wppe-expiration-action":[],"xn-wppe-expiration-prefix":[],"footnotes":""},"_links":{"self":[{"href":"https:\/\/chalons.catholique.fr\/vesle\/wp-json\/wp\/v2\/pages\/72"}],"collection":[{"href":"https:\/\/chalons.catholique.fr\/vesle\/wp-json\/wp\/v2\/pages"}],"about":[{"href":"https:\/\/chalons.catholique.fr\/vesle\/wp-json\/wp\/v2\/types\/page"}],"author":[{"embeddable":true,"href":"https:\/\/chalons.catholique.fr\/vesle\/wp-json\/wp\/v2\/users\/5"}],"replies":[{"embeddable":true,"href":"https:\/\/chalons.catholique.fr\/vesle\/wp-json\/wp\/v2\/comments?post=72"}],"version-history":[{"count":4,"href":"https:\/\/chalons.catholique.fr\/vesle\/wp-json\/wp\/v2\/pages\/72\/revisions"}],"predecessor-version":[{"id":1545,"href":"https:\/\/chalons.catholique.fr\/vesle\/wp-json\/wp\/v2\/pages\/72\/revisions\/1545"}],"wp:attachment":[{"href":"https:\/\/chalons.catholique.fr\/vesle\/wp-json\/wp\/v2\/media?parent=72"}],"curies":[{"name":"wp","href":"https:\/\/api.w.org\/{rel}","templated":true}]}}