{"id":2,"date":"2015-04-15T19:00:30","date_gmt":"2015-04-15T17:00:30","guid":{"rendered":"http:\/\/chalons.catholique.fr\/vesle\/?page_id=2"},"modified":"2023-02-06T12:27:19","modified_gmt":"2023-02-06T10:27:19","slug":"la-paroisse","status":"publish","type":"page","link":"https:\/\/chalons.catholique.fr\/vesle\/la-paroisse\/","title":{"rendered":"La paroisse"},"content":{"rendered":"<div class=\"fusion-fullwidth fullwidth-box fusion-builder-row-1 fusion-flex-container nonhundred-percent-fullwidth non-hundred-percent-height-scrolling\" style=\"--awb-border-radius-top-left:0px;--awb-border-radius-top-right:0px;--awb-border-radius-bottom-right:0px;--awb-border-radius-bottom-left:0px;--awb-flex-wrap:wrap;\" ><div class=\"fusion-builder-row fusion-row fusion-flex-align-items-flex-start fusion-flex-content-wrap\" style=\"max-width:1144px;margin-left: calc(-4% \/ 2 );margin-right: calc(-4% \/ 2 );\"><div class=\"fusion-layout-column fusion_builder_column fusion-builder-column-0 fusion_builder_column_1_1 1_1 fusion-flex-column\" style=\"--awb-bg-size:cover;--awb-width-large:100%;--awb-margin-top-large:0px;--awb-spacing-right-large:1.92%;--awb-margin-bottom-large:0px;--awb-spacing-left-large:1.92%;--awb-width-medium:100%;--awb-spacing-right-medium:1.92%;--awb-spacing-left-medium:1.92%;--awb-width-small:100%;--awb-spacing-right-small:1.92%;--awb-spacing-left-small:1.92%;\"><div class=\"fusion-column-wrapper fusion-flex-justify-content-flex-start fusion-content-layout-column\"><div class=\"fusion-title title fusion-title-1 fusion-sep-none fusion-title-text fusion-title-size-one\"><h1 class=\"fusion-title-heading title-heading-left\" style=\"margin:0;text-transform:none;\">Situation g\u00e9ographique<\/h1><\/div><div class=\"fusion-text fusion-text-1\"><p class=\"style4\">La paroisse sainte Marie (Sources de la Vesle) fait partie de l&rsquo;espace missionnaire Champagne, dans le <a href=\"http:\/\/chalons.catholique.fr\">dioc\u00e8se de Ch\u00e2lons<\/a>.<\/p>\n<\/div><\/div><\/div><div class=\"fusion-layout-column fusion_builder_column fusion-builder-column-1 fusion_builder_column_1_1 1_1 fusion-flex-column\" style=\"--awb-bg-size:cover;--awb-width-large:100%;--awb-margin-top-large:0px;--awb-spacing-right-large:1.92%;--awb-margin-bottom-large:20px;--awb-spacing-left-large:1.92%;--awb-width-medium:100%;--awb-order-medium:0;--awb-spacing-right-medium:1.92%;--awb-spacing-left-medium:1.92%;--awb-width-small:100%;--awb-order-small:0;--awb-spacing-right-small:1.92%;--awb-spacing-left-small:1.92%;\"><div class=\"fusion-column-wrapper fusion-column-has-shadow fusion-flex-justify-content-flex-start fusion-content-layout-column\"><div class=\"fusion-image-element \" style=\"--awb-caption-title-font-family:var(--h2_typography-font-family);--awb-caption-title-font-weight:var(--h2_typography-font-weight);--awb-caption-title-font-style:var(--h2_typography-font-style);--awb-caption-title-size:var(--h2_typography-font-size);--awb-caption-title-transform:var(--h2_typography-text-transform);--awb-caption-title-line-height:var(--h2_typography-line-height);--awb-caption-title-letter-spacing:var(--h2_typography-letter-spacing);\"><span class=\" fusion-imageframe imageframe-none imageframe-1 hover-type-none\"><a href=\"https:\/\/chalons.catholique.fr\/vesle\/wp-content\/uploads\/sites\/6\/2023\/02\/Carte-Diocese-bis.png\" class=\"fusion-lightbox\" data-rel=\"iLightbox[5af0d755bc3dec06d38]\" data-title=\"Carte-Dioce\u0300se-bis\" title=\"Carte-Dioce\u0300se-bis\"><img decoding=\"async\" width=\"1884\" height=\"1373\" src=\"https:\/\/chalons.catholique.fr\/vesle\/wp-content\/uploads\/sites\/6\/2023\/02\/Carte-Diocese-bis.png\" alt class=\"img-responsive wp-image-1327\" srcset=\"https:\/\/chalons.catholique.fr\/vesle\/wp-content\/uploads\/sites\/6\/2023\/02\/Carte-Diocese-bis-200x146.png 200w, https:\/\/chalons.catholique.fr\/vesle\/wp-content\/uploads\/sites\/6\/2023\/02\/Carte-Diocese-bis-400x292.png 400w, https:\/\/chalons.catholique.fr\/vesle\/wp-content\/uploads\/sites\/6\/2023\/02\/Carte-Diocese-bis-600x437.png 600w, https:\/\/chalons.catholique.fr\/vesle\/wp-content\/uploads\/sites\/6\/2023\/02\/Carte-Diocese-bis-800x583.png 800w, https:\/\/chalons.catholique.fr\/vesle\/wp-content\/uploads\/sites\/6\/2023\/02\/Carte-Diocese-bis-1200x875.png 1200w, https:\/\/chalons.catholique.fr\/vesle\/wp-content\/uploads\/sites\/6\/2023\/02\/Carte-Diocese-bis.png 1884w\" sizes=\"(max-width: 1024px) 100vw, (max-width: 640px) 100vw, 1200px\" \/><\/a><\/span><\/div><\/div><\/div><div class=\"fusion-layout-column fusion_builder_column fusion-builder-column-2 fusion_builder_column_1_1 1_1 fusion-flex-column\" style=\"--awb-bg-size:cover;--awb-width-large:100%;--awb-margin-top-large:0px;--awb-spacing-right-large:1.92%;--awb-margin-bottom-large:0px;--awb-spacing-left-large:1.92%;--awb-width-medium:100%;--awb-spacing-right-medium:1.92%;--awb-spacing-left-medium:1.92%;--awb-width-small:100%;--awb-spacing-right-small:1.92%;--awb-spacing-left-small:1.92%;\"><div class=\"fusion-column-wrapper fusion-flex-justify-content-flex-start fusion-content-layout-column\"><div class=\"fusion-title title fusion-title-2 fusion-sep-none fusion-title-text fusion-title-size-one\"><h1 class=\"fusion-title-heading title-heading-left\" style=\"margin:0;text-transform:none;\">Les \u00e9glises<\/h1><\/div><div class=\"fusion-text fusion-text-2\"><p class=\"style4\">La paroisse compte 5 villages et 7 \u00e9glises et lieux de cultes.<\/p>\n<\/div><\/div><\/div><div class=\"fusion-layout-column fusion_builder_column fusion-builder-column-3 fusion_builder_column_1_1 1_1 fusion-flex-column\" style=\"--awb-bg-size:cover;--awb-width-large:100%;--awb-margin-top-large:0px;--awb-spacing-right-large:1.92%;--awb-margin-bottom-large:0px;--awb-spacing-left-large:1.92%;--awb-width-medium:100%;--awb-spacing-right-medium:1.92%;--awb-spacing-left-medium:1.92%;--awb-width-small:100%;--awb-spacing-right-small:1.92%;--awb-spacing-left-small:1.92%;\"><div class=\"fusion-column-wrapper fusion-flex-justify-content-flex-start fusion-content-layout-column\"><div class=\"fusion-title title fusion-title-3 fusion-sep-none fusion-title-text fusion-title-size-one\"><h1 class=\"fusion-title-heading title-heading-left\" style=\"margin:0;text-transform:none;\">Sainte patronne<\/h1><\/div><div class=\"fusion-text fusion-text-3\"><p class=\"style4\">La sainte patronne de la paroisse est sainte Marie.<\/p>\n<p class=\"style4\">Du haut de la colline de L\u2019\u00c9pine, la basilique d\u00e9di\u00e9e \u00e0 la Vierge Marie dans sa maternit\u00e9 divine domine le bassin des Sources de la Vesle. L\u00e0 se situent les cinq villages de la paroisse qui en portent le nom. Le patronage de Sainte Marie aux Sources de la Vesle semble couler de source \u00e9tant donn\u00e9 le lieu de p\u00e8lerinage marial dioc\u00e9sain tr\u00e8s fr\u00e9quent\u00e9.<\/p>\n<\/div><\/div><\/div><\/div><\/div>\n","protected":false},"excerpt":{"rendered":"","protected":false},"author":5,"featured_media":0,"parent":0,"menu_order":0,"comment_status":"open","ping_status":"closed","template":"","meta":{"xn-wppe-expiration":[],"xn-wppe-expiration-action":[],"xn-wppe-expiration-prefix":[],"footnotes":""},"_links":{"self":[{"href":"https:\/\/chalons.catholique.fr\/vesle\/wp-json\/wp\/v2\/pages\/2"}],"collection":[{"href":"https:\/\/chalons.catholique.fr\/vesle\/wp-json\/wp\/v2\/pages"}],"about":[{"href":"https:\/\/chalons.catholique.fr\/vesle\/wp-json\/wp\/v2\/types\/page"}],"author":[{"embeddable":true,"href":"https:\/\/chalons.catholique.fr\/vesle\/wp-json\/wp\/v2\/users\/5"}],"replies":[{"embeddable":true,"href":"https:\/\/chalons.catholique.fr\/vesle\/wp-json\/wp\/v2\/comments?post=2"}],"version-history":[{"count":8,"href":"https:\/\/chalons.catholique.fr\/vesle\/wp-json\/wp\/v2\/pages\/2\/revisions"}],"predecessor-version":[{"id":1330,"href":"https:\/\/chalons.catholique.fr\/vesle\/wp-json\/wp\/v2\/pages\/2\/revisions\/1330"}],"wp:attachment":[{"href":"https:\/\/chalons.catholique.fr\/vesle\/wp-json\/wp\/v2\/media?parent=2"}],"curies":[{"name":"wp","href":"https:\/\/api.w.org\/{rel}","templated":true}]}}