{"id":191,"date":"2015-08-24T21:00:41","date_gmt":"2015-08-24T19:00:41","guid":{"rendered":"http:\/\/chalons.catholique.fr\/vesle\/?page_id=191"},"modified":"2024-01-16T16:12:05","modified_gmt":"2024-01-16T14:12:05","slug":"offrande-de-casuel","status":"publish","type":"page","link":"https:\/\/chalons.catholique.fr\/vesle\/offrande-de-casuel\/","title":{"rendered":"Offrandes de casuel"},"content":{"rendered":"<div class=\"fusion-fullwidth fullwidth-box fusion-builder-row-1 fusion-flex-container nonhundred-percent-fullwidth non-hundred-percent-height-scrolling\" style=\"--awb-border-radius-top-left:0px;--awb-border-radius-top-right:0px;--awb-border-radius-bottom-right:0px;--awb-border-radius-bottom-left:0px;--awb-flex-wrap:wrap;\" ><div class=\"fusion-builder-row fusion-row fusion-flex-align-items-flex-start fusion-flex-content-wrap\" style=\"max-width:1144px;margin-left: calc(-4% \/ 2 );margin-right: calc(-4% \/ 2 );\"><div class=\"fusion-layout-column fusion_builder_column fusion-builder-column-0 fusion_builder_column_1_1 1_1 fusion-flex-column\" style=\"--awb-bg-size:cover;--awb-width-large:100%;--awb-margin-top-large:0px;--awb-spacing-right-large:1.92%;--awb-margin-bottom-large:0px;--awb-spacing-left-large:1.92%;--awb-width-medium:100%;--awb-spacing-right-medium:1.92%;--awb-spacing-left-medium:1.92%;--awb-width-small:100%;--awb-spacing-right-small:1.92%;--awb-spacing-left-small:1.92%;\"><div class=\"fusion-column-wrapper fusion-flex-justify-content-flex-start fusion-content-layout-column\"><div class=\"fusion-text fusion-text-1\"><p>Ce sont des offrandes faites \u00e0 l\u2019occasion des grands moments de la vie : lors des sacrements de bapt\u00eame, mariages et lors des fun\u00e9railles.<\/p>\n<p>C\u2019est avec le denier de l\u2019\u00c9glise, les qu\u00eates et les offrandes de messes l\u2019une des ressources d\u2019un dioc\u00e8se.<\/p>\n<p>Toute pr\u00e9paration et toute c\u00e9l\u00e9bration occasionnent souvent des frais que votre participation pourra aider \u00e0 couvrir.<\/p>\n<p>Le montant de l\u2019offrande est libre.<\/p>\n<p>\u00c0 chacun en conscience de le d\u00e9terminer.<\/p>\n<p>\u00c0 titre indicatif :<\/p>\n<ul>\n<li>lors d\u2019un bapt\u00eame : entre 50 et 150\u20ac,<\/li>\n<li>lors d\u2019un mariage entre 200 et 500\u20ac ou 3% du prix total des festivit\u00e9s de votre mariage, <\/li>\n<li>Par ch\u00e8que \u00e0 l&rsquo;ordre de la Paroisse Sainte-Marie &#8211; Sources de la Vesle. <\/li>\n<\/ul>\n<\/div><\/div><\/div><\/div><\/div>\n","protected":false},"excerpt":{"rendered":"","protected":false},"author":5,"featured_media":0,"parent":0,"menu_order":0,"comment_status":"closed","ping_status":"closed","template":"","meta":{"xn-wppe-expiration":[],"xn-wppe-expiration-action":[],"xn-wppe-expiration-prefix":[],"footnotes":""},"_links":{"self":[{"href":"https:\/\/chalons.catholique.fr\/vesle\/wp-json\/wp\/v2\/pages\/191"}],"collection":[{"href":"https:\/\/chalons.catholique.fr\/vesle\/wp-json\/wp\/v2\/pages"}],"about":[{"href":"https:\/\/chalons.catholique.fr\/vesle\/wp-json\/wp\/v2\/types\/page"}],"author":[{"embeddable":true,"href":"https:\/\/chalons.catholique.fr\/vesle\/wp-json\/wp\/v2\/users\/5"}],"replies":[{"embeddable":true,"href":"https:\/\/chalons.catholique.fr\/vesle\/wp-json\/wp\/v2\/comments?post=191"}],"version-history":[{"count":1,"href":"https:\/\/chalons.catholique.fr\/vesle\/wp-json\/wp\/v2\/pages\/191\/revisions"}],"predecessor-version":[{"id":1447,"href":"https:\/\/chalons.catholique.fr\/vesle\/wp-json\/wp\/v2\/pages\/191\/revisions\/1447"}],"wp:attachment":[{"href":"https:\/\/chalons.catholique.fr\/vesle\/wp-json\/wp\/v2\/media?parent=191"}],"curies":[{"name":"wp","href":"https:\/\/api.w.org\/{rel}","templated":true}]}}