{"id":162,"date":"2015-06-22T22:14:42","date_gmt":"2015-06-22T20:14:42","guid":{"rendered":"http:\/\/chalons.catholique.fr\/vesle\/?page_id=162"},"modified":"2023-02-06T15:21:10","modified_gmt":"2023-02-06T13:21:10","slug":"nous-contacter","status":"publish","type":"page","link":"https:\/\/chalons.catholique.fr\/vesle\/la-paroisse\/nous-contacter\/","title":{"rendered":"Nous contacter"},"content":{"rendered":"<p class=\"style4\">Pour toutes vos d\u00e9marches\u00a0: demande de Bapt\u00eame, Mariage, Messe, Cat\u00e9ch\u00e8se, Visites aux malades, pour r\u00e9pondre \u00e0 toute autre question ou prendre un rendez-vous\u00a0 vous pouvez:<\/p>\n<p>&#8211; envoyer un mail \u00e0\u00a0 <a href=\"mailto:paroisse.saintemarie@chalons.catholique.fr\">paroisse.saintemarie@chalons.catholique.fr<\/a><\/p>\n<p>&#8211; appeler au 03.26.69.14.03<\/p>\n<p>&nbsp;<\/p>\n<div dir=\"ltr\">\n<div>\n<p>Il n&rsquo;y a pas de permanence \u00e0 l&rsquo;accueil paroissial<\/p>\n<p>9, rue du Souvenir Fran\u00e7ais 51460 COURTISOLS<\/p>\n<\/div>\n<\/div>\n","protected":false},"excerpt":{"rendered":"<p>Pour toutes vos d\u00e9marches\u00a0: demande de Bapt\u00eame, Mariage, Messe, Cat\u00e9ch\u00e8se, Visites aux malades, pour r\u00e9pondre \u00e0 toute autre question ou prendre un rendez-vous\u00a0 vous pouvez: &#8211; envoyer un mail \u00e0\u00a0 paroisse.saintemarie@chalons.catholique.fr &#8211; appeler au 03.26.69.14.03 &nbsp; Il n&rsquo;y a pas de permanence \u00e0 l&rsquo;accueil paroissial 9, rue du Souvenir Fran\u00e7ais 51460 COURTISOLS<\/p>\n","protected":false},"author":5,"featured_media":0,"parent":2,"menu_order":0,"comment_status":"closed","ping_status":"closed","template":"","meta":{"xn-wppe-expiration":[],"xn-wppe-expiration-action":[],"xn-wppe-expiration-prefix":[],"footnotes":""},"_links":{"self":[{"href":"https:\/\/chalons.catholique.fr\/vesle\/wp-json\/wp\/v2\/pages\/162"}],"collection":[{"href":"https:\/\/chalons.catholique.fr\/vesle\/wp-json\/wp\/v2\/pages"}],"about":[{"href":"https:\/\/chalons.catholique.fr\/vesle\/wp-json\/wp\/v2\/types\/page"}],"author":[{"embeddable":true,"href":"https:\/\/chalons.catholique.fr\/vesle\/wp-json\/wp\/v2\/users\/5"}],"replies":[{"embeddable":true,"href":"https:\/\/chalons.catholique.fr\/vesle\/wp-json\/wp\/v2\/comments?post=162"}],"version-history":[{"count":2,"href":"https:\/\/chalons.catholique.fr\/vesle\/wp-json\/wp\/v2\/pages\/162\/revisions"}],"predecessor-version":[{"id":1339,"href":"https:\/\/chalons.catholique.fr\/vesle\/wp-json\/wp\/v2\/pages\/162\/revisions\/1339"}],"up":[{"embeddable":true,"href":"https:\/\/chalons.catholique.fr\/vesle\/wp-json\/wp\/v2\/pages\/2"}],"wp:attachment":[{"href":"https:\/\/chalons.catholique.fr\/vesle\/wp-json\/wp\/v2\/media?parent=162"}],"curies":[{"name":"wp","href":"https:\/\/api.w.org\/{rel}","templated":true}]}}