{"id":155,"date":"2015-06-22T21:59:54","date_gmt":"2015-06-22T19:59:54","guid":{"rendered":"http:\/\/chalons.catholique.fr\/vesle\/?page_id=155"},"modified":"2022-04-01T17:39:50","modified_gmt":"2022-04-01T15:39:50","slug":"legs-dons","status":"publish","type":"page","link":"https:\/\/chalons.catholique.fr\/vesle\/legs-dons\/","title":{"rendered":"Legs, Dons, &#8230;"},"content":{"rendered":"<p>L\u00e9guer est un acte spirituel avant tout\u00a0;\u00a0L\u2019Homme a besoin de laisser une trace de son passage, c\u2019est cela que l\u2019Eglise veut accueillir.<\/p>\n<p>Pourquoi l\u00e9guer \u00e0 l\u2019Eglise\u00a0?<\/p>\n<ul>\n<li>Un leg \u00e0 l\u2019Eglise est totalement exon\u00e9r\u00e9 de droit de succession.<\/li>\n<li>Gr\u00e2ce \u00e0 vos dons, l\u2019Eglise peut et pourra assumer l\u2019entretien et la construction des \u00e9glises, assurer les sacrements, former des s\u00e9minaristes, r\u00e9pondre aux questions les plus profondes que se posent les chr\u00e9tiens, faire entendre une vois chr\u00e9tienne, donner leur place aux personnes les plus d\u00e9munies, enseigner, faciliter la transmission de la foi, financer la vie quotidienne des pr\u00eatres tout au long de leur vie y compris en maison de retraite.<\/li>\n<\/ul>\n","protected":false},"excerpt":{"rendered":"<p>L\u00e9guer est un acte spirituel avant tout\u00a0;\u00a0L\u2019Homme a besoin de laisser une trace de son passage, c\u2019est cela que l\u2019Eglise veut accueillir. Pourquoi l\u00e9guer \u00e0 l\u2019Eglise\u00a0? Un leg \u00e0 l\u2019Eglise est totalement exon\u00e9r\u00e9 de droit de succession. Gr\u00e2ce \u00e0 vos dons, l\u2019Eglise peut et pourra assumer l\u2019entretien et la construction des \u00e9glises, assurer les sacrements, [&hellip;]<\/p>\n","protected":false},"author":5,"featured_media":0,"parent":0,"menu_order":0,"comment_status":"closed","ping_status":"closed","template":"","meta":{"xn-wppe-expiration":[],"xn-wppe-expiration-action":[],"xn-wppe-expiration-prefix":[],"footnotes":""},"_links":{"self":[{"href":"https:\/\/chalons.catholique.fr\/vesle\/wp-json\/wp\/v2\/pages\/155"}],"collection":[{"href":"https:\/\/chalons.catholique.fr\/vesle\/wp-json\/wp\/v2\/pages"}],"about":[{"href":"https:\/\/chalons.catholique.fr\/vesle\/wp-json\/wp\/v2\/types\/page"}],"author":[{"embeddable":true,"href":"https:\/\/chalons.catholique.fr\/vesle\/wp-json\/wp\/v2\/users\/5"}],"replies":[{"embeddable":true,"href":"https:\/\/chalons.catholique.fr\/vesle\/wp-json\/wp\/v2\/comments?post=155"}],"version-history":[{"count":0,"href":"https:\/\/chalons.catholique.fr\/vesle\/wp-json\/wp\/v2\/pages\/155\/revisions"}],"wp:attachment":[{"href":"https:\/\/chalons.catholique.fr\/vesle\/wp-json\/wp\/v2\/media?parent=155"}],"curies":[{"name":"wp","href":"https:\/\/api.w.org\/{rel}","templated":true}]}}