{"id":145,"date":"2015-06-22T21:50:37","date_gmt":"2015-06-22T19:50:37","guid":{"rendered":"http:\/\/chalons.catholique.fr\/vesle\/?page_id=145"},"modified":"2024-01-15T20:21:51","modified_gmt":"2024-01-15T18:21:51","slug":"aumonerie-des-collegiens","status":"publish","type":"page","link":"https:\/\/chalons.catholique.fr\/vesle\/activites\/jeunes\/aumonerie-des-collegiens\/","title":{"rendered":"L\u2019aum\u00f4nerie des coll\u00e9giens"},"content":{"rendered":"<p>Un vendredi sur deux, les jeunes coll\u00e9giens habitant sur la paroisse se r\u00e9unissent \u00e0 la salle paroissiale de L\u2019\u00c9pine pour vivre les 5 essentiels de la lettre pastorale de notre \u00e9v\u00eaque\u00a0: la fraternit\u00e9, la formation, le service, la mission et la pri\u00e8re. Cela \u00e0 travers un temps de jeu, un enseignement ou un t\u00e9moignage, un d\u00eener tous ensemble et un temps de pri\u00e8re \u00e0 la basilique.<\/p>\n<p>Voici le programme de l\u2019ann\u00e9e\u00a0: ici\u00a0!<\/p>\n<p>Voici la fiche d\u2019inscription\u00a0: ici\u00a0!<\/p>\n<p><a href=\"https:\/\/chalons.catholique.fr\/vesle\/lequipe-paroissiale\/\">(Fiche contact du pr\u00eatre r\u00e9f\u00e9rent )<\/a><\/p>\n","protected":false},"excerpt":{"rendered":"<p>Un vendredi sur deux, les jeunes coll\u00e9giens habitant sur la paroisse se r\u00e9unissent \u00e0 la salle paroissiale de L\u2019\u00c9pine pour vivre les 5 essentiels de la lettre pastorale de notre \u00e9v\u00eaque\u00a0: la fraternit\u00e9, la formation, le service, la mission et la pri\u00e8re. Cela \u00e0 travers un temps de jeu, un enseignement ou un t\u00e9moignage, un [&hellip;]<\/p>\n","protected":false},"author":5,"featured_media":0,"parent":1205,"menu_order":0,"comment_status":"closed","ping_status":"open","template":"","meta":{"xn-wppe-expiration":[],"xn-wppe-expiration-action":[],"xn-wppe-expiration-prefix":[],"footnotes":""},"_links":{"self":[{"href":"https:\/\/chalons.catholique.fr\/vesle\/wp-json\/wp\/v2\/pages\/145"}],"collection":[{"href":"https:\/\/chalons.catholique.fr\/vesle\/wp-json\/wp\/v2\/pages"}],"about":[{"href":"https:\/\/chalons.catholique.fr\/vesle\/wp-json\/wp\/v2\/types\/page"}],"author":[{"embeddable":true,"href":"https:\/\/chalons.catholique.fr\/vesle\/wp-json\/wp\/v2\/users\/5"}],"replies":[{"embeddable":true,"href":"https:\/\/chalons.catholique.fr\/vesle\/wp-json\/wp\/v2\/comments?post=145"}],"version-history":[{"count":2,"href":"https:\/\/chalons.catholique.fr\/vesle\/wp-json\/wp\/v2\/pages\/145\/revisions"}],"predecessor-version":[{"id":1432,"href":"https:\/\/chalons.catholique.fr\/vesle\/wp-json\/wp\/v2\/pages\/145\/revisions\/1432"}],"up":[{"embeddable":true,"href":"https:\/\/chalons.catholique.fr\/vesle\/wp-json\/wp\/v2\/pages\/1205"}],"wp:attachment":[{"href":"https:\/\/chalons.catholique.fr\/vesle\/wp-json\/wp\/v2\/media?parent=145"}],"curies":[{"name":"wp","href":"https:\/\/api.w.org\/{rel}","templated":true}]}}