{"id":142,"date":"2015-06-22T21:49:57","date_gmt":"2015-06-22T19:49:57","guid":{"rendered":"http:\/\/chalons.catholique.fr\/vesle\/?page_id=142"},"modified":"2022-04-01T18:49:23","modified_gmt":"2022-04-01T16:49:23","slug":"aumonerie-des-lyceens","status":"publish","type":"page","link":"https:\/\/chalons.catholique.fr\/vesle\/activites\/jeunes\/aumonerie-des-lyceens\/","title":{"rendered":"L\u2019aum\u00f4nerie des lyc\u00e9ens"},"content":{"rendered":"<p>Un vendredi sur deux, les jeunes lyc\u00e9ens habitant sur la paroisse sont invit\u00e9s \u00e0 se joindre \u00e0 l\u2019aum\u00f4nerie des lyc\u00e9ens \u00e0 Ch\u00e2lons pour vivre les 5 essentiels de la lettre pastorale de notre \u00e9v\u00eaque\u00a0: la fraternit\u00e9, la formation, le service, la mission et la pri\u00e8re. Cela \u00e0 travers un temps de jeu, un enseignement ou un t\u00e9moignage, un d\u00eener tous ensemble et un temps de pri\u00e8re \u00e0 la basilique.<\/p>\n<p>Voici le programme de l\u2019ann\u00e9e\u00a0: ici\u00a0!<\/p>\n<p>Voici la fiche d\u2019inscription\u00a0: ici\u00a0!<\/p>\n<p>(Fiche contact du pr\u00eatre)<\/p>\n","protected":false},"excerpt":{"rendered":"<p>Un vendredi sur deux, les jeunes lyc\u00e9ens habitant sur la paroisse sont invit\u00e9s \u00e0 se joindre \u00e0 l\u2019aum\u00f4nerie des lyc\u00e9ens \u00e0 Ch\u00e2lons pour vivre les 5 essentiels de la lettre pastorale de notre \u00e9v\u00eaque\u00a0: la fraternit\u00e9, la formation, le service, la mission et la pri\u00e8re. Cela \u00e0 travers un temps de jeu, un enseignement ou [&hellip;]<\/p>\n","protected":false},"author":5,"featured_media":0,"parent":1205,"menu_order":0,"comment_status":"closed","ping_status":"open","template":"","meta":{"xn-wppe-expiration":[],"xn-wppe-expiration-action":[],"xn-wppe-expiration-prefix":[],"footnotes":""},"_links":{"self":[{"href":"https:\/\/chalons.catholique.fr\/vesle\/wp-json\/wp\/v2\/pages\/142"}],"collection":[{"href":"https:\/\/chalons.catholique.fr\/vesle\/wp-json\/wp\/v2\/pages"}],"about":[{"href":"https:\/\/chalons.catholique.fr\/vesle\/wp-json\/wp\/v2\/types\/page"}],"author":[{"embeddable":true,"href":"https:\/\/chalons.catholique.fr\/vesle\/wp-json\/wp\/v2\/users\/5"}],"replies":[{"embeddable":true,"href":"https:\/\/chalons.catholique.fr\/vesle\/wp-json\/wp\/v2\/comments?post=142"}],"version-history":[{"count":0,"href":"https:\/\/chalons.catholique.fr\/vesle\/wp-json\/wp\/v2\/pages\/142\/revisions"}],"up":[{"embeddable":true,"href":"https:\/\/chalons.catholique.fr\/vesle\/wp-json\/wp\/v2\/pages\/1205"}],"wp:attachment":[{"href":"https:\/\/chalons.catholique.fr\/vesle\/wp-json\/wp\/v2\/media?parent=142"}],"curies":[{"name":"wp","href":"https:\/\/api.w.org\/{rel}","templated":true}]}}