{"id":1399,"date":"2023-12-22T12:57:19","date_gmt":"2023-12-22T10:57:19","guid":{"rendered":"https:\/\/chalons.catholique.fr\/vesle\/?page_id=1399"},"modified":"2023-12-22T13:10:48","modified_gmt":"2023-12-22T11:10:48","slug":"les-actualites","status":"publish","type":"page","link":"https:\/\/chalons.catholique.fr\/vesle\/les-actualites\/","title":{"rendered":"Les actualit\u00e9s"},"content":{"rendered":"<div class=\"fusion-fullwidth fullwidth-box fusion-builder-row-1 fusion-flex-container has-pattern-background has-mask-background nonhundred-percent-fullwidth non-hundred-percent-height-scrolling\" style=\"--awb-border-radius-top-left:0px;--awb-border-radius-top-right:0px;--awb-border-radius-bottom-right:0px;--awb-border-radius-bottom-left:0px;--awb-flex-wrap:wrap;\" ><div class=\"fusion-builder-row fusion-row fusion-flex-align-items-flex-start fusion-flex-content-wrap\" style=\"max-width:1144px;margin-left: calc(-4% \/ 2 );margin-right: calc(-4% \/ 2 );\"><div class=\"fusion-layout-column fusion_builder_column fusion-builder-column-0 fusion_builder_column_1_1 1_1 fusion-flex-column\" style=\"--awb-bg-size:cover;--awb-width-large:100%;--awb-margin-top-large:0px;--awb-spacing-right-large:1.92%;--awb-margin-bottom-large:20px;--awb-spacing-left-large:1.92%;--awb-width-medium:100%;--awb-order-medium:0;--awb-spacing-right-medium:1.92%;--awb-spacing-left-medium:1.92%;--awb-width-small:100%;--awb-order-small:0;--awb-spacing-right-small:1.92%;--awb-spacing-left-small:1.92%;\"><div class=\"fusion-column-wrapper fusion-column-has-shadow fusion-flex-justify-content-flex-start fusion-content-layout-column\"><div class=\"fusion-blog-shortcode fusion-blog-shortcode-1 fusion-blog-archive fusion-blog-layout-grid-wrapper fusion-blog-no fusion-blog-no-images\"><style type=\"text\/css\">.fusion-blog-shortcode-1 .fusion-blog-layout-grid .fusion-post-grid{padding:20px;}.fusion-blog-shortcode-1 .fusion-posts-container{margin-left: -20px !important; margin-right:-20px !important;}<\/style><div class=\"fusion-posts-container fusion-posts-container-no fusion-no-meta-info fusion-blog-layout-grid fusion-blog-layout-grid-3 isotope fusion-blog-equal-heights\" data-pages=\"2\" data-grid-col-space=\"40\" style=\"margin: -20px -20px 0;min-height:500px;\"><article id=\"blog-1-post-1565\" class=\"fusion-post-grid post-1565 post type-post status-publish format-standard hentry category-actualites tag-vie-consacree tag-vocations\">\n<div class=\"fusion-post-wrapper\" style=\"background-color:rgba(255,255,255,0);border:1px solid #ebeaea;border-bottom-width:3px;\"><div class=\"fusion-post-content-wrapper\" style=\"padding:30px 25px 20px 25px;\"><div class=\"fusion-post-content post-content\"><h2 class=\"blog-shortcode-post-title entry-title\"><a href=\"https:\/\/chalons.catholique.fr\/vesle\/2025\/02\/25\/zoom-sur-la-vie-consacree\/\">ZOOM sur &#8230; la vie consacr\u00e9e<\/a><\/h2><div class=\"fusion-post-content-container\"><p>Comme depuis 1997, le dimanche 2 f\u00e9vrier, nous avons, au sein de notre Basilique Notre-Dame de l\u2019Epine, \u00e0 l\u2019instar de la f\u00eate des lumi\u00e8res et de la d\u00e9cision des nouveaux cat\u00e9chum\u00e8nes, c\u00e9l\u00e9br\u00e9 [\u2026]\n<\/p><\/div><\/div><\/div><div class=\"fusion-clearfix\"><\/div><\/div>\n<\/article>\n<article id=\"blog-1-post-1557\" class=\"fusion-post-grid post-1557 post type-post status-publish format-standard hentry category-actualites\">\n<div class=\"fusion-post-wrapper\" style=\"background-color:rgba(255,255,255,0);border:1px solid #ebeaea;border-bottom-width:3px;\"><div class=\"fusion-post-content-wrapper\" style=\"padding:30px 25px 20px 25px;\"><div class=\"fusion-post-content post-content\"><h2 class=\"blog-shortcode-post-title entry-title\"><a href=\"https:\/\/chalons.catholique.fr\/vesle\/2025\/01\/20\/zoom-sur-l-esperance\/\">ZOOM sur &#8230; l&rsquo;Esp\u00e9rance<\/a><\/h2><div class=\"fusion-post-content-container\"><p>Avec la foi et la charit\u00e9,<strong> l\u2019esp\u00e9rance<\/strong> fait partie des trois vertus th\u00e9ologales. Elles <em>\u00ab\u202f<\/em><em>expriment l<\/em><em>\u2019<\/em><em>essence de la vie chr<\/em><em>\u00e9<\/em><em>tienne<\/em><em>\u202f<\/em><em>\u00bb<\/em>, souligne le Saint-P\u00e8re, car elles nous <em>\u00ab\u202f<\/em><em>disposent <\/em><em>\u00e0<\/em><em> vivre en relation avec [\u2026]\n<\/em><\/p><\/div><\/div><\/div><div class=\"fusion-clearfix\"><\/div><\/div>\n<\/article>\n<article id=\"blog-1-post-1553\" class=\"fusion-post-grid post-1553 post type-post status-publish format-standard hentry category-actualites\">\n<div class=\"fusion-post-wrapper\" style=\"background-color:rgba(255,255,255,0);border:1px solid #ebeaea;border-bottom-width:3px;\"><div class=\"fusion-post-content-wrapper\" style=\"padding:30px 25px 20px 25px;\"><div class=\"fusion-post-content post-content\"><h2 class=\"blog-shortcode-post-title entry-title\"><a href=\"https:\/\/chalons.catholique.fr\/vesle\/2025\/01\/06\/zoom-sur-la-nouvelle-annee\/\">ZOOM sur &#8230; la Nouvelle Ann\u00e9e<\/a><\/h2><div class=\"fusion-post-content-container\"><p>dont le passage est un moment universellement c\u00e9l\u00e9br\u00e9 \u00e0 travers le monde, marqu\u00e9 par des festivit\u00e9s, des r\u00e9solutions, et surtout <strong>des v\u0153ux de bonheur, de sant\u00e9 et de prosp\u00e9rit\u00e9.<\/strong> Cette tradition d\u2019\u00e9changer [\u2026]\n<\/p><\/div><\/div><\/div><div class=\"fusion-clearfix\"><\/div><\/div>\n<\/article>\n<article id=\"blog-1-post-1548\" class=\"fusion-post-grid post-1548 post type-post status-publish format-standard hentry category-actualites\">\n<div class=\"fusion-post-wrapper\" style=\"background-color:rgba(255,255,255,0);border:1px solid #ebeaea;border-bottom-width:3px;\"><div class=\"fusion-post-content-wrapper\" style=\"padding:30px 25px 20px 25px;\"><div class=\"fusion-post-content post-content\"><h2 class=\"blog-shortcode-post-title entry-title\"><a href=\"https:\/\/chalons.catholique.fr\/vesle\/2024\/12\/23\/zoom-sur-la-veillee-de-noel-2\/\">ZOOM sur &#8230; la veill\u00e9e de No\u00ebl<\/a><\/h2><div class=\"fusion-post-content-container\"><p>qui aura lieu \u00e0 18h30 en l\u2019\u00e9glise Saint Martin de Courtisols, suivie de la messe. Une dizaine d\u2019enfants ont appris, avec enthousiasme et envie, des chants et des textes pour raconter Marie [\u2026]\n<\/p><\/div><\/div><\/div><div class=\"fusion-clearfix\"><\/div><\/div>\n<\/article>\n<article id=\"blog-1-post-1542\" class=\"fusion-post-grid post-1542 post type-post status-publish format-standard hentry category-actualites\">\n<div class=\"fusion-post-wrapper\" style=\"background-color:rgba(255,255,255,0);border:1px solid #ebeaea;border-bottom-width:3px;\"><div class=\"fusion-post-content-wrapper\" style=\"padding:30px 25px 20px 25px;\"><div class=\"fusion-post-content post-content\"><h2 class=\"blog-shortcode-post-title entry-title\"><a href=\"https:\/\/chalons.catholique.fr\/vesle\/2024\/12\/11\/zoom-sur-les-petites-lettres\/\">ZOOM sur &#8230; Les petites lettres<\/a><\/h2><div class=\"fusion-post-content-container\"><p><strong>\u00a0<\/strong>une vingtaine de personnes \u00e2g\u00e9es et autant d\u2019enfants cat\u00e9chis\u00e9s dans notre paroisse participent depuis octobre 2024 \u00e0 une action interg\u00e9n\u00e9rationnelle cr\u00e9\u00e9e et anim\u00e9e par C\u00e9line Mauvais avec une forte participation des r\u00e9sidents [\u2026]\n<\/p><\/div><\/div><\/div><div class=\"fusion-clearfix\"><\/div><\/div>\n<\/article>\n<article id=\"blog-1-post-1536\" class=\"fusion-post-grid post-1536 post type-post status-publish format-standard hentry category-actualites\">\n<div class=\"fusion-post-wrapper\" style=\"background-color:rgba(255,255,255,0);border:1px solid #ebeaea;border-bottom-width:3px;\"><div class=\"fusion-post-content-wrapper\" style=\"padding:30px 25px 20px 25px;\"><div class=\"fusion-post-content post-content\"><h2 class=\"blog-shortcode-post-title entry-title\"><a href=\"https:\/\/chalons.catholique.fr\/vesle\/2024\/11\/25\/zoom-sur-lavent\/\">ZOOM sur &#8230; l&rsquo;Avent<\/a><\/h2><div class=\"fusion-post-content-container\"><p>du latin adventus, qui signifie \u00ab venue, av\u00e8nement \u00bb et qui s\u2019ouvre le 4\u00e8me dimanche pr\u00e9c\u00e9dant No\u00ebl.<br>\nC\u2019est la p\u00e9riode o\u00f9 nous nous pr\u00e9parons int\u00e9rieurement \u00e0 c\u00e9l\u00e9brer No\u00ebl, \u00e9v\u00e9nement d\u00e9cisif pour l\u2019humanit\u00e9, puisque [\u2026]\n<\/p><\/div><\/div><\/div><div class=\"fusion-clearfix\"><\/div><\/div>\n<\/article>\n<article id=\"blog-1-post-1534\" class=\"fusion-post-grid post-1534 post type-post status-publish format-standard hentry category-actualites\">\n<div class=\"fusion-post-wrapper\" style=\"background-color:rgba(255,255,255,0);border:1px solid #ebeaea;border-bottom-width:3px;\"><div class=\"fusion-post-content-wrapper\" style=\"padding:30px 25px 20px 25px;\"><div class=\"fusion-post-content post-content\"><h2 class=\"blog-shortcode-post-title entry-title\"><a href=\"https:\/\/chalons.catholique.fr\/vesle\/2024\/11\/25\/zoom-sur-la-communaute-saint-martin\/\">ZOOM sur &#8230; La communaut\u00e9 Saint Martin<\/a><\/h2><div class=\"fusion-post-content-container\"><p>cr\u00e9\u00e9e en 1976 par l\u2019Abb\u00e9 Jean-Fran\u00e7ois Gu\u00e9rin (+2005) dont la devise est \u00ab charitas \u00bb, est une association cl\u00e9ricale de droit pontifical (d\u00e9pendant du Pape) au service des \u00e9v\u00eaques. Il s\u2019agit de [\u2026]\n<\/p><\/div><\/div><\/div><div class=\"fusion-clearfix\"><\/div><\/div>\n<\/article>\n<article id=\"blog-1-post-1526\" class=\"fusion-post-grid post-1526 post type-post status-publish format-standard hentry category-actualites\">\n<div class=\"fusion-post-wrapper\" style=\"background-color:rgba(255,255,255,0);border:1px solid #ebeaea;border-bottom-width:3px;\"><div class=\"fusion-post-content-wrapper\" style=\"padding:30px 25px 20px 25px;\"><div class=\"fusion-post-content post-content\"><h2 class=\"blog-shortcode-post-title entry-title\"><a href=\"https:\/\/chalons.catholique.fr\/vesle\/2024\/06\/20\/zoom-sur-don-erwan\/\">ZOOM sur &#8230; Don Erwan<\/a><\/h2><div class=\"fusion-post-content-container\"><p>Don Erwan est arriv\u00e9 en 2016 en tant que <strong>vicaire<\/strong> sur la paroisse des Moth\u00e9es \u00e0 Sarry, puis sur les sources de la Vesle. Ensuite, il a \u00e9t\u00e9 <strong>cur\u00e9 <\/strong>sur l\u2019ensemble des [\u2026]\n<\/p><\/div><\/div><\/div><div class=\"fusion-clearfix\"><\/div><\/div>\n<\/article>\n<article id=\"blog-1-post-1519\" class=\"fusion-post-grid post-1519 post type-post status-publish format-standard hentry category-actualites tag-aumonerie tag-noel tag-veillee\">\n<div class=\"fusion-post-wrapper\" style=\"background-color:rgba(255,255,255,0);border:1px solid #ebeaea;border-bottom-width:3px;\"><div class=\"fusion-post-content-wrapper\" style=\"padding:30px 25px 20px 25px;\"><div class=\"fusion-post-content post-content\"><h2 class=\"blog-shortcode-post-title entry-title\"><a href=\"https:\/\/chalons.catholique.fr\/vesle\/2024\/03\/26\/zoom-sur-la-confession\/\">ZOOM sur la confession<\/a><\/h2><div class=\"fusion-post-content-container\"><p><strong>La confession <\/strong>est l\u2019un des sept sacrements institu\u00e9s par JESUS-Christ. Elle permet au p\u00e9nitent qui reconna\u00eet ses p\u00e9ch\u00e9s de recevoir le pardon de Dieu et de se r\u00e9concilier avec la communaut\u00e9 chr\u00e9tienne [\u2026]\n<\/p><\/div><\/div><\/div><div class=\"fusion-clearfix\"><\/div><\/div>\n<\/article>\n<article id=\"blog-1-post-1517\" class=\"fusion-post-grid post-1517 post type-post status-publish format-standard hentry category-actualites tag-aumonerie tag-noel tag-veillee\">\n<div class=\"fusion-post-wrapper\" style=\"background-color:rgba(255,255,255,0);border:1px solid #ebeaea;border-bottom-width:3px;\"><div class=\"fusion-post-content-wrapper\" style=\"padding:30px 25px 20px 25px;\"><div class=\"fusion-post-content post-content\"><h2 class=\"blog-shortcode-post-title entry-title\"><a href=\"https:\/\/chalons.catholique.fr\/vesle\/2024\/03\/26\/zoom-sur-les-etapes-du-bapteme\/\">ZOOM sur les \u00e9tapes du bapt\u00eame<\/a><\/h2><div class=\"fusion-post-content-container\"><p>pour les personnes de plus de 7 ans<strong>, <\/strong>aptes \u00e0 se pr\u00e9parer au bapt\u00eame (en 1 an de 7 \u00e0 17 ans et en 2 ans pour les personnes majeures). <strong>Le bapt\u00eame,<\/strong> [\u2026]\n<\/p><\/div><\/div><\/div><div class=\"fusion-clearfix\"><\/div><\/div>\n<\/article>\n<div class=\"fusion-clearfix\"><\/div><\/div><\/div><\/div><\/div><\/div><\/div>\n","protected":false},"excerpt":{"rendered":"","protected":false},"author":5,"featured_media":0,"parent":0,"menu_order":0,"comment_status":"closed","ping_status":"closed","template":"","meta":{"xn-wppe-expiration":[],"xn-wppe-expiration-action":[],"xn-wppe-expiration-prefix":[],"footnotes":""},"_links":{"self":[{"href":"https:\/\/chalons.catholique.fr\/vesle\/wp-json\/wp\/v2\/pages\/1399"}],"collection":[{"href":"https:\/\/chalons.catholique.fr\/vesle\/wp-json\/wp\/v2\/pages"}],"about":[{"href":"https:\/\/chalons.catholique.fr\/vesle\/wp-json\/wp\/v2\/types\/page"}],"author":[{"embeddable":true,"href":"https:\/\/chalons.catholique.fr\/vesle\/wp-json\/wp\/v2\/users\/5"}],"replies":[{"embeddable":true,"href":"https:\/\/chalons.catholique.fr\/vesle\/wp-json\/wp\/v2\/comments?post=1399"}],"version-history":[{"count":3,"href":"https:\/\/chalons.catholique.fr\/vesle\/wp-json\/wp\/v2\/pages\/1399\/revisions"}],"predecessor-version":[{"id":1404,"href":"https:\/\/chalons.catholique.fr\/vesle\/wp-json\/wp\/v2\/pages\/1399\/revisions\/1404"}],"wp:attachment":[{"href":"https:\/\/chalons.catholique.fr\/vesle\/wp-json\/wp\/v2\/media?parent=1399"}],"curies":[{"name":"wp","href":"https:\/\/api.w.org\/{rel}","templated":true}]}}