{"id":1312,"date":"2023-02-03T17:58:04","date_gmt":"2023-02-03T15:58:04","guid":{"rendered":"https:\/\/chalons.catholique.fr\/vesle\/?page_id=1312"},"modified":"2024-01-17T11:19:26","modified_gmt":"2024-01-17T09:19:26","slug":"le-bapteme-des-adultes","status":"publish","type":"page","link":"https:\/\/chalons.catholique.fr\/vesle\/celebrations\/le-bapteme-des-adultes\/","title":{"rendered":"Le bapt\u00eame des adultes"},"content":{"rendered":"<div class=\"fusion-fullwidth fullwidth-box fusion-builder-row-1 fusion-flex-container nonhundred-percent-fullwidth non-hundred-percent-height-scrolling\" style=\"--awb-border-radius-top-left:0px;--awb-border-radius-top-right:0px;--awb-border-radius-bottom-right:0px;--awb-border-radius-bottom-left:0px;--awb-flex-wrap:wrap;\" ><div class=\"fusion-builder-row fusion-row fusion-flex-align-items-flex-start fusion-flex-content-wrap\" style=\"max-width:1144px;margin-left: calc(-4% \/ 2 );margin-right: calc(-4% \/ 2 );\"><div class=\"fusion-layout-column fusion_builder_column fusion-builder-column-0 fusion_builder_column_1_1 1_1 fusion-flex-column\" style=\"--awb-bg-size:cover;--awb-width-large:100%;--awb-margin-top-large:0px;--awb-spacing-right-large:1.92%;--awb-margin-bottom-large:0px;--awb-spacing-left-large:1.92%;--awb-width-medium:100%;--awb-spacing-right-medium:1.92%;--awb-spacing-left-medium:1.92%;--awb-width-small:100%;--awb-spacing-right-small:1.92%;--awb-spacing-left-small:1.92%;\"><div class=\"fusion-column-wrapper fusion-flex-justify-content-flex-start fusion-content-layout-column\"><div class=\"fusion-title title fusion-title-1 fusion-sep-none fusion-title-text fusion-title-size-one\" style=\"--awb-margin-bottom:10px;\"><h1 class=\"fusion-title-heading title-heading-left\" style=\"margin:0;\">Peut-on \u00eatre baptis\u00e9 \u00e0 l&rsquo;\u00e2ge adulte ?<\/h1><\/div><div class=\"fusion-text fusion-text-1\"><blockquote>\n<p style=\"text-align: justify; \"><em>Baptiser (en grec baptizein) signifie \u00ab plonger \u00bb, \u00ab immerger \u00bb; la \u00ab plong\u00e9e \u00bb dans l\u2019eau symbolise l\u2019ensevelissement du cat\u00e9chum\u00e8ne dans la mort du Christ d\u2019o\u00f9 il sort par la r\u00e9surrection avec lui , comme \u00ab nouvelle cr\u00e9ature \u00bb. Ce sacrement est aussi appel\u00e9 \u00ab le bain de la r\u00e9g\u00e9n\u00e9ration et de la r\u00e9novation en l\u2019Esprit Saint \u00bb, car il signifie et r\u00e9alise cette naissance de l\u2019eau et de l\u2019Esprit sans laquelle \u00ab nul ne peut entrer au Royaume de Dieu \u00bb. \u00ab Ce bain est appel\u00e9 illumination, parce que ceux qui re\u00e7oivent cet enseignement [cat\u00e9ch\u00e9tique] ont l\u2019esprit illumin\u00e9 \u2026 \u00bb (S. Justin, apologie. 1, 61, 12). Ayant re\u00e7u dans le Bapt\u00eame le Verbe, \u00ab la lumi\u00e8re v\u00e9ritable qui illumine tout homme \u00bb, le baptis\u00e9, \u00ab apr\u00e8s avoir \u00e9t\u00e9 illumin\u00e9 \u00bb est devenu \u00ab fils de lumi\u00e8re \u00bb, et \u00ab lumi\u00e8re \u00bb lui-m\u00eame.<\/em><\/p>\n<p style=\"text-align: justify; \"><em>Cat\u00e9chisme de l\u2019\u00c9glise catholique 1214-1216<\/em><\/p>\n<\/blockquote>\n<\/div><div class=\"fusion-title title fusion-title-2 fusion-sep-none fusion-title-text fusion-title-size-two\" style=\"--awb-margin-bottom:10px;\"><h2 class=\"fusion-title-heading title-heading-left\" style=\"margin:0;\">Oui. Mais comment s&rsquo;y prendre ?<\/h2><\/div><div class=\"fusion-text fusion-text-2\"><blockquote>\n<p style=\"text-align: justify; \"><em>Depuis les origines de l\u2019\u00c9glise, le Bapt\u00eame des adultes est la situation la plus courante l\u00e0 o\u00f9 l\u2019annonce de l\u2019\u00c9vangile est encore r\u00e9cente. Le cat\u00e9chum\u00e9nat (pr\u00e9paration au Bapt\u00eame) tient alors une place importante. Initiation \u00e0 la foi et \u00e0 la vie chr\u00e9tienne, il doit disposer \u00e0 l\u2019accueil du don de Dieu dans le Bapt\u00eame, la Confirmation et l\u2019Eucharistie. Le cat\u00e9chum\u00e9nat, ou formation des cat\u00e9chum\u00e8nes, a pour but de permettre \u00e0 ces derniers, en r\u00e9ponse \u00e0 l\u2019initiative divine et en union avec une communaut\u00e9 eccl\u00e9siale, de mener leur conversion et leur foi \u00e0 maturit\u00e9. Il s\u2019agit d\u2019une \u00ab formation \u00e0 la vie chr\u00e9tienne int\u00e9grale&#8230; par laquelle les disciples sont unis au Christ leur Ma\u00eetre. Les cat\u00e9chum\u00e8nes doivent donc \u00eatre initi\u00e9s &#8230; aux myst\u00e8res du salut et \u00e0 la pratique d\u2019une vie \u00e9vang\u00e9lique, et introduits, par des rites sacr\u00e9s, c\u00e9l\u00e9br\u00e9s \u00e0 des \u00e9poques successives, dans la vie de la foi, de la liturgie et de la charit\u00e9 du Peuple de Dieu \u00bb. Les cat\u00e9chum\u00e8nes \u00ab sont d\u00e9j\u00e0 unis \u00e0 l\u2019\u00c9glise, ils sont d\u00e9j\u00e0 de la maison du Christ, et il n\u2019est pas rare qu\u2019ils m\u00e8nent une vie de foi, esp\u00e9rance et charit\u00e9 \u00bb. \u00ab La M\u00e8re \u00c9glise les enveloppe d\u00e9j\u00e0 comme siens dans son amour en prenant soin d\u2019eux \u00bb<\/em><\/p>\n<p style=\"text-align: justify; \"><em>Cat\u00e9chisme de l&rsquo;\u00c9glise catholique 1247-1249<\/em><\/p>\n<\/blockquote>\n<p style=\"text-align: justify; \">\u00c0 tout \u00e2ge, un homme ou une femme peut demander le bapt\u00eame. On ne peut recevoir le bapt\u00eame qu\u2019une seule fois. Si vous vous posez la question, prenez <a href=\"\/vesle\/lequipe-paroissiale\">rendez-vous avec un pr\u00eatre<\/a>.<\/p>\n<p style=\"text-align: justify; \">La pr\u00e9paration se fait en deux ann\u00e9es : une premi\u00e8re de formation et de discernement ; une deuxi\u00e8me de cat\u00e9chum\u00e9nat (c\u2019est-\u00e0-dire de pr\u00e9paration au bapt\u00eame).<\/p>\n<\/div><div class=\"fusion-title title fusion-title-3 fusion-sep-none fusion-title-text fusion-title-size-two\"><h2 class=\"fusion-title-heading title-heading-left\" style=\"margin:0;\">Vous avez besoin d&rsquo;un acte de bapt\u00eame ?<\/h2><\/div><div class=\"fusion-text fusion-text-3\"><p style=\"text-align: justify; \">Vous allez \u00eatre parrain ou marraine, et vous cherchez votre acte de bapt\u00eame. <b>Merci d\u2019envoyer votre demande par \u00e9crit \u00e0 la paroisse (9 rue du Souvenir Fran\u00e7ais 51460 COURTISOLS) en pr\u00e9cisant votre nom et pr\u00e9nom, le jour et le lieu de votre bapt\u00eame, et en joignant une enveloppe timbr\u00e9e \u00e0 votre adresse<\/b> pour que nous puissions vous faire parvenir le document demand\u00e9.<\/p>\n<\/div><\/div><\/div><\/div><\/div>\n","protected":false},"excerpt":{"rendered":"","protected":false},"author":5,"featured_media":0,"parent":94,"menu_order":0,"comment_status":"closed","ping_status":"closed","template":"","meta":{"xn-wppe-expiration":[],"xn-wppe-expiration-action":[],"xn-wppe-expiration-prefix":[],"footnotes":""},"_links":{"self":[{"href":"https:\/\/chalons.catholique.fr\/vesle\/wp-json\/wp\/v2\/pages\/1312"}],"collection":[{"href":"https:\/\/chalons.catholique.fr\/vesle\/wp-json\/wp\/v2\/pages"}],"about":[{"href":"https:\/\/chalons.catholique.fr\/vesle\/wp-json\/wp\/v2\/types\/page"}],"author":[{"embeddable":true,"href":"https:\/\/chalons.catholique.fr\/vesle\/wp-json\/wp\/v2\/users\/5"}],"replies":[{"embeddable":true,"href":"https:\/\/chalons.catholique.fr\/vesle\/wp-json\/wp\/v2\/comments?post=1312"}],"version-history":[{"count":7,"href":"https:\/\/chalons.catholique.fr\/vesle\/wp-json\/wp\/v2\/pages\/1312\/revisions"}],"predecessor-version":[{"id":1471,"href":"https:\/\/chalons.catholique.fr\/vesle\/wp-json\/wp\/v2\/pages\/1312\/revisions\/1471"}],"up":[{"embeddable":true,"href":"https:\/\/chalons.catholique.fr\/vesle\/wp-json\/wp\/v2\/pages\/94"}],"wp:attachment":[{"href":"https:\/\/chalons.catholique.fr\/vesle\/wp-json\/wp\/v2\/media?parent=1312"}],"curies":[{"name":"wp","href":"https:\/\/api.w.org\/{rel}","templated":true}]}}