{"id":1259,"date":"2022-04-02T17:03:14","date_gmt":"2022-04-02T15:03:14","guid":{"rendered":"https:\/\/chalons.catholique.fr\/vesle\/?page_id=1259"},"modified":"2024-01-19T11:57:46","modified_gmt":"2024-01-19T09:57:46","slug":"faire-dire-une-messe-offrande-de-messe","status":"publish","type":"page","link":"https:\/\/chalons.catholique.fr\/vesle\/faire-dire-une-messe-offrande-de-messe\/","title":{"rendered":"Faire dire une messe (Offrande de Messe)"},"content":{"rendered":"<div class=\"fusion-fullwidth fullwidth-box fusion-builder-row-1 fusion-flex-container has-pattern-background has-mask-background nonhundred-percent-fullwidth non-hundred-percent-height-scrolling\" style=\"--awb-border-radius-top-left:0px;--awb-border-radius-top-right:0px;--awb-border-radius-bottom-right:0px;--awb-border-radius-bottom-left:0px;--awb-flex-wrap:wrap;\" ><div class=\"fusion-builder-row fusion-row fusion-flex-align-items-flex-start fusion-flex-content-wrap\" style=\"max-width:1144px;margin-left: calc(-4% \/ 2 );margin-right: calc(-4% \/ 2 );\"><div class=\"fusion-layout-column fusion_builder_column fusion-builder-column-0 fusion_builder_column_1_1 1_1 fusion-flex-column\" style=\"--awb-bg-size:cover;--awb-width-large:100%;--awb-margin-top-large:0px;--awb-spacing-right-large:1.92%;--awb-margin-bottom-large:20px;--awb-spacing-left-large:1.92%;--awb-width-medium:100%;--awb-order-medium:0;--awb-spacing-right-medium:1.92%;--awb-spacing-left-medium:1.92%;--awb-width-small:100%;--awb-order-small:0;--awb-spacing-right-small:1.92%;--awb-spacing-left-small:1.92%;\"><div class=\"fusion-column-wrapper fusion-column-has-shadow fusion-flex-justify-content-flex-start fusion-content-layout-column\"><div class=\"fusion-text fusion-text-1\"><h1>Offrande de messe<\/h1>\n<p><span style=\"color: var(--awb-text-color); font-family: var(--awb-text-font-family); font-size: var(--awb-font-size); font-style: var(--awb-text-font-style); font-weight: var(--awb-text-font-weight); letter-spacing: var(--awb-letter-spacing); text-align: var(--awb-content-alignment); text-transform: var(--awb-text-transform); background-color: var(--awb-bg-color);\">Par ch\u00e8que (\u00e0 l&rsquo;ordre de la communaut\u00e9 Saint-Martin) ou esp\u00e8ce \u00e0 d\u00e9poser au 9 rue de Souvenir Fran\u00e7ais 51460 Courtisols. <\/span><\/p>\n<p>L&rsquo;offrande de messe est fix\u00e9e \u00e0 18\u20ac.<\/p>\n<\/div><\/div><\/div><\/div><\/div>\n","protected":false},"excerpt":{"rendered":"","protected":false},"author":5,"featured_media":0,"parent":0,"menu_order":0,"comment_status":"closed","ping_status":"closed","template":"","meta":{"xn-wppe-expiration":[],"xn-wppe-expiration-action":[],"xn-wppe-expiration-prefix":[],"footnotes":""},"_links":{"self":[{"href":"https:\/\/chalons.catholique.fr\/vesle\/wp-json\/wp\/v2\/pages\/1259"}],"collection":[{"href":"https:\/\/chalons.catholique.fr\/vesle\/wp-json\/wp\/v2\/pages"}],"about":[{"href":"https:\/\/chalons.catholique.fr\/vesle\/wp-json\/wp\/v2\/types\/page"}],"author":[{"embeddable":true,"href":"https:\/\/chalons.catholique.fr\/vesle\/wp-json\/wp\/v2\/users\/5"}],"replies":[{"embeddable":true,"href":"https:\/\/chalons.catholique.fr\/vesle\/wp-json\/wp\/v2\/comments?post=1259"}],"version-history":[{"count":3,"href":"https:\/\/chalons.catholique.fr\/vesle\/wp-json\/wp\/v2\/pages\/1259\/revisions"}],"predecessor-version":[{"id":1486,"href":"https:\/\/chalons.catholique.fr\/vesle\/wp-json\/wp\/v2\/pages\/1259\/revisions\/1486"}],"wp:attachment":[{"href":"https:\/\/chalons.catholique.fr\/vesle\/wp-json\/wp\/v2\/media?parent=1259"}],"curies":[{"name":"wp","href":"https:\/\/api.w.org\/{rel}","templated":true}]}}