{"id":117,"date":"2015-06-22T21:28:17","date_gmt":"2015-06-22T19:28:17","guid":{"rendered":"http:\/\/chalons.catholique.fr\/vesle\/?page_id=117"},"modified":"2024-01-17T11:33:21","modified_gmt":"2024-01-17T09:33:21","slug":"les-obseques","status":"publish","type":"page","link":"https:\/\/chalons.catholique.fr\/vesle\/celebrations\/les-obseques\/","title":{"rendered":"Les obs\u00e8ques"},"content":{"rendered":"<div class=\"fusion-fullwidth fullwidth-box fusion-builder-row-1 fusion-flex-container nonhundred-percent-fullwidth non-hundred-percent-height-scrolling\" style=\"--awb-border-radius-top-left:0px;--awb-border-radius-top-right:0px;--awb-border-radius-bottom-right:0px;--awb-border-radius-bottom-left:0px;--awb-flex-wrap:wrap;\" ><div class=\"fusion-builder-row fusion-row fusion-flex-align-items-flex-start fusion-flex-content-wrap\" style=\"max-width:1144px;margin-left: calc(-4% \/ 2 );margin-right: calc(-4% \/ 2 );\"><div class=\"fusion-layout-column fusion_builder_column fusion-builder-column-0 fusion_builder_column_1_1 1_1 fusion-flex-column\" style=\"--awb-bg-size:cover;--awb-width-large:100%;--awb-margin-top-large:0px;--awb-spacing-right-large:1.92%;--awb-margin-bottom-large:0px;--awb-spacing-left-large:1.92%;--awb-width-medium:100%;--awb-spacing-right-medium:1.92%;--awb-spacing-left-medium:1.92%;--awb-width-small:100%;--awb-spacing-right-small:1.92%;--awb-spacing-left-small:1.92%;\"><div class=\"fusion-column-wrapper fusion-flex-justify-content-flex-start fusion-content-layout-column\"><div class=\"fusion-text fusion-text-1\"><div class=\"post-content\">\n<div id=\"et_builder_outer_content\" class=\"et_builder_outer_content\">\n<div class=\"et_builder_inner_content et_pb_gutters3\">\n<p style=\"text-align: justify; \"><em>C\u2019est le myst\u00e8re pascal du Christ que l\u2019\u00c9glise c\u00e9l\u00e8bre, avec foi, dans les fun\u00e9railles de ses enfants. Ils sont devenus par leur bapt\u00eame membres du Christ mort et ressuscit\u00e9. On prie pour qu\u2019ils passent avec le Christ de la mort \u00e0 la vie, qu\u2019ils soient purifi\u00e9s dans leur \u00e2me et rejoignent au ciel tous les saints, dans l\u2019attente de la r\u00e9surrection des morts et la bienheureuse esp\u00e9rance de l\u2019av\u00e8nement du Christ (notes doctrinales et pastorales du missel des d\u00e9funts).<\/em><\/p>\n<h2 style=\"text-align: justify; \"><strong><span style=\"color: rgb(229, 100, 62);\">Demander des obs\u00e8ques religieuses :<\/span><\/strong><\/h2>\n<p style=\"text-align: justify; \"><b>Pour la simplicit\u00e9 des d\u00e9marches, contactez d\u2019abord l\u2019entreprise de pompes fun\u00e8bres de votre choix.<\/b> Elle se mettra en rapport avec la paroisse pour convenir, selon vos souhaits et les disponibilit\u00e9s des uns et des autres, du lieu et de l\u2019heure de la c\u00e9r\u00e9monie.<\/p>\n<p style=\"text-align: justify; \">Sur notre paroisse, les obs\u00e8ques peuvent \u00eatre c\u00e9l\u00e9br\u00e9e <b>dans les diff\u00e9rents villages.<\/b><\/p>\n<p style=\"text-align: justify; \">Si la forme de la c\u00e9l\u00e9bration la plus demand\u00e9e est la b\u00e9n\u00e9diction (c\u00e9l\u00e9bration sans eucharistie ni communion), une messe est n\u00e9anmoins c\u00e9l\u00e9br\u00e9e dans la paroisse pour le repos de l\u2019\u00e2me du d\u00e9funt le dimanche qui suit la c\u00e9l\u00e9bration.<\/p>\n<h4 class=\"style4\" style=\"text-align: center\"><\/h4>\n<\/div>\n<\/div>\n<\/div>\n<\/div><\/div><\/div><\/div><\/div>\n","protected":false},"excerpt":{"rendered":"","protected":false},"author":5,"featured_media":0,"parent":94,"menu_order":0,"comment_status":"closed","ping_status":"open","template":"","meta":{"xn-wppe-expiration":[],"xn-wppe-expiration-action":[],"xn-wppe-expiration-prefix":[],"footnotes":""},"_links":{"self":[{"href":"https:\/\/chalons.catholique.fr\/vesle\/wp-json\/wp\/v2\/pages\/117"}],"collection":[{"href":"https:\/\/chalons.catholique.fr\/vesle\/wp-json\/wp\/v2\/pages"}],"about":[{"href":"https:\/\/chalons.catholique.fr\/vesle\/wp-json\/wp\/v2\/types\/page"}],"author":[{"embeddable":true,"href":"https:\/\/chalons.catholique.fr\/vesle\/wp-json\/wp\/v2\/users\/5"}],"replies":[{"embeddable":true,"href":"https:\/\/chalons.catholique.fr\/vesle\/wp-json\/wp\/v2\/comments?post=117"}],"version-history":[{"count":4,"href":"https:\/\/chalons.catholique.fr\/vesle\/wp-json\/wp\/v2\/pages\/117\/revisions"}],"predecessor-version":[{"id":1480,"href":"https:\/\/chalons.catholique.fr\/vesle\/wp-json\/wp\/v2\/pages\/117\/revisions\/1480"}],"up":[{"embeddable":true,"href":"https:\/\/chalons.catholique.fr\/vesle\/wp-json\/wp\/v2\/pages\/94"}],"wp:attachment":[{"href":"https:\/\/chalons.catholique.fr\/vesle\/wp-json\/wp\/v2\/media?parent=117"}],"curies":[{"name":"wp","href":"https:\/\/api.w.org\/{rel}","templated":true}]}}