{"id":115,"date":"2015-06-22T21:25:01","date_gmt":"2015-06-22T19:25:01","guid":{"rendered":"http:\/\/chalons.catholique.fr\/vesle\/?page_id=115"},"modified":"2024-01-17T11:24:57","modified_gmt":"2024-01-17T09:24:57","slug":"confession","status":"publish","type":"page","link":"https:\/\/chalons.catholique.fr\/vesle\/celebrations\/confession\/","title":{"rendered":"Confession"},"content":{"rendered":"<div class=\"fusion-fullwidth fullwidth-box fusion-builder-row-1 fusion-flex-container nonhundred-percent-fullwidth non-hundred-percent-height-scrolling\" style=\"--awb-border-radius-top-left:0px;--awb-border-radius-top-right:0px;--awb-border-radius-bottom-right:0px;--awb-border-radius-bottom-left:0px;--awb-flex-wrap:wrap;\" ><div class=\"fusion-builder-row fusion-row fusion-flex-align-items-flex-start fusion-flex-content-wrap\" style=\"max-width:1144px;margin-left: calc(-4% \/ 2 );margin-right: calc(-4% \/ 2 );\"><div class=\"fusion-layout-column fusion_builder_column fusion-builder-column-0 fusion_builder_column_1_1 1_1 fusion-flex-column\" style=\"--awb-bg-size:cover;--awb-width-large:100%;--awb-margin-top-large:0px;--awb-spacing-right-large:1.92%;--awb-margin-bottom-large:0px;--awb-spacing-left-large:1.92%;--awb-width-medium:100%;--awb-spacing-right-medium:1.92%;--awb-spacing-left-medium:1.92%;--awb-width-small:100%;--awb-spacing-right-small:1.92%;--awb-spacing-left-small:1.92%;\"><div class=\"fusion-column-wrapper fusion-flex-justify-content-flex-start fusion-content-layout-column\"><div class=\"fusion-text fusion-text-1\"><p style=\"text-align: justify; \"><em>\u00ab Lorsque l\u2019on a p\u00e9ch\u00e9 gravement, le recours au sacrement est n\u00e9cessaire pour \u00eatre r\u00e9concili\u00e9 avec Dieu et avec l\u2019\u00c9glise. Aussi ceux qui se sont \u00e9cart\u00e9s de la communion \u00e0 l\u2019amour de Dieu sont rappel\u00e9s par le sacrement de p\u00e9nitence \u00e0 la vie qu\u2019ils avaient perdue. C\u2019est pourquoi le chr\u00e9tien confessera au pr\u00eatre tous et chacun des p\u00e9ch\u00e9s graves dont il a souvenir apr\u00e8s avoir examin\u00e9 sa conscience (rituel de la r\u00e9conciliation n\u00b026). \u00bb Par le sacrement de la r\u00e9conciliation ou confession, le fid\u00e8le renouvelle en quelque sorte son bapt\u00eame en accueillant le pardon du Seigneur apr\u00e8s avoir exprim\u00e9 son d\u00e9sir de conversion et pris la r\u00e9solution de s\u2019amender.<\/em><span style=\"color: var(--awb-text-color); font-family: var(--awb-text-font-family); font-size: var(--awb-font-size); font-style: var(--awb-text-font-style); font-weight: var(--awb-text-font-weight); letter-spacing: var(--awb-letter-spacing); text-align: var(--awb-content-alignment); text-transform: var(--awb-text-transform); background-color: var(--awb-bg-color-hover);\"> <\/span><\/p>\n<p style=\"text-align: justify; \">&#8211; Vous pouvez demander un rendez-vous pour rencontrer le pr\u00eatre (<a href=\"https:\/\/chalons.catholique.fr\/vesle\/lequipe-paroissiale\/\">L&rsquo;\u00e9quipe paroissiale<\/a>) ; <\/p>\n<p style=\"text-align: justify; \">&#8211; Vous pouvez demander que le pr\u00eatre vous confesse avant ou apr\u00e8s la messe (<a href=\"https:\/\/chalons.catholique.fr\/vesle\/celebrations\/messes\/\">Les messes<\/a>).<\/p>\n<p style=\"text-align: justify; \"><b>Une permanence de confession est assur\u00e9e tous les samedis de 10h \u00e0 11h45 \u00e0 la coll\u00e9giale Notre-Dame en Vaux \u00e0 Ch\u00e2lons, ainsi que les mercredis de 21h \u00e0 22h.<\/b><\/p>\n<p style=\"text-align: justify; \">Pour vous pr\u00e9parer d\u00e8s maintenant \u00e0 la c\u00e9l\u00e9bration de ce sacrement, voici un examen de conscience : <a href=\"https:\/\/chalons.catholique.fr\/vesle\/wp-content\/uploads\/sites\/6\/2024\/01\/Examen-de-conscience-SMSV.pdf\">ici<\/a> <\/p>\n<\/div><\/div><\/div><\/div><\/div>\n","protected":false},"excerpt":{"rendered":"","protected":false},"author":5,"featured_media":0,"parent":94,"menu_order":0,"comment_status":"closed","ping_status":"open","template":"","meta":{"xn-wppe-expiration":[],"xn-wppe-expiration-action":[],"xn-wppe-expiration-prefix":[],"footnotes":""},"_links":{"self":[{"href":"https:\/\/chalons.catholique.fr\/vesle\/wp-json\/wp\/v2\/pages\/115"}],"collection":[{"href":"https:\/\/chalons.catholique.fr\/vesle\/wp-json\/wp\/v2\/pages"}],"about":[{"href":"https:\/\/chalons.catholique.fr\/vesle\/wp-json\/wp\/v2\/types\/page"}],"author":[{"embeddable":true,"href":"https:\/\/chalons.catholique.fr\/vesle\/wp-json\/wp\/v2\/users\/5"}],"replies":[{"embeddable":true,"href":"https:\/\/chalons.catholique.fr\/vesle\/wp-json\/wp\/v2\/comments?post=115"}],"version-history":[{"count":5,"href":"https:\/\/chalons.catholique.fr\/vesle\/wp-json\/wp\/v2\/pages\/115\/revisions"}],"predecessor-version":[{"id":1474,"href":"https:\/\/chalons.catholique.fr\/vesle\/wp-json\/wp\/v2\/pages\/115\/revisions\/1474"}],"up":[{"embeddable":true,"href":"https:\/\/chalons.catholique.fr\/vesle\/wp-json\/wp\/v2\/pages\/94"}],"wp:attachment":[{"href":"https:\/\/chalons.catholique.fr\/vesle\/wp-json\/wp\/v2\/media?parent=115"}],"curies":[{"name":"wp","href":"https:\/\/api.w.org\/{rel}","templated":true}]}}