{"id":111,"date":"2015-06-22T21:23:32","date_gmt":"2015-06-22T19:23:32","guid":{"rendered":"http:\/\/chalons.catholique.fr\/vesle\/?page_id=111"},"modified":"2024-01-19T11:48:02","modified_gmt":"2024-01-19T09:48:02","slug":"le-mariage","status":"publish","type":"page","link":"https:\/\/chalons.catholique.fr\/vesle\/celebrations\/le-mariage\/","title":{"rendered":"Le mariage"},"content":{"rendered":"<div class=\"fusion-fullwidth fullwidth-box fusion-builder-row-1 fusion-flex-container nonhundred-percent-fullwidth non-hundred-percent-height-scrolling\" style=\"--awb-border-radius-top-left:0px;--awb-border-radius-top-right:0px;--awb-border-radius-bottom-right:0px;--awb-border-radius-bottom-left:0px;--awb-flex-wrap:wrap;\" ><div class=\"fusion-builder-row fusion-row fusion-flex-align-items-flex-start fusion-flex-content-wrap\" style=\"max-width:1144px;margin-left: calc(-4% \/ 2 );margin-right: calc(-4% \/ 2 );\"><div class=\"fusion-layout-column fusion_builder_column fusion-builder-column-0 fusion_builder_column_1_1 1_1 fusion-flex-column\" style=\"--awb-bg-size:cover;--awb-width-large:100%;--awb-margin-top-large:0px;--awb-spacing-right-large:1.92%;--awb-margin-bottom-large:0px;--awb-spacing-left-large:1.92%;--awb-width-medium:100%;--awb-spacing-right-medium:1.92%;--awb-spacing-left-medium:1.92%;--awb-width-small:100%;--awb-spacing-right-small:1.92%;--awb-spacing-left-small:1.92%;\"><div class=\"fusion-column-wrapper fusion-flex-justify-content-flex-start fusion-content-layout-column\"><div class=\"fusion-title title fusion-title-1 fusion-sep-none fusion-title-text fusion-title-size-one\" style=\"--awb-margin-bottom:10px;\"><h1 class=\"fusion-title-heading title-heading-left\" style=\"margin:0;\">Vous voulez vous marier \u00e0 l&rsquo;\u00c9glise<\/h1><\/div><div class=\"fusion-title title fusion-title-2 fusion-sep-none fusion-title-text fusion-title-size-two\" style=\"--awb-margin-bottom:10px;\"><h2 class=\"fusion-title-heading title-heading-left\" style=\"margin:0;\">Pourquoi se marier \u00e0 l&rsquo;\u00c9glise ?<\/h2><\/div><div class=\"fusion-text fusion-text-1\"><blockquote>\n<p><em>Saint Paul dit :  \u00bb Maris, aimez vos femmes, comme le Christ a aim\u00e9 l\u2019\u00c9glise\u2026 Ce myst\u00e8re est de grande port\u00e9e ; je veux dire qu\u2019il s\u2019applique au Christ et \u00e0 l\u2019\u00c9glise  \u00bb (Ep 5, 25. 32).L\u2019alliance matrimoniale, par laquelle un homme et une femme constituent entre eux une intime communaut\u00e9 de vie et d\u2019amour, a \u00e9t\u00e9 fond\u00e9e et dot\u00e9e de ses lois propres par le Cr\u00e9ateur. De par sa nature elle est ordonn\u00e9e au bien des conjoints ainsi qu\u2019\u00e0 la g\u00e9n\u00e9ration et \u00e0 l\u2019\u00e9ducation des enfants. Elle a \u00e9t\u00e9 \u00e9lev\u00e9e entre baptis\u00e9s par le Christ Seigneur \u00e0 la dignit\u00e9 de sacrement<strong>. <\/strong>Le sacrement du mariage signifie l\u2019union du Christ et de l\u2019\u00c9glise. Il donne aux \u00e9poux la gr\u00e2ce de s\u2019aimer de l\u2019amour dont le Christ a aim\u00e9 son \u00c9glise ; la gr\u00e2ce du sacrement perfectionne ainsi l\u2019amour humain des \u00e9poux, affermit leur unit\u00e9 indissoluble et les sanctifie sur le chemin de la vie \u00e9ternelle.<\/em><\/p>\n<p><em>Cat\u00e9chisme de l\u2019\u00c9glise catholique n\u00b01659ss<\/em><\/p>\n<\/blockquote>\n<p style=\"text-align: justify;\"><strong>Le mariage<\/strong> se fonde sur le consentement des \u00e9poux, c\u2019est \u00e0 dire sur la volont\u00e9 de se donner mutuellement et d\u00e9finitivement dans le but de vivre une alliance d\u2019amour fid\u00e8le et f\u00e9cond. Puisque le mariage \u00e9tablit les conjoints dans un \u00e9tat public de vie dans l\u2019\u00c9glise, il convient que sa c\u00e9l\u00e9bration soit publique, dans le cadre d\u2019une c\u00e9l\u00e9bration liturgique, devant le pr\u00eatre (ou le t\u00e9moin qualifi\u00e9 de l\u2019\u00c9glise), les t\u00e9moins et l\u2019assembl\u00e9e des fid\u00e8les. La libert\u00e9, la fid\u00e9lit\u00e9, l\u2019indissolubilit\u00e9 et l\u2019ouverture \u00e0 la f\u00e9condit\u00e9 sont essentielles au mariage. La polygamie est incompatible avec l\u2019unit\u00e9 du mariage ; le divorce s\u00e9pare ce que Dieu a uni ; le refus de la f\u00e9condit\u00e9 d\u00e9tourne la vie conjugale de son \u00ab don le plus excellent \u00bb, l\u2019enfant (GS 50, \u00a7 1). Le remariage des divorc\u00e9s du vivant du conjoint l\u00e9gitime contrevient au dessein et \u00e0 la Loi de Dieu enseign\u00e9s par le Christ. Ils ne sont pas s\u00e9par\u00e9s de l\u2019\u00c9glise, mais ils ne peuvent acc\u00e9der \u00e0 la communion eucharistique. Ils m\u00e8neront leur vie chr\u00e9tienne notamment en \u00e9duquant leurs enfants dans la foi. Le foyer chr\u00e9tien est le lieu o\u00f9 les enfants re\u00e7oivent la premi\u00e8re annonce de la foi. Voil\u00e0 pourquoi la maison familiale est appel\u00e9e \u00e0 bon droit \u00ab l\u2019\u00c9glise domestique \u00bb, communaut\u00e9 de gr\u00e2ce et de pri\u00e8re, \u00e9cole des vertus humaines et de la charit\u00e9 chr\u00e9tienne.<\/p>\n<\/div><div class=\"fusion-title title fusion-title-3 fusion-sep-none fusion-title-text fusion-title-size-two\" style=\"--awb-margin-bottom:10px;\"><h2 class=\"fusion-title-heading title-heading-left\" style=\"margin:0;\">Les d\u00e9marches pour se marier \u00e0 l&rsquo;\u00c9glise<\/h2><\/div><div class=\"fusion-text fusion-text-2\"><p style=\"text-align: justify; \">C\u2019est une joie pour la paroisse d\u2019accueillir votre demande de mariage. Cette d\u00e9marche demande un certain temps de pr\u00e9paration et de discernement : c\u2019est le temps de la pr\u00e9paration au mariage. Il s\u2019agit d\u2019un d\u00e9lai d\u2019au moins 6 mois pour :<\/p>\n<ul>\n<li>\u00e9tablir un dossier pastoral (aspect administratif)<\/li>\n<li>approfondir le sens du mariage tel que l\u2019\u00c9glise Catholique le propose et \u00e9changer sur vos motivations<\/li>\n<li>pr\u00e9parer le d\u00e9roulement de la c\u00e9l\u00e9bration (choix des textes, musiques, chants\u2026 etc).<\/li>\n<\/ul>\n<p>Il y aura deux types de rencontre :<\/p>\n<ol>\n<li style=\"text-align: justify; \"><strong> Des rencontres avec le pr\u00eatre ou le diacre qui accompagnera votre pr\u00e9paration <\/strong>: il s\u2019agit d\u2019un accompagnement plus individuel.<\/li>\n<li style=\"text-align: justify; \"><strong> Une rencontre avec d\u2019autres couples <\/strong>: une rencontre organis\u00e9e par des fid\u00e8les la\u00efcs pour r\u00e9fl\u00e9chir sur les piliers du mariage que sont la libert\u00e9, la fid\u00e9lit\u00e9, l\u2019indissolubilit\u00e9 et la fondation d\u2019une famille. <\/li>\n<\/ol>\n<\/div><\/div><\/div><\/div><\/div>\n","protected":false},"excerpt":{"rendered":"","protected":false},"author":5,"featured_media":0,"parent":94,"menu_order":0,"comment_status":"closed","ping_status":"open","template":"","meta":{"xn-wppe-expiration":[],"xn-wppe-expiration-action":[],"xn-wppe-expiration-prefix":[],"footnotes":""},"_links":{"self":[{"href":"https:\/\/chalons.catholique.fr\/vesle\/wp-json\/wp\/v2\/pages\/111"}],"collection":[{"href":"https:\/\/chalons.catholique.fr\/vesle\/wp-json\/wp\/v2\/pages"}],"about":[{"href":"https:\/\/chalons.catholique.fr\/vesle\/wp-json\/wp\/v2\/types\/page"}],"author":[{"embeddable":true,"href":"https:\/\/chalons.catholique.fr\/vesle\/wp-json\/wp\/v2\/users\/5"}],"replies":[{"embeddable":true,"href":"https:\/\/chalons.catholique.fr\/vesle\/wp-json\/wp\/v2\/comments?post=111"}],"version-history":[{"count":5,"href":"https:\/\/chalons.catholique.fr\/vesle\/wp-json\/wp\/v2\/pages\/111\/revisions"}],"predecessor-version":[{"id":1484,"href":"https:\/\/chalons.catholique.fr\/vesle\/wp-json\/wp\/v2\/pages\/111\/revisions\/1484"}],"up":[{"embeddable":true,"href":"https:\/\/chalons.catholique.fr\/vesle\/wp-json\/wp\/v2\/pages\/94"}],"wp:attachment":[{"href":"https:\/\/chalons.catholique.fr\/vesle\/wp-json\/wp\/v2\/media?parent=111"}],"curies":[{"name":"wp","href":"https:\/\/api.w.org\/{rel}","templated":true}]}}