{"id":100,"date":"2015-06-22T21:07:54","date_gmt":"2015-06-22T19:07:54","guid":{"rendered":"http:\/\/chalons.catholique.fr\/vesle\/?page_id=100"},"modified":"2024-01-17T11:27:09","modified_gmt":"2024-01-17T09:27:09","slug":"messes","status":"publish","type":"page","link":"https:\/\/chalons.catholique.fr\/vesle\/celebrations\/messes\/","title":{"rendered":"Messes"},"content":{"rendered":"<div class=\"fusion-fullwidth fullwidth-box fusion-builder-row-1 fusion-flex-container nonhundred-percent-fullwidth non-hundred-percent-height-scrolling\" style=\"--awb-border-radius-top-left:0px;--awb-border-radius-top-right:0px;--awb-border-radius-bottom-right:0px;--awb-border-radius-bottom-left:0px;--awb-flex-wrap:wrap;\" ><div class=\"fusion-builder-row fusion-row fusion-flex-align-items-flex-start fusion-flex-content-wrap\" style=\"max-width:1144px;margin-left: calc(-4% \/ 2 );margin-right: calc(-4% \/ 2 );\"><div class=\"fusion-layout-column fusion_builder_column fusion-builder-column-0 fusion_builder_column_1_1 1_1 fusion-flex-column\" style=\"--awb-bg-size:cover;--awb-width-large:100%;--awb-margin-top-large:0px;--awb-spacing-right-large:1.92%;--awb-margin-bottom-large:0px;--awb-spacing-left-large:1.92%;--awb-width-medium:100%;--awb-spacing-right-medium:1.92%;--awb-spacing-left-medium:1.92%;--awb-width-small:100%;--awb-spacing-right-small:1.92%;--awb-spacing-left-small:1.92%;\"><div class=\"fusion-column-wrapper fusion-flex-justify-content-flex-start fusion-content-layout-column\"><div class=\"fusion-text fusion-text-1\"><p style=\"text-align: justify; \"><em><span style=\"color: rgb(0, 0, 0);\">L\u2019Eucharistie est \u00ab source et sommet de toute la vie chr\u00e9tienne \u00bb (LG 11). \u00ab Les autres sacrements ainsi que tous les minist\u00e8res eccl\u00e9siaux et les t\u00e2ches apostoliques sont tous li\u00e9s \u00e0 l\u2019Eucharistie et ordonn\u00e9s \u00e0 elle. Car la sainte Eucharistie contient tout le tr\u00e9sor spirituel de l\u2019\u00c9glise, c\u2019est-\u00e0-dire le Christ lui-m\u00eame, notre P\u00e2que \u00bb (PO 5). \u00ab La communion de vie avec Dieu et l\u2019unit\u00e9 du peuple de Dieu, par lesquelles l\u2019\u00c9glise est elle-m\u00eame, l\u2019Eucharistie les signifie et les r\u00e9alise. En elle se trouve le sommet \u00e0 la fois de l\u2019action par laquelle, dans le Christ, Dieu sanctifie le monde, et du culte qu\u2019en l\u2019Esprit Saint les hommes rendent au Christ et, par lui, au P\u00e8re \u00bb. Enfin, par la c\u00e9l\u00e9bration eucharistique nous nous unissons d\u00e9j\u00e0 \u00e0 la liturgie du ciel et nous anticipons la vie \u00e9ternelle quand Dieu sera tout en tous (cf. 1 Co 15, 28). Bref, l\u2019Eucharistie est le r\u00e9sum\u00e9 et la somme de notre foi : \u00ab Notre mani\u00e8re de penser s\u2019accorde avec l\u2019Eucharistie, et l\u2019Eucharistie en retour confirme notre mani\u00e8re de penser \u00bb (S. Ir\u00e9n\u00e9e, h\u00e6r. 4, 18, 5). <\/span><\/em><\/p>\n<p style=\"text-align: justify; \"><em><span style=\"color: rgb(0, 0, 0);\">CEC 1324-1327<\/span><\/em><\/p>\n<h3 style=\"text-align: justify; \"><a name=\"_Toc99030292\"><\/a><strong>La messe dominicale<\/strong><\/h3>\n<p style=\"text-align: justify; \">La communaut\u00e9 paroissiale se rassemble le dimanche \u00e0 la basilique Notre-Dame de l\u2019\u00c9pine \u00e0 10h30. La messe est anim\u00e9e par la chorale paroissiale (<a href=\"https:\/\/chalons.catholique.fr\/vesle\/activites\/adultes\/chorale-paroissiale\/\">Chorale paroissiale<\/a>), par le groupe des servants d\u2019autels (lien) et des servantes de l\u2019assembl\u00e9e (lien).<\/p>\n<p style=\"text-align: justify; \">Toutes les informations sont disponible sur <a href=\"https:\/\/chalons.catholique.fr\/vesle\/la-paroisse\/agenda\/\">l&rsquo;Agenda<\/a>. <\/p>\n<h3 style=\"text-align: justify; \"><a name=\"_Toc99030293\"><\/a><strong>La messe de semaine<\/strong><\/h3>\n<p style=\"text-align: justify; \">En semaine, la messe a lieu en lien avec le sanctuaire Notre-Dame de l\u2019\u00c9pine <a href=\"https:\/\/chalons.catholique.fr\/lepine\/infos-pratiques\/horaires\/#messes\">(Tous les horaires)<\/a><\/p>\n<\/div><\/div><\/div><\/div><\/div>\n","protected":false},"excerpt":{"rendered":"","protected":false},"author":5,"featured_media":0,"parent":94,"menu_order":0,"comment_status":"closed","ping_status":"open","template":"","meta":{"xn-wppe-expiration":[],"xn-wppe-expiration-action":[],"xn-wppe-expiration-prefix":[],"footnotes":""},"_links":{"self":[{"href":"https:\/\/chalons.catholique.fr\/vesle\/wp-json\/wp\/v2\/pages\/100"}],"collection":[{"href":"https:\/\/chalons.catholique.fr\/vesle\/wp-json\/wp\/v2\/pages"}],"about":[{"href":"https:\/\/chalons.catholique.fr\/vesle\/wp-json\/wp\/v2\/types\/page"}],"author":[{"embeddable":true,"href":"https:\/\/chalons.catholique.fr\/vesle\/wp-json\/wp\/v2\/users\/5"}],"replies":[{"embeddable":true,"href":"https:\/\/chalons.catholique.fr\/vesle\/wp-json\/wp\/v2\/comments?post=100"}],"version-history":[{"count":5,"href":"https:\/\/chalons.catholique.fr\/vesle\/wp-json\/wp\/v2\/pages\/100\/revisions"}],"predecessor-version":[{"id":1475,"href":"https:\/\/chalons.catholique.fr\/vesle\/wp-json\/wp\/v2\/pages\/100\/revisions\/1475"}],"up":[{"embeddable":true,"href":"https:\/\/chalons.catholique.fr\/vesle\/wp-json\/wp\/v2\/pages\/94"}],"wp:attachment":[{"href":"https:\/\/chalons.catholique.fr\/vesle\/wp-json\/wp\/v2\/media?parent=100"}],"curies":[{"name":"wp","href":"https:\/\/api.w.org\/{rel}","templated":true}]}}