{"id":437,"date":"2018-03-13T17:29:53","date_gmt":"2018-03-13T16:29:53","guid":{"rendered":"http:\/\/chalons.catholique.fr\/stetienne\/?page_id=437"},"modified":"2018-03-26T21:42:24","modified_gmt":"2018-03-26T19:42:24","slug":"liens","status":"publish","type":"page","link":"https:\/\/chalons.catholique.fr\/stetienne\/liens\/","title":{"rendered":"Liens"},"content":{"rendered":"<div class=\"fusion-fullwidth fullwidth-box fusion-builder-row-1 nonhundred-percent-fullwidth non-hundred-percent-height-scrolling\" style=\"--awb-border-radius-top-left:0px;--awb-border-radius-top-right:0px;--awb-border-radius-bottom-right:0px;--awb-border-radius-bottom-left:0px;--awb-padding-top:30px;--awb-padding-right:30px;--awb-padding-bottom:30px;--awb-padding-left:30px;--awb-background-color:rgba(255,255,255,0.8);--awb-flex-wrap:wrap;\" ><div class=\"fusion-builder-row fusion-row\"><div class=\"fusion-layout-column fusion_builder_column fusion-builder-column-0 fusion_builder_column_1_2 1_2 fusion-one-half fusion-column-first\" style=\"--awb-bg-size:cover;width:50%;width:calc(50% - ( ( 4% ) * 0.5 ) );margin-right: 4%;\"><div class=\"fusion-column-wrapper fusion-flex-column-wrapper-legacy\"><div class=\"fusion-column-content-centered\"><div class=\"fusion-column-content\"><div class=\"fusion-text fusion-text-1\"><p><strong><a href=\"http:\/\/www.vatican.va\" target=\"_blank\" rel=\"noopener\">Vatican<\/a><\/strong><\/p>\n<p><strong><a href=\"http:\/\/www.comece.org\">Commissions des \u00e9piscopats de la Communaut\u00e9 Europ\u00e9enne<\/a><\/strong><\/p>\n<p><strong><a href=\"http:\/\/www.eglise.catholique.fr\">Conf\u00e9rence des \u00e9v\u00eaques de France<\/a><\/strong><\/p>\n<p><strong><a href=\"https:\/\/chalons.catholique.fr\/\">Dioc\u00e8se de Ch\u00e2lons en Champagne<\/a><\/strong><\/p>\n<p><strong><a href=\"http:\/\/www.saintetheresechalons.com\">Paroisse sainte Th\u00e9r\u00e8se de Ch\u00e2lons<\/a><\/strong><\/p>\n<p><strong><a href=\"http:\/\/www.infocatho.cef.fr\/\" target=\"_blank\" rel=\"noopener\">Infocatho<\/a><\/strong><\/p>\n<p><a href=\"http:\/\/www.zenit.org\/fr\" target=\"_blank\" rel=\"noopener\"><strong>Zenit<\/strong><\/a><\/p>\n<\/div><\/div><\/div><div class=\"fusion-clearfix\"><\/div><\/div><\/div><div class=\"fusion-layout-column fusion_builder_column fusion-builder-column-1 fusion_builder_column_1_2 1_2 fusion-one-half fusion-column-last\" style=\"--awb-bg-size:cover;width:50%;width:calc(50% - ( ( 4% ) * 0.5 ) );\"><div class=\"fusion-column-wrapper fusion-flex-column-wrapper-legacy\"><div class=\"fusion-column-content-centered\"><div class=\"fusion-column-content\"><div class=\"fusion-text fusion-text-2\"><p><strong><a href=\"http:\/\/www.vatican.va\/archive\/FRA0013\/_INDEX.HTM\">Cat\u00e9chisme de l\u2019\u00c9glise catholique<\/a><\/strong><\/p>\n<p><strong><a href=\"http:\/\/www.vatican.va\/archive\/FRA0037\/_INDEX.HTM\">Lois de l\u2019\u00c9glise catholique<\/a><\/strong><\/p>\n<p><strong><a href=\"http:\/\/www.vatican.va\/roman_curia\/pontifical_councils\/justpeace\/documents\/\">La doctrine sociale de l\u2019Eglise<\/a> <\/strong><\/p>\n<p><strong><a href=\"http:\/\/www.ceremoniaire.net\" target=\"_blank\" rel=\"noopener\">Ceremoniaire.net<\/a><\/strong><\/p>\n<p><strong><a href=\"http:\/\/www.liturgiecatholique.fr\/\" target=\"_blank\" rel=\"noopener\">Liturgiecatholique.fr\/<\/a><\/strong><\/p>\n<p><strong><a href=\"http:\/\/www.aelf.org\/bible-liturgie\">AELF<\/a><\/strong><\/p>\n<p><strong><a href=\"http:\/\/www.unitechretienne.org\">Oecum\u00e9nisme<\/a><\/strong><\/p>\n<p><a href=\"http:\/\/www.vatican.va\/roman_curia\/pontifical_councils\/interelg\/index_fr.htm\"><strong>Dialogue inter religieux<\/strong><\/a><\/p>\n<\/div><\/div><\/div><div class=\"fusion-clearfix\"><\/div><\/div><\/div><\/div><\/div>\n","protected":false},"excerpt":{"rendered":"","protected":false},"author":1,"featured_media":0,"parent":0,"menu_order":0,"comment_status":"closed","ping_status":"closed","template":"100-width.php","meta":{"xn-wppe-expiration":[],"xn-wppe-expiration-action":[],"xn-wppe-expiration-prefix":[],"footnotes":""},"_links":{"self":[{"href":"https:\/\/chalons.catholique.fr\/stetienne\/wp-json\/wp\/v2\/pages\/437"}],"collection":[{"href":"https:\/\/chalons.catholique.fr\/stetienne\/wp-json\/wp\/v2\/pages"}],"about":[{"href":"https:\/\/chalons.catholique.fr\/stetienne\/wp-json\/wp\/v2\/types\/page"}],"author":[{"embeddable":true,"href":"https:\/\/chalons.catholique.fr\/stetienne\/wp-json\/wp\/v2\/users\/1"}],"replies":[{"embeddable":true,"href":"https:\/\/chalons.catholique.fr\/stetienne\/wp-json\/wp\/v2\/comments?post=437"}],"version-history":[{"count":0,"href":"https:\/\/chalons.catholique.fr\/stetienne\/wp-json\/wp\/v2\/pages\/437\/revisions"}],"wp:attachment":[{"href":"https:\/\/chalons.catholique.fr\/stetienne\/wp-json\/wp\/v2\/media?parent=437"}],"curies":[{"name":"wp","href":"https:\/\/api.w.org\/{rel}","templated":true}]}}