{"id":29,"date":"2018-03-06T16:51:11","date_gmt":"2018-03-06T15:51:11","guid":{"rendered":"http:\/\/chalons.catholique.fr\/stetienne\/?page_id=29"},"modified":"2018-03-12T22:45:00","modified_gmt":"2018-03-12T21:45:00","slug":"obseques","status":"publish","type":"page","link":"https:\/\/chalons.catholique.fr\/stetienne\/obseques\/","title":{"rendered":"Obs\u00e8ques"},"content":{"rendered":"<div class=\"fusion-fullwidth fullwidth-box fusion-builder-row-1 nonhundred-percent-fullwidth non-hundred-percent-height-scrolling\" style=\"--awb-border-radius-top-left:0px;--awb-border-radius-top-right:0px;--awb-border-radius-bottom-right:0px;--awb-border-radius-bottom-left:0px;--awb-padding-right:30px;--awb-padding-left:30px;--awb-background-color:rgba(255,255,255,0.8);--awb-flex-wrap:wrap;\" ><div class=\"fusion-builder-row fusion-row\"><div class=\"fusion-layout-column fusion_builder_column fusion-builder-column-0 fusion_builder_column_1_1 1_1 fusion-one-full fusion-column-first fusion-column-last\" style=\"--awb-padding-top:60px;--awb-padding-right:100px;--awb-padding-bottom:60px;--awb-padding-left:100px;--awb-bg-size:cover;--awb-margin-top:60px;--awb-margin-bottom:60px;\"><div class=\"fusion-column-wrapper fusion-flex-column-wrapper-legacy\"><div class=\"fusion-title title fusion-title-1 fusion-sep-none fusion-title-center fusion-title-text fusion-title-size-one\" style=\"--awb-margin-bottom:30px;\"><h1 class=\"fusion-title-heading title-heading-center\" style=\"margin:0;\"><h1 style=\"text-align: center;\">Demander des obs\u00e8ques religieuses<\/h1><\/h1><\/div><div class=\"fusion-text fusion-text-1\"><p style=\"text-align: justify;\">Pour la simplicit\u00e9 des d\u00e9marches, contactez d\u2019abord l\u2019entreprise de pompes fun\u00e8bres de votre choix. Elle se mettra en rapport avec la paroisse pour convenir, selon vos souhaits et les disponibilit\u00e9s des uns et des autres, du lieu et de l\u2019heure de la c\u00e9r\u00e9monie. Habituellement sur la paroisse saint Etienne de Ch\u00e2lons centre, les obs\u00e8ques religieuses se c\u00e9l\u00e8brent \u00e0 l\u2019\u00e9glise saint Jean. Si la forme de la c\u00e9l\u00e9bration la plus demand\u00e9e est la b\u00e9n\u00e9diction (c\u00e9l\u00e9bration sans eucharistie ni communion), une messe est n\u00e9anmoins c\u00e9l\u00e9br\u00e9e dans la paroisse\u00a0 pour le repos de l\u2019\u00e2me du d\u00e9funt. Chaque premier dimanche du mois, les familles concern\u00e9es \u00e9tant avis\u00e9es, il est fait m\u00e9moire des d\u00e9funts du mois pr\u00e9c\u00e9dant \u00e0 la messe de 10h30 \u00e0 Notre Dame en Vaux. C\u2019est le myst\u00e8re pascal du Christ que l\u2019Eglise c\u00e9l\u00e8bre, avec foi, dans les fun\u00e9railles de ses enfants. Ils sont devenus par leur bapt\u00eame membres du Christ mort et ressuscit\u00e9. On prie pour qu\u2019ils passent avec le Christ de la mort \u00e0 la vie, qu\u2019ils soient purifi\u00e9s dans leur \u00e2me et rejoignent au ciel tous les saints, dans l\u2019attente de la r\u00e9surrection des morts et la bienheureuse esp\u00e9rance de l\u2019av\u00e8nement du Christ (notes doctrinales et pastorales du missel des d\u00e9funts).<\/p>\n<\/div><div class=\"fusion-sep-clear\"><\/div><div class=\"fusion-separator fusion-full-width-sep\" style=\"margin-left: auto;margin-right: auto;width:100%;\"><\/div><div class=\"fusion-sep-clear\"><\/div><div class=\"fusion-clearfix\"><\/div><\/div><\/div><\/div><\/div>\n","protected":false},"excerpt":{"rendered":"","protected":false},"author":1,"featured_media":0,"parent":0,"menu_order":0,"comment_status":"closed","ping_status":"closed","template":"100-width.php","meta":{"xn-wppe-expiration":[],"xn-wppe-expiration-action":[],"xn-wppe-expiration-prefix":[],"footnotes":""},"_links":{"self":[{"href":"https:\/\/chalons.catholique.fr\/stetienne\/wp-json\/wp\/v2\/pages\/29"}],"collection":[{"href":"https:\/\/chalons.catholique.fr\/stetienne\/wp-json\/wp\/v2\/pages"}],"about":[{"href":"https:\/\/chalons.catholique.fr\/stetienne\/wp-json\/wp\/v2\/types\/page"}],"author":[{"embeddable":true,"href":"https:\/\/chalons.catholique.fr\/stetienne\/wp-json\/wp\/v2\/users\/1"}],"replies":[{"embeddable":true,"href":"https:\/\/chalons.catholique.fr\/stetienne\/wp-json\/wp\/v2\/comments?post=29"}],"version-history":[{"count":0,"href":"https:\/\/chalons.catholique.fr\/stetienne\/wp-json\/wp\/v2\/pages\/29\/revisions"}],"wp:attachment":[{"href":"https:\/\/chalons.catholique.fr\/stetienne\/wp-json\/wp\/v2\/media?parent=29"}],"curies":[{"name":"wp","href":"https:\/\/api.w.org\/{rel}","templated":true}]}}