{"id":27,"date":"2018-03-06T16:50:55","date_gmt":"2018-03-06T15:50:55","guid":{"rendered":"http:\/\/chalons.catholique.fr\/stetienne\/?page_id=27"},"modified":"2023-08-30T08:31:24","modified_gmt":"2023-08-30T06:31:24","slug":"sacrements","status":"publish","type":"page","link":"https:\/\/chalons.catholique.fr\/stetienne\/sacrements\/","title":{"rendered":"Sacrements"},"content":{"rendered":"<div class=\"fusion-fullwidth fullwidth-box fusion-builder-row-1 nonhundred-percent-fullwidth non-hundred-percent-height-scrolling\" style=\"--awb-border-radius-top-left:0px;--awb-border-radius-top-right:0px;--awb-border-radius-bottom-right:0px;--awb-border-radius-bottom-left:0px;--awb-padding-right:30px;--awb-padding-left:30px;--awb-background-color:rgba(255,255,255,0.8);--awb-flex-wrap:wrap;\" ><div class=\"fusion-builder-row fusion-row\"><div class=\"fusion-layout-column fusion_builder_column fusion-builder-column-0 fusion_builder_column_1_1 1_1 fusion-one-full fusion-column-first fusion-column-last\" style=\"--awb-bg-size:cover;--awb-margin-top:20px;\"><div class=\"fusion-column-wrapper fusion-flex-column-wrapper-legacy\"><div class=\"fusion-column-content-centered\"><div class=\"fusion-column-content\"><div class=\"fusion-fa-align-center\"><i class=\"fb-icon-element-1 fb-icon-element fontawesome-icon fa fa-arrow-down circle-yes\" style=\"--awb-circlecolor:#b2b2b2;--awb-circlecolor-hover:#b2b2b2;--awb-circlebordercolor:#a8a8a8;--awb-circlebordercolor-hover:#a8a8a8;--awb-circlebordersize:1px;--awb-font-size:17.6px;--awb-width:35.2px;--awb-height:35.2px;--awb-line-height:33.2px;\"><\/i><\/div><div class=\"fusion-text fusion-text-1\"><h2 style=\"text-align: center\">Mariages en bas de page<\/h2>\n<\/div><div class=\"fusion-tabs fusion-tabs-1 classic nav-is-justified horizontal-tabs icon-position-left mobile-mode-accordion\" style=\"--awb-title-border-radius-top-left:0px;--awb-title-border-radius-top-right:0px;--awb-title-border-radius-bottom-right:0px;--awb-title-border-radius-bottom-left:0px;--awb-alignment:start;--awb-inactive-color:#ebeaea;--awb-background-color:#ffffff;--awb-border-color:#ebeaea;--awb-active-border-color:#c12c2b;\"><div class=\"nav\"><ul class=\"nav-tabs nav-justified\" role=\"tablist\"><li class=\"active\" role=\"presentation\"><a class=\"tab-link\" data-toggle=\"tab\" role=\"tab\" aria-controls=\"tab-e2ef12048ad417997bb\" aria-selected=\"true\" id=\"fusion-tab-bapt\u00eame\" href=\"#tab-e2ef12048ad417997bb\"><h4 class=\"fusion-tab-heading\">Bapt\u00eame<\/h4><\/a><\/li><li role=\"presentation\"><a class=\"tab-link\" data-toggle=\"tab\" role=\"tab\" aria-controls=\"tab-c7018cc97ae097119c7\" aria-selected=\"false\" tabindex=\"-1\" id=\"fusion-tab-confirmation\" href=\"#tab-c7018cc97ae097119c7\"><h4 class=\"fusion-tab-heading\">Confirmation<\/h4><\/a><\/li><li role=\"presentation\"><a class=\"tab-link\" data-toggle=\"tab\" role=\"tab\" aria-controls=\"tab-5ee3b66ae5e164ce3d0\" aria-selected=\"false\" tabindex=\"-1\" id=\"fusion-tab-communion\" href=\"#tab-5ee3b66ae5e164ce3d0\"><h4 class=\"fusion-tab-heading\">Communion<\/h4><\/a><\/li><\/ul><\/div><div class=\"tab-content\"><div class=\"nav fusion-mobile-tab-nav\"><ul class=\"nav-tabs nav-justified\" role=\"tablist\"><li class=\"active\" role=\"presentation\"><a class=\"tab-link\" data-toggle=\"tab\" role=\"tab\" aria-controls=\"tab-e2ef12048ad417997bb\" aria-selected=\"true\" id=\"mobile-fusion-tab-bapt\u00eame\" href=\"#tab-e2ef12048ad417997bb\"><h4 class=\"fusion-tab-heading\">Bapt\u00eame<\/h4><\/a><\/li><\/ul><\/div><div class=\"tab-pane fade fusion-clearfix in active\" role=\"tabpanel\" tabindex=\"0\" aria-labelledby=\"fusion-tab-bapt\u00eame\" id=\"tab-e2ef12048ad417997bb\">\n<h1>Enfants de moins de 7 ans<\/h1>\n<p>Vous trouverez les informations <a href=\"https:\/\/app.box.com\/s\/y5rco44s5bzisah96fm1tbw1syuh4c9f\" target=\"_blank\" rel=\"noopener\">sur ce document.<\/a><\/p>\n<h1>De 7 \u00e0 18 ans<\/h1>\n<p>Trois groupes de pr\u00e9paration :<\/p>\n<ul>\n<li>primaires<\/li>\n<li>coll\u00e9giens<\/li>\n<li>lyc\u00e9ens<\/li>\n<\/ul>\n<p>Merci de joindre directement la paroisse : 07 68 72 40 51\u00a0 \u00a0 paroisse@paroisse-cc.fr<\/p>\n<h1>Adultes<\/h1>\n<p>Il est possible de pr\u00e9parer le bapt\u00eame et de faire sa premi\u00e8re communion \u00e0 tout \u00e2ge, s\u2019adresser au presbyt\u00e8re : 07 68 72 40 51<br \/>\nparoisse@paroisse-cc.fr<\/p>\n<p>Un groupe de cat\u00e9chum\u00e8ne se r\u00e9unit un samedi matin par mois.<\/p>\n<\/div><div class=\"nav fusion-mobile-tab-nav\"><ul class=\"nav-tabs nav-justified\" role=\"tablist\"><li role=\"presentation\"><a class=\"tab-link\" data-toggle=\"tab\" role=\"tab\" aria-controls=\"tab-c7018cc97ae097119c7\" aria-selected=\"false\" tabindex=\"-1\" id=\"mobile-fusion-tab-confirmation\" href=\"#tab-c7018cc97ae097119c7\"><h4 class=\"fusion-tab-heading\">Confirmation<\/h4><\/a><\/li><\/ul><\/div><div class=\"tab-pane fade fusion-clearfix\" role=\"tabpanel\" tabindex=\"0\" aria-labelledby=\"fusion-tab-confirmation\" id=\"tab-c7018cc97ae097119c7\">\n<p>Pour la confirmation des adultes, la pr\u00e9paration se fera par la fr\u00e9quentation habituelle d\u2019un groupe paroissial avec une formation (cat\u00e9chisme pour adulte, abb\u00e9 mousse, topo &amp; vino ou une \u00e9quipe de proximit\u00e9) et les rendez-vous dioc\u00e9sains. Les confirmations auront lieu le 28 mai \u00e0 la cath\u00e9drale saint Etienne.<\/p>\n<p>S&rsquo;adresser au presbyt\u00e8re : 07 68 72 40 51<br \/>\nparoisse@paroisse-cc.fr<\/p>\n<\/div><div class=\"nav fusion-mobile-tab-nav\"><ul class=\"nav-tabs nav-justified\" role=\"tablist\"><li role=\"presentation\"><a class=\"tab-link\" data-toggle=\"tab\" role=\"tab\" aria-controls=\"tab-5ee3b66ae5e164ce3d0\" aria-selected=\"false\" tabindex=\"-1\" id=\"mobile-fusion-tab-communion\" href=\"#tab-5ee3b66ae5e164ce3d0\"><h4 class=\"fusion-tab-heading\">Communion<\/h4><\/a><\/li><\/ul><\/div><div class=\"tab-pane fade fusion-clearfix\" role=\"tabpanel\" tabindex=\"0\" aria-labelledby=\"fusion-tab-communion\" id=\"tab-5ee3b66ae5e164ce3d0\">\n<h1>Enfants<\/h1>\n<p>Pr\u00e9paration avec le groupe du cat\u00e9chisme.<\/p>\n<h1>Adultes<\/h1>\n<p>Il n&rsquo;est jamais trop tard pour se pr\u00e9parer \u00e0 recevoir la communion.<\/p>\n<p>S&rsquo;adresser directement au presbyt\u00e8re, 3 place Notre Dame<br \/>\n07 68 72 40 51<br \/>\nparoisse@paroisse-cc.fr<\/p>\n<\/div><\/div><\/div><div class=\"fusion-tabs fusion-tabs-2 classic nav-is-justified horizontal-tabs icon-position-left mobile-mode-accordion\" style=\"--awb-title-border-radius-top-left:0px;--awb-title-border-radius-top-right:0px;--awb-title-border-radius-bottom-right:0px;--awb-title-border-radius-bottom-left:0px;--awb-alignment:start;--awb-inactive-color:#ebeaea;--awb-background-color:#ffffff;--awb-border-color:#ebeaea;--awb-active-border-color:#c12c2b;\"><div class=\"nav\"><ul class=\"nav-tabs nav-justified\" role=\"tablist\"><li class=\"active\" role=\"presentation\"><a class=\"tab-link\" data-toggle=\"tab\" role=\"tab\" aria-controls=\"tab-5c8960c4714577d6d89\" aria-selected=\"true\" id=\"fusion-tab-mariages\" href=\"#tab-5c8960c4714577d6d89\"><h4 class=\"fusion-tab-heading\">Mariages<\/h4><\/a><\/li><li role=\"presentation\"><a class=\"tab-link\" data-toggle=\"tab\" role=\"tab\" aria-controls=\"tab-9c9cbe71447d32bd34b\" aria-selected=\"false\" tabindex=\"-1\" id=\"fusion-tab-autressacrements\" href=\"#tab-9c9cbe71447d32bd34b\"><h4 class=\"fusion-tab-heading\">Autres sacrements<\/h4><\/a><\/li><\/ul><\/div><div class=\"tab-content\"><div class=\"nav fusion-mobile-tab-nav\"><ul class=\"nav-tabs nav-justified\" role=\"tablist\"><li class=\"active\" role=\"presentation\"><a class=\"tab-link\" data-toggle=\"tab\" role=\"tab\" aria-controls=\"tab-5c8960c4714577d6d89\" aria-selected=\"true\" id=\"mobile-fusion-tab-mariages\" href=\"#tab-5c8960c4714577d6d89\"><h4 class=\"fusion-tab-heading\">Mariages<\/h4><\/a><\/li><\/ul><\/div><div class=\"tab-pane fade fusion-clearfix in active\" role=\"tabpanel\" tabindex=\"0\" aria-labelledby=\"fusion-tab-mariages\" id=\"tab-5c8960c4714577d6d89\">\n<p>L&rsquo;inscription se fait directement au presbyt\u00e8re, 3 place Notre Dame<br \/>\nou par t\u00e9l\u00e9phone : 07 68 72 40 51<br \/>\nou par mail : paroisse@paroisse-cc.fr<\/p>\n<p>Vous pouvez d\u00e9j\u00e0 pr\u00e9remplir la<a href=\"https:\/\/app.box.com\/s\/j6qat1ct8en0xcob8sb0kfej5p84172e\" target=\"_blank\" rel=\"noopener\"> feuille d&rsquo;inscription<\/a>, la date et l&rsquo;heure du mariage seront d\u00e9finis lors de l&rsquo;inscription d\u00e9finitive.<\/p>\n<p>Voici <a href=\"https:\/\/app.box.com\/s\/uy7544ab3nr1rglwkge9x29jfjs0dfg5\" target=\"_blank\" rel=\"noopener\">le d\u00e9pliant<\/a> avec les explications sur la pr\u00e9paration au mariage.<\/p>\n<\/div><div class=\"nav fusion-mobile-tab-nav\"><ul class=\"nav-tabs nav-justified\" role=\"tablist\"><li role=\"presentation\"><a class=\"tab-link\" data-toggle=\"tab\" role=\"tab\" aria-controls=\"tab-9c9cbe71447d32bd34b\" aria-selected=\"false\" tabindex=\"-1\" id=\"mobile-fusion-tab-autressacrements\" href=\"#tab-9c9cbe71447d32bd34b\"><h4 class=\"fusion-tab-heading\">Autres sacrements<\/h4><\/a><\/li><\/ul><\/div><div class=\"tab-pane fade fusion-clearfix\" role=\"tabpanel\" tabindex=\"0\" aria-labelledby=\"fusion-tab-autressacrements\" id=\"tab-9c9cbe71447d32bd34b\">\n<h1>Confessions<\/h1>\n<p><a href=\"https:\/\/chalons.catholique.fr\/stetienne\/les-horaires\/\" target=\"_blank\" rel=\"noopener\">Voir la page horaires<\/a><\/p>\n<h1>Sacrement des malades et extr\u00eame onction<\/h1>\n<p>S&rsquo;adresser directement au presbyt\u00e8re, 3 place Notre Dame<br \/>\nou par t\u00e9l\u00e9phone : 03 26 64 18 30<br \/>\nou par mail : paroisse@paroisse-cc.fr<\/p>\n<\/div><\/div><\/div><\/div><\/div><div class=\"fusion-clearfix\"><\/div><\/div><\/div><\/div><\/div>\n","protected":false},"excerpt":{"rendered":"","protected":false},"author":1,"featured_media":0,"parent":0,"menu_order":0,"comment_status":"closed","ping_status":"closed","template":"100-width.php","meta":{"xn-wppe-expiration":[],"xn-wppe-expiration-action":[],"xn-wppe-expiration-prefix":[],"footnotes":""},"_links":{"self":[{"href":"https:\/\/chalons.catholique.fr\/stetienne\/wp-json\/wp\/v2\/pages\/27"}],"collection":[{"href":"https:\/\/chalons.catholique.fr\/stetienne\/wp-json\/wp\/v2\/pages"}],"about":[{"href":"https:\/\/chalons.catholique.fr\/stetienne\/wp-json\/wp\/v2\/types\/page"}],"author":[{"embeddable":true,"href":"https:\/\/chalons.catholique.fr\/stetienne\/wp-json\/wp\/v2\/users\/1"}],"replies":[{"embeddable":true,"href":"https:\/\/chalons.catholique.fr\/stetienne\/wp-json\/wp\/v2\/comments?post=27"}],"version-history":[{"count":3,"href":"https:\/\/chalons.catholique.fr\/stetienne\/wp-json\/wp\/v2\/pages\/27\/revisions"}],"predecessor-version":[{"id":1311,"href":"https:\/\/chalons.catholique.fr\/stetienne\/wp-json\/wp\/v2\/pages\/27\/revisions\/1311"}],"wp:attachment":[{"href":"https:\/\/chalons.catholique.fr\/stetienne\/wp-json\/wp\/v2\/media?parent=27"}],"curies":[{"name":"wp","href":"https:\/\/api.w.org\/{rel}","templated":true}]}}