{"id":19,"date":"2018-03-06T16:49:44","date_gmt":"2018-03-06T15:49:44","guid":{"rendered":"http:\/\/chalons.catholique.fr\/stetienne\/?page_id=19"},"modified":"2025-05-13T11:08:52","modified_gmt":"2025-05-13T09:08:52","slug":"les-horaires","status":"publish","type":"page","link":"https:\/\/chalons.catholique.fr\/stetienne\/les-horaires\/","title":{"rendered":"Les horaires"},"content":{"rendered":"<div class=\"fusion-fullwidth fullwidth-box fusion-builder-row-1 nonhundred-percent-fullwidth non-hundred-percent-height-scrolling\" style=\"--awb-border-radius-top-left:0px;--awb-border-radius-top-right:0px;--awb-border-radius-bottom-right:0px;--awb-border-radius-bottom-left:0px;--awb-background-color:rgba(255,255,255,0.8);--awb-flex-wrap:wrap;\" ><div class=\"fusion-builder-row fusion-row\"><div class=\"fusion-layout-column fusion_builder_column fusion-builder-column-0 fusion_builder_column_1_1 1_1 fusion-one-full fusion-column-first fusion-column-last\" style=\"--awb-bg-size:cover;--awb-margin-top:40px;--awb-margin-bottom:40px;\"><div class=\"fusion-column-wrapper fusion-flex-column-wrapper-legacy\"><div class=\"fusion-column-content-centered\"><div class=\"fusion-column-content\"><div class=\"fusion-tabs fusion-tabs-1 classic nav-is-justified horizontal-tabs icon-position-left mobile-mode-accordion\" style=\"--awb-title-border-radius-top-left:0px;--awb-title-border-radius-top-right:0px;--awb-title-border-radius-bottom-right:0px;--awb-title-border-radius-bottom-left:0px;--awb-alignment:start;--awb-inactive-color:#ebeaea;--awb-background-color:#ffffff;--awb-border-color:#ebeaea;--awb-active-border-color:#c12c2b;\"><div class=\"nav\"><ul class=\"nav-tabs nav-justified\" role=\"tablist\"><li class=\"active\" role=\"presentation\"><a class=\"tab-link\" data-toggle=\"tab\" role=\"tab\" aria-controls=\"tab-68d3f2e8afc031a5309\" aria-selected=\"true\" id=\"fusion-tab-messesdominicales\" href=\"#tab-68d3f2e8afc031a5309\"><h4 class=\"fusion-tab-heading\">Messes dominicales<\/h4><\/a><\/li><li role=\"presentation\"><a class=\"tab-link\" data-toggle=\"tab\" role=\"tab\" aria-controls=\"tab-649f8fa718d0531b213\" aria-selected=\"false\" tabindex=\"-1\" id=\"fusion-tab-messesensemaine\" href=\"#tab-649f8fa718d0531b213\"><h4 class=\"fusion-tab-heading\">Messes en semaine<\/h4><\/a><\/li><li role=\"presentation\"><a class=\"tab-link\" data-toggle=\"tab\" role=\"tab\" aria-controls=\"tab-01cc190d62baf2819e2\" aria-selected=\"false\" tabindex=\"-1\" id=\"fusion-tab-solennit\u00e9s\" href=\"#tab-01cc190d62baf2819e2\"><h4 class=\"fusion-tab-heading\">Solennit\u00e9s<\/h4><\/a><\/li><li role=\"presentation\"><a class=\"tab-link\" data-toggle=\"tab\" role=\"tab\" aria-controls=\"tab-0de57f5385303110bd3\" aria-selected=\"false\" tabindex=\"-1\" id=\"fusion-tab-confessionsetadoration\" href=\"#tab-0de57f5385303110bd3\"><h4 class=\"fusion-tab-heading\">Confessions et adoration<\/h4><\/a><\/li><li role=\"presentation\"><a class=\"tab-link\" data-toggle=\"tab\" role=\"tab\" aria-controls=\"tab-200a7f6c885137aa148\" aria-selected=\"false\" tabindex=\"-1\" id=\"fusion-tab-laudesetv\u00eapres\" href=\"#tab-200a7f6c885137aa148\"><h4 class=\"fusion-tab-heading\">Laudes et v\u00eapres<\/h4><\/a><\/li><\/ul><\/div><div class=\"tab-content\"><div class=\"nav fusion-mobile-tab-nav\"><ul class=\"nav-tabs nav-justified\" role=\"tablist\"><li class=\"active\" role=\"presentation\"><a class=\"tab-link\" data-toggle=\"tab\" role=\"tab\" aria-controls=\"tab-68d3f2e8afc031a5309\" aria-selected=\"true\" id=\"mobile-fusion-tab-messesdominicales\" href=\"#tab-68d3f2e8afc031a5309\"><h4 class=\"fusion-tab-heading\">Messes dominicales<\/h4><\/a><\/li><\/ul><\/div><div class=\"tab-pane fade fusion-clearfix in active\" role=\"tabpanel\" tabindex=\"0\" aria-labelledby=\"fusion-tab-messesdominicales\" id=\"tab-68d3f2e8afc031a5309\">\n<p>18h15, Paroisse Saint Memmie, messe anticip\u00e9e<\/p>\n<p>8h30, cath\u00e9drale Saint Etienne<\/p>\n<p>10h30, Notre Dame en Vaux<br \/>\n(sauf Toussaint, No\u00ebl, P\u00e2ques et Pentec\u00f4te, messe unique \u00e0 la cath\u00e9drale)<\/p>\n<\/div><div class=\"nav fusion-mobile-tab-nav\"><ul class=\"nav-tabs nav-justified\" role=\"tablist\"><li role=\"presentation\"><a class=\"tab-link\" data-toggle=\"tab\" role=\"tab\" aria-controls=\"tab-649f8fa718d0531b213\" aria-selected=\"false\" tabindex=\"-1\" id=\"mobile-fusion-tab-messesensemaine\" href=\"#tab-649f8fa718d0531b213\"><h4 class=\"fusion-tab-heading\">Messes en semaine<\/h4><\/a><\/li><\/ul><\/div><div class=\"tab-pane fade fusion-clearfix\" role=\"tabpanel\" tabindex=\"0\" aria-labelledby=\"fusion-tab-messesensemaine\" id=\"tab-649f8fa718d0531b213\">\n<p>Notre Dame en Vaux\u00a0:<\/p>\n<ul>\n<li>7h30 du mardi au vendredi<\/li>\n<li>12h le samedi<\/li>\n<\/ul>\n<p>Chapelle Saint Joseph, 18h30 du mardi au samedi.<\/p>\n<\/div><div class=\"nav fusion-mobile-tab-nav\"><ul class=\"nav-tabs nav-justified\" role=\"tablist\"><li role=\"presentation\"><a class=\"tab-link\" data-toggle=\"tab\" role=\"tab\" aria-controls=\"tab-01cc190d62baf2819e2\" aria-selected=\"false\" tabindex=\"-1\" id=\"mobile-fusion-tab-solennit\u00e9s\" href=\"#tab-01cc190d62baf2819e2\"><h4 class=\"fusion-tab-heading\">Solennit\u00e9s<\/h4><\/a><\/li><\/ul><\/div><div class=\"tab-pane fade fusion-clearfix\" role=\"tabpanel\" tabindex=\"0\" aria-labelledby=\"fusion-tab-solennit\u00e9s\" id=\"tab-01cc190d62baf2819e2\">\n<p><strong>Toussaint, No\u00ebl, P\u00e2ques et Pentec\u00f4te :<br \/>\n<\/strong><br \/>\n10h30 Cath\u00e9drale Saint \u00c9tienne: messe unique.<\/p>\n<p>17h00\u00a0 V\u00eapres et salut du saint-Sacrement \u00e0 la cath\u00e9drale.<\/p>\n<\/div><div class=\"nav fusion-mobile-tab-nav\"><ul class=\"nav-tabs nav-justified\" role=\"tablist\"><li role=\"presentation\"><a class=\"tab-link\" data-toggle=\"tab\" role=\"tab\" aria-controls=\"tab-0de57f5385303110bd3\" aria-selected=\"false\" tabindex=\"-1\" id=\"mobile-fusion-tab-confessionsetadoration\" href=\"#tab-0de57f5385303110bd3\"><h4 class=\"fusion-tab-heading\">Confessions et adoration<\/h4><\/a><\/li><\/ul><\/div><div class=\"tab-pane fade fusion-clearfix\" role=\"tabpanel\" tabindex=\"0\" aria-labelledby=\"fusion-tab-confessionsetadoration\" id=\"tab-0de57f5385303110bd3\">\n<p>Mercredi, 21h-22h \u00e0 Notre Dame en Vaux<\/p>\n<p>Samedi, 10h-11h45 \u00e0 Notre Dame en Vaux<\/p>\n<\/div><div class=\"nav fusion-mobile-tab-nav\"><ul class=\"nav-tabs nav-justified\" role=\"tablist\"><li role=\"presentation\"><a class=\"tab-link\" data-toggle=\"tab\" role=\"tab\" aria-controls=\"tab-200a7f6c885137aa148\" aria-selected=\"false\" tabindex=\"-1\" id=\"mobile-fusion-tab-laudesetv\u00eapres\" href=\"#tab-200a7f6c885137aa148\"><h4 class=\"fusion-tab-heading\">Laudes et v\u00eapres<\/h4><\/a><\/li><\/ul><\/div><div class=\"tab-pane fade fusion-clearfix\" role=\"tabpanel\" tabindex=\"0\" aria-labelledby=\"fusion-tab-laudesetv\u00eapres\" id=\"tab-200a7f6c885137aa148\">\n<p><strong>Laudes<\/strong> du mardi au samedi \u00e0 8h et le dimanche \u00e0 7h15.<br \/>\n<strong>V\u00eapres<\/strong> le mardi et le mercredi \u00e0 19h05 et le dimanche \u00e0 18h.<\/p>\n<\/div><\/div><\/div><\/div><\/div><div class=\"fusion-clearfix\"><\/div><\/div><\/div><\/div><\/div>\n","protected":false},"excerpt":{"rendered":"","protected":false},"author":1,"featured_media":0,"parent":0,"menu_order":0,"comment_status":"closed","ping_status":"closed","template":"100-width.php","meta":{"xn-wppe-expiration":[],"xn-wppe-expiration-action":[],"xn-wppe-expiration-prefix":[],"footnotes":""},"_links":{"self":[{"href":"https:\/\/chalons.catholique.fr\/stetienne\/wp-json\/wp\/v2\/pages\/19"}],"collection":[{"href":"https:\/\/chalons.catholique.fr\/stetienne\/wp-json\/wp\/v2\/pages"}],"about":[{"href":"https:\/\/chalons.catholique.fr\/stetienne\/wp-json\/wp\/v2\/types\/page"}],"author":[{"embeddable":true,"href":"https:\/\/chalons.catholique.fr\/stetienne\/wp-json\/wp\/v2\/users\/1"}],"replies":[{"embeddable":true,"href":"https:\/\/chalons.catholique.fr\/stetienne\/wp-json\/wp\/v2\/comments?post=19"}],"version-history":[{"count":7,"href":"https:\/\/chalons.catholique.fr\/stetienne\/wp-json\/wp\/v2\/pages\/19\/revisions"}],"predecessor-version":[{"id":1354,"href":"https:\/\/chalons.catholique.fr\/stetienne\/wp-json\/wp\/v2\/pages\/19\/revisions\/1354"}],"wp:attachment":[{"href":"https:\/\/chalons.catholique.fr\/stetienne\/wp-json\/wp\/v2\/media?parent=19"}],"curies":[{"name":"wp","href":"https:\/\/api.w.org\/{rel}","templated":true}]}}