{"id":1304,"date":"2023-08-30T07:53:56","date_gmt":"2023-08-30T05:53:56","guid":{"rendered":"https:\/\/chalons.catholique.fr\/stetienne\/?page_id=1304"},"modified":"2024-08-02T16:34:52","modified_gmt":"2024-08-02T14:34:52","slug":"propositions-paroissiales-23-24","status":"publish","type":"page","link":"https:\/\/chalons.catholique.fr\/stetienne\/propositions-paroissiales-23-24\/","title":{"rendered":"Propositions paroissiales 24-25"},"content":{"rendered":"<div class=\"fusion-fullwidth fullwidth-box fusion-builder-row-1 fusion-flex-container nonhundred-percent-fullwidth non-hundred-percent-height-scrolling\" style=\"--awb-border-radius-top-left:0px;--awb-border-radius-top-right:0px;--awb-border-radius-bottom-right:0px;--awb-border-radius-bottom-left:0px;--awb-flex-wrap:wrap;\" ><div class=\"fusion-builder-row fusion-row fusion-flex-align-items-flex-start fusion-flex-content-wrap\" style=\"max-width:1123.2px;margin-left: calc(-4% \/ 2 );margin-right: calc(-4% \/ 2 );\"><div class=\"fusion-layout-column fusion_builder_column fusion-builder-column-0 fusion_builder_column_1_1 1_1 fusion-flex-column\" style=\"--awb-bg-size:cover;--awb-width-large:100%;--awb-margin-top-large:0px;--awb-spacing-right-large:1.92%;--awb-margin-bottom-large:20px;--awb-spacing-left-large:1.92%;--awb-width-medium:100%;--awb-order-medium:0;--awb-spacing-right-medium:1.92%;--awb-spacing-left-medium:1.92%;--awb-width-small:100%;--awb-order-small:0;--awb-spacing-right-small:1.92%;--awb-spacing-left-small:1.92%;\"><div class=\"fusion-column-wrapper fusion-column-has-shadow fusion-flex-justify-content-flex-start fusion-content-layout-column\"><div class=\"fusion-text fusion-text-1\"><h2 style=\"text-align: center\"><a href=\"https:\/\/chalons.catholique.fr\/stetienne\/espace-24-25\/\" target=\"_blank\" rel=\"noopener\">Toutes les propositions de l&rsquo;espace missionnaire sur ce lien<\/a><\/h2>\n<\/div><div class=\"fusion-tabs fusion-tabs-1 classic nav-is-justified horizontal-tabs icon-position-left mobile-mode-accordion\" style=\"--awb-title-border-radius-top-left:0px;--awb-title-border-radius-top-right:0px;--awb-title-border-radius-bottom-right:0px;--awb-title-border-radius-bottom-left:0px;--awb-alignment:start;--awb-inactive-color:#ebeaea;--awb-background-color:#ffffff;--awb-border-color:#ebeaea;--awb-active-border-color:#c12c2b;\"><div class=\"nav\"><ul class=\"nav-tabs nav-justified\" role=\"tablist\"><li class=\"active\" role=\"presentation\"><a class=\"tab-link\" data-toggle=\"tab\" role=\"tab\" aria-controls=\"tab-b9eed36d88a0ddf7efb\" aria-selected=\"true\" id=\"fusion-tab-surlaparoisse\" href=\"#tab-b9eed36d88a0ddf7efb\"><h4 class=\"fusion-tab-heading\">Sur la paroisse<\/h4><\/a><\/li><li role=\"presentation\"><a class=\"tab-link\" data-toggle=\"tab\" role=\"tab\" aria-controls=\"tab-aae1ddee6c2b9902eff\" aria-selected=\"false\" tabindex=\"-1\" id=\"fusion-tab-enfantsetjeunes\" href=\"#tab-aae1ddee6c2b9902eff\"><h4 class=\"fusion-tab-heading\">Enfants et jeunes<\/h4><\/a><\/li><li role=\"presentation\"><a class=\"tab-link\" data-toggle=\"tab\" role=\"tab\" aria-controls=\"tab-d3c10118dfac1ad635f\" aria-selected=\"false\" tabindex=\"-1\" id=\"fusion-tab-messesetpri\u00e8re\" href=\"#tab-d3c10118dfac1ad635f\"><h4 class=\"fusion-tab-heading\">Messes et pri\u00e8re<\/h4><\/a><\/li><\/ul><\/div><div class=\"tab-content\"><div class=\"nav fusion-mobile-tab-nav\"><ul class=\"nav-tabs nav-justified\" role=\"tablist\"><li class=\"active\" role=\"presentation\"><a class=\"tab-link\" data-toggle=\"tab\" role=\"tab\" aria-controls=\"tab-b9eed36d88a0ddf7efb\" aria-selected=\"true\" id=\"mobile-fusion-tab-surlaparoisse\" href=\"#tab-b9eed36d88a0ddf7efb\"><h4 class=\"fusion-tab-heading\">Sur la paroisse<\/h4><\/a><\/li><\/ul><\/div><div class=\"tab-pane fade fusion-clearfix in active\" role=\"tabpanel\" tabindex=\"0\" aria-labelledby=\"fusion-tab-surlaparoisse\" id=\"tab-b9eed36d88a0ddf7efb\">\n<h1>Equipes de proximit\u00e9<\/h1>\n<p>De quoi parlons-nous concr\u00e8tement\u00a0?<\/p>\n<ul>\n<li>D\u2019un rassemblement de quelques personnes habitant le m\u00eame quartier, chez l\u2019une d\u2019entre elles. Un rassemblement de \u00ab\u00a0prochains\u00a0\u00bb au sens le plus strict.<\/li>\n<li>Qui se r\u00e9unissent environ une fois par mois.<\/li>\n<li>Qui se forment et prient, en particulier en m\u00e9ditant la Parole de Dieu.<\/li>\n<li>Qui partagent joies et peines, et qui les portent ensemble devant Dieu.<\/li>\n<li>Qui peuvent \u00eatre amen\u00e9es \u00e0 accueillir un voisin ou une connaissance, comme un lieu de mission.<\/li>\n<\/ul>\n<p>La paroisse proposera au long de l\u2019ann\u00e9e des textes, des aides pour vivre ces temps, avec cette conviction qui doit nous animer\u00a0: l\u00e0 o\u00f9 deux ou trois sont r\u00e9unis au nom de J\u00e9sus, Il est pr\u00e9sent.<br \/>\nContact : 07 68 72 40 51 paroisse.chalonscentre@chalons.catholique.fr<\/p>\n<h1>Pr\u00e9paration des messes<\/h1>\n<p>Installation de la messe, Brigitte V. : 03 26 65 93 43<\/p>\n<p>R\u00e9partition des lectures, pri\u00e8re universelle, \u2026\u00a0 V\u00e9ronique R.\u00a0: 06 59 43 19 69<\/p>\n<h1>Braderie<\/h1>\n<p>Principal apport financier de la paroisse ! Dans les salles Saint Jean :<br \/>\nVous pouvez donner des objets. Contact : Philippe L. : 06 07 75 46 94<\/p>\n<h1>Amis des orgues<\/h1>\n<p>Association qui \u0153uvre pour la restauration des orgues de Ch\u00e2lons, et notamment pour celui de Notre Dame en Vaux. Contact : infoaocc51@gmail.com<\/p>\n<h1>Animation des messes et chorale<\/h1>\n<p>Pour les messes dominicales (chant et musique) : Claire Hertz, 06 14 24 48 97.<\/p>\n<p>Une chorale se rassemble pour les grandes occasions.<br \/>\nContact : V\u00e9ronique B. : verobaes59@gmail.com &#8211; 06 10 73 45 56.<\/p>\n<h1>Gros bras petites mains<\/h1>\n<p>Il s\u2019agit d\u2019un temps de service en paroisse : m\u00e9nage, bricolage, rangement, \u2026 Rendez-vous mensuel le samedi de 14h \u00e0 16h30, ouvert \u00e0 tous. A la fin, tous ceux qui sont venus aider partagent un go\u00fbter.<\/p>\n<p>Dates de cette ann\u00e9e :<\/p>\n<ul>\n<li>28 septembre NDV<\/li>\n<li>12 octobre NDV<\/li>\n<li>16 novembre Cath\u00e9drale<\/li>\n<li>7 d\u00e9cembre NDV<\/li>\n<li>18 janvier NDV<\/li>\n<li>8 mars saint Alpin<\/li>\n<li>12 avril Cath\u00e9drale<\/li>\n<li>17 mai NDV<\/li>\n<li>21 juin NDV<\/li>\n<\/ul>\n<\/div><div class=\"nav fusion-mobile-tab-nav\"><ul class=\"nav-tabs nav-justified\" role=\"tablist\"><li role=\"presentation\"><a class=\"tab-link\" data-toggle=\"tab\" role=\"tab\" aria-controls=\"tab-aae1ddee6c2b9902eff\" aria-selected=\"false\" tabindex=\"-1\" id=\"mobile-fusion-tab-enfantsetjeunes\" href=\"#tab-aae1ddee6c2b9902eff\"><h4 class=\"fusion-tab-heading\">Enfants et jeunes<\/h4><\/a><\/li><\/ul><\/div><div class=\"tab-pane fade fusion-clearfix\" role=\"tabpanel\" tabindex=\"0\" aria-labelledby=\"fusion-tab-enfantsetjeunes\" id=\"tab-aae1ddee6c2b9902eff\">\n<h1>Toutes les propositions avec l&rsquo;espace missionnaire sont sur cette page<\/h1>\n<h1>Propositions uniquement paroissiales<\/h1>\n<h1>Cat\u00e9chisme des petits (CP-CE1)<\/h1>\n<p>La paroisse propose un <strong>cat\u00e9chisme pour les petits<\/strong> (CP \u2013 CE1) tous les mercredi 17h-18h au 1 place Notre Dame.<\/p>\n<h1>Cat\u00e9chisme des grands (CE2-CM2)<\/h1>\n<p>Le <strong>cat\u00e9chisme des grands<\/strong> (CE2-CM2) aura lieu environ tous les 15 jours, le dimanche de 9h30 \u00e0 10h30, il se termine par la participation \u00e0 la messe.<\/p>\n<p>5 dimanches avec cat\u00e9 long de 9h15 \u00e0 15h sont \u00e9galement pr\u00e9vus, les enfants devront apporter leur pique-nique.<\/p>\n<p>Un temps fort aura lieu pour les CE2 le samedi 15 mars 2025 \u00e0 Notre Dame de L\u2019Epine.<\/p>\n<p>Dates pour l\u2019ann\u00e9e :<\/p>\n<ul>\n<li>22 septembre<\/li>\n<li><strong>29 septembre cat\u00e9 long<\/strong><\/li>\n<li>13 octobre<\/li>\n<li>10 novembre<\/li>\n<li>24 novembre<\/li>\n<li><strong>8 d\u00e9cembre cat\u00e9 long<\/strong><\/li>\n<li>15 d\u00e9cembre<\/li>\n<li>12 janvier<\/li>\n<li><strong>26 janvier cat\u00e9 long<\/strong><\/li>\n<li>2 f\u00e9vrier<\/li>\n<li>2 mars<\/li>\n<li><strong>16 mars cat\u00e9 long<\/strong><\/li>\n<li>30 mars<\/li>\n<li>27 avril<\/li>\n<li><strong>18 mai cat\u00e9 long<\/strong><\/li>\n<li>15 juin<\/li>\n<li>29 juin<\/li>\n<\/ul>\n<h1>Premi\u00e8res communions des enfants<\/h1>\n<p>Les premi\u00e8res communions auront lieu le dimanche 22 juin \u00e0 10h30 \u00e0 Notre Dame en Vaux.<\/p>\n<p>Il y aura un temps fort en doyenn\u00e9 le samedi 25 janvier \u00e0 Notre Dame de l\u2019Epine et une journ\u00e9e de retraite le 21 juin en paroisse.<\/p>\n<p>La pr\u00e9paration \u00e0 la premi\u00e8re communion aura lieu durant le cat\u00e9chisme des grands. Ce sont les m\u00eames dates. Un dossier d\u2019inscription est remis au d\u00e9but de l\u2019ann\u00e9e.<\/p>\n<h1>Professions de foi<\/h1>\n<p>Les professions de foi seront c\u00e9l\u00e9br\u00e9es le jeudi 29 mai \u00e0 10h30 \u00e0 Notre Dame en Vaux.<\/p>\n<p>Il y aura un temps fort avec le doyenn\u00e9 le samedi 23 novembre \u00e0 Notre Dame de l\u2019Epine et une journ\u00e9e de retraite paroissiale le mercredi 28 mai.<\/p>\n<p>La pr\u00e9paration de la profession de foi se fait avec l\u2019aum\u00f4nerie des coll\u00e9giens. Un dossier d\u2019inscription est remis au d\u00e9but de l\u2019ann\u00e9e.<\/p>\n<\/div><div class=\"nav fusion-mobile-tab-nav\"><ul class=\"nav-tabs nav-justified\" role=\"tablist\"><li role=\"presentation\"><a class=\"tab-link\" data-toggle=\"tab\" role=\"tab\" aria-controls=\"tab-d3c10118dfac1ad635f\" aria-selected=\"false\" tabindex=\"-1\" id=\"mobile-fusion-tab-messesetpri\u00e8re\" href=\"#tab-d3c10118dfac1ad635f\"><h4 class=\"fusion-tab-heading\">Messes et pri\u00e8re<\/h4><\/a><\/li><\/ul><\/div><div class=\"tab-pane fade fusion-clearfix\" role=\"tabpanel\" tabindex=\"0\" aria-labelledby=\"fusion-tab-messesetpri\u00e8re\" id=\"tab-d3c10118dfac1ad635f\">\n<h1><a href=\"https:\/\/chalons.catholique.fr\/stetienne\/les-horaires\/\"><strong>Horaires des messes et offices<\/strong><\/a><\/h1>\n<hr \/>\n<\/div><\/div><\/div><\/div><\/div><\/div><\/div>\n","protected":false},"excerpt":{"rendered":"","protected":false},"author":170,"featured_media":0,"parent":0,"menu_order":0,"comment_status":"closed","ping_status":"closed","template":"","meta":{"xn-wppe-expiration":[],"xn-wppe-expiration-action":[],"xn-wppe-expiration-prefix":[],"footnotes":""},"_links":{"self":[{"href":"https:\/\/chalons.catholique.fr\/stetienne\/wp-json\/wp\/v2\/pages\/1304"}],"collection":[{"href":"https:\/\/chalons.catholique.fr\/stetienne\/wp-json\/wp\/v2\/pages"}],"about":[{"href":"https:\/\/chalons.catholique.fr\/stetienne\/wp-json\/wp\/v2\/types\/page"}],"author":[{"embeddable":true,"href":"https:\/\/chalons.catholique.fr\/stetienne\/wp-json\/wp\/v2\/users\/170"}],"replies":[{"embeddable":true,"href":"https:\/\/chalons.catholique.fr\/stetienne\/wp-json\/wp\/v2\/comments?post=1304"}],"version-history":[{"count":6,"href":"https:\/\/chalons.catholique.fr\/stetienne\/wp-json\/wp\/v2\/pages\/1304\/revisions"}],"predecessor-version":[{"id":1321,"href":"https:\/\/chalons.catholique.fr\/stetienne\/wp-json\/wp\/v2\/pages\/1304\/revisions\/1321"}],"wp:attachment":[{"href":"https:\/\/chalons.catholique.fr\/stetienne\/wp-json\/wp\/v2\/media?parent=1304"}],"curies":[{"name":"wp","href":"https:\/\/api.w.org\/{rel}","templated":true}]}}