{"id":1256,"date":"2023-02-14T09:58:41","date_gmt":"2023-02-14T08:58:41","guid":{"rendered":"https:\/\/chalons.catholique.fr\/stetienne\/?page_id=1256"},"modified":"2023-05-25T11:33:21","modified_gmt":"2023-05-25T09:33:21","slug":"mois-eucharistique","status":"publish","type":"page","link":"https:\/\/chalons.catholique.fr\/stetienne\/mois-eucharistique\/","title":{"rendered":"Mois eucharistique"},"content":{"rendered":"<div class=\"fusion-fullwidth fullwidth-box fusion-builder-row-1 fusion-flex-container nonhundred-percent-fullwidth non-hundred-percent-height-scrolling\" style=\"--awb-border-radius-top-left:0px;--awb-border-radius-top-right:0px;--awb-border-radius-bottom-right:0px;--awb-border-radius-bottom-left:0px;--awb-flex-wrap:wrap;\" ><div class=\"fusion-builder-row fusion-row fusion-flex-align-items-flex-start fusion-flex-content-wrap\" style=\"max-width:1123.2px;margin-left: calc(-4% \/ 2 );margin-right: calc(-4% \/ 2 );\"><div class=\"fusion-layout-column fusion_builder_column fusion-builder-column-0 fusion_builder_column_1_1 1_1 fusion-flex-column\" style=\"--awb-bg-size:cover;--awb-width-large:100%;--awb-margin-top-large:0px;--awb-spacing-right-large:1.92%;--awb-margin-bottom-large:20px;--awb-spacing-left-large:1.92%;--awb-width-medium:100%;--awb-order-medium:0;--awb-spacing-right-medium:1.92%;--awb-spacing-left-medium:1.92%;--awb-width-small:100%;--awb-order-small:0;--awb-spacing-right-small:1.92%;--awb-spacing-left-small:1.92%;\"><div class=\"fusion-column-wrapper fusion-column-has-shadow fusion-flex-justify-content-flex-start fusion-content-layout-column\"><div class=\"fusion-title title fusion-title-1 fusion-sep-none fusion-title-text fusion-title-size-one\"><h1 class=\"fusion-title-heading title-heading-left\" style=\"margin:0;\"><h1 style=\"text-align: center\"><strong>Mois eucharistique<\/strong><\/h1>\n<h3 style=\"text-align: center\">du 7 mai au 11 juin 2023<\/h3><\/h1><\/div><div class=\"fusion-text fusion-text-1\"><p>Depuis quelques mois, un groupe de paroissiens de Ch\u00e2lons porte le projet d\u2019un mois eucharistique,<\/p>\n<ul>\n<li>afin de mettre en lumi\u00e8re la beaut\u00e9, la grandeur et la majest\u00e9 du sacrement eucharistique,<\/li>\n<li>afin de rendre honneur au Christ,<\/li>\n<li>afin d\u2019affermir la foi des fid\u00e8les,<\/li>\n<li>et afin de faire prendre conscience de la n\u00e9cessit\u00e9 vitale pour tout baptis\u00e9 de c\u00e9l\u00e9brer ce saint myst\u00e8re,<\/li>\n<\/ul>\n<p>En compl\u00e9ment de l\u2019exposition \u00ab\u00a0<em>Les Miracles eucharistiques<\/em> <em>par Carlo Acutis\u00a0\u00bb<\/em>, pr\u00e9sent\u00e9e \u00e0 l\u2019\u00e9glise Saint-Alpin du 7 au 24 mai, cette \u00e9quipe est heureuse de vous proposer les trois initiatives suivantes :<\/p>\n<ol>\n<li>Recevoir une m\u00e9ditation quotidienne par mail<\/li>\n<li>Partager le t\u00e9moignage d\u2019une exp\u00e9rience eucharistique v\u00e9cue personnellement<\/li>\n<li>Participer aux 72h d\u2019adoration (8-11 juin) pour pr\u00e9parer la F\u00eate-Dieu<\/li>\n<\/ol>\n<\/div><div class=\"fusion-separator fusion-full-width-sep\" style=\"align-self: center;margin-left: auto;margin-right: auto;margin-top:40px;margin-bottom:30px;width:100%;\"><div class=\"fusion-separator-border sep-single sep-solid\" style=\"--awb-height:20px;--awb-amount:20px;--awb-sep-color:#e00202;border-color:#e00202;border-top-width:1px;\"><\/div><\/div><div class=\"fusion-text fusion-text-2\"><h2>1. Inscription \u00e0 la m\u00e9ditation quotidienne<\/h2>\n<p>Du 7 mai au 11 juin, nourrissez votre foi quotidiennement par ces fioretti autour de l\u2019eucharistie, en inscrivant votre adresse mail ci-dessous\u00a0:<\/p>\n<\/div><div class=\"frm_forms  with_frm_style frm_style_style-formidable\" id=\"frm_form_8_container\" data-token=\"771a07f35142520e9470c79958e66b62\">\n<form enctype=\"multipart\/form-data\" method=\"post\" class=\"frm-show-form  frm_pro_form \" id=\"form_phmride4\"  data-token=\"771a07f35142520e9470c79958e66b62\">\n<div class=\"frm_form_fields \">\n<fieldset>\n<legend class=\"frm_screen_reader\">\u00e9ph\u00e9m\u00e9ride<\/legend>\r\n\r\n<div class=\"frm_fields_container\">\n<input type=\"hidden\" name=\"frm_action\" value=\"create\" \/>\n<input type=\"hidden\" name=\"form_id\" value=\"8\" \/>\n<input type=\"hidden\" name=\"frm_hide_fields_8\" id=\"frm_hide_fields_8\" value=\"\" \/>\n<input type=\"hidden\" name=\"form_key\" value=\"phmride4\" \/>\n<input type=\"hidden\" name=\"item_meta[0]\" value=\"\" \/>\n<input type=\"hidden\" id=\"frm_submit_entry_8\" name=\"frm_submit_entry_8\" value=\"ba47b0408b\" \/><input type=\"hidden\" name=\"_wp_http_referer\" value=\"\/stetienne\/wp-json\/wp\/v2\/pages\/1256\" \/><div id=\"frm_field_25_container\" class=\"frm_form_field form-field  frm_top_container\">\r\n    <label for=\"field_q58ko\" id=\"field_q58ko_label\" class=\"frm_primary_label\">Votre adresse courriel :\r\n        <span class=\"frm_required\" aria-hidden=\"true\"><\/span>\r\n    <\/label>\r\n    <input type=\"email\" id=\"field_q58ko\" name=\"item_meta[25]\" value=\"\"  data-invmsg=\"Email est non valide\" aria-invalid=\"false\"  \/>\r\n    \r\n    \r\n<\/div>\n\t<input type=\"hidden\" name=\"item_key\" value=\"\" \/>\n\t\t\t\t<div class=\"frm_verify\" aria-hidden=\"true\">\n\t\t\t\t<label for=\"frm_email_8\">\n\t\t\t\t\tSi vous \u00eates un humain, ne remplissez pas ce champ.\t\t\t\t<\/label>\n\t\t\t\t<input type=\"text\" class=\"frm_verify\" id=\"frm_email_8\" name=\"frm_verify\" value=\"\"  \/>\n\t\t\t<\/div>\n\t\t<input name=\"frm_state\" type=\"hidden\" value=\"JnoJALU6r0M+\/BYXc0xWVgaYNwDfYQ7NOBXMiIzArE0=\" \/><div class=\"frm_submit\">\r\n\r\n<button class=\"frm_button_submit frm_final_submit\" type=\"submit\"  formnovalidate=\"formnovalidate\">Envoyer<\/button>\r\n\r\n\r\n<\/div><\/div>\n<\/fieldset>\n<\/div>\n<\/form>\n<\/div>\n<div class=\"fusion-separator fusion-full-width-sep\" style=\"align-self: center;margin-left: auto;margin-right: auto;margin-top:40px;margin-bottom:30px;width:100%;\"><div class=\"fusion-separator-border sep-single sep-solid\" style=\"--awb-height:20px;--awb-amount:20px;--awb-sep-color:#e00202;border-color:#e00202;border-top-width:1px;\"><\/div><\/div><div class=\"fusion-text fusion-text-3\"><h2>2. Votre t\u00e9moignage sur l&rsquo;eucharistie<\/h2>\n<p>L\u2019eucharistie nous rapproche du Christ en qui nous mettons notre foi et notre esp\u00e9rance.<\/p>\n<p>Cette d\u00e9marche de recueillir votre t\u00e9moignage entend rappeler que le Christ est vivant.<\/p>\n<p>Si vous souhaitez partager une manifestation divine v\u00e9cue personnellement, un fait de vie ou de foi li\u00e9 \u00e0 la communion, nous vous invitons \u00e0 le faire ici\u00a0:<\/p>\n<p>Par d\u00e9faut, ce t\u00e9moignage restera anonyme. Si vous acceptez qu\u2019il soit publi\u00e9*, cochez la case.<\/p>\n<p>* Il est envisag\u00e9 d\u2019en faire profiter les paroissiens une fois l\u2019op\u00e9ration termin\u00e9e, selon des modalit\u00e9s \u00e0 d\u00e9finir.<\/p>\n<\/div><div class=\"frm_forms  with_frm_style frm_style_style-formidable\" id=\"frm_form_9_container\" data-token=\"771a07f35142520e9470c79958e66b62\" data-token=\"771a07f35142520e9470c79958e66b62\">\n<form enctype=\"multipart\/form-data\" method=\"post\" class=\"frm-show-form  frm_pro_form \" id=\"form_tmoignage\"  data-token=\"771a07f35142520e9470c79958e66b62\" data-token=\"771a07f35142520e9470c79958e66b62\">\n<div class=\"frm_form_fields \">\n<fieldset>\n<legend class=\"frm_screen_reader\">t\u00e9moignage<\/legend>\r\n\r\n<div class=\"frm_fields_container\">\n<input type=\"hidden\" name=\"frm_action\" value=\"create\" \/>\n<input type=\"hidden\" name=\"form_id\" value=\"9\" \/>\n<input type=\"hidden\" name=\"frm_hide_fields_9\" id=\"frm_hide_fields_9\" value=\"\" \/>\n<input type=\"hidden\" name=\"form_key\" value=\"tmoignage\" \/>\n<input type=\"hidden\" name=\"item_meta[0]\" value=\"\" \/>\n<input type=\"hidden\" id=\"frm_submit_entry_9\" name=\"frm_submit_entry_9\" value=\"ba47b0408b\" \/><input type=\"hidden\" name=\"_wp_http_referer\" value=\"\/stetienne\/wp-json\/wp\/v2\/pages\/1256\" \/><div id=\"frm_field_27_container\" class=\"frm_form_field form-field  frm_top_container\">\r\n    <label for=\"field_wjuxt\" id=\"field_wjuxt_label\" class=\"frm_primary_label\">Mon t\u00e9moignage :\r\n        <span class=\"frm_required\" aria-hidden=\"true\"><\/span>\r\n    <\/label>\r\n    <textarea name=\"item_meta[27]\" id=\"field_wjuxt\" rows=\"5\"  data-invmsg=\"Paragraphe est non valide\" aria-invalid=\"false\"  ><\/textarea>\r\n    \r\n    \r\n<\/div>\n<div id=\"frm_field_23_container\" class=\"frm_form_field form-field  frm_top_container vertical_radio\">\r\n    <div id=\"field_cfxf2_label\" class=\"frm_primary_label\">\r\n        <span class=\"frm_required\" aria-hidden=\"true\"><\/span>\r\n    <\/div>\r\n    <div class=\"frm_opt_container\" role=\"group\">\t\t<div class=\"frm_checkbox\" id=\"frm_checkbox_23-0\"><label for=\"field_cfxf2-0\"><input type=\"checkbox\" name=\"item_meta[23][]\" id=\"field_cfxf2-0\" value=\"J&#039;accepte que mon t\u00e9moignage soit publi\u00e9\"  data-invmsg=\" est non valide\" aria-invalid=\"false\"   \/> J'accepte que mon t\u00e9moignage soit publi\u00e9<\/label><\/div>\n<\/div>\r\n    \r\n    \r\n<\/div>\n\t<input type=\"hidden\" name=\"item_key\" value=\"\" \/>\n\t\t\t\t<div class=\"frm_verify\" aria-hidden=\"true\">\n\t\t\t\t<label for=\"frm_email_9\">\n\t\t\t\t\tSi vous \u00eates un humain, ne remplissez pas ce champ.\t\t\t\t<\/label>\n\t\t\t\t<input type=\"text\" class=\"frm_verify\" id=\"frm_email_9\" name=\"frm_verify\" value=\"\"  \/>\n\t\t\t<\/div>\n\t\t<input name=\"frm_state\" type=\"hidden\" value=\"JnoJALU6r0M+\/BYXc0xWVgaYNwDfYQ7NOBXMiIzArE0=\" \/><div class=\"frm_submit\">\r\n\r\n<button class=\"frm_button_submit frm_final_submit\" type=\"submit\"  formnovalidate=\"formnovalidate\">Envoyer<\/button>\r\n\r\n\r\n<\/div><\/div>\n<\/fieldset>\n<\/div>\n<\/form>\n<\/div>\n<div class=\"fusion-separator fusion-full-width-sep\" style=\"align-self: center;margin-left: auto;margin-right: auto;margin-top:40px;margin-bottom:30px;width:100%;\"><div class=\"fusion-separator-border sep-single sep-solid\" style=\"--awb-height:20px;--awb-amount:20px;--awb-sep-color:#e00202;border-color:#e00202;border-top-width:1px;\"><\/div><\/div><div class=\"fusion-text fusion-text-4\"><h2>3. Inscription pour les 72h d&rsquo;adoration<\/h2>\n<p><a href=\"https:\/\/asso325-my.sharepoint.com\/:x:\/g\/personal\/paroisse_chalonscentre_chalons_catholique_fr\/Ec1Hw1zyzsxGiVo63buiqo8BakIcSS0KYTl7Lx-N7h12OQ?e=Kodj6o\" target=\"_blank\" rel=\"noopener\">Tableau d&rsquo;inscription en ligne<\/a><\/p>\n<\/div><div class=\"fusion-separator fusion-full-width-sep\" style=\"align-self: center;margin-left: auto;margin-right: auto;margin-top:40px;margin-bottom:30px;width:100%;\"><div class=\"fusion-separator-border sep-single sep-solid\" style=\"--awb-height:20px;--awb-amount:20px;--awb-sep-color:#e00202;border-color:#e00202;border-top-width:1px;\"><\/div><\/div><\/div><\/div><\/div><\/div>\n","protected":false},"excerpt":{"rendered":"","protected":false},"author":170,"featured_media":0,"parent":0,"menu_order":0,"comment_status":"closed","ping_status":"closed","template":"","meta":{"xn-wppe-expiration":[],"xn-wppe-expiration-action":[],"xn-wppe-expiration-prefix":[],"footnotes":""},"_links":{"self":[{"href":"https:\/\/chalons.catholique.fr\/stetienne\/wp-json\/wp\/v2\/pages\/1256"}],"collection":[{"href":"https:\/\/chalons.catholique.fr\/stetienne\/wp-json\/wp\/v2\/pages"}],"about":[{"href":"https:\/\/chalons.catholique.fr\/stetienne\/wp-json\/wp\/v2\/types\/page"}],"author":[{"embeddable":true,"href":"https:\/\/chalons.catholique.fr\/stetienne\/wp-json\/wp\/v2\/users\/170"}],"replies":[{"embeddable":true,"href":"https:\/\/chalons.catholique.fr\/stetienne\/wp-json\/wp\/v2\/comments?post=1256"}],"version-history":[{"count":13,"href":"https:\/\/chalons.catholique.fr\/stetienne\/wp-json\/wp\/v2\/pages\/1256\/revisions"}],"predecessor-version":[{"id":1296,"href":"https:\/\/chalons.catholique.fr\/stetienne\/wp-json\/wp\/v2\/pages\/1256\/revisions\/1296"}],"wp:attachment":[{"href":"https:\/\/chalons.catholique.fr\/stetienne\/wp-json\/wp\/v2\/media?parent=1256"}],"curies":[{"name":"wp","href":"https:\/\/api.w.org\/{rel}","templated":true}]}}