{"id":1220,"date":"2022-08-20T13:55:10","date_gmt":"2022-08-20T11:55:10","guid":{"rendered":"https:\/\/chalons.catholique.fr\/stetienne\/?page_id=1220"},"modified":"2022-08-20T13:55:10","modified_gmt":"2022-08-20T11:55:10","slug":"catechisme","status":"publish","type":"page","link":"https:\/\/chalons.catholique.fr\/stetienne\/catechisme\/","title":{"rendered":"Cat\u00e9chisme"},"content":{"rendered":"<div class=\"fusion-fullwidth fullwidth-box fusion-builder-row-1 fusion-flex-container nonhundred-percent-fullwidth non-hundred-percent-height-scrolling\" style=\"--awb-border-radius-top-left:0px;--awb-border-radius-top-right:0px;--awb-border-radius-bottom-right:0px;--awb-border-radius-bottom-left:0px;--awb-flex-wrap:wrap;\" ><div class=\"fusion-builder-row fusion-row fusion-flex-align-items-flex-start fusion-flex-content-wrap\" style=\"max-width:1123.2px;margin-left: calc(-4% \/ 2 );margin-right: calc(-4% \/ 2 );\"><div class=\"fusion-layout-column fusion_builder_column fusion-builder-column-0 fusion_builder_column_1_1 1_1 fusion-flex-column\" style=\"--awb-bg-size:cover;--awb-width-large:100%;--awb-margin-top-large:0px;--awb-spacing-right-large:1.92%;--awb-margin-bottom-large:20px;--awb-spacing-left-large:1.92%;--awb-width-medium:100%;--awb-order-medium:0;--awb-spacing-right-medium:1.92%;--awb-spacing-left-medium:1.92%;--awb-width-small:100%;--awb-order-small:0;--awb-spacing-right-small:1.92%;--awb-spacing-left-small:1.92%;\"><div class=\"fusion-column-wrapper fusion-column-has-shadow fusion-flex-justify-content-flex-start fusion-content-layout-column\"><div class=\"fusion-title title fusion-title-1 fusion-title-text fusion-title-size-one\"><div class=\"title-sep-container title-sep-container-left fusion-no-large-visibility fusion-no-medium-visibility fusion-no-small-visibility\"><div class=\"title-sep sep-double sep-solid\" style=\"border-color:#e0dede;\"><\/div><\/div><span class=\"awb-title-spacer fusion-no-large-visibility fusion-no-medium-visibility fusion-no-small-visibility\"><\/span><h1 class=\"fusion-title-heading title-heading-left\" style=\"margin:0;\"><h1><b>Inscriptions au cat\u00e9chisme et aux aum\u00f4neries<\/b><\/h1><\/h1><span class=\"awb-title-spacer\"><\/span><div class=\"title-sep-container title-sep-container-right\"><div class=\"title-sep sep-double sep-solid\" style=\"border-color:#e0dede;\"><\/div><\/div><\/div><div class=\"fusion-text fusion-text-1\"><h2>Inscriptions :<\/h2>\n<ul>\n<li>Samedi 10 septembre de 15h \u00e0 17h au 1 place Notre Dame.<\/li>\n<li>Ou en d\u00e9posant la fiche d&rsquo;inscription et le r\u00e8glement au 3 place Notre Dame<\/li>\n<\/ul>\n<\/div><div class=\"fusion-text fusion-text-2\"><h2>Cat\u00e9chisme :<\/h2>\n<p style=\"font-weight: 400\"><strong>&#8211; CE1, CE2 et CM2<\/strong>\u00a0: le mercredi apr\u00e8s-midi de 17h \u00e0 18h au 1 place Notre Dame. Toutes les semaines de l\u2019ann\u00e9e en dehors des vacances, \u00e0 partir du mercredi 14 septembre.<\/p>\n<p><a href=\"https:\/\/app.box.com\/s\/8fqdawdnc7lbj4yby0m4b54ku40urur4\" target=\"_blank\" rel=\"noopener\">Fiche d&rsquo;inscription<\/a><\/p>\n<p style=\"font-weight: 400\"><strong>&#8211; CM1<\/strong>\u00a0: pour l\u2019ann\u00e9e de pr\u00e9paration \u00e0 la premi\u00e8re communion les enfants se retrouveront une semaine sur deux le dimanche \u00e0 la messe de 10h30 \u00e0 Notre Dame en Vaux. Apr\u00e8s la messe, repas partag\u00e9 au 1 place Notre Dame puis temps d\u2019enseignement entrecoup\u00e9 de jeux jusqu\u2019\u00e0 14h. 25 septembre, 9 octobre,16 octobre, 13 novembre, 27 novembre, 11 d\u00e9cembre, 15 janvier, 22 janvier (temps fort en doyenn\u00e9), 5 f\u00e9vrier, 11 mars (temps fort des premi\u00e8res communions), 26 mars, 7 mai, 21 mai, 10 juin (r\u00e9p\u00e9tition).<\/p>\n<p><a href=\"https:\/\/app.box.com\/s\/8fqdawdnc7lbj4yby0m4b54ku40urur4\" target=\"_blank\" rel=\"noopener\">Fiche d&rsquo;inscription<\/a><\/p>\n<h2>Aum\u00f4nerie des coll\u00e9giens :<\/h2>\n<p>Un vendredi sur deux de 18h15 \u00e0 21h15 au coll\u00e8ge Notre Dame Perrier.<\/p>\n<p><a href=\"https:\/\/app.box.com\/s\/8fqdawdnc7lbj4yby0m4b54ku40urur4\" target=\"_blank\" rel=\"noopener\">Programme et fiche d&rsquo;inscription<\/a><\/p>\n<h2>Aum\u00f4nerie des lyc\u00e9ens :<\/h2>\n<p>Un vendredi sur deux de 19h \u00e0 22h au 1 place Notre Dame.<\/p>\n<p><a href=\"https:\/\/app.box.com\/s\/8fqdawdnc7lbj4yby0m4b54ku40urur4\" target=\"_blank\" rel=\"noopener\">Programme et fiche d&rsquo;inscription<\/a><\/p>\n<\/div><\/div><\/div><\/div><\/div>\n","protected":false},"excerpt":{"rendered":"","protected":false},"author":170,"featured_media":0,"parent":0,"menu_order":0,"comment_status":"closed","ping_status":"closed","template":"","meta":{"xn-wppe-expiration":[],"xn-wppe-expiration-action":[],"xn-wppe-expiration-prefix":[],"footnotes":""},"_links":{"self":[{"href":"https:\/\/chalons.catholique.fr\/stetienne\/wp-json\/wp\/v2\/pages\/1220"}],"collection":[{"href":"https:\/\/chalons.catholique.fr\/stetienne\/wp-json\/wp\/v2\/pages"}],"about":[{"href":"https:\/\/chalons.catholique.fr\/stetienne\/wp-json\/wp\/v2\/types\/page"}],"author":[{"embeddable":true,"href":"https:\/\/chalons.catholique.fr\/stetienne\/wp-json\/wp\/v2\/users\/170"}],"replies":[{"embeddable":true,"href":"https:\/\/chalons.catholique.fr\/stetienne\/wp-json\/wp\/v2\/comments?post=1220"}],"version-history":[{"count":0,"href":"https:\/\/chalons.catholique.fr\/stetienne\/wp-json\/wp\/v2\/pages\/1220\/revisions"}],"wp:attachment":[{"href":"https:\/\/chalons.catholique.fr\/stetienne\/wp-json\/wp\/v2\/media?parent=1220"}],"curies":[{"name":"wp","href":"https:\/\/api.w.org\/{rel}","templated":true}]}}