{"id":1212,"date":"2022-08-18T16:38:22","date_gmt":"2022-08-18T14:38:22","guid":{"rendered":"https:\/\/chalons.catholique.fr\/stetienne\/?page_id=1212"},"modified":"2022-08-30T21:20:16","modified_gmt":"2022-08-30T19:20:16","slug":"propositions-paroissiales-22-23","status":"publish","type":"page","link":"https:\/\/chalons.catholique.fr\/stetienne\/propositions-paroissiales-22-23\/","title":{"rendered":"Propositions paroissiales 22-23"},"content":{"rendered":"<div class=\"fusion-fullwidth fullwidth-box fusion-builder-row-1 fusion-flex-container nonhundred-percent-fullwidth non-hundred-percent-height-scrolling\" style=\"--awb-border-radius-top-left:0px;--awb-border-radius-top-right:0px;--awb-border-radius-bottom-right:0px;--awb-border-radius-bottom-left:0px;--awb-flex-wrap:wrap;\" ><div class=\"fusion-builder-row fusion-row fusion-flex-align-items-flex-start fusion-flex-content-wrap\" style=\"max-width:1123.2px;margin-left: calc(-4% \/ 2 );margin-right: calc(-4% \/ 2 );\"><div class=\"fusion-layout-column fusion_builder_column fusion-builder-column-0 fusion_builder_column_1_1 1_1 fusion-flex-column\" style=\"--awb-bg-size:cover;--awb-width-large:100%;--awb-margin-top-large:0px;--awb-spacing-right-large:1.92%;--awb-margin-bottom-large:20px;--awb-spacing-left-large:1.92%;--awb-width-medium:100%;--awb-order-medium:0;--awb-spacing-right-medium:1.92%;--awb-spacing-left-medium:1.92%;--awb-width-small:100%;--awb-order-small:0;--awb-spacing-right-small:1.92%;--awb-spacing-left-small:1.92%;\"><div class=\"fusion-column-wrapper fusion-column-has-shadow fusion-flex-justify-content-flex-start fusion-content-layout-column\"><div class=\"fusion-tabs fusion-tabs-1 classic nav-is-justified horizontal-tabs icon-position-left mobile-mode-accordion\" style=\"--awb-title-border-radius-top-left:0px;--awb-title-border-radius-top-right:0px;--awb-title-border-radius-bottom-right:0px;--awb-title-border-radius-bottom-left:0px;--awb-inactive-color:#ebeaea;--awb-background-color:#ffffff;--awb-border-color:#ebeaea;--awb-active-border-color:#c12c2b;\"><div class=\"nav\"><ul class=\"nav-tabs nav-justified\" role=\"tablist\"><li class=\"active\" role=\"presentation\"><a class=\"tab-link\" data-toggle=\"tab\" role=\"tab\" aria-controls=\"tab-2c7e395e1a8a4636369\" aria-selected=\"true\" id=\"fusion-tab-enseignementdelafoi\" href=\"#tab-2c7e395e1a8a4636369\"><h4 class=\"fusion-tab-heading\">Enseignement de la foi<\/h4><\/a><\/li><li role=\"presentation\"><a class=\"tab-link\" data-toggle=\"tab\" role=\"tab\" aria-controls=\"tab-4665ea6a74c03c9bbf4\" aria-selected=\"false\" tabindex=\"-1\" id=\"fusion-tab-viefraternelle\" href=\"#tab-4665ea6a74c03c9bbf4\"><h4 class=\"fusion-tab-heading\">Vie fraternelle<\/h4><\/a><\/li><li role=\"presentation\"><a class=\"tab-link\" data-toggle=\"tab\" role=\"tab\" aria-controls=\"tab-044c8dc4e6b846380aa\" aria-selected=\"false\" tabindex=\"-1\" id=\"fusion-tab-sacrementsetpri\u00e8re\" href=\"#tab-044c8dc4e6b846380aa\"><h4 class=\"fusion-tab-heading\">Sacrements et pri\u00e8re<\/h4><\/a><\/li><li role=\"presentation\"><a class=\"tab-link\" data-toggle=\"tab\" role=\"tab\" aria-controls=\"tab-8b1ad4eac34fd81401c\" aria-selected=\"false\" tabindex=\"-1\" id=\"fusion-tab-gouvernement\" href=\"#tab-8b1ad4eac34fd81401c\"><h4 class=\"fusion-tab-heading\">Gouvernement<\/h4><\/a><\/li><\/ul><\/div><div class=\"tab-content\"><div class=\"nav fusion-mobile-tab-nav\"><ul class=\"nav-tabs nav-justified\" role=\"tablist\"><li class=\"active\" role=\"presentation\"><a class=\"tab-link\" data-toggle=\"tab\" role=\"tab\" aria-controls=\"tab-2c7e395e1a8a4636369\" aria-selected=\"true\" id=\"mobile-fusion-tab-enseignementdelafoi\" href=\"#tab-2c7e395e1a8a4636369\"><h4 class=\"fusion-tab-heading\">Enseignement de la foi<\/h4><\/a><\/li><\/ul><\/div><div class=\"tab-pane fade fusion-clearfix in active\" role=\"tabpanel\" tabindex=\"0\" aria-labelledby=\"fusion-tab-enseignementdelafoi\" id=\"tab-2c7e395e1a8a4636369\">\n<h2>Enfants<\/h2>\n<h3>Ecole de pri\u00e8re de 3 \u00e0 10 ans<\/h3>\n<p>Anim\u00e9e par les b\u00e9n\u00e9dictines du Sacr\u00e9 C\u0153ur de Montmartre au sanctuaire Notre Dame de l\u2019Epine, le samedi de 9h30 \u00e0 11h\u00a0:<\/p>\n<ul>\n<li>15 octobre<\/li>\n<li>26 novembre<\/li>\n<li>14 janvier<\/li>\n<li>18 mars<\/li>\n<li>6 mai<\/li>\n<li>17 juin (p\u00e8lerinage et go\u00fbter\u202f: 14h30-17h)<\/li>\n<\/ul>\n<h3>Cat\u00e9chisme<\/h3>\n<p><strong>CE1, CE2 et CM2<\/strong> : le mercredi apr\u00e8s-midi de 17h \u00e0 18h au 1 place Notre Dame. Toutes les semaines de l\u2019ann\u00e9e en dehors des vacances, \u00e0 partir du mercredi 14 septembre.<br \/>\nContact\u00a0: Contact\u00a0: 07 68 72 40 51, paroisse@paroisse-cc.fr<\/p>\n<p><strong>CM1<\/strong> : pour l\u2019ann\u00e9e de pr\u00e9paration \u00e0 la premi\u00e8re communion les enfants se retrouveront une semaine sur deux le dimanche \u00e0 la messe de 10h30 \u00e0 Notre Dame en Vaux. Apr\u00e8s la messe, repas partag\u00e9 au 1 place Notre Dame puis temps d\u2019enseignement entrecoup\u00e9 de jeux jusqu\u2019\u00e0 14h\u00a0:<\/p>\n<ul>\n<li>25 septembre<\/li>\n<li>9 octobre<\/li>\n<li>16 octobre<\/li>\n<li>13 novembre<\/li>\n<li>27 novembre<\/li>\n<li>11 d\u00e9cembre<\/li>\n<li>15 janvier<\/li>\n<li>22 janvier (temps fort)<\/li>\n<li>5 f\u00e9vrier<\/li>\n<li>11 mars (temps fort)<\/li>\n<li>26 mars<\/li>\n<li>7 mai<\/li>\n<li>21 mai<\/li>\n<li>10 juin (r\u00e9p\u00e9tition)<\/li>\n<\/ul>\n<h3>Patronage Saint Joseph<\/h3>\n<p>Aux vacances de la Toussaint, de f\u00e9vrier et d\u2019\u00e9t\u00e9, le patronage saint Joseph (centre de loisir d\u00e9clar\u00e9 aupr\u00e8s de Jeunesse et Sport) accueille les enfants scolaris\u00e9s entre le CE1 et la 5e, au coll\u00e8ge saint \u00c9tienne. Contact : <a href=\"mailto:chalons.patronagesaintjoseph@gmail.com\">chalons.patronagesaintjoseph@gmail.com<\/a><\/p>\n<p>Page Facebook : Patronage Saint Joseph<\/p>\n<h2>Jeunes<\/h2>\n<h3>Aum\u00f4nerie des coll\u00e9giens, professions de foi<\/h3>\n<p>Un vendredi sur deux, 18h15\u201321h15 au coll\u00e8ge Notre Dame Perrier. Contact : 07 68 72 40 51 paroisse@paroisse-cc.fr<\/p>\n<ul>\n<li>9 septembre<\/li>\n<li>23 septembre<\/li>\n<li>7 octobre<\/li>\n<li>15-16 octobre\u00a0: we de rentr\u00e9e<\/li>\n<li>18 novembre<\/li>\n<li>2 d\u00e9cembre<\/li>\n<li>16 d\u00e9cembre, soir\u00e9e commune<\/li>\n<li>13 janvier<\/li>\n<li>27 janvier<\/li>\n<li>10 f\u00e9vrier<\/li>\n<li>10 mars<\/li>\n<li>24 mars, soir\u00e9e commune<\/li>\n<li>12 mai<\/li>\n<li>2 juin, soir\u00e9e commune \u00e0 l\u2019Epine.<\/li>\n<\/ul>\n<h3>Aum\u00f4nerie des lyc\u00e9ens<\/h3>\n<p>Un vendredi sur deux, 19h-22h, au 1 place Notre Dame, m\u00eame dates que les coll\u00e9giens. Contact\u00a0: Don Antonin\u00a0: 07 87 06 03 41.<\/p>\n<h3>Scouts unitaires de France &#8211; groupe St Georges<\/h3>\n<p>Contact\u00a0: <a href=\"mailto:chalonssaintgeorges@scouts-unitaires.org\">chalonssaintgeorges@scouts-unitaires.org<\/a><\/p>\n<h3>Scouts de France<\/h3>\n<p>Contact\u00a0: <a href=\"mailto:sgdf.groupedechalons@gmail.com\">sgdf.groupedechalons@gmail.com<\/a><\/p>\n<h2>Adultes<\/h2>\n<h3>Jeunes Pros<\/h3>\n<p>Un mercredi sur deux \u00e0 partir du 21 septembre, 19h-22h15, au 1 place Notre Dame.<br \/>\nContact\u00a0: Jimila, <a href=\"mailto:jimila.clain@laposte.net\">jimila.clain@laposte.net<\/a><\/p>\n<h3>Cat\u00e9chisme pour adulte<\/h3>\n<p>Temps de cat\u00e9chisme pour les adultes, une fois par mois, le jeudi soir de 20h30 \u00e0 22h\u00a0au 1 place Notre Dame :<\/p>\n<ul>\n<li>22 septembre : Les grandes \u00e9coles de spiritualit\u00e9<\/li>\n<li>20 octobre : Les anges<\/li>\n<li>17 novembre : Le Ciel : aller comme J\u00e9sus vers le P\u00e8re<\/li>\n<li>15 d\u00e9cembre : Qu\u2019est-ce que l\u2019Incarnation change ?<\/li>\n<li>19 janvier : Pour l\u2019ann\u00e9e A, \u00e0 la d\u00e9couverte de St Mathieu<\/li>\n<li>9 f\u00e9vrier : \u201cHomme et femme il les cr\u00e9a\u201d<\/li>\n<li>16 mars : Quelques cl\u00e9s pour entrer dans les lettres de St Paul<\/li>\n<li>13 avril : La messe, f\u00eate ou sacrifice ?<\/li>\n<li>11 mai : La nature et la gr\u00e2ce<\/li>\n<li>15 juin : J\u00e9sus, unique Sauveur<\/li>\n<\/ul>\n<\/div><div class=\"nav fusion-mobile-tab-nav\"><ul class=\"nav-tabs nav-justified\" role=\"tablist\"><li role=\"presentation\"><a class=\"tab-link\" data-toggle=\"tab\" role=\"tab\" aria-controls=\"tab-4665ea6a74c03c9bbf4\" aria-selected=\"false\" tabindex=\"-1\" id=\"mobile-fusion-tab-viefraternelle\" href=\"#tab-4665ea6a74c03c9bbf4\"><h4 class=\"fusion-tab-heading\">Vie fraternelle<\/h4><\/a><\/li><\/ul><\/div><div class=\"tab-pane fade fusion-clearfix\" role=\"tabpanel\" tabindex=\"0\" aria-labelledby=\"fusion-tab-viefraternelle\" id=\"tab-4665ea6a74c03c9bbf4\">\n<h2>Equipes de proximit\u00e9<\/h2>\n<p>De quoi parlons-nous concr\u00e8tement\u00a0?<\/p>\n<ul>\n<li>D\u2019un rassemblement de personnes habitant le m\u00eame quartier, chez l\u2019une d\u2019entre elles. Un rassemblement de \u00ab\u00a0prochains\u00a0\u00bb au sens le plus strict.<\/li>\n<li>Qui se r\u00e9unissent environ une fois par mois.<\/li>\n<li>Qui se forment et prient, en particulier en m\u00e9ditant la Parole de Dieu.<\/li>\n<li>Qui partagent joies et peines, et qui les portent ensemble devant Dieu.<\/li>\n<li>Qui sont capables d\u2019int\u00e9grer un voisin ou une connaissance, comme un lieu de mission.<\/li>\n<\/ul>\n<p>La paroisse proposera au long de l\u2019ann\u00e9e des textes, des aides pour vivre ces temps, avec cette conviction qui doit nous animer\u00a0: l\u00e0 ou deux ou trois sont r\u00e9unis au nom de J\u00e9sus, Il est pr\u00e9sent.<br \/>\nContact\u00a0: 07 68 72 40 51 paroisse@paroisse-cc.fr<\/p>\n<h2>Groupes sp\u00e9cialis\u00e9s<\/h2>\n<h3>Pour les hommes\u00a0: Abb\u00e9 Mousse Papas<\/h3>\n<p>Un temps fraternel d\u2019enseignement et de pri\u00e8re pour les hommes. Un mardi soir par mois au 1 place Notre Dame, de 20h30 \u00e0 22h30. Topo, d\u00e9gustation de bi\u00e8re et temps de pri\u00e8re \u00e0 Notre Dame en Vaux. Contact : 07 68 72 40 51 paroisse@paroisse-cc.fr<\/p>\n<p>Cette ann\u00e9e\u00a0: la doctrine sociale de l\u2019Eglise\u00a0:<\/p>\n<ul>\n<li>13 sept\u00a0: qu\u2019est-ce qu\u2019une personne\u00a0?<\/li>\n<li>4 octobre\u00a0: les principes de la doctrine sociale.<\/li>\n<li>8 novembre\u00a0: la famille, cellule vitale de la soci\u00e9t\u00e9<\/li>\n<li>6 d\u00e9cembre\u00a0: le travail<\/li>\n<li>17 janvier\u00a0: la vie \u00e9conomique<\/li>\n<li>7 mars\u00a0: la communaut\u00e9 politique<\/li>\n<li>9 mai\u00a0: \u00e9cologie int\u00e9grale<\/li>\n<li>6 juin\u00a0: doctrine sociale et engagement des fid\u00e8les la\u00efcs.<\/li>\n<\/ul>\n<h3>Pour les femmes\u00a0: Topo &amp; Vino<\/h3>\n<p>Temps d\u2019enseignement puis \u00e9change autour d\u2019un verre de vin et enfin pri\u00e8re. Un mardi par mois de 20h30 \u00e0 22h30 au 1 place Notre Dame. Trois soir\u00e9es \u00e0 l\u2019Epine avec un repas pr\u00e9par\u00e9 par les s\u0153urs\u00a0!<br \/>\nContact : 07 68 72 40 51 paroisse@paroisse-cc.fr<\/p>\n<ul>\n<li>20 sept<\/li>\n<li>11 octobre<\/li>\n<li>15 novembre (\u00e0 l\u2019Epine)<\/li>\n<li>13 d\u00e9cembre<\/li>\n<li>24 janvier<\/li>\n<li>7 f\u00e9vrier (\u00e0 l\u2019Epine)<\/li>\n<li>14 mars<\/li>\n<li>2 mai (\u00e0 l\u2019Epine)<\/li>\n<li>13 juin<\/li>\n<\/ul>\n<h3>Pour les s\u00e9niors\u00a0: Groupe Sym\u00e9on<\/h3>\n<p>Une rencontre le jeudi apr\u00e8s-midi de 14h30 \u00e0 16h au 1 place Notre Dame. Partage sur l\u2019\u00e9vangile du dimanche prochain puis partage d\u2019un go\u00fbter. Trois rencontres dans l\u2019ann\u00e9e au sanctuaire Notre Dame de l\u2019Epine sur des jours et horaires diff\u00e9rents.<\/p>\n<p>Contact\u00a0: 07 68 72 40 51 paroisse@paroisse-cc.fr<\/p>\n<ul>\n<li>22 septembre<\/li>\n<li>18 octobre (\u00e0 l\u2019Epine)<\/li>\n<li>17 novembre<\/li>\n<li>15 d\u00e9cembre<\/li>\n<li>19 janvier<\/li>\n<li>9 f\u00e9vrier<\/li>\n<li>14 mars (\u00e0 l\u2019Epine)<\/li>\n<li>13 avril<\/li>\n<li>11 mai<\/li>\n<li>15 juin<\/li>\n<li>26 juillet (\u00e0 l\u2019Epine)<\/li>\n<\/ul>\n<h3>Pour les couples\u00a0: Soir\u00e9es couples<\/h3>\n<p>Un temps d\u2019enseignement, puis un diner en couple dans un restaurant avec un questionnaire.<\/p>\n<p>3 soir\u00e9es\u00a0: 18 octobre, 10 janvier, 21 mars.<\/p>\n<h2>Accueil Notre Dame<\/h2>\n<ul>\n<li>Accueil par des paroissiens\u00a0:\n<ul>\n<li>Lundi, mercredi et vendredi de 10h \u00e0 12h et de 14h \u00e0 16h<\/li>\n<li>Samedi de 14h \u00e0 16h.<\/li>\n<\/ul>\n<\/li>\n<li>Accueil par un pr\u00eatre\u00a0: mardi de 17h \u00e0 18h<\/li>\n<\/ul>\n<\/div><div class=\"nav fusion-mobile-tab-nav\"><ul class=\"nav-tabs nav-justified\" role=\"tablist\"><li role=\"presentation\"><a class=\"tab-link\" data-toggle=\"tab\" role=\"tab\" aria-controls=\"tab-044c8dc4e6b846380aa\" aria-selected=\"false\" tabindex=\"-1\" id=\"mobile-fusion-tab-sacrementsetpri\u00e8re\" href=\"#tab-044c8dc4e6b846380aa\"><h4 class=\"fusion-tab-heading\">Sacrements et pri\u00e8re<\/h4><\/a><\/li><\/ul><\/div><div class=\"tab-pane fade fusion-clearfix\" role=\"tabpanel\" tabindex=\"0\" aria-labelledby=\"fusion-tab-sacrementsetpri\u00e8re\" id=\"tab-044c8dc4e6b846380aa\">\n<h2><a href=\"https:\/\/chalons.catholique.fr\/stetienne\/les-horaires\/\"><strong>Horaires des messes et offices<\/strong><\/a><\/h2>\n<h2>Services liturgiques<\/h2>\n<h3>Pr\u00e9paration des messes<\/h3>\n<p>Installation de la messe, r\u00e9partition des lectures, pri\u00e8re universelle, \u2026<br \/>\nContact sur Notre Dame\u00a0: Brigitte V.\u00a0: 03 26 65 93 43,<br \/>\nsur St Jean\u00a0: Christiane &amp; Fran\u00e7ois C.\u00a0: 03 26 65 36 79.<\/p>\n<h3>Animation des messes et chorale<\/h3>\n<p>Animation des messes dominicales et les musiciens. Contact\u00a0: Philippe L: 06 07 75 46 94<\/p>\n<p>Une chorale se rassemble pour les grandes occasions. R\u00e9p\u00e9titions les mercredis de 18h30 \u00e0 20h au 1 place Notre Dame.<br \/>\nContact : 07 68 72 40 51 paroisse@paroisse-cc.fr<\/p>\n<h3>Servants d\u2019autel<\/h3>\n<p>Les r\u00e9p\u00e9titions auront le week-end, cr\u00e9neau \u00e0 venir.<\/p>\n<p>Contact\u00a0: 07 68 72 40 51, paroisse@paroisse-cc.fr<\/p>\n<h3>Servantes d\u2019assembl\u00e9e<\/h3>\n<p>Les servantes d\u2019assembl\u00e9e se r\u00e9unissent un samedi par mois au 1place Notre Dame de 10h30 \u00e0 11h45. Les dates des r\u00e9unions seront choisies avec les familles. Plusieurs rencontres avec les s\u0153urs de l\u2019Epine seront \u00e9galement programm\u00e9es.<\/p>\n<p>Contact\u00a0: 07 68 72 40 51, paroisse@paroisse-cc.fr<\/p>\n<h2>Pr\u00e9paration des sacrements<\/h2>\n<h3>Bapt\u00eame des petits enfants<\/h3>\n<p>Inscriptions possibles toute l\u2019ann\u00e9e. Deux rendez-vous\u00a0: une pr\u00e9paration group\u00e9e le mercredi de 18h \u00e0 19h et un rendez-vous avec le pr\u00eatre qui c\u00e9l\u00e8bre. Dates des pr\u00e9parations group\u00e9es\u00a0:<\/p>\n<ul>\n<li>5 octobre<\/li>\n<li>9 novembre<\/li>\n<li>11 janvier<\/li>\n<li>8 f\u00e9vrier<\/li>\n<li>8 mars<\/li>\n<li>22 mars<\/li>\n<li>12 avril<\/li>\n<li>10 mai<\/li>\n<li>24 mai<\/li>\n<li>7 juin<\/li>\n<li>28 juin<\/li>\n<\/ul>\n<p>Contact\u00a0: 07 68 72 40 51, paroisse@paroisse-cc.fr<\/p>\n<h3>Bapt\u00eame et premi\u00e8re communion des adultes<\/h3>\n<p>Il est possible de pr\u00e9parer le bapt\u00eame et de faire sa premi\u00e8re communion \u00e0 tout \u00e2ge. Un groupe de cat\u00e9chum\u00e8nes se r\u00e9unit un samedi matin par mois.<\/p>\n<p>Contact\u00a0: 07 68 72 40 51, paroisse@paroisse-cc.fr<\/p>\n<h3>Confirmation des adultes et jeunes<\/h3>\n<p>Pour les adultes, la pr\u00e9paration se fera essentiellement dans le cadre de la vie paroissiale, compl\u00e9t\u00e9e par les rendez-vous dioc\u00e9sains. Merci de vous signaler au cours du premier trimestre.<\/p>\n<p>Les confirmations auront lieu le 28 mai \u00e0 la cath\u00e9drale saint Etienne.<\/p>\n<p>Contact\u00a0: 07 68 72 40 51, paroisse@paroisse-cc.fr<\/p>\n<p>Pour la confirmation des jeunes, pr\u00e9paration avec les aum\u00f4neries, voir page 5.<\/p>\n<h3>Mariage<\/h3>\n<p>Pr\u00e9paration avec le dioc\u00e8se et un pr\u00eatre de la paroisse.<\/p>\n<p>Contact\u00a0: 07 68 72 40 51, paroisse@paroisse-cc.fr<\/p>\n<h2>Groupes de pri\u00e8re<\/h2>\n<h3>Pri\u00e8re des m\u00e8res<\/h3>\n<p>R\u00e9union hebdomadaire de pri\u00e8re des m\u00e8res de famille.<br \/>\nContact\u00a0: jce.defrescheville@gmail.com.<\/p>\n<h3>Chapelet<\/h3>\n<p>Le lundi \u00e0 14h30 \u00e0 Notre Dame en Vaux devant la statue de la Vierge Marie.<\/p>\n<h3>Croix de Taiz\u00e9<\/h3>\n<p>Pri\u00e8re autour de la croix de Taiz\u00e9 \u00e0 Saint Jean, le premier vendredi de chaque mois de 19h \u00e0 19h30.<\/p>\n<h2>Obs\u00e8ques<\/h2>\n<p>Les pompes fun\u00e8bres contactent directement la paroisse.<\/p>\n<\/div><div class=\"nav fusion-mobile-tab-nav\"><ul class=\"nav-tabs nav-justified\" role=\"tablist\"><li role=\"presentation\"><a class=\"tab-link\" data-toggle=\"tab\" role=\"tab\" aria-controls=\"tab-8b1ad4eac34fd81401c\" aria-selected=\"false\" tabindex=\"-1\" id=\"mobile-fusion-tab-gouvernement\" href=\"#tab-8b1ad4eac34fd81401c\"><h4 class=\"fusion-tab-heading\">Gouvernement<\/h4><\/a><\/li><\/ul><\/div><div class=\"tab-pane fade fusion-clearfix\" role=\"tabpanel\" tabindex=\"0\" aria-labelledby=\"fusion-tab-gouvernement\" id=\"tab-8b1ad4eac34fd81401c\">\n<h2>Caritatif<\/h2>\n<h3>Conf\u00e9rence saint Vincent de Paul<\/h3>\n<p>Pour vous mettre au service de ceux qui sont dans le besoin ou de personnes \u00e2g\u00e9es.<\/p>\n<p>Contact 07 68 72 40 51 paroisse@paroisse-cc.fr<\/p>\n<h3>Ordre de Malte<\/h3>\n<ul>\n<li>Petit d\u00e9jeuner place Notre Dame avant la messe de 10h30 de novembre \u00e0 mars.<\/li>\n<li>Projet de conduite des invalides \u00e0 la messe.<\/li>\n<\/ul>\n<p>Des volontaires sont n\u00e9cessaires.<br \/>\nContact : delegation51@ordredemaltefrance.org<\/p>\n<h3>Secours catholique<\/h3>\n<p>Temps de pri\u00e8re et de formation sur la paroisse.<br \/>\nContact : 07 68 72 40 51 paroisse@paroisse-cc.fr<\/p>\n<h2>Gestion mat\u00e9rielle<\/h2>\n<h3>Braderie<\/h3>\n<p>Principal apport financier de la paroisse\u00a0! Dans les salles Saint Jean\u00a0:<\/p>\n<p>Vous pouvez donner des objets.<br \/>\nContact\u00a0: Philippe L: 06 07 75 46 94<\/p>\n<ul>\n<li>18-19 novembre<\/li>\n<li>31mars et 1<sup>er<\/sup> avril<\/li>\n<\/ul>\n<h3>Amis des orgues<\/h3>\n<p>Association qui \u0153uvre pour la restauration des orgues de Ch\u00e2lons, et notamment pour celui de Notre Dame en Vaux qui n\u00e9cessite de gros travaux. Contact\u00a0; <a href=\"mailto:infoaocc51@gmail.com\">infoaocc51@gmail.com<\/a><\/p>\n<h3>Gros bras petites mains<\/h3>\n<p>Il s\u2019agit d\u2019un temps de service en paroisse : m\u00e9nage, bricolage, rangement, \u2026 pour les gros bras et les petites mains. R\u00e9union mensuelle de 14h \u00e0 16h30. Il est ouvert \u00e0 tous\u00a0: quel que soit votre \u00e2ge un service peut \u00eatre rendu, de mani\u00e8re r\u00e9guli\u00e8re ou \u00e0 une seule occasion. A la fin, tous ceux qui sont venus aider partagent un go\u00fbter.<\/p>\n<ul>\n<li>24 sept \u00e0 Notre Dame<\/li>\n<li>22 octobre \u00e0 Notre Dame<\/li>\n<li>26 novembre \u00e0 Saint Jean<\/li>\n<li>17 d\u00e9cembre \u00e0 Notre Dame<\/li>\n<li>14 janvier \u00e0 Saint Jean<\/li>\n<li>4 f\u00e9vrier \u00e0 Notre Dame<\/li>\n<li>4 mars \u00e0 Saint Alpin<\/li>\n<li>1<sup>er<\/sup> avril \u00e0 la cath\u00e9drale<\/li>\n<li>27 mai \u00e0 Saint Jean<\/li>\n<li>17 juin \u00e0 Notre Dame<\/li>\n<\/ul>\n<h2>Communication<\/h2>\n<h3>Site internet<\/h3>\n<p>Vous y \u00eates !<\/p>\n<h3>Groupe paroissial WhatsApp<\/h3>\n<p>Pour recevoir toutes les informations durant l\u2019ann\u00e9e, n\u2019h\u00e9sitez pas \u00e0 rejoindre le groupe WhatsApp. Merci de cliquer sur le logo WhatsApp en bas de cette page depuis votre smartphone.<\/p>\n<h3><\/h3>\n<h3>Page Facebook<\/h3>\n<p>Nos actualit\u00e9s\u00a0: facebook.com\/paroissechalonscentre\/<\/p>\n<h3><a href=\"https:\/\/chalons.catholique.fr\/lepine\/\" target=\"_blank\" rel=\"noopener\">Des propositions compl\u00e9mentaires sont faites sur le sanctuaire Notre Dame de l\u2019Epine\u00a0<\/a><\/h3>\n<\/div><\/div><\/div><\/div><\/div><\/div><\/div>\n","protected":false},"excerpt":{"rendered":"","protected":false},"author":170,"featured_media":0,"parent":0,"menu_order":0,"comment_status":"closed","ping_status":"closed","template":"","meta":{"xn-wppe-expiration":[],"xn-wppe-expiration-action":[],"xn-wppe-expiration-prefix":[],"footnotes":""},"_links":{"self":[{"href":"https:\/\/chalons.catholique.fr\/stetienne\/wp-json\/wp\/v2\/pages\/1212"}],"collection":[{"href":"https:\/\/chalons.catholique.fr\/stetienne\/wp-json\/wp\/v2\/pages"}],"about":[{"href":"https:\/\/chalons.catholique.fr\/stetienne\/wp-json\/wp\/v2\/types\/page"}],"author":[{"embeddable":true,"href":"https:\/\/chalons.catholique.fr\/stetienne\/wp-json\/wp\/v2\/users\/170"}],"replies":[{"embeddable":true,"href":"https:\/\/chalons.catholique.fr\/stetienne\/wp-json\/wp\/v2\/comments?post=1212"}],"version-history":[{"count":1,"href":"https:\/\/chalons.catholique.fr\/stetienne\/wp-json\/wp\/v2\/pages\/1212\/revisions"}],"predecessor-version":[{"id":1326,"href":"https:\/\/chalons.catholique.fr\/stetienne\/wp-json\/wp\/v2\/pages\/1212\/revisions\/1326"}],"wp:attachment":[{"href":"https:\/\/chalons.catholique.fr\/stetienne\/wp-json\/wp\/v2\/media?parent=1212"}],"curies":[{"name":"wp","href":"https:\/\/api.w.org\/{rel}","templated":true}]}}