{"id":7478,"date":"2021-03-18T15:20:28","date_gmt":"2021-03-18T14:20:28","guid":{"rendered":"https:\/\/chalons.catholique.fr\/saintleu\/?page_id=7478"},"modified":"2022-05-24T07:22:02","modified_gmt":"2022-05-24T06:22:02","slug":"equipe-de-pretres","status":"publish","type":"page","link":"https:\/\/chalons.catholique.fr\/saintleu\/equipe-de-pretres\/","title":{"rendered":"\u00c9quipe de pr\u00eatres"},"content":{"rendered":"<div class=\"fusion-fullwidth fullwidth-box fusion-builder-row-1 fusion-flex-container nonhundred-percent-fullwidth non-hundred-percent-height-scrolling\" style=\"--awb-border-radius-top-left:0px;--awb-border-radius-top-right:0px;--awb-border-radius-bottom-right:0px;--awb-border-radius-bottom-left:0px;--awb-flex-wrap:wrap;\" ><div class=\"fusion-builder-row fusion-row fusion-flex-align-items-flex-start fusion-flex-content-wrap\" style=\"max-width:1144px;margin-left: calc(-4% \/ 2 );margin-right: calc(-4% \/ 2 );\"><div class=\"fusion-layout-column fusion_builder_column fusion-builder-column-0 fusion_builder_column_1_4 1_4 fusion-flex-column\" style=\"--awb-bg-size:cover;--awb-width-large:25%;--awb-margin-top-large:0px;--awb-spacing-right-large:7.68%;--awb-margin-bottom-large:20px;--awb-spacing-left-large:7.68%;--awb-width-medium:100%;--awb-order-medium:0;--awb-spacing-right-medium:1.92%;--awb-spacing-left-medium:1.92%;--awb-width-small:100%;--awb-order-small:0;--awb-spacing-right-small:1.92%;--awb-spacing-left-small:1.92%;\"><div class=\"fusion-column-wrapper fusion-column-has-shadow fusion-flex-justify-content-flex-start fusion-content-layout-column\"><div class=\"fusion-image-element \" style=\"text-align:center;--awb-caption-title-font-family:var(--h2_typography-font-family);--awb-caption-title-font-weight:var(--h2_typography-font-weight);--awb-caption-title-font-style:var(--h2_typography-font-style);--awb-caption-title-size:var(--h2_typography-font-size);--awb-caption-title-transform:var(--h2_typography-text-transform);--awb-caption-title-line-height:var(--h2_typography-line-height);--awb-caption-title-letter-spacing:var(--h2_typography-letter-spacing);\"><span class=\" fusion-imageframe imageframe-none imageframe-1 hover-type-none\"><img decoding=\"async\" width=\"276\" height=\"300\" title=\"Francois-de-mianville\" src=\"https:\/\/chalons.catholique.fr\/saintleu\/wp-content\/uploads\/sites\/12\/2021\/03\/Francois-de-mianville-276x300.jpg\" alt class=\"img-responsive wp-image-7485\" srcset=\"https:\/\/chalons.catholique.fr\/saintleu\/wp-content\/uploads\/sites\/12\/2021\/03\/Francois-de-mianville-200x217.jpg 200w, https:\/\/chalons.catholique.fr\/saintleu\/wp-content\/uploads\/sites\/12\/2021\/03\/Francois-de-mianville.jpg 303w\" sizes=\"(max-width: 1024px) 100vw, (max-width: 640px) 100vw, 276px\" \/><\/span><\/div><div class=\"fusion-separator fusion-full-width-sep\" style=\"align-self: center;margin-left: auto;margin-right: auto;margin-top:15px;width:100%;\"><\/div><div class=\"fusion-text fusion-text-1\"><p style=\"text-align: center\"><strong>P\u00e8re Fran\u00e7ois de Mianville<\/strong><br \/>\nPr\u00eatre mod\u00e9rateur<\/p>\n<p style=\"text-align: center\"><em>T\u00e9l : 07.66.88.03.26<br \/>\n<\/em><\/p>\n<h6 style=\"text-align: center\"><span style=\"color: #0000ff\"><a style=\"color: #0000ff\" href=\"francois.demianville@chalons.catholique.fr\">francois.demianville<\/a><\/span><span style=\"color: #0000ff\"><a style=\"color: #0000ff\" href=\"francois.demianville@chalons.catholique.fr\">@chalons.catholique.fr<\/a><\/span><\/h6>\n<\/div><\/div><\/div><div class=\"fusion-layout-column fusion_builder_column fusion-builder-column-1 fusion_builder_column_1_4 1_4 fusion-flex-column\" style=\"--awb-bg-size:cover;--awb-width-large:25%;--awb-margin-top-large:0px;--awb-spacing-right-large:7.68%;--awb-margin-bottom-large:20px;--awb-spacing-left-large:7.68%;--awb-width-medium:100%;--awb-order-medium:0;--awb-spacing-right-medium:1.92%;--awb-spacing-left-medium:1.92%;--awb-width-small:100%;--awb-order-small:0;--awb-spacing-right-small:1.92%;--awb-spacing-left-small:1.92%;\"><div class=\"fusion-column-wrapper fusion-column-has-shadow fusion-flex-justify-content-flex-start fusion-content-layout-column\"><div class=\"fusion-image-element \" style=\"--awb-caption-title-font-family:var(--h2_typography-font-family);--awb-caption-title-font-weight:var(--h2_typography-font-weight);--awb-caption-title-font-style:var(--h2_typography-font-style);--awb-caption-title-size:var(--h2_typography-font-size);--awb-caption-title-transform:var(--h2_typography-text-transform);--awb-caption-title-line-height:var(--h2_typography-line-height);--awb-caption-title-letter-spacing:var(--h2_typography-letter-spacing);\"><span class=\" fusion-imageframe imageframe-none imageframe-2 hover-type-none\"><img decoding=\"async\" width=\"276\" height=\"300\" title=\"pierre\" src=\"https:\/\/chalons.catholique.fr\/saintleu\/wp-content\/uploads\/sites\/12\/2021\/03\/pierre-276x300.jpg\" alt class=\"img-responsive wp-image-7486\" srcset=\"https:\/\/chalons.catholique.fr\/saintleu\/wp-content\/uploads\/sites\/12\/2021\/03\/pierre-200x217.jpg 200w, https:\/\/chalons.catholique.fr\/saintleu\/wp-content\/uploads\/sites\/12\/2021\/03\/pierre.jpg 303w\" sizes=\"(max-width: 1024px) 100vw, (max-width: 640px) 100vw, 276px\" \/><\/span><\/div><div class=\"fusion-separator fusion-full-width-sep\" style=\"align-self: center;margin-left: auto;margin-right: auto;margin-top:15px;width:100%;\"><\/div><div class=\"fusion-text fusion-text-2\"><p style=\"text-align: center\">P\u00e8re Pierre Huynh<br \/>\nPr\u00eatre solidaire<\/p>\n<h6 style=\"text-align: center\"><span style=\"color: #0000ff\"><a style=\"color: #0000ff\" href=\"mailto:pierre.huynh@chalons.catholique.fr\">pierre.huynh<\/a><\/span><a href=\"mailto:pierre.huynh@chalons.catholique.fr\"><span style=\"color: #0000ff\">@chalons.catholique.fr<\/span><\/a><\/h6>\n<\/div><\/div><\/div><div class=\"fusion-layout-column fusion_builder_column fusion-builder-column-2 fusion_builder_column_1_4 1_4 fusion-flex-column\" style=\"--awb-bg-size:cover;--awb-width-large:25%;--awb-margin-top-large:0px;--awb-spacing-right-large:7.68%;--awb-margin-bottom-large:20px;--awb-spacing-left-large:7.68%;--awb-width-medium:100%;--awb-order-medium:0;--awb-spacing-right-medium:1.92%;--awb-spacing-left-medium:1.92%;--awb-width-small:100%;--awb-order-small:0;--awb-spacing-right-small:1.92%;--awb-spacing-left-small:1.92%;\"><div class=\"fusion-column-wrapper fusion-column-has-shadow fusion-flex-justify-content-flex-start fusion-content-layout-column\"><div class=\"fusion-image-element \" style=\"--awb-caption-title-font-family:var(--h2_typography-font-family);--awb-caption-title-font-weight:var(--h2_typography-font-weight);--awb-caption-title-font-style:var(--h2_typography-font-style);--awb-caption-title-size:var(--h2_typography-font-size);--awb-caption-title-transform:var(--h2_typography-text-transform);--awb-caption-title-line-height:var(--h2_typography-line-height);--awb-caption-title-letter-spacing:var(--h2_typography-letter-spacing);\"><span class=\" fusion-imageframe imageframe-none imageframe-3 hover-type-none\"><img decoding=\"async\" width=\"272\" height=\"300\" title=\"P\u00e8re Edouard SANOU\" src=\"https:\/\/chalons.catholique.fr\/saintleu\/wp-content\/uploads\/sites\/12\/2021\/01\/Pere-Edouard-SANOU-272x300.jpg\" alt class=\"img-responsive wp-image-7413\" srcset=\"https:\/\/chalons.catholique.fr\/saintleu\/wp-content\/uploads\/sites\/12\/2021\/01\/Pere-Edouard-SANOU-200x221.jpg 200w, https:\/\/chalons.catholique.fr\/saintleu\/wp-content\/uploads\/sites\/12\/2021\/01\/Pere-Edouard-SANOU.jpg 330w\" sizes=\"(max-width: 1024px) 100vw, (max-width: 640px) 100vw, 272px\" \/><\/span><\/div><div class=\"fusion-separator fusion-full-width-sep\" style=\"align-self: center;margin-left: auto;margin-right: auto;margin-top:15px;width:100%;\"><\/div><div class=\"fusion-text fusion-text-3\"><p style=\"text-align: center\">P\u00e8re \u00c9douard Sanou<br \/>\nPr\u00eatre solidaire<\/p>\n<h6 style=\"text-align: center\"><span style=\"color: #0000ff\"><a style=\"color: #0000ff\" href=\"mailto:edouard.sanou@chalons.catholique.fr\">edouard.sanou<\/a><\/span><a href=\"mailto:edouard.sanou@chalons.catholique.fr\"><span style=\"color: #0000ff\">@chalons.catholique.fr<\/span><\/a><\/h6>\n<\/div><\/div><\/div><div class=\"fusion-layout-column fusion_builder_column fusion-builder-column-3 fusion_builder_column_1_4 1_4 fusion-flex-column\" style=\"--awb-bg-size:cover;--awb-width-large:25%;--awb-margin-top-large:0px;--awb-spacing-right-large:7.68%;--awb-margin-bottom-large:20px;--awb-spacing-left-large:7.68%;--awb-width-medium:100%;--awb-order-medium:0;--awb-spacing-right-medium:1.92%;--awb-spacing-left-medium:1.92%;--awb-width-small:100%;--awb-order-small:0;--awb-spacing-right-small:1.92%;--awb-spacing-left-small:1.92%;\"><div class=\"fusion-column-wrapper fusion-column-has-shadow fusion-flex-justify-content-flex-start fusion-content-layout-column\"><div class=\"fusion-image-element \" style=\"--awb-caption-title-font-family:var(--h2_typography-font-family);--awb-caption-title-font-weight:var(--h2_typography-font-weight);--awb-caption-title-font-style:var(--h2_typography-font-style);--awb-caption-title-size:var(--h2_typography-font-size);--awb-caption-title-transform:var(--h2_typography-text-transform);--awb-caption-title-line-height:var(--h2_typography-line-height);--awb-caption-title-letter-spacing:var(--h2_typography-letter-spacing);\"><span class=\" fusion-imageframe imageframe-none imageframe-4 hover-type-none\"><img decoding=\"async\" width=\"276\" height=\"300\" title=\"David-bonnetain\" src=\"https:\/\/chalons.catholique.fr\/saintleu\/wp-content\/uploads\/sites\/12\/2021\/03\/David-bonnetain-276x300.jpg\" alt class=\"img-responsive wp-image-7488\" srcset=\"https:\/\/chalons.catholique.fr\/saintleu\/wp-content\/uploads\/sites\/12\/2021\/03\/David-bonnetain-200x217.jpg 200w, https:\/\/chalons.catholique.fr\/saintleu\/wp-content\/uploads\/sites\/12\/2021\/03\/David-bonnetain.jpg 303w\" sizes=\"(max-width: 1024px) 100vw, (max-width: 640px) 100vw, 276px\" \/><\/span><\/div><div class=\"fusion-separator fusion-full-width-sep\" style=\"align-self: center;margin-left: auto;margin-right: auto;margin-top:15px;width:100%;\"><\/div><div class=\"fusion-text fusion-text-4\"><p style=\"text-align: center\">P\u00e8re David Bonnetain, pr\u00eatre solidaire ordonn\u00e9 ce 8 janvier 2022<\/p>\n<\/div><\/div><\/div><\/div><\/div><div class=\"fusion-fullwidth fullwidth-box fusion-builder-row-2 fusion-flex-container nonhundred-percent-fullwidth non-hundred-percent-height-scrolling\" style=\"--awb-border-radius-top-left:0px;--awb-border-radius-top-right:0px;--awb-border-radius-bottom-right:0px;--awb-border-radius-bottom-left:0px;--awb-flex-wrap:wrap;\" ><div class=\"fusion-builder-row fusion-row fusion-flex-align-items-flex-start fusion-flex-content-wrap\" style=\"max-width:1144px;margin-left: calc(-4% \/ 2 );margin-right: calc(-4% \/ 2 );\"><div class=\"fusion-layout-column fusion_builder_column fusion-builder-column-4 fusion_builder_column_1_1 1_1 fusion-flex-column\" style=\"--awb-bg-size:cover;--awb-width-large:100%;--awb-margin-top-large:0px;--awb-spacing-right-large:1.92%;--awb-margin-bottom-large:20px;--awb-spacing-left-large:1.92%;--awb-width-medium:100%;--awb-order-medium:0;--awb-spacing-right-medium:1.92%;--awb-spacing-left-medium:1.92%;--awb-width-small:100%;--awb-order-small:0;--awb-spacing-right-small:1.92%;--awb-spacing-left-small:1.92%;\"><div class=\"fusion-column-wrapper fusion-column-has-shadow fusion-flex-justify-content-flex-start fusion-content-layout-column\"><div class=\"fusion-text fusion-text-5\"><p style=\"text-align: center\">Pour l&rsquo;\u00e9quipe du Doyenn\u00e9 du vignoble<\/p>\n<p style=\"text-align: center\"><span style=\"font-size: 16px;line-height: 1.5\">ADRESSE :<\/span><\/p>\n<p style=\"text-align: center\"><span style=\"font-size: 16px;line-height: 1.5\">Centre Paroissial, 15 rue de Magenta <\/span><\/p>\n<p style=\"text-align: center\"><span style=\"font-size: 16px;line-height: 1.5\">51200 \u00c9PERNAY<\/span><\/p>\n<\/div><\/div><\/div><\/div><\/div>\n","protected":false},"excerpt":{"rendered":"","protected":false},"author":158,"featured_media":0,"parent":0,"menu_order":0,"comment_status":"closed","ping_status":"closed","template":"","meta":{"xn-wppe-expiration":[],"xn-wppe-expiration-action":[],"xn-wppe-expiration-prefix":[],"footnotes":""},"_links":{"self":[{"href":"https:\/\/chalons.catholique.fr\/saintleu\/wp-json\/wp\/v2\/pages\/7478"}],"collection":[{"href":"https:\/\/chalons.catholique.fr\/saintleu\/wp-json\/wp\/v2\/pages"}],"about":[{"href":"https:\/\/chalons.catholique.fr\/saintleu\/wp-json\/wp\/v2\/types\/page"}],"author":[{"embeddable":true,"href":"https:\/\/chalons.catholique.fr\/saintleu\/wp-json\/wp\/v2\/users\/158"}],"replies":[{"embeddable":true,"href":"https:\/\/chalons.catholique.fr\/saintleu\/wp-json\/wp\/v2\/comments?post=7478"}],"version-history":[{"count":0,"href":"https:\/\/chalons.catholique.fr\/saintleu\/wp-json\/wp\/v2\/pages\/7478\/revisions"}],"wp:attachment":[{"href":"https:\/\/chalons.catholique.fr\/saintleu\/wp-json\/wp\/v2\/media?parent=7478"}],"curies":[{"name":"wp","href":"https:\/\/api.w.org\/{rel}","templated":true}]}}