{"id":6623,"date":"2020-05-23T14:06:07","date_gmt":"2020-05-23T13:06:07","guid":{"rendered":"http:\/\/chalons.catholique.fr\/saintleu\/?page_id=6623"},"modified":"2025-11-21T10:35:01","modified_gmt":"2025-11-21T09:35:01","slug":"infos-diocese","status":"publish","type":"page","link":"https:\/\/chalons.catholique.fr\/saintleu\/infos-diocese\/","title":{"rendered":"Infos dioc\u00e8se"},"content":{"rendered":"<div class=\"fusion-fullwidth fullwidth-box fusion-builder-row-1 hundred-percent-fullwidth non-hundred-percent-height-scrolling\" style=\"--awb-border-radius-top-left:0px;--awb-border-radius-top-right:0px;--awb-border-radius-bottom-right:0px;--awb-border-radius-bottom-left:0px;--awb-overflow:visible;--awb-flex-wrap:wrap;\" ><div class=\"fusion-builder-row fusion-row\"><div class=\"fusion-layout-column fusion_builder_column fusion-builder-column-0 fusion_builder_column_1_1 1_1 fusion-one-full fusion-column-first fusion-column-last\" style=\"--awb-bg-size:cover;\"><div class=\"fusion-column-wrapper fusion-flex-column-wrapper-legacy\"><div class=\"fusion-text fusion-text-1\"><h2><a href=\"https:\/\/chalons.catholique.fr\/saintleu\/wp-content\/uploads\/sites\/12\/2020\/06\/Version-1.jpg\"><img decoding=\"async\" class=\"aligncenter wp-image-6731\" src=\"https:\/\/chalons.catholique.fr\/saintleu\/wp-content\/uploads\/sites\/12\/2020\/06\/Version-1-300x142.jpg\" alt=\"\" width=\"926\" height=\"438\" srcset=\"https:\/\/chalons.catholique.fr\/saintleu\/wp-content\/uploads\/sites\/12\/2020\/06\/Version-1-200x94.jpg 200w, https:\/\/chalons.catholique.fr\/saintleu\/wp-content\/uploads\/sites\/12\/2020\/06\/Version-1-300x142.jpg 300w, https:\/\/chalons.catholique.fr\/saintleu\/wp-content\/uploads\/sites\/12\/2020\/06\/Version-1-400x189.jpg 400w, https:\/\/chalons.catholique.fr\/saintleu\/wp-content\/uploads\/sites\/12\/2020\/06\/Version-1-600x283.jpg 600w, https:\/\/chalons.catholique.fr\/saintleu\/wp-content\/uploads\/sites\/12\/2020\/06\/Version-1-768x363.jpg 768w, https:\/\/chalons.catholique.fr\/saintleu\/wp-content\/uploads\/sites\/12\/2020\/06\/Version-1-800x378.jpg 800w, https:\/\/chalons.catholique.fr\/saintleu\/wp-content\/uploads\/sites\/12\/2020\/06\/Version-1-1024x483.jpg 1024w, https:\/\/chalons.catholique.fr\/saintleu\/wp-content\/uploads\/sites\/12\/2020\/06\/Version-1-1200x566.jpg 1200w, https:\/\/chalons.catholique.fr\/saintleu\/wp-content\/uploads\/sites\/12\/2020\/06\/Version-1.jpg 1286w\" sizes=\"(max-width: 926px) 100vw, 926px\" \/><\/a><\/h2>\n<h4 style=\"text-align: center\"><a href=\"https:\/\/chalons.catholique.fr\/\"><span style=\"color: #0000ff\">https:\/\/chalons.catholique.fr<\/span><\/a><\/h4>\n<h4 style=\"text-align: center\"><a href=\"https:\/\/www.facebook.com\/diocesedechalons\"><span style=\"color: #0000ff\">La page facebook du dioc\u00e8se de Ch\u00e2lons<\/span><\/a><\/h4>\n<h4 style=\"text-align: center\">Le dioc\u00e8se de Ch\u00e2lons est une province eccl\u00e9siastique de l&rsquo;archev\u00each\u00e9 de <a href=\"https:\/\/chalons.catholique.fr\/saintleu\/wp-content\/uploads\/sites\/12\/2025\/11\/Logo-Reims.jpg\"><span style=\"color: #0000ff\">Reims<\/span><\/a> &#8211; <a href=\"https:\/\/chalons.catholique.fr\/saintleu\/wp-content\/uploads\/sites\/12\/2025\/11\/Situation.jpg\"><span style=\"color: #0000ff\">Ardennes<\/span><\/a><\/h4>\n<h4 style=\"text-align: center\"><span style=\"color: #0000ff\"><a style=\"color: #0000ff\" href=\"https:\/\/catholique-reims.fr\/actualites\/\">contact<\/a><\/span>.<\/h4>\n<h6 style=\"text-align: right\"><a href=\"https:\/\/chalons.catholique.fr\/saintleu\/wp-content\/uploads\/sites\/12\/2020\/06\/Le-p\u00e9rim\u00e8tre-du-dioc\u00e8se-Par-Dioc\u00e8se-de-Ch\u00e2lons-si\u00e8ge-de-la-Cath\u00e9drale-\u2014-Dioc\u00e8se-de-Ch\u00e2lons-si\u00e8ge-de-la-Cath\u00e9drale-CC.jpg\"><span style=\"color: #0000ff\">Situation des paroisses dans le Dioc\u00e8se<\/span><\/a><\/h6>\n<h6>Cette rubrique est con\u00e7ue afin d&rsquo;all\u00e9ger la page d&rsquo;accueil de la paroisse du Mont Aim\u00e9 et de la rendre plus ordonn\u00e9e avec sa vocation \u00e0 relayer les informations donn\u00e9es par notre dioc\u00e8se.\u00a0\u00a0\u00a0\u00a0\u00a0\u00a0\u00a0\u00a0\u00a0\u00a0\u00a0\u00a0\u00a0\u00a0\u00a0\u00a0\u00a0\u00a0\u00a0\u00a0\u00a0\u00a0\u00a0\u00a0\u00a0\u00a0\u00a0\u00a0\u00a0\u00a0\u00a0\u00a0\u00a0\u00a0\u00a0\u00a0\u00a0\u00a0\u00a0\u00a0\u00a0\u00a0\u00a0\u00a0\u00a0\u00a0\u00a0\u00a0\u00a0\u00a0\u00a0\u00a0\u00a0\u00a0\u00a0\u00a0\u00a0\u00a0\u00a0\u00a0\u00a0\u00a0\u00a0\u00a0\u00a0\u00a0\u00a0\u00a0\u00a0\u00a0\u00a0\u00a0\u00a0\u00a0\u00a0\u00a0\u00a0\u00a0\u00a0\u00a0\u00a0\u00a0\u00a0\u00a0\u00a0\u00a0\u00a0\u00a0\u00a0\u00a0\u00a0\u00a0 (m.a.j. 15 ao\u00fbt 2024)<\/h6>\n<\/div><div class=\"fusion-clearfix\"><\/div><\/div><\/div><\/div><\/div><div class=\"fusion-fullwidth fullwidth-box fusion-builder-row-2 hundred-percent-fullwidth non-hundred-percent-height-scrolling\" style=\"--awb-border-radius-top-left:0px;--awb-border-radius-top-right:0px;--awb-border-radius-bottom-right:0px;--awb-border-radius-bottom-left:0px;--awb-overflow:visible;--awb-flex-wrap:wrap;\" ><div class=\"fusion-builder-row fusion-row\"><div class=\"fusion-layout-column fusion_builder_column fusion-builder-column-1 fusion_builder_column_1_1 1_1 fusion-one-full fusion-column-first fusion-column-last\" style=\"--awb-bg-size:cover;\"><div class=\"fusion-column-wrapper fusion-flex-column-wrapper-legacy\"><div class=\"fusion-text fusion-text-2\"><p><strong>_____________________________________________________________________________________________________________________________<\/strong><\/p>\n<p>Pour vous diriger sur le site du dioc\u00e8se de Ch\u00e2lons en Champagne : <span style=\"color: #0000ff\"><a style=\"color: #0000ff\" href=\"https:\/\/chalons.catholique.fr\">https:\/\/chalons.catholique.fr<\/a><\/span><\/p>\n<p style=\"text-align: center\"><a href=\"https:\/\/chalons.catholique.fr\/saintleu\/wp-content\/uploads\/sites\/12\/2021\/12\/Parvis.jpg\"><img decoding=\"async\" class=\"alignnone wp-image-8003\" src=\"https:\/\/chalons.catholique.fr\/saintleu\/wp-content\/uploads\/sites\/12\/2021\/12\/Parvis-300x198.jpg\" alt=\"\" width=\"582\" height=\"384\" srcset=\"https:\/\/chalons.catholique.fr\/saintleu\/wp-content\/uploads\/sites\/12\/2021\/12\/Parvis-200x132.jpg 200w, https:\/\/chalons.catholique.fr\/saintleu\/wp-content\/uploads\/sites\/12\/2021\/12\/Parvis-300x198.jpg 300w, https:\/\/chalons.catholique.fr\/saintleu\/wp-content\/uploads\/sites\/12\/2021\/12\/Parvis-400x264.jpg 400w, https:\/\/chalons.catholique.fr\/saintleu\/wp-content\/uploads\/sites\/12\/2021\/12\/Parvis-600x396.jpg 600w, https:\/\/chalons.catholique.fr\/saintleu\/wp-content\/uploads\/sites\/12\/2021\/12\/Parvis-768x507.jpg 768w, https:\/\/chalons.catholique.fr\/saintleu\/wp-content\/uploads\/sites\/12\/2021\/12\/Parvis-800x528.jpg 800w, https:\/\/chalons.catholique.fr\/saintleu\/wp-content\/uploads\/sites\/12\/2021\/12\/Parvis.jpg 969w\" sizes=\"(max-width: 582px) 100vw, 582px\" \/><\/a><\/p>\n<p style=\"text-align: center\"><a href=\"https:\/\/chalons.catholique.fr\/saintleu\/wp-content\/uploads\/sites\/12\/2022\/11\/05-novembre.jpg\"><img decoding=\"async\" class=\"alignnone wp-image-8435\" src=\"https:\/\/chalons.catholique.fr\/saintleu\/wp-content\/uploads\/sites\/12\/2022\/11\/05-novembre-300x100.jpg\" alt=\"\" width=\"189\" height=\"63\" srcset=\"https:\/\/chalons.catholique.fr\/saintleu\/wp-content\/uploads\/sites\/12\/2022\/11\/05-novembre-200x66.jpg 200w, https:\/\/chalons.catholique.fr\/saintleu\/wp-content\/uploads\/sites\/12\/2022\/11\/05-novembre-300x100.jpg 300w, https:\/\/chalons.catholique.fr\/saintleu\/wp-content\/uploads\/sites\/12\/2022\/11\/05-novembre.jpg 367w\" sizes=\"(max-width: 189px) 100vw, 189px\" \/><\/a><\/p>\n<p>\u00a0Cette s\u00e9quence est destin\u00e9e aux acteurs de l&rsquo;\u00c9glise. Tel : 03 26 68 99 01 soit mail-el : <a href=\"mailto:formation@chalons.catholique.fr\"><span style=\"color: #0000ff\">formation@chalons.catholique.fr<\/span><\/a><\/p>\n<p style=\"text-align: center\"><strong>_____________________________________________________________________________________________________________________________<\/strong><\/p>\n<p style=\"text-align: center\">Prenez connaissance du programme de la semaine du dioc\u00e8se et retrouvez les diff\u00e9rents offices en direct ou en diff\u00e9r\u00e9 \u00e0 la Cath\u00e9drale Saint \u00c9tienne sur la page Facebook :\u00a0 <a href=\"https:\/\/www.facebook.com\/diocesedechalons\"><span style=\"color: #0000ff\">https:\/\/www.facebook.com\/diocesedechalons<\/span><\/a><a href=\"https:\/\/chalons.catholique.fr\/saintleu\/wp-content\/uploads\/sites\/12\/2020\/04\/St-\u00c9tienne.jpg\"><img decoding=\"async\" class=\"aligncenter wp-image-6425\" src=\"https:\/\/chalons.catholique.fr\/saintleu\/wp-content\/uploads\/sites\/12\/2020\/04\/DSCN2338-300x86.jpg\" alt=\"\" width=\"474\" height=\"136\" srcset=\"https:\/\/chalons.catholique.fr\/saintleu\/wp-content\/uploads\/sites\/12\/2020\/04\/DSCN2338-200x58.jpg 200w, https:\/\/chalons.catholique.fr\/saintleu\/wp-content\/uploads\/sites\/12\/2020\/04\/DSCN2338-300x86.jpg 300w, https:\/\/chalons.catholique.fr\/saintleu\/wp-content\/uploads\/sites\/12\/2020\/04\/DSCN2338-400x115.jpg 400w, https:\/\/chalons.catholique.fr\/saintleu\/wp-content\/uploads\/sites\/12\/2020\/04\/DSCN2338-600x173.jpg 600w, https:\/\/chalons.catholique.fr\/saintleu\/wp-content\/uploads\/sites\/12\/2020\/04\/DSCN2338-768x221.jpg 768w, https:\/\/chalons.catholique.fr\/saintleu\/wp-content\/uploads\/sites\/12\/2020\/04\/DSCN2338-800x230.jpg 800w, https:\/\/chalons.catholique.fr\/saintleu\/wp-content\/uploads\/sites\/12\/2020\/04\/DSCN2338.jpg 855w\" sizes=\"(max-width: 474px) 100vw, 474px\" \/><\/a><strong>_______________________________________________<\/strong><\/p>\n<h6 style=\"text-align: center\">(cliquer sur l&rsquo;image)<\/h6>\n<p><a href=\"https:\/\/chalons.catholique.fr\/saintleu\/dscn5833-copie\/\"><img decoding=\"async\" class=\" wp-image-8782 aligncenter\" src=\"https:\/\/chalons.catholique.fr\/saintleu\/wp-content\/uploads\/sites\/12\/2024\/08\/DSCN5833-Copie-300x227.jpg\" alt=\"\" width=\"695\" height=\"526\" srcset=\"https:\/\/chalons.catholique.fr\/saintleu\/wp-content\/uploads\/sites\/12\/2024\/08\/DSCN5833-Copie-200x151.jpg 200w, https:\/\/chalons.catholique.fr\/saintleu\/wp-content\/uploads\/sites\/12\/2024\/08\/DSCN5833-Copie-300x227.jpg 300w, https:\/\/chalons.catholique.fr\/saintleu\/wp-content\/uploads\/sites\/12\/2024\/08\/DSCN5833-Copie-400x302.jpg 400w, https:\/\/chalons.catholique.fr\/saintleu\/wp-content\/uploads\/sites\/12\/2024\/08\/DSCN5833-Copie-600x453.jpg 600w, https:\/\/chalons.catholique.fr\/saintleu\/wp-content\/uploads\/sites\/12\/2024\/08\/DSCN5833-Copie-768x580.jpg 768w, https:\/\/chalons.catholique.fr\/saintleu\/wp-content\/uploads\/sites\/12\/2024\/08\/DSCN5833-Copie-800x604.jpg 800w, https:\/\/chalons.catholique.fr\/saintleu\/wp-content\/uploads\/sites\/12\/2024\/08\/DSCN5833-Copie-1024x773.jpg 1024w, https:\/\/chalons.catholique.fr\/saintleu\/wp-content\/uploads\/sites\/12\/2024\/08\/DSCN5833-Copie-1200x906.jpg 1200w, https:\/\/chalons.catholique.fr\/saintleu\/wp-content\/uploads\/sites\/12\/2024\/08\/DSCN5833-Copie-1536x1160.jpg 1536w, https:\/\/chalons.catholique.fr\/saintleu\/wp-content\/uploads\/sites\/12\/2024\/08\/DSCN5833-Copie.jpg 1621w\" sizes=\"(max-width: 695px) 100vw, 695px\" \/>L&rsquo;int\u00e9rieur de la cath\u00e9drale St \u00c9tienne de Ch\u00e2lons<\/a><\/p>\n<p><a href=\"https:\/\/chalons.catholique.fr\/saintleu\/wp-content\/uploads\/sites\/12\/2020\/04\/raw.jpg\"><strong>\u00a0 \u00a0 \u00a0 \u00a0 \u00a0 \u00a0 \u00a0 \u00a0 \u00a0 \u00a0 \u00a0 \u00a0 \u00a0 \u00a0 \u00a0 \u00a0 \u00a0 \u00a0 \u00a0 \u00a0 \u00a0 \u00a0 \u00a0 \u00a0 \u00a0 \u00a0 \u00a0 \u00a0 \u00a0 \u00a0 \u00a0 \u00a0 \u00a0 \u00a0 \u00a0 \u00a0 \u00a0 \u00a0 \u00a0_______________________________________________<\/strong><img decoding=\"async\" class=\"aligncenter wp-image-6435\" src=\"https:\/\/chalons.catholique.fr\/saintleu\/wp-content\/uploads\/sites\/12\/2020\/04\/raw-300x205.jpg\" alt=\"\" width=\"682\" height=\"466\" srcset=\"https:\/\/chalons.catholique.fr\/saintleu\/wp-content\/uploads\/sites\/12\/2020\/04\/raw-200x137.jpg 200w, https:\/\/chalons.catholique.fr\/saintleu\/wp-content\/uploads\/sites\/12\/2020\/04\/raw-300x205.jpg 300w, https:\/\/chalons.catholique.fr\/saintleu\/wp-content\/uploads\/sites\/12\/2020\/04\/raw-400x273.jpg 400w, https:\/\/chalons.catholique.fr\/saintleu\/wp-content\/uploads\/sites\/12\/2020\/04\/raw-600x410.jpg 600w, https:\/\/chalons.catholique.fr\/saintleu\/wp-content\/uploads\/sites\/12\/2020\/04\/raw-768x525.jpg 768w, https:\/\/chalons.catholique.fr\/saintleu\/wp-content\/uploads\/sites\/12\/2020\/04\/raw-800x547.jpg 800w, https:\/\/chalons.catholique.fr\/saintleu\/wp-content\/uploads\/sites\/12\/2020\/04\/raw-1024x700.jpg 1024w, https:\/\/chalons.catholique.fr\/saintleu\/wp-content\/uploads\/sites\/12\/2020\/04\/raw-1200x820.jpg 1200w, https:\/\/chalons.catholique.fr\/saintleu\/wp-content\/uploads\/sites\/12\/2020\/04\/raw.jpg 1378w\" sizes=\"(max-width: 682px) 100vw, 682px\" \/><\/a><\/p>\n<p style=\"text-align: center\"><strong>__________________________________________________________________________<\/strong><\/p>\n<p style=\"text-align: center\"><strong>___________________________________________________________________________<\/strong><\/p>\n<p><a href=\"https:\/\/chalons.catholique.fr\/saintleu\/accueil\/overblog1\/\" rel=\"attachment wp-att-5194\"><strong>_____________________________________________________________________________________________________________________________<\/strong><\/a><\/p>\n<h6 style=\"text-align: right\"><\/h6>\n<\/div><div class=\"fusion-clearfix\"><\/div><\/div><\/div><div class=\"fusion-layout-column fusion_builder_column fusion-builder-column-2 fusion_builder_column_1_5 1_5 fusion-one-fifth fusion-column-first\" style=\"--awb-bg-size:cover;width:16.8%; margin-right: 4%;\"><div class=\"fusion-column-wrapper fusion-flex-column-wrapper-legacy\"><div class=\"fusion-clearfix\"><\/div><\/div><\/div><div class=\"fusion-layout-column fusion_builder_column fusion-builder-column-3 fusion_builder_column_3_5 3_5 fusion-three-fifth\" style=\"--awb-bg-size:cover;width:58.4%; margin-right: 4%;\"><div class=\"fusion-column-wrapper fusion-flex-column-wrapper-legacy\"><div class=\"fusion-text fusion-text-3\"><p style=\"text-align: center\"><strong><em>____________________<\/em><\/strong><\/p>\n<\/div><div class=\"fusion-clearfix\"><\/div><\/div><\/div><div class=\"fusion-layout-column fusion_builder_column fusion-builder-column-4 fusion_builder_column_1_5 1_5 fusion-one-fifth fusion-column-last\" style=\"--awb-bg-size:cover;width:16.8%;\"><div class=\"fusion-column-wrapper fusion-flex-column-wrapper-legacy\"><div class=\"fusion-clearfix\"><\/div><\/div><\/div><\/div><\/div>\n","protected":false},"excerpt":{"rendered":"","protected":false},"author":1,"featured_media":0,"parent":0,"menu_order":0,"comment_status":"closed","ping_status":"closed","template":"","meta":{"xn-wppe-expiration":[],"xn-wppe-expiration-action":[],"xn-wppe-expiration-prefix":[],"footnotes":""},"_links":{"self":[{"href":"https:\/\/chalons.catholique.fr\/saintleu\/wp-json\/wp\/v2\/pages\/6623"}],"collection":[{"href":"https:\/\/chalons.catholique.fr\/saintleu\/wp-json\/wp\/v2\/pages"}],"about":[{"href":"https:\/\/chalons.catholique.fr\/saintleu\/wp-json\/wp\/v2\/types\/page"}],"author":[{"embeddable":true,"href":"https:\/\/chalons.catholique.fr\/saintleu\/wp-json\/wp\/v2\/users\/1"}],"replies":[{"embeddable":true,"href":"https:\/\/chalons.catholique.fr\/saintleu\/wp-json\/wp\/v2\/comments?post=6623"}],"version-history":[{"count":26,"href":"https:\/\/chalons.catholique.fr\/saintleu\/wp-json\/wp\/v2\/pages\/6623\/revisions"}],"predecessor-version":[{"id":9010,"href":"https:\/\/chalons.catholique.fr\/saintleu\/wp-json\/wp\/v2\/pages\/6623\/revisions\/9010"}],"wp:attachment":[{"href":"https:\/\/chalons.catholique.fr\/saintleu\/wp-json\/wp\/v2\/media?parent=6623"}],"curies":[{"name":"wp","href":"https:\/\/api.w.org\/{rel}","templated":true}]}}