{"id":58,"date":"2015-09-16T19:18:09","date_gmt":"2015-09-16T18:18:09","guid":{"rendered":"http:\/\/chalons.catholique.fr\/saintleu\/?page_id=58"},"modified":"2021-09-16T17:36:57","modified_gmt":"2021-09-16T16:36:57","slug":"sacrements","status":"publish","type":"page","link":"https:\/\/chalons.catholique.fr\/saintleu\/organisation\/sacrements\/","title":{"rendered":"Sacrements"},"content":{"rendered":"<div class=\"fusion-fullwidth fullwidth-box fusion-builder-row-1 hundred-percent-fullwidth non-hundred-percent-height-scrolling\" style=\"--awb-border-radius-top-left:0px;--awb-border-radius-top-right:0px;--awb-border-radius-bottom-right:0px;--awb-border-radius-bottom-left:0px;--awb-overflow:visible;--awb-flex-wrap:wrap;\" ><div class=\"fusion-builder-row fusion-row\"><div class=\"fusion-layout-column fusion_builder_column fusion-builder-column-0 fusion_builder_column_1_1 1_1 fusion-one-full fusion-column-first fusion-column-last\" style=\"--awb-bg-size:cover;\"><div class=\"fusion-column-wrapper fusion-flex-column-wrapper-legacy\"><div class=\"fusion-sep-clear\"><\/div><div class=\"fusion-separator fusion-full-width-sep\" style=\"margin-left: auto;margin-right: auto;width:100%;\"><\/div><div class=\"fusion-sep-clear\"><\/div><div class=\"fusion-clearfix\"><\/div><\/div><\/div><div class=\"fusion-layout-column fusion_builder_column fusion-builder-column-1 fusion_builder_column_1_3 1_3 fusion-one-third fusion-column-first\" style=\"--awb-bg-color:#686868;--awb-bg-color-hover:#686868;--awb-bg-image:url(&#039;https:\/\/chalons.catholique.fr\/saintleu\/wp-content\/uploads\/sites\/12\/2015\/07\/10228408-careme-2016-date-origine-signification-les-secrets-de-cette-periode-de-la-vie-chretienne-300x200.jpg&#039;);--awb-bg-position:center center;--awb-bg-size:cover;--awb-border-color:#a5cc30;--awb-border-top:10px;--awb-border-right:10px;--awb-border-bottom:10px;--awb-border-left:10px;--awb-border-style:solid;width:30.6666%; margin-right: 4%;\"><div class=\"fusion-column-wrapper fusion-flex-column-wrapper-legacy fusion-column-has-bg-image\" data-bg-url=\"https:\/\/chalons.catholique.fr\/saintleu\/wp-content\/uploads\/sites\/12\/2015\/07\/10228408-careme-2016-date-origine-signification-les-secrets-de-cette-periode-de-la-vie-chretienne-300x200.jpg\"><div class=\"fusion-image-element in-legacy-container\" style=\"--awb-caption-title-font-family:var(--h2_typography-font-family);--awb-caption-title-font-weight:var(--h2_typography-font-weight);--awb-caption-title-font-style:var(--h2_typography-font-style);--awb-caption-title-size:var(--h2_typography-font-size);--awb-caption-title-transform:var(--h2_typography-text-transform);--awb-caption-title-line-height:var(--h2_typography-line-height);--awb-caption-title-letter-spacing:var(--h2_typography-letter-spacing);\"><span class=\" fusion-imageframe imageframe-none imageframe-1 hover-type-none\" style=\"border:5px solid #000000;\"><img decoding=\"async\" width=\"300\" height=\"252\" title=\"bapteme-02\" src=\"https:\/\/chalons.catholique.fr\/saintleu\/wp-content\/uploads\/sites\/12\/2015\/09\/bapteme-02-300x252.jpg\" alt class=\"img-responsive wp-image-366\"\/><\/span><\/div><div class=\"fusion-clearfix\"><\/div><\/div><\/div><div class=\"fusion-layout-column fusion_builder_column fusion-builder-column-2 fusion_builder_column_2_3 2_3 fusion-two-third fusion-column-last\" style=\"--awb-bg-size:cover;width:65.3333%;\"><div class=\"fusion-column-wrapper fusion-flex-column-wrapper-legacy\"><div class=\"fusion-title title fusion-title-1 fusion-title-text fusion-title-size-one\"><h1 class=\"fusion-title-heading title-heading-left\" style=\"margin:0;\">Le Bapt\u00eame<\/h1><span class=\"awb-title-spacer\"><\/span><div class=\"title-sep-container\"><div class=\"title-sep sep-double sep-solid\" style=\"border-color:#e0dede;\"><\/div><\/div><\/div><div class=\"fusion-text fusion-text-1\"><p style=\"text-align: left\"><strong>C\u2019est le premier des sacrements<\/strong>, celui qui r\u00e9alise <em>l\u2019entr\u00e9e dans la vie chr\u00e9tienne<\/em>. Il constitue le signe de l\u2019appartenance \u00e0 l\u2019\u00c9glise.<\/p>\n<p>* Le premier contact se fera par le biais du <strong>pr\u00eatre<\/strong>, qui accueillera la demande, pourra donner des informations aux parents sur le lieu possible du bapt\u00eame, et conviendra de la date. Il proposera aussi la pr\u00e9paration du bapt\u00eame.<\/p>\n<p>* Il adressera ensuite les parents du futur baptis\u00e9 vers une \u00e9quipe de pr\u00e9paration :<br \/>\n&#8211; Roberte TRIQUENOT,\u00a0\u00a0 T\u00e9l. :06.73.26.79.53 et<br \/>\nMich\u00e8le POIRET\u00a0\u00a0 T\u00e9l. : 06.86.43.18.80<br \/>\n&#8211; Sandrine COULMIER\u00a0 T\u00e9l. : 06.83.46.27.78 et<br \/>\nMonique LEHERLE\u00a0\u00a0 T\u00e9l. : 06.81.51.44.78<\/p>\n<p>&#8211; Janine LEFEVRE, T\u00e9l. : 07.86.16.51.85 et<\/p>\n<p>Anne LEFEVRE, T\u00e9l. : 06.13.48.55.21<\/p>\n<p>* des rencontres avec d\u2019autres parents sont aussi propos\u00e9es sur \u00ab la d\u00e9couverte de J\u00e9sus \u00bb.Par le bapt\u00eame nous devenons enfant de Dieu et fr\u00e8re de J\u00e9sus, c&rsquo;est important de se redire en quoi consiste ce lien<\/p>\n<p><strong>CES RENCONTRES AURONT LIEU LES : dates non connues \u00e0 ce jour<\/strong><\/p>\n<p>.<\/p>\n<p>* et enfin une rencontre avec le pr\u00eatre qui c\u00e9l\u00e9brera le bapt\u00eame, \u00e0 programmer environ six semaines avant le bapt\u00eame. Abb\u00e9 Francois de Mianville : 07.66.88.03.26 (texto uniquement)<\/p>\n<\/div><div class=\"fusion-clearfix\"><\/div><\/div><\/div><div class=\"fusion-layout-column fusion_builder_column fusion-builder-column-3 fusion_builder_column_1_1 1_1 fusion-one-full fusion-column-first fusion-column-last\" style=\"--awb-bg-size:cover;\"><div class=\"fusion-column-wrapper fusion-flex-column-wrapper-legacy\"><div class=\"fusion-sep-clear\"><\/div><div class=\"fusion-separator fusion-full-width-sep\" style=\"margin-left: auto;margin-right: auto;width:100%;\"><\/div><div class=\"fusion-sep-clear\"><\/div><div class=\"fusion-clearfix\"><\/div><\/div><\/div><div class=\"fusion-layout-column fusion_builder_column fusion-builder-column-4 fusion_builder_column_2_3 2_3 fusion-two-third fusion-column-first\" style=\"--awb-bg-size:cover;width:65.3333%; margin-right: 4%;\"><div class=\"fusion-column-wrapper fusion-flex-column-wrapper-legacy\"><div class=\"fusion-title title fusion-title-2 fusion-title-text fusion-title-size-one\"><div class=\"title-sep-container\"><div class=\"title-sep sep-double sep-solid\" style=\"border-color:#e0dede;\"><\/div><\/div><span class=\"awb-title-spacer\"><\/span><h1 class=\"fusion-title-heading title-heading-right\" style=\"margin:0;\"><p style=\"text-align: right\">La r\u00e9conciliation<\/p><\/h1><\/div><div class=\"fusion-text fusion-text-2\"><p style=\"text-align: right\"><em>En CM1 ou \u00e0 9 ans<\/em> : Ils sont aussi invit\u00e9s \u00e0 vivre les sacrements de la r\u00e9conciliation (confession) et de l\u2019eucharistie (1\u00e8re des communions).<br \/>\nM\u00eame un enfant non baptis\u00e9 peut commencer le cat\u00e9chisme. Le sacrement du bapt\u00eame, apr\u00e8s une pr\u00e9paration, sera propos\u00e9 aux enfants non baptis\u00e9s<\/p>\n<\/div><div class=\"fusion-clearfix\"><\/div><\/div><\/div><div class=\"fusion-layout-column fusion_builder_column fusion-builder-column-5 fusion_builder_column_1_3 1_3 fusion-one-third fusion-column-last\" style=\"--awb-bg-size:cover;width:30.6666%;\"><div class=\"fusion-column-wrapper fusion-flex-column-wrapper-legacy\"><div class=\"fusion-image-element in-legacy-container\" style=\"--awb-caption-title-font-family:var(--h2_typography-font-family);--awb-caption-title-font-weight:var(--h2_typography-font-weight);--awb-caption-title-font-style:var(--h2_typography-font-style);--awb-caption-title-size:var(--h2_typography-font-size);--awb-caption-title-transform:var(--h2_typography-text-transform);--awb-caption-title-line-height:var(--h2_typography-line-height);--awb-caption-title-letter-spacing:var(--h2_typography-letter-spacing);\"><span class=\" fusion-imageframe imageframe-none imageframe-2 hover-type-none\" style=\"border:5px solid #000000;\"><img decoding=\"async\" width=\"300\" height=\"204\" title=\"reconciliation\" src=\"https:\/\/chalons.catholique.fr\/saintleu\/wp-content\/uploads\/sites\/12\/2015\/09\/reconciliation-300x204.png\" alt class=\"img-responsive wp-image-367\"\/><\/span><\/div><div class=\"fusion-clearfix\"><\/div><\/div><\/div><div class=\"fusion-layout-column fusion_builder_column fusion-builder-column-6 fusion_builder_column_1_1 1_1 fusion-one-full fusion-column-first fusion-column-last\" style=\"--awb-bg-size:cover;\"><div class=\"fusion-column-wrapper fusion-flex-column-wrapper-legacy\"><div class=\"fusion-sep-clear\"><\/div><div class=\"fusion-separator fusion-full-width-sep\" style=\"margin-left: auto;margin-right: auto;width:100%;\"><\/div><div class=\"fusion-sep-clear\"><\/div><div class=\"fusion-clearfix\"><\/div><\/div><\/div><div class=\"fusion-layout-column fusion_builder_column fusion-builder-column-7 fusion_builder_column_1_3 1_3 fusion-one-third fusion-column-first\" style=\"--awb-bg-size:cover;width:30.6666%; margin-right: 4%;\"><div class=\"fusion-column-wrapper fusion-flex-column-wrapper-legacy\"><div class=\"fusion-image-element in-legacy-container\" style=\"--awb-caption-title-font-family:var(--h2_typography-font-family);--awb-caption-title-font-weight:var(--h2_typography-font-weight);--awb-caption-title-font-style:var(--h2_typography-font-style);--awb-caption-title-size:var(--h2_typography-font-size);--awb-caption-title-transform:var(--h2_typography-text-transform);--awb-caption-title-line-height:var(--h2_typography-line-height);--awb-caption-title-letter-spacing:var(--h2_typography-letter-spacing);\"><span class=\" fusion-imageframe imageframe-none imageframe-3 hover-type-none\" style=\"border:5px solid #000000;\"><img decoding=\"async\" width=\"300\" height=\"200\" title=\"Lords-Supper-Church-Stock-Photos\" src=\"https:\/\/chalons.catholique.fr\/saintleu\/wp-content\/uploads\/sites\/12\/2015\/09\/Lords-Supper-Church-Stock-Photos-300x200.jpg\" alt class=\"img-responsive wp-image-368\"\/><\/span><\/div><div class=\"fusion-clearfix\"><\/div><\/div><\/div><div class=\"fusion-layout-column fusion_builder_column fusion-builder-column-8 fusion_builder_column_2_3 2_3 fusion-two-third fusion-column-last\" style=\"--awb-bg-size:cover;width:65.3333%;\"><div class=\"fusion-column-wrapper fusion-flex-column-wrapper-legacy\"><div class=\"fusion-title title fusion-title-3 fusion-title-text fusion-title-size-one\"><h1 class=\"fusion-title-heading title-heading-left\" style=\"margin:0;\">La 1er Communion<\/p><\/h1><span class=\"awb-title-spacer\"><\/span><div class=\"title-sep-container\"><div class=\"title-sep sep-double sep-solid\" style=\"border-color:#e0dede;\"><\/div><\/div><\/div><div class=\"fusion-text fusion-text-3\"><p style=\"text-align: left\"><em>En CM1 ou \u00e0 9 ans<\/em> : Ils sont aussi invit\u00e9s \u00e0 vivre les sacrements de la r\u00e9conciliation (confession) et de l\u2019eucharistie (1\u00e8re des communions).<br \/>\nM\u00eame un enfant non baptis\u00e9 peut commencer le cat\u00e9chisme. Le sacrement du bapt\u00eame, apr\u00e8s une pr\u00e9paration, sera propos\u00e9 aux enfants non baptis\u00e9s<\/p>\n<\/div><div class=\"fusion-clearfix\"><\/div><\/div><\/div><div class=\"fusion-layout-column fusion_builder_column fusion-builder-column-9 fusion_builder_column_1_1 1_1 fusion-one-full fusion-column-first fusion-column-last\" style=\"--awb-bg-size:cover;\"><div class=\"fusion-column-wrapper fusion-flex-column-wrapper-legacy\"><div class=\"fusion-sep-clear\"><\/div><div class=\"fusion-separator fusion-full-width-sep\" style=\"margin-left: auto;margin-right: auto;width:100%;\"><\/div><div class=\"fusion-sep-clear\"><\/div><div class=\"fusion-clearfix\"><\/div><\/div><\/div><div class=\"fusion-layout-column fusion_builder_column fusion-builder-column-10 fusion_builder_column_2_3 2_3 fusion-two-third fusion-column-first\" style=\"--awb-bg-size:cover;width:65.3333%; margin-right: 4%;\"><div class=\"fusion-column-wrapper fusion-flex-column-wrapper-legacy\"><div class=\"fusion-title title fusion-title-4 fusion-title-text fusion-title-size-one\"><div class=\"title-sep-container\"><div class=\"title-sep sep-double sep-solid\" style=\"border-color:#e0dede;\"><\/div><\/div><span class=\"awb-title-spacer\"><\/span><h1 class=\"fusion-title-heading title-heading-right\" style=\"margin:0;\"><p style=\"text-align: right\">La confirmation<\/p><\/h1><\/div><div class=\"fusion-text fusion-text-4\"><p style=\"text-align: right\">Les jeunes ont la possibilit\u00e9 \u00e0 15-16 ans de se pr\u00e9parer \u00e0 la confirmation.<\/p>\n<p style=\"text-align: right\">Pout toute information compl\u00e9mentaire :<br \/>\nSandrine GUICHON de Loisy en Brie<br \/>\nT\u00e9l. : 03.26.59.36.00<br \/>\nMail : osguichon@wanadoo.fr<\/p>\n<\/div><div class=\"fusion-clearfix\"><\/div><\/div><\/div><div class=\"fusion-layout-column fusion_builder_column fusion-builder-column-11 fusion_builder_column_1_3 1_3 fusion-one-third fusion-column-last\" style=\"--awb-bg-size:cover;width:30.6666%;\"><div class=\"fusion-column-wrapper fusion-flex-column-wrapper-legacy\"><div class=\"fusion-image-element in-legacy-container\" style=\"--awb-caption-title-font-family:var(--h2_typography-font-family);--awb-caption-title-font-weight:var(--h2_typography-font-weight);--awb-caption-title-font-style:var(--h2_typography-font-style);--awb-caption-title-size:var(--h2_typography-font-size);--awb-caption-title-transform:var(--h2_typography-text-transform);--awb-caption-title-line-height:var(--h2_typography-line-height);--awb-caption-title-letter-spacing:var(--h2_typography-letter-spacing);\"><span class=\" fusion-imageframe imageframe-none imageframe-4 hover-type-none\" style=\"border:5px solid #000000;\"><img decoding=\"async\" width=\"300\" height=\"200\" title=\"confirmation352_5255\" src=\"https:\/\/chalons.catholique.fr\/saintleu\/wp-content\/uploads\/sites\/12\/2015\/09\/confirmation352_5255-300x200.jpg\" alt class=\"img-responsive wp-image-369\"\/><\/span><\/div><div class=\"fusion-clearfix\"><\/div><\/div><\/div><div class=\"fusion-layout-column fusion_builder_column fusion-builder-column-12 fusion_builder_column_1_1 1_1 fusion-one-full fusion-column-first fusion-column-last\" style=\"--awb-bg-size:cover;\"><div class=\"fusion-column-wrapper fusion-flex-column-wrapper-legacy\"><div class=\"fusion-sep-clear\"><\/div><div class=\"fusion-separator fusion-full-width-sep\" style=\"margin-left: auto;margin-right: auto;width:100%;\"><\/div><div class=\"fusion-sep-clear\"><\/div><div class=\"fusion-clearfix\"><\/div><\/div><\/div><div class=\"fusion-layout-column fusion_builder_column fusion-builder-column-13 fusion_builder_column_1_3 1_3 fusion-one-third fusion-column-first\" style=\"--awb-bg-size:cover;width:30.6666%; margin-right: 4%;\"><div class=\"fusion-column-wrapper fusion-flex-column-wrapper-legacy\"><div class=\"fusion-image-element in-legacy-container\" style=\"--awb-caption-title-font-family:var(--h2_typography-font-family);--awb-caption-title-font-weight:var(--h2_typography-font-weight);--awb-caption-title-font-style:var(--h2_typography-font-style);--awb-caption-title-size:var(--h2_typography-font-size);--awb-caption-title-transform:var(--h2_typography-text-transform);--awb-caption-title-line-height:var(--h2_typography-line-height);--awb-caption-title-letter-spacing:var(--h2_typography-letter-spacing);\"><span class=\" fusion-imageframe imageframe-none imageframe-5 hover-type-none\" style=\"border:5px solid #000000;\"><img decoding=\"async\" width=\"300\" height=\"201\" title=\"Wedding rings\" src=\"https:\/\/chalons.catholique.fr\/saintleu\/wp-content\/uploads\/sites\/12\/2015\/09\/labananequiparle-mariage-300x201.jpg\" alt class=\"img-responsive wp-image-370\"\/><\/span><\/div><div class=\"fusion-clearfix\"><\/div><\/div><\/div><div class=\"fusion-layout-column fusion_builder_column fusion-builder-column-14 fusion_builder_column_2_3 2_3 fusion-two-third fusion-column-last\" style=\"--awb-bg-size:cover;width:65.3333%;\"><div class=\"fusion-column-wrapper fusion-flex-column-wrapper-legacy\"><div class=\"fusion-title title fusion-title-5 fusion-title-text fusion-title-size-one\"><h1 class=\"fusion-title-heading title-heading-left\" style=\"margin:0;\">Le mariage<\/p><\/h1><span class=\"awb-title-spacer\"><\/span><div class=\"title-sep-container\"><div class=\"title-sep sep-double sep-solid\" style=\"border-color:#e0dede;\"><\/div><\/div><\/div><div class=\"fusion-text fusion-text-5\"><p><strong>Le Sacrement de Mariage :<\/strong><\/p>\n<p>L&rsquo;engagement que prennent des \u00e9poux de r\u00e9aliser ensemble une communaut\u00e9 de vie et d&rsquo;amour constitue par lui-m\u00eame, lorsque ces \u00e9poux sont chr\u00e9tiens, le Sacrement du Mariage. Le pr\u00eatre (ou le diacre) en est le t\u00e9moin officiel au nom de l&rsquo;Eglise, pour b\u00e9nir les \u00e9poux et \u00eatre garant de la validit\u00e9 de leur d\u00e9marche.<br \/>\n<strong>Pour l&rsquo;Eglise, le Sacrement du Mariage est signe de l&rsquo;alliance qui unit Dieu \u00e0 son peuple, du myst\u00e8re d&rsquo;amour entre le Christ et l&rsquo;Eglise.<\/strong><\/p>\n<p class=\"yiv4837362954msonormal\">les couples actuellement sont invit\u00e9s \u00e0 :<\/p>\n<ul>\n<li><strong>A rencontrer le pr\u00eatre, ou le diacre\u00a0<\/strong>pour \u00e9changer avec lui sur le sens du mariage chr\u00e9tien, pour r\u00e9diger un projet de vie qu\u2019on appelle \u201cd\u00e9claration d\u2019intention\u201d, et pour constituer le dossier administratif.<\/li>\n<li>A rencontrer d\u2019autres fianc\u00e9s accompagn\u00e9s d\u2019un couple mari\u00e9, lors d\u2019une\u00a0<strong>session de pr\u00e9paration au mariage<\/strong>, pour partager ensemble sur le sens de votre engagement.<\/li>\n<\/ul>\n<h3>\u00b7\u00a0\u00a0\u00a0\u00a0\u00a0\u00a0\u00a0\u00a0 A vivre un parcours \u00ab\u00a0chemin de foi\u00a0\u00bb\u00a0:<\/h3>\n<h5 style=\"text-align: center\">&#8211; pour d\u00e9couvrir ou red\u00e9couvrir Dieu, J\u00e9sus-Christ<\/h5>\n<h5 style=\"text-align: center\">&#8211; pour\u00a0comprendre\u00a0la signification et la place de l\u2019\u00c9glise et des sacrements\u00a0afin de\u00a0mieux\u00a0appr\u00e9hender\u00a0le sens profond de\u00a0leur d\u00e9marche de mariage : l\u2019Alliance\u00a0d\u2019Amour que Dieu fait avec les hommes.<\/h5>\n<ul>\n<li><strong>A Pr\u00e9parer la c\u00e9r\u00e9monie\u00a0<\/strong>en lien avec le c\u00e9l\u00e9brant : choix des textes et des chants, composition de la pri\u00e8re universelle\u2026Pour les couples qui veulent s\u2019unir devant Dieu et dans la foi chr\u00e9tienne, deux fiches de r\u00e9f\u00e9rence sont mises \u00e0 leur disposition, reportez vous aux indications d\u00e9sign\u00e9es par les deux liens suivants :<\/li>\n<li><a href=\"https:\/\/chalons.catholique.fr\/saintleu\/wp-content\/uploads\/sites\/12\/2021\/09\/tract-mariage-2021-2022.pdf\"><strong><span style=\"color: #3366ff\"><span style=\"color: #0000ff\">La pr\u00e9paration au mariage, quelles d\u00e9marches ?<\/span><\/span><\/strong><\/a><\/li>\n<li>(cette feuille est en 6 volets, faire glisser le curseur pour en lire la totalit\u00e9)Les fiches d&rsquo;inscriptions sont port\u00e9es ci-apr\u00e8s :La session CPM\u00a0: \u00a0<strong><a href=\"https:\/\/tinyurl.com\/session-mariage\"><span style=\"color: #0000ff\">https:\/\/tinyurl.com\/session-mariage<\/span><\/a><\/strong>Le parcours chemin de foi<strong>\u00a0: <a href=\"https:\/\/tinyurl.com\/chemin-foi-Epernay\"><span style=\"color: #0000ff\">https:\/\/tinyurl.com\/chemin-foi-Epernay<\/span><\/a> <\/strong><\/li>\n<\/ul>\n<p>L&rsquo;organisation peut diff\u00e9rer suivant les paroisses, mais en tout \u00e9tat de cause les fianc\u00e9s auront \u00e0 <strong>prendre contact le plus rapidement possible avec le pr\u00eatre<\/strong> qui c\u00e9l\u00e9brera leur mariage. Celui-ci conviendra avec eux du rythme d&rsquo;une pr\u00e9paration personnelle, et de leur participation \u00e0 une session dioc\u00e9saine.<\/p>\n<p>Attention : quel que soit le c\u00e9l\u00e9brant du mariage (par exemple membre ou ami de la famille), l\u2019autorisation du cur\u00e9 de la paroisse est indispensable.<\/p>\n<p><strong>Pour rencontrer l\u2019abb\u00e9 de Mianville \u00a0 <\/strong><br \/>\nhabituellement au Centre Paroissial, 15 rue de Magenta tel : 07.66.88.03.26.<br \/>\nou \u00ab<strong>\u00a0<\/strong><a href=\"abdemianville@gmail.com\"><em>abdemianville@gmail.com<\/em><\/a> \u00bb<\/p>\n<p style=\"text-align: left\">En vue de la c\u00e9l\u00e9bration, les futurs mari\u00e9s se pr\u00e9occuperont des questions concernant l&rsquo;animation des chants, le m\u00e9nage et le fleurissement de l\u2019Eglise, etc&#8230;<\/p>\n<\/div><div class=\"fusion-clearfix\"><\/div><\/div><\/div><\/div><\/div>\n","protected":false},"excerpt":{"rendered":"","protected":false},"author":15,"featured_media":0,"parent":26,"menu_order":0,"comment_status":"closed","ping_status":"closed","template":"","meta":{"xn-wppe-expiration":[],"xn-wppe-expiration-action":[],"xn-wppe-expiration-prefix":[],"footnotes":""},"_links":{"self":[{"href":"https:\/\/chalons.catholique.fr\/saintleu\/wp-json\/wp\/v2\/pages\/58"}],"collection":[{"href":"https:\/\/chalons.catholique.fr\/saintleu\/wp-json\/wp\/v2\/pages"}],"about":[{"href":"https:\/\/chalons.catholique.fr\/saintleu\/wp-json\/wp\/v2\/types\/page"}],"author":[{"embeddable":true,"href":"https:\/\/chalons.catholique.fr\/saintleu\/wp-json\/wp\/v2\/users\/15"}],"replies":[{"embeddable":true,"href":"https:\/\/chalons.catholique.fr\/saintleu\/wp-json\/wp\/v2\/comments?post=58"}],"version-history":[{"count":0,"href":"https:\/\/chalons.catholique.fr\/saintleu\/wp-json\/wp\/v2\/pages\/58\/revisions"}],"up":[{"embeddable":true,"href":"https:\/\/chalons.catholique.fr\/saintleu\/wp-json\/wp\/v2\/pages\/26"}],"wp:attachment":[{"href":"https:\/\/chalons.catholique.fr\/saintleu\/wp-json\/wp\/v2\/media?parent=58"}],"curies":[{"name":"wp","href":"https:\/\/api.w.org\/{rel}","templated":true}]}}