{"id":46,"date":"2015-08-26T21:05:58","date_gmt":"2015-08-26T20:05:58","guid":{"rendered":"http:\/\/chalons.catholique.fr\/saintleu\/?page_id=46"},"modified":"2021-03-18T15:09:19","modified_gmt":"2021-03-18T14:09:19","slug":"les-relais-de-villages","status":"publish","type":"page","link":"https:\/\/chalons.catholique.fr\/saintleu\/vie-paroissiale\/les-relais-de-villages\/","title":{"rendered":"Les Relais de Villages"},"content":{"rendered":"<div class=\"fusion-fullwidth fullwidth-box fusion-builder-row-1 hundred-percent-fullwidth non-hundred-percent-height-scrolling\" style=\"--awb-border-radius-top-left:0px;--awb-border-radius-top-right:0px;--awb-border-radius-bottom-right:0px;--awb-border-radius-bottom-left:0px;--awb-overflow:visible;--awb-flex-wrap:wrap;\" ><div class=\"fusion-builder-row fusion-row\"><div class=\"fusion-layout-column fusion_builder_column fusion-builder-column-0 fusion_builder_column_1_1 1_1 fusion-one-full fusion-column-first fusion-column-last\" style=\"--awb-bg-size:cover;\"><div class=\"fusion-column-wrapper fusion-flex-column-wrapper-legacy\"><div class=\"fusion-image-element fusion-image-align-center in-legacy-container\" style=\"text-align:center;--awb-caption-title-font-family:var(--h2_typography-font-family);--awb-caption-title-font-weight:var(--h2_typography-font-weight);--awb-caption-title-font-style:var(--h2_typography-font-style);--awb-caption-title-size:var(--h2_typography-font-size);--awb-caption-title-transform:var(--h2_typography-text-transform);--awb-caption-title-line-height:var(--h2_typography-line-height);--awb-caption-title-letter-spacing:var(--h2_typography-letter-spacing);\"><div class=\"imageframe-align-center\"><span class=\" fusion-imageframe imageframe-none imageframe-1 hover-type-none\" style=\"border:5px solid #000000;\"><img decoding=\"async\" width=\"300\" height=\"225\" title=\"P1000051\" src=\"https:\/\/chalons.catholique.fr\/saintleu\/wp-content\/uploads\/sites\/12\/2015\/08\/P1000051-300x225.jpg\" alt class=\"img-responsive wp-image-211\"\/><\/span><\/div><\/div><div class=\"fusion-clearfix\"><\/div><\/div><\/div><div class=\"fusion-layout-column fusion_builder_column fusion-builder-column-1 fusion_builder_column_1_1 1_1 fusion-one-full fusion-column-first fusion-column-last\" style=\"--awb-bg-size:cover;\"><div class=\"fusion-column-wrapper fusion-flex-column-wrapper-legacy\"><div class=\"fusion-sep-clear\"><\/div><div class=\"fusion-separator fusion-full-width-sep\" style=\"margin-left: auto;margin-right: auto;width:100%;\"><div class=\"fusion-separator-border sep-single sep-solid\" style=\"--awb-height:20px;--awb-amount:20px;border-color:#e0dede;border-top-width:1px;\"><\/div><\/div><div class=\"fusion-sep-clear\"><\/div><div class=\"fusion-clearfix\"><\/div><\/div><\/div><div class=\"fusion-layout-column fusion_builder_column fusion-builder-column-2 fusion_builder_column_1_1 1_1 fusion-one-full fusion-column-first fusion-column-last fusion-column-no-min-height\" style=\"--awb-bg-size:cover;--awb-margin-bottom:0px;\"><div class=\"fusion-column-wrapper fusion-flex-column-wrapper-legacy\"><div class=\"fusion-text fusion-text-1\"><h2 class=\"fusion-responsive-typography-calculated\" style=\"text-align: center; --fontsize: 20; line-height: 1.5; --minfontsize: 20;\" data-fontsize=\"20\" data-lineheight=\"30px\">LEUR R\u00d4LE :<\/h2>\n<p style=\"text-align: center;\">\u00ab\u00a0Des personnes relais, dans les villages et les quartiers, assurent l<strong>a mission de faire le lien entre leur communaut\u00e9 locale et les diff\u00e9rentes personnes en responsabilit\u00e9 dans la vie paroissiale<\/strong>\u00ab\u00a0.<br \/>Pour signifier un v\u00e9ritable t\u00e9moignage d&rsquo;\u00c9glise, cette mission demande \u00e0 \u00eatre v\u00e9cue en \u00e9quipe, en effet une<strong> \u00e9quipe<\/strong> introduit une notion de permanence, de soutien mutuel et, surtout, une dimension spirituelle.<br \/>C&rsquo;est la proximit\u00e9 g\u00e9ographique qui invite quelques chr\u00e9tiens \u00e0 former une \u00e9quipe relais : habitants d&rsquo;un m\u00eame village, ou de villages voisins.<br \/>L&rsquo;Eglise veut rester proche de chacun, dans un monde qui change. Le dioc\u00e8se, la paroisse sont des \u00e9l\u00e9ments n\u00e9cessaires de sa vie institutionnelle. <strong>Les \u00e9quipes relais sont les cellules vivantes qui lui permettent d&rsquo;aller \u00e0 la rencontre de tous<\/strong>.<br \/>L&rsquo;\u00e9quipe relais est en lien avec l&rsquo;Equipe Pastorale pour la Conduite de la Paroisse, ainsi qu&rsquo;avec les diff\u00e9rents responsables paroissiaux : du Secours Catholique, des visites aux malades, de l&rsquo;accompagnement des familles en deuil et de la c\u00e9l\u00e9bration des obs\u00e8ques, de la cat\u00e9ch\u00e8se des enfants, de la pr\u00e9paration au bapt\u00eame, du cat\u00e9chum\u00e9nat, des mouvements, etc.\u2026<br \/>Elle peut ainsi signaler \u00e0 tel ou tel responsable une situation qui demande son attention, et aussi renseigner les habitants du quartier ou du village au sujet de la vie de l&rsquo;Eglise.<\/p>\n<p style=\"text-align: center;\"><span style=\"text-decoration: underline;\">VAL DES MARAIS<\/span><\/p>\n<p style=\"text-align: center;\">Mme Genevi\u00e8ve LALIRE 51130 AULNIZEUX<br \/>Mme Gis\u00e8le LALIRE 59 rue Saint Gond 51130 COLIGNY 03 26 52 23 59<br \/>Mme Jeannine TRIQUENOT 2 rue Mont Aim\u00e9 51130 COLIGNY 03 26 52 24 26<br \/>Mme Roberte TRIQUENOT 4 Route d&rsquo;Aulnay aux Planches 51130 COLIGNY 03 26 52 26<\/p>\n<p style=\"text-align: center;\"><span style=\"text-decoration: underline;\">ETRECHY \/ SOULIERES \/ GIVRY LOISY<\/span><\/p>\n<p style=\"text-align: center;\">Mme Chantal CABY 31 Grande Rue 51130 ETRECHY 03 26 52 15 95<br \/>Mme Fran\u00e7oise REGNAULT 3 grande rue 51130 ETRECHY 03 26 52 27 27<br \/>Mme Jacqueline ROUX 3 rue de Vertus 51130 SOULIERES 03 26 52 10 50<br \/>Mr Patrice DENIS 64 rue 3 Fontaines 51130 GIVRY LES LOISY 03 26 59 31 92<br \/>Mme Caroline FREMY 38 rue 3 Fontaines 51130 GIVRY LES LOISY 06 13 77 29 27<\/p>\n<p style=\"text-align: center;\"><span style=\"text-decoration: underline;\">BERGERES LES VERTUS<\/span><\/p>\n<p style=\"text-align: center;\">M. Michel GOFFIN Ferme du Puit 51130 BERGERES LES VERTUS 03 26 52 21 05<br \/>Mme Claire DENEUFCHATEL 41 rue du Mont Aim\u00e9 51130 BERGERES LES VERTUS 03 26 59 19 78<br \/>Mme Carole VERUT 61 avenue Comtes de Champagne 51130 BERGERES LES VERTUS 03 26 52 18 11<br \/>Mme Genevi\u00e8ve ADNOT 33 route de Vertus 51130 BERGERES LES VERTUS 03 26 52 1 34<\/p>\n<p style=\"text-align: center;\"><span style=\"text-decoration: underline;\">PIERRE-MORAINS \/ TRECON \/ CLAMANGES \/ ECURY<\/span><\/p>\n<p style=\"text-align: center;\">Mme Mich\u00e8le POIRET 20 rue des Tilleuls 51130 PIERRE MORAINS 03 26 52 27 94<br \/>Mme Marie Pierre GILLES 49 rue des Tilleuls 51130 PIERRE MORAINS 03 26 52 01 95<br \/>Mme Sylvette LESEURRE 51230 ECURY LE REPOS 03 26 52 27 99<br \/><span style=\"background-color: rgba(255, 255, 255, 0); color: var(--body_typography-color); font-family: var(--body_typography-font-family); font-size: var(--body_typography-font-size); font-style: var(--body_typography-font-style,normal); font-weight: var(--body_typography-font-weight); letter-spacing: var(--body_typography-letter-spacing);\">Mireille CHAMPENOIS 51230 ECURY LE REPOS 06.58.16.27.11<br \/><\/span>Mme Chantal GROSJEAN 14 rue M\u00e9lina Grosjean 51130 TRECON 03 26 66 40 93<br \/>Mme Claudine GROSJEAN 5 rue M\u00e9lina Grosjean 51130 TRECON 03 26 66 40 85<br \/>Mme Raymonde FERRAND 1 route d&rsquo;Ecury 51130 CLAMANGES 03 26 66 42 71<br \/>Mme Sandrine COULMIER Rue Nicolas Cl\u00e9mangis 51130 CLAMANGES 03 26 66 45 20<br \/>Mme Monique LEHERLE 41 rue Jean Brion 51130 CLAMANGES 03 26 66 44 32<\/p>\n<p style=\"text-align: center;\"><span style=\"text-decoration: underline;\">VERTUS \/ VOIPREUX \/ VILLERS \/ GIONGES<\/span><\/p>\n<p style=\"text-align: center;\">Mme M. Madeleine CHARPENTIER 27 Rue du 28\/8\/44 51130 VERTUS 03 26 52 15 98<br \/>Mme Marie Jo DECARREAUX 5 Cour Coger 51130 VERTUS 03 26 52 10 59<br \/>Mme Jeannine LEFEVRE 5 bld Jean Brion Chalons 51130 VERTUS 03 26 52 16 26<br \/>Mme Mireille PRIEUR Chemin Gillottes 51130 VERTUS 03 26 52 26 01<br \/>Mme Manuela PERROT 26 rue du G\u00e9n\u00e9ral Koenig 51130 VERTUS 03 26 52 10 04<br \/>Mme Marie Anne CONTAL 20 Chemin des 7 Moulins 51130 VERTUS 03 26 51 98 00<br \/>Mme Francine COLLARD 22 Chemin des 7 Moulins 51130 VERTUS 03 26 52 02 11<br \/>Mr Dominique LAROCHE 6 rue des Fauvettes 51130 VERTUS 03.51.61.52.15<br \/>Mme M. Fran\u00e7oise DIERYCKXVISSCHERS 7 rue Loriots 51130 VERTUS 03 26 52 16 47<br \/>Mme Genevi\u00e8ve PERSON 18 rue de la Berle 51130 VOIPREUX 03 26 52 26 61<br \/>Mme Daniele MAUGET 17 La Crolliere 51130 GIONGES 03 26 57 91 24<\/p>\n<\/div><div class=\"fusion-clearfix\"><\/div><\/div><\/div><\/div><\/div>\n","protected":false},"excerpt":{"rendered":"","protected":false},"author":15,"featured_media":0,"parent":24,"menu_order":4,"comment_status":"closed","ping_status":"closed","template":"","meta":{"xn-wppe-expiration":[],"xn-wppe-expiration-action":[],"xn-wppe-expiration-prefix":[],"footnotes":""},"_links":{"self":[{"href":"https:\/\/chalons.catholique.fr\/saintleu\/wp-json\/wp\/v2\/pages\/46"}],"collection":[{"href":"https:\/\/chalons.catholique.fr\/saintleu\/wp-json\/wp\/v2\/pages"}],"about":[{"href":"https:\/\/chalons.catholique.fr\/saintleu\/wp-json\/wp\/v2\/types\/page"}],"author":[{"embeddable":true,"href":"https:\/\/chalons.catholique.fr\/saintleu\/wp-json\/wp\/v2\/users\/15"}],"replies":[{"embeddable":true,"href":"https:\/\/chalons.catholique.fr\/saintleu\/wp-json\/wp\/v2\/comments?post=46"}],"version-history":[{"count":0,"href":"https:\/\/chalons.catholique.fr\/saintleu\/wp-json\/wp\/v2\/pages\/46\/revisions"}],"up":[{"embeddable":true,"href":"https:\/\/chalons.catholique.fr\/saintleu\/wp-json\/wp\/v2\/pages\/24"}],"wp:attachment":[{"href":"https:\/\/chalons.catholique.fr\/saintleu\/wp-json\/wp\/v2\/media?parent=46"}],"curies":[{"name":"wp","href":"https:\/\/api.w.org\/{rel}","templated":true}]}}