{"id":42,"date":"2015-08-26T21:02:27","date_gmt":"2015-08-26T20:02:27","guid":{"rendered":"http:\/\/chalons.catholique.fr\/saintleu\/?page_id=42"},"modified":"2020-10-20T15:31:28","modified_gmt":"2020-10-20T14:31:28","slug":"conseil-pastoral","status":"publish","type":"page","link":"https:\/\/chalons.catholique.fr\/saintleu\/vie-paroissiale\/conseil-pastoral\/","title":{"rendered":"Conseil Pastoral"},"content":{"rendered":"<div class=\"fusion-fullwidth fullwidth-box fusion-builder-row-1 hundred-percent-fullwidth non-hundred-percent-height-scrolling\" style=\"--awb-border-radius-top-left:0px;--awb-border-radius-top-right:0px;--awb-border-radius-bottom-right:0px;--awb-border-radius-bottom-left:0px;--awb-overflow:visible;--awb-flex-wrap:wrap;\" ><div class=\"fusion-builder-row fusion-row\"><div class=\"fusion-layout-column fusion_builder_column fusion-builder-column-0 fusion_builder_column_1_1 1_1 fusion-one-full fusion-column-first fusion-column-last fusion-column-no-min-height\" style=\"--awb-bg-size:cover;--awb-margin-bottom:0px;\"><div class=\"fusion-column-wrapper fusion-flex-column-wrapper-legacy\"><div class=\"fusion-image-element in-legacy-container\" style=\"--awb-caption-title-font-family:var(--h2_typography-font-family);--awb-caption-title-font-weight:var(--h2_typography-font-weight);--awb-caption-title-font-style:var(--h2_typography-font-style);--awb-caption-title-size:var(--h2_typography-font-size);--awb-caption-title-transform:var(--h2_typography-text-transform);--awb-caption-title-line-height:var(--h2_typography-line-height);--awb-caption-title-letter-spacing:var(--h2_typography-letter-spacing);\"><span class=\" fusion-imageframe imageframe-none imageframe-1 hover-type-none\"> <img alt=\"\" class=\"img-responsive\"\/><\/span><\/div><div class=\"fusion-clearfix\"><\/div><\/div><\/div><div class=\"fusion-layout-column fusion_builder_column fusion-builder-column-1 fusion_builder_column_1_1 1_1 fusion-one-full fusion-column-first fusion-column-last\" style=\"--awb-bg-size:cover;\"><div class=\"fusion-column-wrapper fusion-flex-column-wrapper-legacy\"><div class=\"fusion-sep-clear\"><\/div><div class=\"fusion-separator fusion-full-width-sep\" style=\"margin-left: auto;margin-right: auto;width:100%;\"><div class=\"fusion-separator-border sep-single sep-solid\" style=\"--awb-height:20px;--awb-amount:20px;border-color:#e0dede;border-top-width:1px;\"><\/div><\/div><div class=\"fusion-sep-clear\"><\/div><div class=\"fusion-clearfix\"><\/div><\/div><\/div><div class=\"fusion-layout-column fusion_builder_column fusion-builder-column-2 fusion_builder_column_1_1 1_1 fusion-one-full fusion-column-first fusion-column-last fusion-column-no-min-height\" style=\"--awb-bg-size:cover;--awb-margin-bottom:0px;\"><div class=\"fusion-column-wrapper fusion-flex-column-wrapper-legacy\"><div class=\"fusion-text fusion-text-1\"><p style=\"text-align: center\">LE CONSEIL PASTORAL<\/p>\n<p style=\"text-align: center\">Il a pour r\u00f4le de prendre toute d\u00e9cision,\u00a0 il analyse les besoins pour l&rsquo;\u00e9vang\u00e9lisation et la vie la paroisse, il propose des projets et les \u00e9value\u00a0\u00a0:<br \/>\n&#8211; calendrier des messes,<br \/>\n&#8211; manifestations,<br \/>\n&#8211; th\u00e8me d\u2019ann\u00e9e,<br \/>\n&#8211; informations dioc\u00e9saines,<br \/>\n&#8211; pr\u00e9parations des f\u00eates\u2026<br \/>\n&#8211; formations<\/p>\n<p style=\"text-align: center\"><strong>Sa composition <\/strong>:<br \/>\nL\u2019abb\u00e9 Fran\u00e7ois de Mianville<\/p>\n<p style=\"text-align: center\">Sandrine GUICHON<\/p>\n<p style=\"text-align: center\">Monique LEHERLE<\/p>\n<p style=\"text-align: center\">Roberte TRIQUENOT<\/p>\n<p style=\"text-align: center\">Vincent PRIEUR<\/p>\n<p style=\"text-align: center\">Mich\u00e8le POIRET<br \/>\nMarie Laure Werbrouck,<br \/>\nMarie Madeleine CHARPENTIER,<br \/>\nDominique LAROCHE,<br \/>\nBernard POUGEOISE,<br \/>\nMarie-Brigitte POUGEOISE,<\/p>\n<\/div><div class=\"fusion-clearfix\"><\/div><\/div><\/div><\/div><\/div>\n","protected":false},"excerpt":{"rendered":"","protected":false},"author":15,"featured_media":0,"parent":24,"menu_order":3,"comment_status":"closed","ping_status":"closed","template":"","meta":{"xn-wppe-expiration":[],"xn-wppe-expiration-action":[],"xn-wppe-expiration-prefix":[],"footnotes":""},"_links":{"self":[{"href":"https:\/\/chalons.catholique.fr\/saintleu\/wp-json\/wp\/v2\/pages\/42"}],"collection":[{"href":"https:\/\/chalons.catholique.fr\/saintleu\/wp-json\/wp\/v2\/pages"}],"about":[{"href":"https:\/\/chalons.catholique.fr\/saintleu\/wp-json\/wp\/v2\/types\/page"}],"author":[{"embeddable":true,"href":"https:\/\/chalons.catholique.fr\/saintleu\/wp-json\/wp\/v2\/users\/15"}],"replies":[{"embeddable":true,"href":"https:\/\/chalons.catholique.fr\/saintleu\/wp-json\/wp\/v2\/comments?post=42"}],"version-history":[{"count":0,"href":"https:\/\/chalons.catholique.fr\/saintleu\/wp-json\/wp\/v2\/pages\/42\/revisions"}],"up":[{"embeddable":true,"href":"https:\/\/chalons.catholique.fr\/saintleu\/wp-json\/wp\/v2\/pages\/24"}],"wp:attachment":[{"href":"https:\/\/chalons.catholique.fr\/saintleu\/wp-json\/wp\/v2\/media?parent=42"}],"curies":[{"name":"wp","href":"https:\/\/api.w.org\/{rel}","templated":true}]}}