{"id":37,"date":"2015-08-26T20:57:29","date_gmt":"2015-08-26T19:57:29","guid":{"rendered":"http:\/\/chalons.catholique.fr\/saintleu\/?page_id=37"},"modified":"2021-03-02T18:17:21","modified_gmt":"2021-03-02T17:17:21","slug":"equipe-de-conduite","status":"publish","type":"page","link":"https:\/\/chalons.catholique.fr\/saintleu\/vie-paroissiale\/equipe-de-conduite\/","title":{"rendered":"Equipe de Conduite"},"content":{"rendered":"<div class=\"fusion-fullwidth fullwidth-box fusion-builder-row-1 hundred-percent-fullwidth non-hundred-percent-height-scrolling\" style=\"--awb-border-radius-top-left:0px;--awb-border-radius-top-right:0px;--awb-border-radius-bottom-right:0px;--awb-border-radius-bottom-left:0px;--awb-overflow:visible;--awb-flex-wrap:wrap;\" ><div class=\"fusion-builder-row fusion-row\"><div class=\"fusion-layout-column fusion_builder_column fusion-builder-column-0 fusion_builder_column_1_1 1_1 fusion-one-full fusion-column-first fusion-column-last fusion-column-no-min-height\" style=\"--awb-bg-size:cover;--awb-margin-bottom:0px;\"><div class=\"fusion-column-wrapper fusion-flex-column-wrapper-legacy\"><div class=\"fusion-title title fusion-title-1 fusion-sep-none fusion-title-center fusion-title-text fusion-title-size-two\"><h2 class=\"fusion-title-heading title-heading-center\" style=\"margin:0;\">L&rsquo;\u00c9QUIPE PASTORALE DE CONDUITE<\/h2><\/div><div class=\"fusion-text fusion-text-1\"><p style=\"text-align: left\">Le cur\u00e9 de la paroisse porte la responsabilit\u00e9 de toute l&rsquo;activit\u00e9 eccl\u00e9siale mais il lui faut, aujourd&rsquo;hui plus que jamais, vivre son minist\u00e8re en coresponsabilit\u00e9 avec les autres acteurs de la mission de l&rsquo;Eglise (diacres, religieux, la\u00efcs), chacun selon son originalit\u00e9. Et m\u00eame, allant plus loin, l&rsquo;urgence de l<strong>a situation actuelle demande que des la\u00efcs soient associ\u00e9s \u00e0 l&rsquo;exercice de la charge pastorale. <\/strong>Ainsi, une Equipe Pastorale de Conduite de la paroisse se constitue autour du cur\u00e9 pour collaborer \u00e0 sa charge pastorale en organisant, coordonnant et dynamisant avec lui l&rsquo;activit\u00e9 eccl\u00e9siale au quotidien. Les membres de l&rsquo;Equipe ne font pas tout mais il<strong>s veillent \u00e0 la r\u00e9partition des t\u00e2ches et \u00e0 la r\u00e9alisation des activit\u00e9<\/strong>s, tout cela dans un esprit \u00e9vang\u00e9lique. Ils trouvent leur dynamisme dans la pri\u00e8re et l&rsquo;\u00e9coute de la Parole de Dieu.<\/p>\n<p style=\"text-align: left\">Autour de l\u2019abb\u00e9 Fran\u00e7ois de Mianville, forment maintenant cette nouvelle \u00e9quipe de conduite :<\/p>\n<ul>\n<li style=\"text-align: left\"><strong>Monique Leherle<\/strong>, de Clamanges, pour le \u00abc\u00e9l\u00e9brer \u00bb.<\/li>\n<li style=\"text-align: left\"><strong>Catherine Nares<\/strong>, de Vertus, pour le \u00ab\u00a0t\u00e9moigner\u00a0\u00bb<\/li>\n<li style=\"text-align: left\"><strong>Roberte Triquenot,<\/strong> de Coligny, pour le \u00abservir \u00bb.<\/li>\n<li style=\"text-align: left\"><strong>Vincent\u00a0Prieur<\/strong>, de Vertus,\u00a0 pour l\u2019 \u00abintendance \u00bb.<\/li>\n<\/ul>\n<\/div><div class=\"fusion-clearfix\"><\/div><\/div><\/div><\/div><\/div>\n","protected":false},"excerpt":{"rendered":"","protected":false},"author":15,"featured_media":0,"parent":24,"menu_order":2,"comment_status":"closed","ping_status":"closed","template":"","meta":{"xn-wppe-expiration":[],"xn-wppe-expiration-action":[],"xn-wppe-expiration-prefix":[],"footnotes":""},"_links":{"self":[{"href":"https:\/\/chalons.catholique.fr\/saintleu\/wp-json\/wp\/v2\/pages\/37"}],"collection":[{"href":"https:\/\/chalons.catholique.fr\/saintleu\/wp-json\/wp\/v2\/pages"}],"about":[{"href":"https:\/\/chalons.catholique.fr\/saintleu\/wp-json\/wp\/v2\/types\/page"}],"author":[{"embeddable":true,"href":"https:\/\/chalons.catholique.fr\/saintleu\/wp-json\/wp\/v2\/users\/15"}],"replies":[{"embeddable":true,"href":"https:\/\/chalons.catholique.fr\/saintleu\/wp-json\/wp\/v2\/comments?post=37"}],"version-history":[{"count":0,"href":"https:\/\/chalons.catholique.fr\/saintleu\/wp-json\/wp\/v2\/pages\/37\/revisions"}],"up":[{"embeddable":true,"href":"https:\/\/chalons.catholique.fr\/saintleu\/wp-json\/wp\/v2\/pages\/24"}],"wp:attachment":[{"href":"https:\/\/chalons.catholique.fr\/saintleu\/wp-json\/wp\/v2\/media?parent=37"}],"curies":[{"name":"wp","href":"https:\/\/api.w.org\/{rel}","templated":true}]}}