{"id":29,"date":"2015-07-15T16:39:27","date_gmt":"2015-07-15T15:39:27","guid":{"rendered":"http:\/\/chalons.catholique.fr\/saintleu\/?page_id=29"},"modified":"2021-03-18T14:46:58","modified_gmt":"2021-03-18T13:46:58","slug":"mouvements","status":"publish","type":"page","link":"https:\/\/chalons.catholique.fr\/saintleu\/mouvements\/","title":{"rendered":"Mouvements"},"content":{"rendered":"<div class=\"fusion-fullwidth fullwidth-box fusion-builder-row-1 hundred-percent-fullwidth non-hundred-percent-height-scrolling\" style=\"--awb-border-radius-top-left:0px;--awb-border-radius-top-right:0px;--awb-border-radius-bottom-right:0px;--awb-border-radius-bottom-left:0px;--awb-overflow:visible;--awb-flex-wrap:wrap;\" ><div class=\"fusion-builder-row fusion-row\"><div class=\"fusion-layout-column fusion_builder_column fusion-builder-column-0 fusion_builder_column_1_1 1_1 fusion-one-full fusion-column-first fusion-column-last fusion-column-no-min-height\" style=\"--awb-bg-size:cover;--awb-margin-bottom:0px;\"><div class=\"fusion-column-wrapper fusion-flex-column-wrapper-legacy\"><div class=\"fusion-text fusion-text-1\"><p style=\"text-align: center;\"><strong>C.M.R<\/strong><\/p>\n<hr \/>\n<\/div><div class=\"fusion-text fusion-text-2\"><div class=\"titre\" style=\"text-align: center;\"><strong>C.M.R. : Chr\u00e9tiens du Monde Rural<\/strong><\/div>\n<div class=\"tbl\">\n<div>\n<p style=\"text-align: center;\">CMR, c\u2019est \u00e0 dire \u00a0<strong>C<\/strong>hr\u00e9tien dans le <strong>m<\/strong>onde <strong>r<\/strong>ural, ce mouvement d\u2019action catholique \u00a0consiste \u00e0 permettre aux personnes qui s\u2019y engagent d\u2019atteindre les objectifs qu\u2019elles se fixent, c\u2019est-\u00e0-dire en tant qu\u2019hommes et chr\u00e9tiens \u201c de relier la vie quotidienne \u00e0 la vie chr\u00e9tienne \u201d.<\/p>\n<p style=\"text-align: center;\"><strong>Fonctionnement <\/strong>:<\/p>\n<p style=\"text-align: center;\">Le bureau f\u00e9d\u00e9ral du CMR assure la liaison entre le CMR national et les \u00e9quipes de base. Il assure la vitalit\u00e9 du mouvement au niveau du dioc\u00e8se en diffusant des informations et des propositions de r\u00e9flexion \u00e0 engager sur des sujets d\u2019actualit\u00e9 ou propos\u00e9s au niveau national.<br \/><strong>\u00c9quipe de base<\/strong> : c\u2019est la plus petite cellule, les personnes, hommes ou femmes, seules ou en couple, jeunes ou plus \u00e2g\u00e9es qui d\u00e9cident de s\u2019engager en \u00e9quipe locale, se rencontrent une fois par mois ou toutes les 6 semaines.<br \/>Il n\u2019y a pas d\u2019image d\u2019\u00e9quipe \u201c type \u201d ; chacune a sa particularit\u00e9, sa composition propre, son mode de fonctionnement, fixe l\u2019ordre du jour de ses rencontres sur les sujets que les membres choisissent. Certaines \u00e9quipes ont la chance d\u2019avoir un aum\u00f4nier, d\u2019autres, de temps en temps, un pr\u00eatre accompagnateur qui aide \u00e0 avoir un regard chr\u00e9tien. Dans l\u2019\u00e9quipe, chacun s\u2019engage en toute franchise sur le sujet \u00e9tudi\u00e9 et \u00e9change avec les autres membres<br \/>Sur notre paroisse, une \u00e9quipe existe compos\u00e9e de 8 personnes accompagn\u00e9es d\u2019un pr\u00eatre, le P\u00e8re Jo\u00ebl MORLET.<br \/>Mr Dominique LAROCHE, membre de l\u2019\u00e9quipe locale et membre du bureau dioc\u00e9sain peut \u00eatre contact\u00e9 au 03.26.52.12.50 ou par mail : dominique.laroche@neuf.fr<\/p>\n<p style=\"text-align: center;\">Exemples de th\u00e8mes abord\u00e9s :<\/p>\n<p style=\"text-align: center;\">\u2013 Partager plus pour vivre plus,<br \/>\u2013 R\u00e9flexion sur la parit\u00e9,<br \/>\u2013 \u00ab La morosit\u00e9 ambiante \u00bb,<br \/>\u2013 Le r\u00f4le des p\u00e8res dans la cellule familiale,<br \/>\u2013 R\u00e9flexions et r\u00e9actions sur le film \u00ab Intouchables \u00bbetc..<\/p>\n<\/div>\n<\/div>\n<\/div><div class=\"fusion-title title fusion-title-1 fusion-sep-none fusion-title-center fusion-title-text fusion-title-size-two\"><h2 class=\"fusion-title-heading title-heading-center\" style=\"margin:0;\">M.C.R<\/h2><\/div><div class=\"fusion-text fusion-text-3\"><div class=\"titre\" style=\"text-align: center;\"><strong>M.C.R. : Mouvement des Chr\u00e9tiens Retrait\u00e9s<\/strong><\/div>\n<div class=\"tbl\">\n<div>\n<p style=\"text-align: center;\">La vie ne s\u2019ach\u00e8ve pas avec la fin de l\u2019activit\u00e9 professionnelle. Le M.C.R. est le mouvement qui offre aux retrait\u00e9s une nouvelle vie. De toutes cat\u00e9gories sociales, de tous \u00e2ges, partageant les m\u00eames conceptions de l\u2019existence, vivant les m\u00eames difficult\u00e9s, anim\u00e9s par la m\u00eame foi, des retrait\u00e9s se sont retrouv\u00e9s pour fonder le Mouvement chr\u00e9tien des retrait\u00e9s.<\/p>\n<p style=\"text-align: center;\"><strong>QUE FAISONS-NOUS ?<\/strong><\/p>\n<p style=\"text-align: center;\"><strong><br \/><\/strong>Le M.C.R agit en fonction des r\u00e9alit\u00e9s locales pour r\u00e9soudre les probl\u00e8mes de la vie. Ils participent activement \u00e0 la vie \u00e9conomique et sociale ; ils sont engag\u00e9s par le biais d\u2019associations dans tous les secteurs : soutien scolaire, alphab\u00e9tisation, aide aux personnes \u00e2g\u00e9es, handicap\u00e9es. Des retrait\u00e9s chr\u00e9tiens prennent une part active \u00e0 la vie de l\u2019\u00c9glise<br \/>Sur notre paroisse, une \u00e9quipe se r\u00e9unit le 2er lundi de chaque mois \u00e0 14h \u00e0 la Salle Jeanne D\u2019arc. Un th\u00e8me est propos\u00e9 pour toute l\u2019ann\u00e9e (exemple : \u00ab La rencontre de l\u2019Autre, accueillir la diff\u00e9rence \u00bb), avec 6 rencontres au niveau paroissial et 2 rencontres communes pour le dioc\u00e8se.<br \/>Elle accueille tous les retrait\u00e9s volontaires.<\/p>\n<\/div>\n<\/div>\n<\/div><div class=\"fusion-clearfix\"><\/div><\/div><\/div><\/div><\/div>\n","protected":false},"excerpt":{"rendered":"","protected":false},"author":1,"featured_media":0,"parent":0,"menu_order":7,"comment_status":"closed","ping_status":"closed","template":"","meta":{"xn-wppe-expiration":[],"xn-wppe-expiration-action":[],"xn-wppe-expiration-prefix":[],"footnotes":""},"_links":{"self":[{"href":"https:\/\/chalons.catholique.fr\/saintleu\/wp-json\/wp\/v2\/pages\/29"}],"collection":[{"href":"https:\/\/chalons.catholique.fr\/saintleu\/wp-json\/wp\/v2\/pages"}],"about":[{"href":"https:\/\/chalons.catholique.fr\/saintleu\/wp-json\/wp\/v2\/types\/page"}],"author":[{"embeddable":true,"href":"https:\/\/chalons.catholique.fr\/saintleu\/wp-json\/wp\/v2\/users\/1"}],"replies":[{"embeddable":true,"href":"https:\/\/chalons.catholique.fr\/saintleu\/wp-json\/wp\/v2\/comments?post=29"}],"version-history":[{"count":0,"href":"https:\/\/chalons.catholique.fr\/saintleu\/wp-json\/wp\/v2\/pages\/29\/revisions"}],"wp:attachment":[{"href":"https:\/\/chalons.catholique.fr\/saintleu\/wp-json\/wp\/v2\/media?parent=29"}],"curies":[{"name":"wp","href":"https:\/\/api.w.org\/{rel}","templated":true}]}}