{"id":26,"date":"2015-07-15T16:38:51","date_gmt":"2015-07-15T15:38:51","guid":{"rendered":"http:\/\/chalons.catholique.fr\/saintleu\/?page_id=26"},"modified":"2018-06-06T15:01:26","modified_gmt":"2018-06-06T14:01:26","slug":"organisation","status":"publish","type":"page","link":"https:\/\/chalons.catholique.fr\/saintleu\/organisation\/","title":{"rendered":"Vie chr\u00e9tienne"},"content":{"rendered":"<div class=\"fusion-fullwidth fullwidth-box fusion-builder-row-1 hundred-percent-fullwidth non-hundred-percent-height-scrolling\" style=\"--awb-border-radius-top-left:0px;--awb-border-radius-top-right:0px;--awb-border-radius-bottom-right:0px;--awb-border-radius-bottom-left:0px;--awb-overflow:visible;--awb-flex-wrap:wrap;\" ><div class=\"fusion-builder-row fusion-row\"><div class=\"fusion-layout-column fusion_builder_column fusion-builder-column-0 fusion_builder_column_1_3 1_3 fusion-one-third fusion-column-first\" style=\"--awb-bg-size:cover;width:30.6666%; margin-right: 4%;\"><div class=\"fusion-column-wrapper fusion-flex-column-wrapper-legacy\"><div class=\"fusion-flip-boxes flip-boxes row fusion-columns-1 flip-effect-classic\"><div class=\"fusion-flip-box-wrapper fusion-column col-lg-12 col-md-12 col-sm-12\"><div class=\"fusion-flip-box flip-right\" tabindex=\"0\"><div class=\"flip-box-inner-wrapper\"><div class=\"flip-box-front\" style=\"--awb-border-size:1px;--awb-border-radius:4px;--awb-background-color-front:#c62d56;\"><div class=\"flip-box-front-inner\"><h2 class=\"flip-box-heading without-text\">Sacrements<\/h2><\/div><\/div><div class=\"flip-box-back\" style=\"--awb-border-size:1px;--awb-border-radius:4px;--awb-background-color-back:#dd5d5d;\"><div class=\"flip-box-back-inner\"><h3 class=\"flip-box-heading-back\">Les diff\u00e9rents Sacrements<\/h3>\n<p style=\"text-align: center\">Vous y trouverez ici m\u00eame, les diff\u00e9rents sacrements \u00e0 parcourir le long de la vie chr\u00e9tienne.<\/p>\n<p style=\"text-align: center\"><a href=\"https:\/\/chalons.catholique.fr\/saintleu\/organisation\/sacrements\/\">cliquez ici<\/a><\/p>\n<\/div><\/div><\/div><\/div><\/div><\/div><div class=\"clearfix\"><\/div><div class=\"fusion-clearfix\"><\/div><\/div><\/div><div class=\"fusion-layout-column fusion_builder_column fusion-builder-column-1 fusion_builder_column_1_3 1_3 fusion-one-third\" style=\"--awb-bg-size:cover;width:30.6666%; margin-right: 4%;\"><div class=\"fusion-column-wrapper fusion-flex-column-wrapper-legacy\"><div class=\"fusion-flip-boxes flip-boxes row fusion-columns-1 flip-effect-classic\"><div class=\"fusion-flip-box-wrapper fusion-column col-lg-12 col-md-12 col-sm-12\"><div class=\"fusion-flip-box flip-right\" tabindex=\"0\"><div class=\"flip-box-inner-wrapper\"><div class=\"flip-box-front\" style=\"--awb-border-size:1px;--awb-border-radius:4px;--awb-background-color-front:#0fb6e0;\"><div class=\"flip-box-front-inner\"><h2 class=\"flip-box-heading without-text\">Cat\u00e9ch\u00e8se<\/h2><\/div><\/div><div class=\"flip-box-back\" style=\"--awb-border-size:1px;--awb-border-radius:4px;--awb-background-color-back:#46b7ce;\"><div class=\"flip-box-back-inner\"><h3 class=\"flip-box-heading-back\">L'apprentissage de la vie de J\u00e9sus<\/h3>\n<p style=\"text-align: center\">Vous y trouverez ici m\u00eame,\u00a0tout sur la cat\u00e9ch\u00e8se.<\/p>\n<p style=\"text-align: center\"><a href=\"https:\/\/chalons.catholique.fr\/saintleu\/organisation\/catechese\/\">cliquez ici<\/a><\/p>\n<\/div><\/div><\/div><\/div><\/div><\/div><div class=\"clearfix\"><\/div><div class=\"fusion-clearfix\"><\/div><\/div><\/div><div class=\"fusion-layout-column fusion_builder_column fusion-builder-column-2 fusion_builder_column_1_3 1_3 fusion-one-third fusion-column-last\" style=\"--awb-bg-size:cover;width:30.6666%;\"><div class=\"fusion-column-wrapper fusion-flex-column-wrapper-legacy\"><div class=\"fusion-flip-boxes flip-boxes row fusion-columns-1 flip-effect-classic\"><div class=\"fusion-flip-box-wrapper fusion-column col-lg-12 col-md-12 col-sm-12\"><div class=\"fusion-flip-box flip-right\" tabindex=\"0\"><div class=\"flip-box-inner-wrapper\"><div class=\"flip-box-front\" style=\"--awb-border-size:1px;--awb-border-radius:4px;--awb-background-color-front:#dd9933;\"><div class=\"flip-box-front-inner\"><h2 class=\"flip-box-heading without-text\">Liturgie<\/h2><\/div><\/div><div class=\"flip-box-back\" style=\"--awb-border-size:1px;--awb-border-radius:4px;--awb-background-color-back:#e0cf33;--awb-title-back-color:#ffffff;\"><div class=\"flip-box-back-inner\"><h3 class=\"flip-box-heading-back\">La vie autour de l'\u00e9glise<\/h3>\n<p style=\"text-align: center\">D\u00e9couvrez l&rsquo;\u00e9quipe liturgique qui pr\u00e9pare nos messes, notre choral ainsi\u00a0que la marche \u00e0 suivre pour un enterrement<\/p>\n<p style=\"text-align: center\"><a href=\"https:\/\/chalons.catholique.fr\/saintleu\/organisation\/liturgie\/\">cliquez ici<\/a><\/p>\n<\/div><\/div><\/div><\/div><\/div><\/div><div class=\"clearfix\"><\/div><div class=\"fusion-clearfix\"><\/div><\/div><\/div><\/div><\/div>\n","protected":false},"excerpt":{"rendered":"","protected":false},"author":1,"featured_media":0,"parent":0,"menu_order":6,"comment_status":"closed","ping_status":"closed","template":"","meta":{"xn-wppe-expiration":[],"xn-wppe-expiration-action":[],"xn-wppe-expiration-prefix":[],"footnotes":""},"_links":{"self":[{"href":"https:\/\/chalons.catholique.fr\/saintleu\/wp-json\/wp\/v2\/pages\/26"}],"collection":[{"href":"https:\/\/chalons.catholique.fr\/saintleu\/wp-json\/wp\/v2\/pages"}],"about":[{"href":"https:\/\/chalons.catholique.fr\/saintleu\/wp-json\/wp\/v2\/types\/page"}],"author":[{"embeddable":true,"href":"https:\/\/chalons.catholique.fr\/saintleu\/wp-json\/wp\/v2\/users\/1"}],"replies":[{"embeddable":true,"href":"https:\/\/chalons.catholique.fr\/saintleu\/wp-json\/wp\/v2\/comments?post=26"}],"version-history":[{"count":0,"href":"https:\/\/chalons.catholique.fr\/saintleu\/wp-json\/wp\/v2\/pages\/26\/revisions"}],"wp:attachment":[{"href":"https:\/\/chalons.catholique.fr\/saintleu\/wp-json\/wp\/v2\/media?parent=26"}],"curies":[{"name":"wp","href":"https:\/\/api.w.org\/{rel}","templated":true}]}}