{"id":102,"date":"2015-09-16T19:56:05","date_gmt":"2015-09-16T18:56:05","guid":{"rendered":"http:\/\/chalons.catholique.fr\/saintleu\/?page_id=102"},"modified":"2020-10-20T16:08:59","modified_gmt":"2020-10-20T15:08:59","slug":"obseques","status":"publish","type":"page","link":"https:\/\/chalons.catholique.fr\/saintleu\/organisation\/liturgie\/obseques\/","title":{"rendered":"Obs\u00e8ques"},"content":{"rendered":"<p>L&rsquo;accueil des familles en deuil est une mission importante dans les paroisses. Les pr\u00eatres ne pouvant plus assurer seuls toutes les c\u00e9r\u00e9monies d\u2019obs\u00e8ques, des la\u00efcs ont pris en charge l\u2019accueil des familles touch\u00e9es par la perte d\u2019un parent.<br \/>\nPour notre paroisse, trois personnes se sont engag\u00e9es pour ce service :<br \/>\n&#8211; <strong>A Vertus <\/strong>:\u00a0 Marie Madeleine CHARPENTIER, T\u00e9l. : 03.26.52.15.98<br \/>\n&#8211; <strong>A Clamanges<\/strong> : Raymonde FERRAND\u00a0 T\u00e9l. : 03.26.66.42.71<br \/>\n&#8211; <strong>A Germinon<\/strong> : Marie Fran\u00e7oise MILLARD\u00a0 T\u00e9l. : 03.26.66.44.16<br \/>\nLors d\u2019un d\u00e9c\u00e8s, la famille n\u2019appelle pas le pr\u00eatre en premier, mais elle contacte :<br \/>\n&#8211; Soit les pompes fun\u00e8bres de son choix,<br \/>\n&#8211; Soit l&rsquo;une de ces 3 personnes.<br \/>\nLorsque seront d\u00e9termin\u00e9s le jour, l\u2019heure et le lieu des obs\u00e8ques, une petite \u00e9quipe de la\u00efcs prendra rendez-vous avec la famille pour pr\u00e9parer la c\u00e9r\u00e9monie.<\/p>\n","protected":false},"excerpt":{"rendered":"<p>L&rsquo;accueil des familles en deuil est une mission importante dans les paroisses. Les pr\u00eatres ne pouvant plus assurer seuls toutes les c\u00e9r\u00e9monies d\u2019obs\u00e8ques, des la\u00efcs ont pris en charge l\u2019accueil des familles touch\u00e9es par la perte d\u2019un parent. Pour notre paroisse, trois personnes se sont engag\u00e9es pour ce service : &#8211; A Vertus :\u00a0 Marie [&hellip;]<\/p>\n","protected":false},"author":15,"featured_media":0,"parent":62,"menu_order":0,"comment_status":"closed","ping_status":"closed","template":"","meta":{"xn-wppe-expiration":[],"xn-wppe-expiration-action":[],"xn-wppe-expiration-prefix":[],"footnotes":""},"_links":{"self":[{"href":"https:\/\/chalons.catholique.fr\/saintleu\/wp-json\/wp\/v2\/pages\/102"}],"collection":[{"href":"https:\/\/chalons.catholique.fr\/saintleu\/wp-json\/wp\/v2\/pages"}],"about":[{"href":"https:\/\/chalons.catholique.fr\/saintleu\/wp-json\/wp\/v2\/types\/page"}],"author":[{"embeddable":true,"href":"https:\/\/chalons.catholique.fr\/saintleu\/wp-json\/wp\/v2\/users\/15"}],"replies":[{"embeddable":true,"href":"https:\/\/chalons.catholique.fr\/saintleu\/wp-json\/wp\/v2\/comments?post=102"}],"version-history":[{"count":0,"href":"https:\/\/chalons.catholique.fr\/saintleu\/wp-json\/wp\/v2\/pages\/102\/revisions"}],"up":[{"embeddable":true,"href":"https:\/\/chalons.catholique.fr\/saintleu\/wp-json\/wp\/v2\/pages\/62"}],"wp:attachment":[{"href":"https:\/\/chalons.catholique.fr\/saintleu\/wp-json\/wp\/v2\/media?parent=102"}],"curies":[{"name":"wp","href":"https:\/\/api.w.org\/{rel}","templated":true}]}}