{"id":100,"date":"2015-09-16T19:55:37","date_gmt":"2015-09-16T18:55:37","guid":{"rendered":"http:\/\/chalons.catholique.fr\/saintleu\/?page_id=100"},"modified":"2020-10-20T16:06:09","modified_gmt":"2020-10-20T15:06:09","slug":"chorale","status":"publish","type":"page","link":"https:\/\/chalons.catholique.fr\/saintleu\/organisation\/liturgie\/chorale\/","title":{"rendered":"Chorale"},"content":{"rendered":"<p>Les r\u00e9p\u00e9titions de notre chorale paroissiale auront lieu tous les deuxi\u00e8mes jeudis soirs de chaque mois,\u00a0 de 20h30 \u00e0 22 h.<\/p>\n<p><strong>Nos diff\u00e9rents animateurs sont <\/strong>:<br \/>\n&#8211; Jean Marc FERRAND, de Clamanges\u00a0\u00a0 T\u00e9l. :03.26.66.44.38<br \/>\nAdresse mail : ferrand.vjm@wanadoo.fr<\/p>\n<p>&#8211; Marie Fran\u00e7oise MILLARD, de Germinon\u00a0 T\u00e9l. : 03.26.66.44.16<br \/>\nAdresse mail : millardnutrition@gmail.com<\/p>\n<p>&#8211; Mireille PRIEUR, de Vertus\u00a0\u00a0 T\u00e9l. : 03.26.52.26.01<br \/>\nAdresse mail : etienne.prieur-diss@wanadoo.fr<\/p>\n<p>&#8211; Marie Claire MANGEOT, de Vertus T\u00e9l. : 03.26.5216.83<\/p>\n<p>Adresse mail : mclairemangeot@orange.fr<\/p>\n<p><strong>TOUTES LES BONNES VOLONTES SONT LES BIENVENUES&#8230;!!!!<\/strong><\/p>\n","protected":false},"excerpt":{"rendered":"<p>Les r\u00e9p\u00e9titions de notre chorale paroissiale auront lieu tous les deuxi\u00e8mes jeudis soirs de chaque mois,\u00a0 de 20h30 \u00e0 22 h. Nos diff\u00e9rents animateurs sont : &#8211; Jean Marc FERRAND, de Clamanges\u00a0\u00a0 T\u00e9l. :03.26.66.44.38 Adresse mail : ferrand.vjm@wanadoo.fr &#8211; Marie Fran\u00e7oise MILLARD, de Germinon\u00a0 T\u00e9l. : 03.26.66.44.16 Adresse mail : millardnutrition@gmail.com &#8211; Mireille PRIEUR, de [&hellip;]<\/p>\n","protected":false},"author":15,"featured_media":0,"parent":62,"menu_order":0,"comment_status":"closed","ping_status":"closed","template":"","meta":{"xn-wppe-expiration":[],"xn-wppe-expiration-action":[],"xn-wppe-expiration-prefix":[],"footnotes":""},"_links":{"self":[{"href":"https:\/\/chalons.catholique.fr\/saintleu\/wp-json\/wp\/v2\/pages\/100"}],"collection":[{"href":"https:\/\/chalons.catholique.fr\/saintleu\/wp-json\/wp\/v2\/pages"}],"about":[{"href":"https:\/\/chalons.catholique.fr\/saintleu\/wp-json\/wp\/v2\/types\/page"}],"author":[{"embeddable":true,"href":"https:\/\/chalons.catholique.fr\/saintleu\/wp-json\/wp\/v2\/users\/15"}],"replies":[{"embeddable":true,"href":"https:\/\/chalons.catholique.fr\/saintleu\/wp-json\/wp\/v2\/comments?post=100"}],"version-history":[{"count":0,"href":"https:\/\/chalons.catholique.fr\/saintleu\/wp-json\/wp\/v2\/pages\/100\/revisions"}],"up":[{"embeddable":true,"href":"https:\/\/chalons.catholique.fr\/saintleu\/wp-json\/wp\/v2\/pages\/62"}],"wp:attachment":[{"href":"https:\/\/chalons.catholique.fr\/saintleu\/wp-json\/wp\/v2\/media?parent=100"}],"curies":[{"name":"wp","href":"https:\/\/api.w.org\/{rel}","templated":true}]}}