{"id":1326,"date":"2015-06-01T11:51:59","date_gmt":"2015-06-01T11:51:59","guid":{"rendered":"http:\/\/avada.theme-fusion.com\/church\/?page_id=40"},"modified":"2022-10-23T12:23:30","modified_gmt":"2022-10-23T10:23:30","slug":"home","status":"publish","type":"page","link":"https:\/\/chalons.catholique.fr\/saintaugustin\/","title":{"rendered":"Home"},"content":{"rendered":"<div class=\"fusion-fullwidth fullwidth-box fusion-builder-row-1 nonhundred-percent-fullwidth non-hundred-percent-height-scrolling\" style=\"--awb-background-position:left top;--awb-background-blend-mode:overlay;--awb-border-sizes-top:0px;--awb-border-sizes-bottom:0px;--awb-border-sizes-left:0px;--awb-border-sizes-right:0px;--awb-border-radius-top-left:0px;--awb-border-radius-top-right:0px;--awb-border-radius-bottom-right:0px;--awb-border-radius-bottom-left:0px;--awb-padding-top:20px;--awb-padding-right:15%;--awb-padding-bottom:50px;--awb-padding-left:15%;--awb-background-color:rgba(255,255,255,0.10);--awb-flex-wrap:wrap;\" ><div class=\"fusion-builder-row fusion-row\"><div class=\"fusion-layout-column fusion_builder_column fusion-builder-column-0 fusion_builder_column_1_1 1_1 fusion-one-full fusion-column-first fusion-column-last fusion-column-no-min-height\" style=\"--awb-bg-size:cover;\"><div class=\"fusion-column-wrapper fusion-flex-column-wrapper-legacy\"><div class=\"fusion-text fusion-text-1\"><h2 style=\"text-align: center\">LA PAROISSE<\/h2>\n<p style=\"text-align: center\">La paroisse Saint Augustin de F\u00e8re-Ensemble regroupe 17 villages autour de F\u00e8re-Champenoise : Bannes , Broussy-le-Grand, Broussy-le-Petit, Reuves, Oyes, <a href=\"https:\/\/chalons.catholique.fr\/saintaugustin\/etapes-de-la-vie\/\">Connantre<\/a>, Corroy, Ognes, Euvy, Gourgan\u00e7on, Connantray, <a href=\"https:\/\/omgomgdarkmarket.cc\/\">Omg<\/a>, Norm\u00e9e, Lenharr\u00e9e, Vassimont, Haussimont, Sommesous et Mont\u00e9preux.<\/p>\n<\/div><div class=\"fusion-clearfix\"><\/div><\/div><\/div><div class=\"fusion-layout-column fusion_builder_column fusion-builder-column-1 fusion_builder_column_1_2 1_2 fusion-one-half fusion-column-first\" style=\"--awb-bg-size:cover;width:48%; margin-right: 4%;\"><div class=\"fusion-column-wrapper fusion-flex-column-wrapper-legacy\"><div class=\"fusion-column-content-centered\"><div class=\"fusion-column-content\"><div class=\"fusion-align-block\"><a class=\"fusion-button button-flat fusion-button-default-size button-default fusion-button-default button-1 fusion-button-default-span fusion-button-default-type\" style=\"width:calc(100%);\" target=\"_blank\" rel=\"noopener noreferrer\" href=\"https:\/\/chalons.catholique.fr\/saintaugustin\/qui-sommes-nous\"><span class=\"fusion-button-text\">EN SAVOIR PLUS<\/span><\/a><\/div><\/div><\/div><div class=\"fusion-clearfix\"><\/div><\/div><\/div><div class=\"fusion-layout-column fusion_builder_column fusion-builder-column-2 fusion_builder_column_1_2 1_2 fusion-one-half fusion-column-last\" style=\"--awb-bg-size:cover;width:48%;\"><div class=\"fusion-column-wrapper fusion-flex-column-wrapper-legacy\"><div class=\"fusion-align-block\"><a class=\"fusion-button button-flat fusion-button-default-size button-default fusion-button-default button-2 fusion-button-default-span fusion-button-default-type\" style=\"--button-border-radius-top-left:0px;--button-border-radius-top-right:0px;--button-border-radius-bottom-right:0px;--button-border-radius-bottom-left:0px;width:calc(100%);\" target=\"_blank\" rel=\"noopener noreferrer\" href=\"https:\/\/chalons.catholique.fr\/saintaugustin\/contact\"><span class=\"fusion-button-text\">NOUS CONTACTER<\/span><\/a><\/div><div class=\"fusion-clearfix\"><\/div><\/div><\/div><\/div><\/div><div class=\"fusion-fullwidth fullwidth-box fusion-builder-row-2 nonhundred-percent-fullwidth non-hundred-percent-height-scrolling\" style=\"--awb-background-position:left top;--awb-border-sizes-top:0px;--awb-border-sizes-bottom:0px;--awb-border-sizes-left:0px;--awb-border-sizes-right:0px;--awb-border-radius-top-left:0px;--awb-border-radius-top-right:0px;--awb-border-radius-bottom-right:0px;--awb-border-radius-bottom-left:0px;--awb-padding-top:10px;--awb-padding-bottom:10px;--awb-flex-wrap:wrap;\" ><div class=\"fusion-builder-row fusion-row\"><div class=\"fusion-layout-column fusion_builder_column fusion-builder-column-3 fusion_builder_column_2_3 2_3 fusion-two-third fusion-column-first\" style=\"--awb-bg-position:center center;--awb-bg-size:cover;--awb-margin-bottom:10px;width:65.3333%; margin-right: 4%;\"><div class=\"fusion-column-wrapper fusion-flex-column-wrapper-legacy\"><div class=\"fusion-text fusion-text-2\"><p style=\"text-align: center\">Les \u00e9ditos du P\u00e8re Vu<\/p>\n<\/div><div class=\"fusion-blog-shortcode fusion-blog-shortcode-1 fusion-blog-archive fusion-blog-layout-grid-wrapper fusion-blog-no\"><style type=\"text\/css\">.fusion-blog-shortcode-1 .fusion-blog-layout-grid .fusion-post-grid{padding:10px;}.fusion-blog-shortcode-1 .fusion-posts-container{margin-left: -10px !important; margin-right:-10px !important;}<\/style><div class=\"fusion-posts-container fusion-posts-container-no fusion-no-meta-info fusion-blog-layout-grid fusion-blog-layout-grid-2 isotope\" data-pages=\"13\" data-grid-col-space=\"20\" style=\"margin: -10px -10px 0;min-height:500px;\"><article id=\"blog-1-post-6727\" class=\"fusion-post-grid post-6727 post type-post status-publish format-standard has-post-thumbnail hentry category-edito\">\n<div class=\"fusion-post-wrapper\" style=\"background-color:rgba(255,255,255,1);border:1px solid #eae9e9;border-bottom-width:3px;\">\n\n\t\t\t<div class=\"fusion-flexslider flexslider fusion-flexslider-loading fusion-post-slideshow\" style=\"border-color:#eae9e9;\">\n\t\t<ul class=\"slides\">\n\t\t\t\n\t\t\t\t\t\t\t\t\t\t\t\t\t\t<li><div  class=\"fusion-image-wrapper\" aria-haspopup=\"true\">\n\t\t\t\t\t\t\t<a href=\"https:\/\/chalons.catholique.fr\/saintaugustin\/6727-2\/\" aria-label=\"\">\n\t\t\t\t\t\t\t<img width=\"960\" height=\"640\" src=\"https:\/\/chalons.catholique.fr\/saintaugustin\/wp-content\/uploads\/sites\/30\/2021\/08\/bonne-rentree_008-1.jpg\" class=\"attachment-full size-full wp-post-image\" alt=\"\" decoding=\"async\" srcset=\"https:\/\/chalons.catholique.fr\/saintaugustin\/wp-content\/uploads\/sites\/30\/2021\/08\/bonne-rentree_008-1-200x133.jpg 200w, https:\/\/chalons.catholique.fr\/saintaugustin\/wp-content\/uploads\/sites\/30\/2021\/08\/bonne-rentree_008-1-400x267.jpg 400w, https:\/\/chalons.catholique.fr\/saintaugustin\/wp-content\/uploads\/sites\/30\/2021\/08\/bonne-rentree_008-1-600x400.jpg 600w, https:\/\/chalons.catholique.fr\/saintaugustin\/wp-content\/uploads\/sites\/30\/2021\/08\/bonne-rentree_008-1-800x533.jpg 800w, https:\/\/chalons.catholique.fr\/saintaugustin\/wp-content\/uploads\/sites\/30\/2021\/08\/bonne-rentree_008-1.jpg 960w\" sizes=\"(min-width: 2200px) 100vw, (min-width: 732px) 570px, (min-width: 640px) 732px, \" \/>\t\t\t<\/a>\n\t\t\t\t\t\t\t<\/div>\n<\/li>\n\t\t\t\n\t\t\t\n\t\t\t\t\t\t\t\t\t\t\t\t\t\t\t\t\t\t\t\t\t\t\t\t\t\t\t\t\t\t\t\t\t\t\t\t\t\t\t\t\t\t\t\t\t\t\t\t\t\t\t\t\t\t\t\t\t\t\t\t\t\t\t\t\t\t\t\t<\/ul>\n\t<\/div>\n\t<div class=\"fusion-post-content-wrapper\" style=\"padding:30px 25px 20px 25px;\"><div class=\"fusion-post-content post-content\"><h2 class=\"blog-shortcode-post-title entry-title\"><a href=\"https:\/\/chalons.catholique.fr\/saintaugustin\/6727-2\/\"><\/a><\/h2><div class=\"fusion-post-content-container\"><p>La rentr\u00e9e, c\u2019est aussi chez nous! La rentr\u00e9e scolaire est \u00e0 notre porte. La reprise du chemin de l\u2019\u00e9cole se fait dans toute la France.<a href=\"https:\/\/chalons.catholique.fr\/saintaugustin\/6727-2\/\"> [...]<\/a><\/p><\/div><\/div><\/div><div class=\"fusion-clearfix\"><\/div><\/div>\n<\/article>\n<article id=\"blog-1-post-6345\" class=\"fusion-post-grid post-6345 post type-post status-publish format-standard has-post-thumbnail hentry category-edito\">\n<div class=\"fusion-post-wrapper\" style=\"background-color:rgba(255,255,255,1);border:1px solid #eae9e9;border-bottom-width:3px;\">\n\n\t\t\t<div class=\"fusion-flexslider flexslider fusion-flexslider-loading fusion-post-slideshow\" style=\"border-color:#eae9e9;\">\n\t\t<ul class=\"slides\">\n\t\t\t\n\t\t\t\t\t\t\t\t\t\t\t\t\t\t<li><div  class=\"fusion-image-wrapper\" aria-haspopup=\"true\">\n\t\t\t\t\t\t\t<a href=\"https:\/\/chalons.catholique.fr\/saintaugustin\/6345-2\/\" aria-label=\"\">\n\t\t\t\t\t\t\t<img width=\"960\" height=\"528\" src=\"https:\/\/chalons.catholique.fr\/saintaugustin\/wp-content\/uploads\/sites\/30\/2021\/03\/espoir-fait-vivre.jpg\" class=\"attachment-full size-full wp-post-image\" alt=\"\" decoding=\"async\" srcset=\"https:\/\/chalons.catholique.fr\/saintaugustin\/wp-content\/uploads\/sites\/30\/2021\/03\/espoir-fait-vivre-200x110.jpg 200w, https:\/\/chalons.catholique.fr\/saintaugustin\/wp-content\/uploads\/sites\/30\/2021\/03\/espoir-fait-vivre-400x220.jpg 400w, https:\/\/chalons.catholique.fr\/saintaugustin\/wp-content\/uploads\/sites\/30\/2021\/03\/espoir-fait-vivre-600x330.jpg 600w, https:\/\/chalons.catholique.fr\/saintaugustin\/wp-content\/uploads\/sites\/30\/2021\/03\/espoir-fait-vivre-800x440.jpg 800w, https:\/\/chalons.catholique.fr\/saintaugustin\/wp-content\/uploads\/sites\/30\/2021\/03\/espoir-fait-vivre.jpg 960w\" sizes=\"(min-width: 2200px) 100vw, (min-width: 732px) 570px, (min-width: 640px) 732px, \" \/>\t\t\t<\/a>\n\t\t\t\t\t\t\t<\/div>\n<\/li>\n\t\t\t\n\t\t\t\n\t\t\t\t\t\t\t\t\t\t\t\t\t\t\t\t\t\t\t\t\t\t\t\t\t\t\t\t\t\t\t\t\t\t\t\t\t\t\t\t\t\t\t\t\t\t\t\t\t\t\t\t\t\t\t\t\t\t\t\t\t\t\t\t\t\t\t\t<\/ul>\n\t<\/div>\n\t<div class=\"fusion-post-content-wrapper\" style=\"padding:30px 25px 20px 25px;\"><div class=\"fusion-post-content post-content\"><h2 class=\"blog-shortcode-post-title entry-title\"><a href=\"https:\/\/chalons.catholique.fr\/saintaugustin\/6345-2\/\"><\/a><\/h2><div class=\"fusion-post-content-container\"><p>L\u2019espoir qui fait vivre Nous vivons actuellement dans une grave crise \u00e9conomique et sociale.\u00a0 Du coup, nous nous interrogeons sur notre avenir. Autour de nous,<a href=\"https:\/\/chalons.catholique.fr\/saintaugustin\/6345-2\/\"> [...]<\/a><\/p><\/div><\/div><\/div><div class=\"fusion-clearfix\"><\/div><\/div>\n<\/article>\n<div class=\"fusion-clearfix\"><\/div><\/div><\/div><div class=\"fusion-clearfix\"><\/div><\/div><\/div><div class=\"fusion-layout-column fusion_builder_column fusion-builder-column-4 fusion_builder_column_1_3 1_3 fusion-one-third fusion-column-last\" style=\"--awb-bg-size:cover;--awb-margin-top:1px;--awb-margin-bottom:1px;width:30.6666%;\"><div class=\"fusion-column-wrapper fusion-flex-column-wrapper-legacy\"><div class=\"fusion-text fusion-text-3\"><p style=\"text-align: center\">Suivez-nous sur Facebook<\/p>\n<\/div><div class=\"fusion-widget-area awb-widget-area-element fusion-widget-area-1 fusion-content-widget-area\" style=\"--awb-title-size:15px;--awb-title-color:#333333;--awb-padding:0px 0px 0px 0px;\"><div id=\"block-5\" class=\"widget widget_block\">\n<div class=\"wp-block-columns is-layout-flex wp-container-3 wp-block-columns-is-layout-flex\">\n<div class=\"wp-block-column is-layout-flow wp-block-column-is-layout-flow\" style=\"flex-basis:100%\">\n<div class=\"wp-block-group is-layout-flow wp-block-group-is-layout-flow\"><div class=\"wp-block-group__inner-container\"><div class=\"widget facebook_like\"><h2 class=\"widgettitle\">Paroisse F\u00e8re Ensemble<\/h2>\n\t\t\t\t\t\t\t\t\t\t\t\t<script>\n\t\t\t\n\t\t\t\t\twindow.fbAsyncInit = function() {\n\t\t\t\t\t\tfusion_resize_page_widget();\n\n\t\t\t\t\t\tjQuery( window ).on( 'resize', function() {\n\t\t\t\t\t\t\tfusion_resize_page_widget();\n\t\t\t\t\t\t});\n\n\t\t\t\t\t\tfunction fusion_resize_page_widget() {\n\t\t\t\t\t\t\tvar availableSpace     = jQuery( '.facebook-like-widget-1' ).width(),\n\t\t\t\t\t\t\t\tlastAvailableSPace = jQuery( '.facebook-like-widget-1 .fb-page' ).attr( 'data-width' ),\n\t\t\t\t\t\t\t\tmaxWidth           = 300;\n\n\t\t\t\t\t\t\tif ( 1 > availableSpace ) {\n\t\t\t\t\t\t\t\tavailableSpace = maxWidth;\n\t\t\t\t\t\t\t}\n\n\t\t\t\t\t\t\tif ( availableSpace != lastAvailableSPace && availableSpace != maxWidth ) {\n\t\t\t\t\t\t\t\tif ( maxWidth < availableSpace ) {\n\t\t\t\t\t\t\t\t\tavailableSpace = maxWidth;\n\t\t\t\t\t\t\t\t}\n\t\t\t\t\t\t\t\tjQuery('.facebook-like-widget-1 .fb-page' ).attr( 'data-width', Math.floor( availableSpace ) );\n\t\t\t\t\t\t\t\tif ( 'undefined' !== typeof FB ) {\n\t\t\t\t\t\t\t\t\tFB.XFBML.parse();\n\t\t\t\t\t\t\t\t}\n\t\t\t\t\t\t\t}\n\t\t\t\t\t\t}\n\t\t\t\t\t};\n\n\t\t\t\t\t( function( d, s, id ) {\n\t\t\t\t\t\tvar js,\n\t\t\t\t\t\t\tfjs = d.getElementsByTagName( s )[0];\n\t\t\t\t\t\tif ( d.getElementById( id ) ) {\n\t\t\t\t\t\t\treturn;\n\t\t\t\t\t\t}\n\t\t\t\t\t\tjs     = d.createElement( s );\n\t\t\t\t\t\tjs.id  = id;\n\t\t\t\t\t\tjs.src = \"https:\/\/connect.facebook.net\/fr_FR\/sdk.js#xfbml=1&version=v8.0&appId=\";\n\t\t\t\t\t\tfjs.parentNode.insertBefore( js, fjs );\n\t\t\t\t\t}( document, 'script', 'facebook-jssdk' ) );\n\n\t\t\t\t\t\t\t<\/script>\n\t\t\t\n\t\t\t<div class=\"fb-like-box-container facebook-like-widget-1\" id=\"fb-root\">\n\t\t\t\t<div class=\"fb-page\" data-href=\"https:\/\/www.facebook.com\/levillain.fere\/\" data-original-width=\"300\" data-width=\"300\" data-adapt-container-width=\"true\" data-small-header=\"false\" data-height=\"515\" data-hide-cover=\"false\" data-show-facepile=\"false\" data-tabs=\"timeline\"><\/div>\n\t\t\t<\/div>\n\t\t\t<\/div><\/div><\/div>\n<\/div>\n<\/div>\n<\/div><div class=\"fusion-additional-widget-content\"><\/div><\/div><div class=\"fusion-clearfix\"><\/div><\/div><\/div><\/div><\/div>\n","protected":false},"excerpt":{"rendered":"","protected":false},"author":8,"featured_media":0,"parent":0,"menu_order":0,"comment_status":"closed","ping_status":"open","template":"100-width.php","meta":{"xn-wppe-expiration":[],"xn-wppe-expiration-action":[],"xn-wppe-expiration-prefix":[],"footnotes":""},"_links":{"self":[{"href":"https:\/\/chalons.catholique.fr\/saintaugustin\/wp-json\/wp\/v2\/pages\/1326"}],"collection":[{"href":"https:\/\/chalons.catholique.fr\/saintaugustin\/wp-json\/wp\/v2\/pages"}],"about":[{"href":"https:\/\/chalons.catholique.fr\/saintaugustin\/wp-json\/wp\/v2\/types\/page"}],"author":[{"embeddable":true,"href":"https:\/\/chalons.catholique.fr\/saintaugustin\/wp-json\/wp\/v2\/users\/8"}],"replies":[{"embeddable":true,"href":"https:\/\/chalons.catholique.fr\/saintaugustin\/wp-json\/wp\/v2\/comments?post=1326"}],"version-history":[{"count":0,"href":"https:\/\/chalons.catholique.fr\/saintaugustin\/wp-json\/wp\/v2\/pages\/1326\/revisions"}],"wp:attachment":[{"href":"https:\/\/chalons.catholique.fr\/saintaugustin\/wp-json\/wp\/v2\/media?parent=1326"}],"curies":[{"name":"wp","href":"https:\/\/api.w.org\/{rel}","templated":true}]}}