{"id":491,"date":"2017-11-04T17:02:18","date_gmt":"2017-11-04T16:02:18","guid":{"rendered":"http:\/\/chalons.catholique.fr\/paroissedesmothees\/?page_id=491"},"modified":"2022-07-21T16:40:48","modified_gmt":"2022-07-21T15:40:48","slug":"reflexion-en-paroisse","status":"publish","type":"page","link":"https:\/\/chalons.catholique.fr\/paroissedesmothees\/activites\/formation\/reflexion-en-paroisse\/","title":{"rendered":"R\u00e9flexion en paroisse"},"content":{"rendered":"<p>La paroisse essayera de proposer r\u00e9guli\u00e8rement des soir\u00e9es de formation paroissiale.<\/p>\n","protected":false},"excerpt":{"rendered":"<p>La paroisse essayera de proposer r\u00e9guli\u00e8rement des soir\u00e9es de formation paroissiale.<\/p>\n","protected":false},"author":150,"featured_media":0,"parent":177,"menu_order":0,"comment_status":"closed","ping_status":"closed","template":"","meta":{"xn-wppe-expiration":[],"xn-wppe-expiration-action":[],"xn-wppe-expiration-prefix":[],"footnotes":""},"_links":{"self":[{"href":"https:\/\/chalons.catholique.fr\/paroissedesmothees\/wp-json\/wp\/v2\/pages\/491"}],"collection":[{"href":"https:\/\/chalons.catholique.fr\/paroissedesmothees\/wp-json\/wp\/v2\/pages"}],"about":[{"href":"https:\/\/chalons.catholique.fr\/paroissedesmothees\/wp-json\/wp\/v2\/types\/page"}],"author":[{"embeddable":true,"href":"https:\/\/chalons.catholique.fr\/paroissedesmothees\/wp-json\/wp\/v2\/users\/150"}],"replies":[{"embeddable":true,"href":"https:\/\/chalons.catholique.fr\/paroissedesmothees\/wp-json\/wp\/v2\/comments?post=491"}],"version-history":[{"count":0,"href":"https:\/\/chalons.catholique.fr\/paroissedesmothees\/wp-json\/wp\/v2\/pages\/491\/revisions"}],"up":[{"embeddable":true,"href":"https:\/\/chalons.catholique.fr\/paroissedesmothees\/wp-json\/wp\/v2\/pages\/177"}],"wp:attachment":[{"href":"https:\/\/chalons.catholique.fr\/paroissedesmothees\/wp-json\/wp\/v2\/media?parent=491"}],"curies":[{"name":"wp","href":"https:\/\/api.w.org\/{rel}","templated":true}]}}