{"id":466,"date":"2017-11-02T10:37:47","date_gmt":"2017-11-02T09:37:47","guid":{"rendered":"http:\/\/chalons.catholique.fr\/paroissedesmothees\/?page_id=466"},"modified":"2017-11-02T10:37:49","modified_gmt":"2017-11-02T09:37:49","slug":"leglise-de-sarry","status":"publish","type":"page","link":"https:\/\/chalons.catholique.fr\/paroissedesmothees\/leglise-de-sarry\/","title":{"rendered":"L&rsquo;\u00e9glise de Sarry"},"content":{"rendered":"<p><strong>L\u2019\u00e9glise de Sarry<\/strong><\/p>\n<h5>Un grand merci au conseil des jeunes de Sarry, qui est \u00e0 l&rsquo;origine de ce document<\/h5>\n<p>L\u2019\u00e9glise de Sarry date du d\u00e9but du 13e Si\u00e8cle.<a href=\"https:\/\/chalons.catholique.fr\/paroissedesmothees\/leglise-de-sarry\/sarry1\/\" rel=\"attachment wp-att-469\"><img decoding=\"async\" class=\"size-full wp-image-469 alignright\" src=\"https:\/\/chalons.catholique.fr\/paroissedesmothees\/wp-content\/uploads\/sites\/37\/2017\/11\/sarry1.png\" alt=\"\" width=\"259\" height=\"314\" srcset=\"https:\/\/chalons.catholique.fr\/paroissedesmothees\/wp-content\/uploads\/sites\/37\/2017\/11\/sarry1-200x242.png 200w, https:\/\/chalons.catholique.fr\/paroissedesmothees\/wp-content\/uploads\/sites\/37\/2017\/11\/sarry1-247x300.png 247w, https:\/\/chalons.catholique.fr\/paroissedesmothees\/wp-content\/uploads\/sites\/37\/2017\/11\/sarry1.png 259w\" sizes=\"(max-width: 259px) 100vw, 259px\" \/><\/a><br \/>\nAu fil du temps, elle a subi une de nombreuses r\u00e9parations :<br \/>\n\u2022 La premi\u00e8re trav\u00e9e de la nef a \u00e9t\u00e9 refaite au 15\u00e8me si\u00e8cle.<\/p>\n<p>\u2022 Les transepts ont \u00e9t\u00e9 reb\u00e2tis au 18\u00e8me ; on y remarque des piliers un chapiteau \u00e0 d\u00e9cor de feuillages.<\/p>\n<p>\u2022 Le c\u0153ur a \u00e9t\u00e9 enti\u00e8rement reconstruit en 1773.<br \/>\n\u2022 Le mur au fond du c\u0153ur avec ses trois verri\u00e8res \u00e0 lancettes, surmont\u00e9es d\u2019une rosace, rappelle le style cistercien des abbayes de Trois-Fontaines, de Fontenay et d\u2019Orval du 12\u00e8me si\u00e8cle.<br \/>\n\u2022 La nef a \u00e9t\u00e9 reconstruite en 1776.<\/p>\n<p>\u2022 La charpente refaite en 1845.<\/p>\n<p>&nbsp;<\/p>\n<p><strong>Les fen\u00eatres hautes<\/strong><br \/>\nElles sont rondes, en forme tr\u00e8s particuli\u00e8res de rosaces avec six lobes. On en compte douze : 5 dans le ch\u0153ur, 7 dans la grande nef.<br \/>\nOn peut remarquer la r\u00e9paration en forme d\u2019arcade gothique d\u2019une de ces rosaces (derni\u00e8re \u00e0 gauche avant le transept).<\/p>\n<p><strong><a href=\"https:\/\/chalons.catholique.fr\/paroissedesmothees\/leglise-de-sarry\/sarry4\/\" rel=\"attachment wp-att-470\"><img decoding=\"async\" class=\"size-full wp-image-470 alignleft\" src=\"https:\/\/chalons.catholique.fr\/paroissedesmothees\/wp-content\/uploads\/sites\/37\/2017\/11\/sarry4.png\" alt=\"\" width=\"230\" height=\"307\" srcset=\"https:\/\/chalons.catholique.fr\/paroissedesmothees\/wp-content\/uploads\/sites\/37\/2017\/11\/sarry4-200x267.png 200w, https:\/\/chalons.catholique.fr\/paroissedesmothees\/wp-content\/uploads\/sites\/37\/2017\/11\/sarry4-225x300.png 225w, https:\/\/chalons.catholique.fr\/paroissedesmothees\/wp-content\/uploads\/sites\/37\/2017\/11\/sarry4.png 230w\" sizes=\"(max-width: 230px) 100vw, 230px\" \/><\/a>La crois\u00e9e d\u2019ogive<\/strong><br \/>\nLa vo\u00fbte en crois\u00e9s d\u2019ogive il est une vo\u00fbte d\u2019arr\u00eate renforc\u00e9e par des nervures de pierre saillantes en forme d\u2019ogive. L\u2019arc bris\u00e9 permet de supporter un poids plus consid\u00e9rable tandis qu\u2019\u00e0 l\u2019ext\u00e9rieur, un r\u00e9seau d\u2019arcs boutants renforce les piliers et assure la stabilit\u00e9 de l\u2019\u00e9difice.<br \/>\nL\u2019\u00e9glise de SARRY comporte 19 vo\u00fbtes en crois\u00e9s d\u2019ogives mais trois de ces voutes, pr\u00e8s du porche, ont fait reculer le mur et les contreforts ; des tirants en fer arr\u00eatent l\u2019\u00e9cartement.<\/p>\n<p><strong>Les vitraux<\/strong><br \/>\nDans le ch\u0153ur : de bas en haut :<br \/>\n\u2022 C\u00f4t\u00e9 gauche : no\u00ebl les rois mages, la sainte famille<br \/>\n\u2022 Au centre : le repas de la c\u00e8ne, J\u00e9sus en croix, la R\u00e9surrection<br \/>\n\u2022 C\u00f4t\u00e9 droit : J\u00e9sus pr\u00eache. Il ressuscite une jeune fille, Marie-Madeleine pleure ses p\u00e9ch\u00e9s<\/p>\n<p>Les rosaces : Dieu, P\u00e8re, Fils et Saint-Esprit<br \/>\nLes quatre Rosaces du ch\u0153ur repr\u00e9sentent les quatre \u00e9vangiles et leur embl\u00e8me :<br \/>\n\u2022 Un lion pour Saint-Marc<br \/>\n\u2022 Un b\u0153uf pour Saint-Luc<br \/>\n\u2022 Un aigle pour Saint-Jean<br \/>\n\u2022 Un homme pour saint-Mathieu<\/p>\n<p>La chapelle Saint-Julien : Un soldat romain devenant chr\u00e9tiens et d\u00e9capit\u00e9.<a href=\"https:\/\/chalons.catholique.fr\/paroissedesmothees\/leglise-de-sarry\/sarry2\/\" rel=\"attachment wp-att-471\"><img decoding=\"async\" class=\"size-full wp-image-471 alignright\" src=\"https:\/\/chalons.catholique.fr\/paroissedesmothees\/wp-content\/uploads\/sites\/37\/2017\/11\/sarry2.png\" alt=\"\" width=\"405\" height=\"312\" srcset=\"https:\/\/chalons.catholique.fr\/paroissedesmothees\/wp-content\/uploads\/sites\/37\/2017\/11\/sarry2-200x154.png 200w, https:\/\/chalons.catholique.fr\/paroissedesmothees\/wp-content\/uploads\/sites\/37\/2017\/11\/sarry2-300x231.png 300w, https:\/\/chalons.catholique.fr\/paroissedesmothees\/wp-content\/uploads\/sites\/37\/2017\/11\/sarry2-400x308.png 400w, https:\/\/chalons.catholique.fr\/paroissedesmothees\/wp-content\/uploads\/sites\/37\/2017\/11\/sarry2.png 405w\" sizes=\"(max-width: 405px) 100vw, 405px\" \/><\/a><br \/>\nLe transept gauche : Saint-Joseph avec l\u2019enfant j\u00e9sus et un lys, un \u00e9v\u00eaque, le Sacr\u00e9-C\u0153ur de j\u00e9sus.<br \/>\nEn bas, c\u00f4t\u00e9 gauche :<br \/>\n\u2022 J\u00e9sus donne les cl\u00e9s de l\u2019\u00e9glise \u00e0 Saint-Pierre<br \/>\n\u2022 Saint-Memmie, \u00e9v\u00eaque de chalons ressuscite le fils du gouverneur<br \/>\n\u2022 Saint-Augustin \u00e9v\u00eaque<br \/>\n\u2022 Saint-Jean-Baptiste baptise J\u00e9sus dans le Jourdain<\/p>\n<p>En bas, c\u00f4t\u00e9 droit :<br \/>\n\u2022 Sainte-Philom\u00e8ne patronne des p\u00e8lerinages<br \/>\n\u2022 Notre-Dame de l\u2019Epine en champagne<br \/>\n\u2022 Notre-Dame de la Salette dans les alpes<br \/>\n\u2022 Notre-Dame de Lourdes avec Bernadette dans les Pyr\u00e9n\u00e9es<\/p>\n<p>Le transept droit :<br \/>\n\u2022 Sainte-Catherine avec une \u00e9p\u00e9e et une roue<br \/>\n\u2022 Sainte-C\u00e9cile avec un orgue positif<br \/>\n\u2022 Le c\u0153ur immacul\u00e9 de Marie<\/p>\n<p>La chapelle la Sainte-Vierge :<br \/>\n\u2022 Mort de la Sainte-Vierge<br \/>\n\u2022 Arriv\u00e9e de Marie au paradis<\/p>\n<p><strong>L\u2019ext\u00e9rieur de l\u2019\u00e9glise<\/strong><br \/>\nLe clocher : Les clochers octogonaux en ardoises du 18e si\u00e8cle sont rares dans la Marne.<a href=\"https:\/\/chalons.catholique.fr\/paroissedesmothees\/leglise-de-sarry\/sarry3\/\" rel=\"attachment wp-att-472\"><img decoding=\"async\" class=\"size-full wp-image-472 alignright\" src=\"https:\/\/chalons.catholique.fr\/paroissedesmothees\/wp-content\/uploads\/sites\/37\/2017\/11\/sarry3.png\" alt=\"\" width=\"279\" height=\"222\" srcset=\"https:\/\/chalons.catholique.fr\/paroissedesmothees\/wp-content\/uploads\/sites\/37\/2017\/11\/sarry3-177x142.png 177w, https:\/\/chalons.catholique.fr\/paroissedesmothees\/wp-content\/uploads\/sites\/37\/2017\/11\/sarry3-200x159.png 200w, https:\/\/chalons.catholique.fr\/paroissedesmothees\/wp-content\/uploads\/sites\/37\/2017\/11\/sarry3.png 279w\" sizes=\"(max-width: 279px) 100vw, 279px\" \/><\/a><br \/>\nLes deux cloches datent de 1806 :<br \/>\n\u2022 La grosse cloche nomm\u00e9e Marie-Jean-Baptiste<br \/>\n\u2022 La petite cloche est appel\u00e9e Jacqueline-Claudine.<br \/>\nElles ont \u00e9t\u00e9 offertes par des Sarrysiens \u00e0 cette \u00e9poque-l\u00e0.<br \/>\nLe coq a \u00e9t\u00e9 pos\u00e9 le 12 juillet 1912<\/p>\n<p>Les horloges<br \/>\nLa premi\u00e8re a \u00e9t\u00e9 pos\u00e9e en octobre 1898<br \/>\nL\u2019horloge \u00e9lectrique sur place d\u2019environ de 1965, ou alors que les cloches \u00e9taient d\u00e9j\u00e0 \u00e9lectrifi\u00e9es par les soins de Monsieur l\u2019abb\u00e9 de Bigault.<\/p>\n<p><a href=\"https:\/\/chalons.catholique.fr\/paroissedesmothees\/leglise-de-sarry\/sarry6\/\" rel=\"attachment wp-att-473\"><img decoding=\"async\" class=\"size-full wp-image-473 alignleft\" src=\"https:\/\/chalons.catholique.fr\/paroissedesmothees\/wp-content\/uploads\/sites\/37\/2017\/11\/sarry6.png\" alt=\"\" width=\"565\" height=\"484\" srcset=\"https:\/\/chalons.catholique.fr\/paroissedesmothees\/wp-content\/uploads\/sites\/37\/2017\/11\/sarry6-200x171.png 200w, https:\/\/chalons.catholique.fr\/paroissedesmothees\/wp-content\/uploads\/sites\/37\/2017\/11\/sarry6-300x257.png 300w, https:\/\/chalons.catholique.fr\/paroissedesmothees\/wp-content\/uploads\/sites\/37\/2017\/11\/sarry6-400x343.png 400w, https:\/\/chalons.catholique.fr\/paroissedesmothees\/wp-content\/uploads\/sites\/37\/2017\/11\/sarry6.png 565w\" sizes=\"(max-width: 565px) 100vw, 565px\" \/><\/a><strong>Le narthex<\/strong><br \/>\nC\u2019est le portique attenant au grand portail et qui couvre toute la largeur de l\u2019\u00e9glise. C\u2019est un souvenir des basiliques latines qui \u00e9taient en honneur dans l\u2019architecture romane. A Sarry, le narthex est \u00e0 l\u2019ext\u00e9rieur comme \u00e0 Coup\u00e9ville, sur la vall\u00e9e de la Moivre.<br \/>\nA ses extr\u00e9mit\u00e9s il y a une entr\u00e9e et deux ouvertures gothiques. De chaque c\u00f4t\u00e9 de l\u2019entr\u00e9e centrale on compte 4 arcades ; au milieu de cette entr\u00e9e il y a trois pierres tombales en marbre noir des cur\u00e9s de la paroisse :<br \/>\n\u2022 Etienne Mahoux 1894<br \/>\n\u2022 Jean-Baptiste Aubert 1913<br \/>\n\u2022 Francois Leuilleux 1956<br \/>\nEn 1961 le Narthex a \u00e9t\u00e9 restaur\u00e9 par les Beaux-arts<br \/>\nDeux statuts colonnes du 12\u00e8me si\u00e8cle en Pierre d\u00e9coraient ces arcades du Narthex ; elle repr\u00e9sentait Saint-Jean et l\u2019\u00e9glise. Ses statuts sont maintenant au mus\u00e9e du clo\u00eetre de Notre-Dame en Vaux de Ch\u00e2lons-en-Champagne. Elles sont ici remplac\u00e9es par des copies moul\u00e9es.<\/p>\n<p><strong>Le mobilier int\u00e9rieur<\/strong><\/p>\n<p>L&rsquo;autel est tr\u00e8s probablement issu de l&rsquo;ancien ma\u00eetre autel de l&rsquo;\u00e9glise.<a href=\"https:\/\/chalons.catholique.fr\/paroissedesmothees\/leglise-de-sarry\/sarry7\/\" rel=\"attachment wp-att-474\"><img decoding=\"async\" class=\"size-full wp-image-474 alignright\" src=\"https:\/\/chalons.catholique.fr\/paroissedesmothees\/wp-content\/uploads\/sites\/37\/2017\/11\/sarry7.png\" alt=\"\" width=\"308\" height=\"206\" srcset=\"https:\/\/chalons.catholique.fr\/paroissedesmothees\/wp-content\/uploads\/sites\/37\/2017\/11\/sarry7-200x134.png 200w, https:\/\/chalons.catholique.fr\/paroissedesmothees\/wp-content\/uploads\/sites\/37\/2017\/11\/sarry7-300x201.png 300w, https:\/\/chalons.catholique.fr\/paroissedesmothees\/wp-content\/uploads\/sites\/37\/2017\/11\/sarry7.png 308w\" sizes=\"(max-width: 308px) 100vw, 308px\" \/><\/a><br \/>\nL\u2019orgue est de modestes dimensions, il ne poss\u00e8de un clavier de 54 notes, un p\u00e9dalier de 15 notes et 6 jeux. Sa construction remonte certainement au d\u00e9but du 19\u00e8me si\u00e8cle, en utilisant les restes d\u2019un ancien orgue datant de 1760. Les tuyaux sont anciens et de facture artisanale. Il est class\u00e9 \u00e0 l\u2019inventaire des monuments historiques, et fut restaur\u00e9 en 1978.<\/p>\n<p><strong>Les statues<\/strong><br \/>\nStatue de Sainte-Anne en pierre : la vierge est figur\u00e9e tr\u00e8s petite devant sa m\u00e8re.<br \/>\nStatut de Saint-Julien de Brioude : N\u00e9 en Dauphin\u00e9 et soldat dans l\u2019arm\u00e9e romaine, il est devenu chr\u00e9tien et fut martyris\u00e9 au 4\u00e8me si\u00e8cle. Il est repr\u00e9sent\u00e9 sur son cheval tenant un faucon sur son poing pour indiquer que c\u2019\u00e9tait un homme de qualit\u00e9<\/p>\n<p><strong>Les peintures<\/strong><br \/>\nL\u2019h\u00f4tel du transept gauche repr\u00e9sente l\u2019annonciation sur fond de fleurs diverses et date du 18e si\u00e8cle. Deux grandes peintures du 18\u00e8me si\u00e8cle \u00e9galement : Ciel la Nativit\u00e9 (aux fonds baptismaux) et Descente de la Croix (au transept gauche)<\/p>\n<p><strong>Les fonds baptismaux<\/strong><br \/>\nLa cuve est en marbre rouge surmont\u00e9 d\u2019un tr\u00e8s joli couvercle de cuivre rouge avec d\u00e9cors et la croix le surplombant est en cuivre jaune.<br \/>\nLe socle de pierre n\u2019est pas ajust\u00e9 \u00e0 l\u2019ensemble.<\/p>\n<p><strong>Le lutrin<\/strong><br \/>\nIl date du 17\u00e8me si\u00e8cle<\/p>\n<p><strong><a href=\"https:\/\/chalons.catholique.fr\/paroissedesmothees\/leglise-de-sarry\/sarry9\/\" rel=\"attachment wp-att-475\"><img decoding=\"async\" class=\"size-full wp-image-475 alignleft\" src=\"https:\/\/chalons.catholique.fr\/paroissedesmothees\/wp-content\/uploads\/sites\/37\/2017\/11\/sarry9.png\" alt=\"\" width=\"258\" height=\"344\" srcset=\"https:\/\/chalons.catholique.fr\/paroissedesmothees\/wp-content\/uploads\/sites\/37\/2017\/11\/sarry9-200x267.png 200w, https:\/\/chalons.catholique.fr\/paroissedesmothees\/wp-content\/uploads\/sites\/37\/2017\/11\/sarry9-225x300.png 225w, https:\/\/chalons.catholique.fr\/paroissedesmothees\/wp-content\/uploads\/sites\/37\/2017\/11\/sarry9.png 258w\" sizes=\"(max-width: 258px) 100vw, 258px\" \/><\/a>Les boiseries<\/strong><br \/>\nElles datent du 18\u00e8me si\u00e8cle et proviennent de la chapelle du ch\u00e2teau de Sarry. Les sculptures repr\u00e9sentant la mitre, la crosse de la couronne de l\u2019\u00e9v\u00eaque de Ch\u00e2lons, comte, pair de France. Le tout est suspendu \u00e0 des rubans et d\u00e9cor\u00e9 de guirlandes de fleurs et de palmes.<br \/>\nLes deux b\u00e9nitiers<br \/>\nDe marbre, ils sont faits en forme du coquillage, et date du 18\u00e8me si\u00e8cle. Ils proviennent \u00e9galement du ch\u00e2teau de Sarry et ont \u00e9t\u00e9 donn\u00e9s par les acqu\u00e9reurs du ch\u00e2teau.<br \/>\nLa chaire \u00e0 pr\u00eacher<br \/>\nEn bois tr\u00e8s ouvrag\u00e9, elle provient de l\u2019abbaye de Saint-Pierre aux Monts de Ch\u00e2lons, devenue maintenant la cit\u00e9 Tirlet. Elle date du 17\u00e8me si\u00e8cle.<\/p>\n<p>Document r\u00e9alis\u00e9 par le Conseil des Jeunes de Sarry<br \/>\n\u00e0 la suite d\u2019actions men\u00e9es en 2016 et 2017<br \/>\nSources : Livret \u00ab Eglise de Sarry \u00bb par l\u2019\u00e9quipe des 5\u00e8mes de l\u2019Abb\u00e9 Viart Biblioth\u00e8que de Sarry<\/p>\n","protected":false},"excerpt":{"rendered":"<p>L\u2019\u00e9glise de Sarry Un grand merci au conseil des jeunes de Sarry, qui est \u00e0 l&rsquo;origine de ce document L\u2019\u00e9glise de Sarry date du d\u00e9but du 13e Si\u00e8cle. Au fil du temps, elle a subi une de nombreuses r\u00e9parations : \u2022 La premi\u00e8re trav\u00e9e de la nef a \u00e9t\u00e9 refaite au 15\u00e8me si\u00e8cle. \u2022 Les [&hellip;]<\/p>\n","protected":false},"author":150,"featured_media":0,"parent":0,"menu_order":0,"comment_status":"closed","ping_status":"closed","template":"","meta":{"xn-wppe-expiration":[],"xn-wppe-expiration-action":[],"xn-wppe-expiration-prefix":[],"footnotes":""},"_links":{"self":[{"href":"https:\/\/chalons.catholique.fr\/paroissedesmothees\/wp-json\/wp\/v2\/pages\/466"}],"collection":[{"href":"https:\/\/chalons.catholique.fr\/paroissedesmothees\/wp-json\/wp\/v2\/pages"}],"about":[{"href":"https:\/\/chalons.catholique.fr\/paroissedesmothees\/wp-json\/wp\/v2\/types\/page"}],"author":[{"embeddable":true,"href":"https:\/\/chalons.catholique.fr\/paroissedesmothees\/wp-json\/wp\/v2\/users\/150"}],"replies":[{"embeddable":true,"href":"https:\/\/chalons.catholique.fr\/paroissedesmothees\/wp-json\/wp\/v2\/comments?post=466"}],"version-history":[{"count":0,"href":"https:\/\/chalons.catholique.fr\/paroissedesmothees\/wp-json\/wp\/v2\/pages\/466\/revisions"}],"wp:attachment":[{"href":"https:\/\/chalons.catholique.fr\/paroissedesmothees\/wp-json\/wp\/v2\/media?parent=466"}],"curies":[{"name":"wp","href":"https:\/\/api.w.org\/{rel}","templated":true}]}}