{"id":322,"date":"2017-10-26T20:16:08","date_gmt":"2017-10-26T19:16:08","guid":{"rendered":"http:\/\/chalons.catholique.fr\/saintfrancois3\/?page_id=322"},"modified":"2022-07-21T16:38:41","modified_gmt":"2022-07-21T15:38:41","slug":"demande-dacte-de-bapteme","status":"publish","type":"page","link":"https:\/\/chalons.catholique.fr\/paroissedesmothees\/celebrations\/demande-dacte-de-bapteme\/","title":{"rendered":"Demande d&rsquo;acte de bapt\u00eame"},"content":{"rendered":"<p>Vous allez \u00eatre parrain ou marraine, et vous cherchez votre acte de bapt\u00eame. Merci d\u2019envoyer votre demande par \u00e9crit \u00e0 la paroisse (2 rue de l\u2019\u00e9glise, 51520 Sarry) en pr\u00e9cisant le jour et le lieu de votre bapt\u00eame, et en joignant une enveloppe timbr\u00e9e \u00e0 votre adresse pour que nous puissions vous faire parvenir le document demand\u00e9.<\/p>\n","protected":false},"excerpt":{"rendered":"<p>Vous allez \u00eatre parrain ou marraine, et vous cherchez votre acte de bapt\u00eame. Merci d\u2019envoyer votre demande par \u00e9crit \u00e0 la paroisse (2 rue de l\u2019\u00e9glise, 51520 Sarry) en pr\u00e9cisant le jour et le lieu de votre bapt\u00eame, et en joignant une enveloppe timbr\u00e9e \u00e0 votre adresse pour que nous puissions vous faire parvenir le [&hellip;]<\/p>\n","protected":false},"author":150,"featured_media":0,"parent":261,"menu_order":0,"comment_status":"closed","ping_status":"closed","template":"","meta":{"xn-wppe-expiration":[],"xn-wppe-expiration-action":[],"xn-wppe-expiration-prefix":[],"footnotes":""},"_links":{"self":[{"href":"https:\/\/chalons.catholique.fr\/paroissedesmothees\/wp-json\/wp\/v2\/pages\/322"}],"collection":[{"href":"https:\/\/chalons.catholique.fr\/paroissedesmothees\/wp-json\/wp\/v2\/pages"}],"about":[{"href":"https:\/\/chalons.catholique.fr\/paroissedesmothees\/wp-json\/wp\/v2\/types\/page"}],"author":[{"embeddable":true,"href":"https:\/\/chalons.catholique.fr\/paroissedesmothees\/wp-json\/wp\/v2\/users\/150"}],"replies":[{"embeddable":true,"href":"https:\/\/chalons.catholique.fr\/paroissedesmothees\/wp-json\/wp\/v2\/comments?post=322"}],"version-history":[{"count":0,"href":"https:\/\/chalons.catholique.fr\/paroissedesmothees\/wp-json\/wp\/v2\/pages\/322\/revisions"}],"up":[{"embeddable":true,"href":"https:\/\/chalons.catholique.fr\/paroissedesmothees\/wp-json\/wp\/v2\/pages\/261"}],"wp:attachment":[{"href":"https:\/\/chalons.catholique.fr\/paroissedesmothees\/wp-json\/wp\/v2\/media?parent=322"}],"curies":[{"name":"wp","href":"https:\/\/api.w.org\/{rel}","templated":true}]}}