{"id":248,"date":"2017-10-26T12:53:19","date_gmt":"2017-10-26T11:53:19","guid":{"rendered":"http:\/\/chalons.catholique.fr\/saintfrancois3\/?page_id=248"},"modified":"2022-07-21T16:42:39","modified_gmt":"2022-07-21T15:42:39","slug":"jeunesse","status":"publish","type":"page","link":"https:\/\/chalons.catholique.fr\/paroissedesmothees\/activites\/jeunesse\/","title":{"rendered":"Jeunesse"},"content":{"rendered":"<p>Sont ici recens\u00e9es les diff\u00e9rentes propositions pour fortifier la foi des enfants et des jeunes :<\/p>\n<ul>\n<li>L&rsquo;\u00e9veil \u00e0 la foi, pour les enfants enter 5 et 7 ans, deux fois par an.<\/li>\n<li>Le cat\u00e9chisme, qui permet aux enfants de continuer \u00e0 d\u00e9couvrir la foi, et qui les pr\u00e9pare \u00e0 leur premi\u00e8re confession, \u00e0 leur premi\u00e8re communion et \u00e0 la profession de foi.<\/li>\n<li>L&rsquo;aum\u00f4nerie, pour permettre aux enfants devenus adolescents de continuer \u00e0 grandir dans la foi, et de recevoir le sacrement de confirmation.<\/li>\n<\/ul>\n","protected":false},"excerpt":{"rendered":"<p>Sont ici recens\u00e9es les diff\u00e9rentes propositions pour fortifier la foi des enfants et des jeunes : L&rsquo;\u00e9veil \u00e0 la foi, pour les enfants enter 5 et 7 ans, deux fois par an. Le cat\u00e9chisme, qui permet aux enfants de continuer \u00e0 d\u00e9couvrir la foi, et qui les pr\u00e9pare \u00e0 leur premi\u00e8re confession, \u00e0 leur premi\u00e8re [&hellip;]<\/p>\n","protected":false},"author":150,"featured_media":0,"parent":247,"menu_order":0,"comment_status":"closed","ping_status":"closed","template":"","meta":{"xn-wppe-expiration":[],"xn-wppe-expiration-action":[],"xn-wppe-expiration-prefix":[],"footnotes":""},"_links":{"self":[{"href":"https:\/\/chalons.catholique.fr\/paroissedesmothees\/wp-json\/wp\/v2\/pages\/248"}],"collection":[{"href":"https:\/\/chalons.catholique.fr\/paroissedesmothees\/wp-json\/wp\/v2\/pages"}],"about":[{"href":"https:\/\/chalons.catholique.fr\/paroissedesmothees\/wp-json\/wp\/v2\/types\/page"}],"author":[{"embeddable":true,"href":"https:\/\/chalons.catholique.fr\/paroissedesmothees\/wp-json\/wp\/v2\/users\/150"}],"replies":[{"embeddable":true,"href":"https:\/\/chalons.catholique.fr\/paroissedesmothees\/wp-json\/wp\/v2\/comments?post=248"}],"version-history":[{"count":0,"href":"https:\/\/chalons.catholique.fr\/paroissedesmothees\/wp-json\/wp\/v2\/pages\/248\/revisions"}],"up":[{"embeddable":true,"href":"https:\/\/chalons.catholique.fr\/paroissedesmothees\/wp-json\/wp\/v2\/pages\/247"}],"wp:attachment":[{"href":"https:\/\/chalons.catholique.fr\/paroissedesmothees\/wp-json\/wp\/v2\/media?parent=248"}],"curies":[{"name":"wp","href":"https:\/\/api.w.org\/{rel}","templated":true}]}}