{"id":241,"date":"2017-10-26T11:29:21","date_gmt":"2017-10-26T10:29:21","guid":{"rendered":"http:\/\/chalons.catholique.fr\/saintfrancois3\/?page_id=241"},"modified":"2024-12-05T14:37:30","modified_gmt":"2024-12-05T13:37:30","slug":"accueil","status":"publish","type":"page","link":"https:\/\/chalons.catholique.fr\/paroissedesmothees\/","title":{"rendered":"Accueil"},"content":{"rendered":"<div class=\"fusion-fullwidth fullwidth-box fusion-builder-row-1 fusion-flex-container nonhundred-percent-fullwidth non-hundred-percent-height-scrolling\" style=\"--awb-border-radius-top-left:0px;--awb-border-radius-top-right:0px;--awb-border-radius-bottom-right:0px;--awb-border-radius-bottom-left:0px;--awb-flex-wrap:wrap;\" ><div class=\"fusion-builder-row fusion-row fusion-flex-align-items-flex-start fusion-flex-content-wrap\" style=\"max-width:1206.4px;margin-left: calc(-4% \/ 2 );margin-right: calc(-4% \/ 2 );\"><div class=\"fusion-layout-column fusion_builder_column fusion-builder-column-0 fusion_builder_column_1_1 1_1 fusion-flex-column\" style=\"--awb-bg-size:cover;--awb-width-large:100%;--awb-margin-top-large:0px;--awb-spacing-right-large:1.92%;--awb-margin-bottom-large:0px;--awb-spacing-left-large:1.92%;--awb-width-medium:100%;--awb-order-medium:0;--awb-spacing-right-medium:1.92%;--awb-spacing-left-medium:1.92%;--awb-width-small:100%;--awb-order-small:0;--awb-spacing-right-small:1.92%;--awb-spacing-left-small:1.92%;\"><div class=\"fusion-column-wrapper fusion-column-has-shadow fusion-flex-justify-content-flex-start fusion-content-layout-column\"><div class=\"fusion-text fusion-text-1\"><p style=\"text-align: left;\">Bienvenue sur le site de la paroisse Saint Fran\u00e7ois de Sales des Moth\u00e9es, o\u00f9 vous trouverez les renseignements n\u00e9cessaires pour vos diff\u00e9rentes demandes, et une pr\u00e9sentation de ce qui se vit sur la paroisse. Notre paroisse dessert les communes suivantes :<\/p>\n<\/div><\/div><\/div><div class=\"fusion-layout-column fusion_builder_column fusion-builder-column-1 fusion_builder_column_1_2 1_2 fusion-flex-column fusion-flex-align-self-flex-start\" style=\"--awb-bg-size:cover;--awb-width-large:50%;--awb-margin-top-large:0px;--awb-spacing-right-large:3.84%;--awb-margin-bottom-large:0px;--awb-spacing-left-large:3.84%;--awb-width-medium:100%;--awb-order-medium:0;--awb-spacing-right-medium:1.92%;--awb-spacing-left-medium:1.92%;--awb-width-small:100%;--awb-order-small:0;--awb-spacing-right-small:1.92%;--awb-spacing-left-small:1.92%;\"><div class=\"fusion-column-wrapper fusion-column-has-shadow fusion-flex-justify-content-flex-start fusion-content-layout-column\"><div class=\"fusion-text fusion-text-2\"><ul>\n<li style=\"text-align: left;\">Ablancourt<\/li>\n<li style=\"text-align: left;\">Aulnay l\u2019Aitre<\/li>\n<li style=\"text-align: left;\">Chepy<\/li>\n<li style=\"text-align: left;\">Coup\u00e9ville<\/li>\n<li style=\"text-align: left;\">Dampierre sur Moivre<\/li>\n<li style=\"text-align: left;\">Francheville<\/li>\n<li style=\"text-align: left;\">La Chauss\u00e9e sur Marne<\/li>\n<li style=\"text-align: left;\">Le Fresne<\/li>\n<li style=\"text-align: left;\">Marson<\/li>\n<\/ul>\n<\/div><\/div><\/div><div class=\"fusion-layout-column fusion_builder_column fusion-builder-column-2 fusion_builder_column_1_2 1_2 fusion-flex-column\" style=\"--awb-bg-size:cover;--awb-width-large:50%;--awb-margin-top-large:0px;--awb-spacing-right-large:3.84%;--awb-margin-bottom-large:0px;--awb-spacing-left-large:3.84%;--awb-width-medium:100%;--awb-order-medium:0;--awb-spacing-right-medium:1.92%;--awb-spacing-left-medium:1.92%;--awb-width-small:100%;--awb-order-small:0;--awb-spacing-right-small:1.92%;--awb-spacing-left-small:1.92%;\"><div class=\"fusion-column-wrapper fusion-column-has-shadow fusion-flex-justify-content-flex-start fusion-content-layout-column\"><div class=\"fusion-text fusion-text-3\"><ul>\n<li style=\"text-align: left;\">Moncetz-Longevas<\/li>\n<li style=\"text-align: left;\">Moivre<\/li>\n<li style=\"text-align: left;\">Omey<\/li>\n<li style=\"text-align: left;\">Pogny<\/li>\n<li style=\"text-align: left;\">Saint Germain la Ville<\/li>\n<li style=\"text-align: left;\">Saint Jean sur Moivre<\/li>\n<li style=\"text-align: left;\">Sarry<\/li>\n<li style=\"text-align: left;\">V\u00e9signeul sur Marne<\/li>\n<\/ul>\n<\/div><\/div><\/div><\/div><\/div><div class=\"fusion-fullwidth fullwidth-box fusion-builder-row-2 fusion-flex-container nonhundred-percent-fullwidth non-hundred-percent-height-scrolling\" style=\"--awb-border-radius-top-left:0px;--awb-border-radius-top-right:0px;--awb-border-radius-bottom-right:0px;--awb-border-radius-bottom-left:0px;--awb-flex-wrap:wrap;\" ><div class=\"fusion-builder-row fusion-row fusion-flex-align-items-flex-start fusion-flex-content-wrap\" style=\"max-width:1206.4px;margin-left: calc(-4% \/ 2 );margin-right: calc(-4% \/ 2 );\"><div class=\"fusion-layout-column fusion_builder_column fusion-builder-column-3 fusion_builder_column_1_1 1_1 fusion-flex-column\" style=\"--awb-bg-size:cover;--awb-width-large:100%;--awb-margin-top-large:0px;--awb-spacing-right-large:1.92%;--awb-margin-bottom-large:20px;--awb-spacing-left-large:1.92%;--awb-width-medium:100%;--awb-order-medium:0;--awb-spacing-right-medium:1.92%;--awb-spacing-left-medium:1.92%;--awb-width-small:100%;--awb-order-small:0;--awb-spacing-right-small:1.92%;--awb-spacing-left-small:1.92%;\"><div class=\"fusion-column-wrapper fusion-column-has-shadow fusion-flex-justify-content-flex-start fusion-content-layout-column\"><div class=\"fusion-menu-anchor\" id=\"laparoisse\"><\/div><\/div><\/div><\/div><\/div><div class=\"fusion-fullwidth fullwidth-box fusion-builder-row-3 nonhundred-percent-fullwidth non-hundred-percent-height-scrolling\" style=\"--awb-border-radius-top-left:0px;--awb-border-radius-top-right:0px;--awb-border-radius-bottom-right:0px;--awb-border-radius-bottom-left:0px;--awb-padding-top:23px;--awb-padding-right:15px;--awb-padding-bottom:9px;--awb-padding-left:15px;--awb-margin-top:0px;--awb-margin-bottom:0px;--awb-flex-wrap:wrap;\" ><div class=\"fusion-builder-row fusion-row\"><div class=\"fusion-layout-column fusion_builder_column fusion-builder-column-4 fusion_builder_column_1_2 1_2 fusion-one-half fusion-column-first\" style=\"--awb-bg-size:cover;width:50%;width:calc(50% - ( ( 4% ) * 0.5 ) );margin-right: 4%;\"><div class=\"fusion-column-wrapper fusion-column-has-shadow fusion-flex-column-wrapper-legacy\"><div class=\"fusion-title title fusion-title-1 fusion-sep-none fusion-title-text fusion-title-size-one\"><h1 class=\"fusion-title-heading title-heading-left\" style=\"margin:0;\"><strong>Espace territorial<\/strong><\/h1><\/div><div class=\"fusion-sep-clear\"><\/div><div class=\"fusion-separator fusion-clearfix\" style=\"float:left;margin-bottom:20px;width:100%;max-width:200px;\"><div class=\"fusion-separator-border sep-single sep-solid\" style=\"--awb-height:20px;--awb-amount:20px;--awb-sep-color:#379179;border-color:#379179;border-top-width:4px;\"><\/div><\/div><div class=\"fusion-sep-clear\"><\/div><div class=\"fusion-text fusion-text-4\"><p style=\"text-align: justify; \">Situ\u00e9s au sud-est de Ch\u00e2lons en Champagne, les 17 villages qui composent la paroisse Saint Fran\u00e7ois de Sales des Moth\u00e9es sont implant\u00e9s pour neuf d\u2019entre eux \u00e0 proximit\u00e9 de la Nationale 44, dans la vall\u00e9e de la Marne, un sur le Fion, six dans la Vall\u00e9e de la Moivre et Marson chef-lieu de canton. Elle est caract\u00e9ris\u00e9e par ses gisements de craie.<\/p><\/p>\n<\/div><div class=\"fusion-title title fusion-title-2 fusion-sep-none fusion-title-text fusion-title-size-one\"><h1 class=\"fusion-title-heading title-heading-left\" style=\"margin:0;\"><\/h1><\/div><div class=\"fusion-clearfix\"><\/div><\/div><\/div><div class=\"fusion-layout-column fusion_builder_column fusion-builder-column-5 fusion_builder_column_1_2 1_2 fusion-one-half fusion-column-last\" style=\"--awb-bg-size:cover;--awb-margin-bottom:0px;width:50%;width:calc(50% - ( ( 4% ) * 0.5 ) );\"><div class=\"fusion-column-wrapper fusion-column-has-shadow fusion-flex-column-wrapper-legacy\"><div class=\"fusion-column-content-centered\"><div class=\"fusion-column-content\"><div class=\"fusion-image-element fusion-image-align-center in-legacy-container\" style=\"text-align:center;--awb-caption-title-font-family:var(--h2_typography-font-family);--awb-caption-title-font-weight:var(--h2_typography-font-weight);--awb-caption-title-font-style:var(--h2_typography-font-style);--awb-caption-title-size:var(--h2_typography-font-size);--awb-caption-title-transform:var(--h2_typography-text-transform);--awb-caption-title-line-height:var(--h2_typography-line-height);--awb-caption-title-letter-spacing:var(--h2_typography-letter-spacing);\"><div class=\"imageframe-align-center\"><span class=\" fusion-imageframe imageframe-none imageframe-1 hover-type-none\"><img decoding=\"async\" width=\"1024\" height=\"750\" title=\"LES MOTHE\u0301ES 2\" src=\"https:\/\/chalons.catholique.fr\/paroissedesmothees\/wp-content\/uploads\/sites\/37\/2024\/04\/LES-MOTHEES-2-1024x750.png\" alt class=\"img-responsive wp-image-1132\" srcset=\"https:\/\/chalons.catholique.fr\/paroissedesmothees\/wp-content\/uploads\/sites\/37\/2024\/04\/LES-MOTHEES-2-200x146.png 200w, https:\/\/chalons.catholique.fr\/paroissedesmothees\/wp-content\/uploads\/sites\/37\/2024\/04\/LES-MOTHEES-2-400x293.png 400w, https:\/\/chalons.catholique.fr\/paroissedesmothees\/wp-content\/uploads\/sites\/37\/2024\/04\/LES-MOTHEES-2-600x439.png 600w, https:\/\/chalons.catholique.fr\/paroissedesmothees\/wp-content\/uploads\/sites\/37\/2024\/04\/LES-MOTHEES-2-800x586.png 800w, https:\/\/chalons.catholique.fr\/paroissedesmothees\/wp-content\/uploads\/sites\/37\/2024\/04\/LES-MOTHEES-2-1200x878.png 1200w\" sizes=\"(max-width: 800px) 100vw, 600px\" \/><\/span><\/div><\/div><div class=\"fusion-sep-clear\"><\/div><div class=\"fusion-separator fusion-full-width-sep\" style=\"margin-left: auto;margin-right: auto;margin-top:50px;width:100%;\"><\/div><div class=\"fusion-sep-clear\"><\/div><\/div><\/div><div class=\"fusion-clearfix\"><\/div><\/div><\/div><\/div><\/div><div class=\"fusion-fullwidth fullwidth-box fusion-builder-row-4 fusion-flex-container nonhundred-percent-fullwidth non-hundred-percent-height-scrolling\" style=\"--awb-border-radius-top-left:0px;--awb-border-radius-top-right:0px;--awb-border-radius-bottom-right:0px;--awb-border-radius-bottom-left:0px;--awb-flex-wrap:wrap;\" ><div class=\"fusion-builder-row fusion-row fusion-flex-align-items-flex-start fusion-flex-content-wrap\" style=\"max-width:1206.4px;margin-left: calc(-4% \/ 2 );margin-right: calc(-4% \/ 2 );\"><div class=\"fusion-layout-column fusion_builder_column fusion-builder-column-6 fusion_builder_column_1_1 1_1 fusion-flex-column\" style=\"--awb-padding-right:46px;--awb-padding-left:38px;--awb-bg-size:cover;--awb-width-large:100%;--awb-margin-top-large:0px;--awb-spacing-right-large:1.92%;--awb-margin-bottom-large:20px;--awb-spacing-left-large:1.92%;--awb-width-medium:100%;--awb-order-medium:0;--awb-spacing-right-medium:1.92%;--awb-spacing-left-medium:1.92%;--awb-width-small:100%;--awb-order-small:0;--awb-spacing-right-small:1.92%;--awb-spacing-left-small:1.92%;\"><div class=\"fusion-column-wrapper fusion-column-has-shadow fusion-flex-justify-content-flex-start fusion-content-layout-column\"><div class=\"fusion-separator fusion-full-width-sep\" style=\"align-self: center;margin-left: auto;margin-right: auto;width:100%;\"><\/div><div class=\"fusion-text fusion-text-5\"><p><b style=\"font-size: 35px;\" data-fusion-font=\"true\"><span style=\"color: rgba(0, 0, 0, 0.91);\">L&rsquo;\u00c9glise de Pogny<\/span><\/b><\/p>\n<\/div><div class=\"fusion-separator\" style=\"align-self: flex-start;margin-right:auto;margin-bottom:20px;width:100%;max-width:200px;\"><div class=\"fusion-separator-border sep-single sep-solid\" style=\"--awb-height:20px;--awb-amount:20px;--awb-sep-color:#379179;border-color:#379179;border-top-width:4px;\"><\/div><\/div><div class=\"fusion-text fusion-text-6\"><p style=\"font-size: 40px;\" data-fusion-font=\"true\">\n<p style=\"text-align: justify; \"><span style=\"color: var(--awb-text-color); font-family: var(--awb-text-font-family); font-size: var(--awb-font-size); font-style: var(--awb-text-font-style); font-weight: var(--awb-text-font-weight); letter-spacing: var(--awb-letter-spacing); text-transform: var(--awb-text-transform); background-color: var(--awb-bg-color-hover);\">L\u2019\u00e9glise de Pogny (Nativit\u00e9 de Notre-Dame) est b\u00e2tie sur un monticule \u00e0 l\u2019emplacement, dit-on, d\u2019un ancien couvent. Elle domine la vall\u00e9e de la Marne. D\u00e9di\u00e9e \u00e0 Notre-Dame, elle \u00e9tait une des seigneuries du Chapitre de la cath\u00e9drale de Ch\u00e2lons.<\/span><\/p>\n<p style=\"text-align: justify; \"><span style=\"color: var(--awb-text-color); font-family: var(--awb-text-font-family); font-size: var(--awb-font-size); font-style: var(--awb-text-font-style); font-weight: var(--awb-text-font-weight); letter-spacing: var(--awb-letter-spacing); text-transform: var(--awb-text-transform); background-color: var(--awb-bg-color-hover);\">Les parties les plus anciennes de cette \u00e9glise sont la crois\u00e9e du transept, la tour qui la surmonte et la nef dont les piles constitu\u00e9es de colonnettes jointives portent des arcades moulur\u00e9es (XII\u00e8me si\u00e8cle). Un vaste ch\u0153ur flamboyant, avec trois vaisseaux tr\u00e8s \u00e9lanc\u00e9s, a \u00e9t\u00e9 ajout\u00e9 en 1535 ; la date est grav\u00e9e sur la cl\u00e9 de vo\u00fbte de l\u2019abside. Le ma\u00eetre-autel dont le retable \u00e0 colonnes encadre trois statues et la fa\u00e7ade datent du XVIII\u00e8me si\u00e8cle.<\/span><\/p>\n<p style=\"text-align: justify; \">Deux sortes de pierres furent utilis\u00e9es pour sa construction ; la pierre de Faloise (provenant de la r\u00e9gion de Vertus) pour la nef, la crois\u00e9e et la tour ; pierre de Barrois (provenant d\u2019une zone situ\u00e9e entre Saint-Dizier et Bar-le-Duc) pour le reste.<\/p>\n<p style=\"text-align: justify; \">Cette \u00e9glise a \u00e9t\u00e9 incendi\u00e9e au XIII ou XIV\u00e8me si\u00e8cle, bombard\u00e9e en 1914 et \u00e0 nouveau incendi\u00e9e en juin 1940.<\/p>\n<\/div><\/div><\/div><div class=\"fusion-layout-column fusion_builder_column fusion-builder-column-7 fusion_builder_column_1_1 1_1 fusion-flex-column\" style=\"--awb-bg-size:cover;--awb-width-large:100%;--awb-margin-top-large:0px;--awb-spacing-right-large:1.92%;--awb-margin-bottom-large:20px;--awb-spacing-left-large:1.92%;--awb-width-medium:100%;--awb-order-medium:0;--awb-spacing-right-medium:1.92%;--awb-spacing-left-medium:1.92%;--awb-width-small:100%;--awb-order-small:0;--awb-spacing-right-small:1.92%;--awb-spacing-left-small:1.92%;\"><div class=\"fusion-column-wrapper fusion-column-has-shadow fusion-flex-justify-content-flex-start fusion-content-layout-column\"><div class=\"fusion-menu-anchor\" id=\"horaires\"><\/div><\/div><\/div><\/div><\/div><div class=\"fusion-fullwidth fullwidth-box fusion-builder-row-5 nonhundred-percent-fullwidth non-hundred-percent-height-scrolling\" style=\"--awb-border-radius-top-left:0px;--awb-border-radius-top-right:0px;--awb-border-radius-bottom-right:0px;--awb-border-radius-bottom-left:0px;--awb-padding-top:31px;--awb-padding-right:15px;--awb-padding-left:15px;--awb-margin-top:0px;--awb-flex-wrap:wrap;\" ><div class=\"fusion-builder-row fusion-row\"><div class=\"fusion-layout-column fusion_builder_column fusion-builder-column-8 fusion_builder_column_1_2 1_2 fusion-one-half fusion-column-first\" style=\"--awb-bg-size:cover;width:50%;width:calc(50% - ( ( 4% ) * 0.5 ) );margin-right: 4%;\"><div class=\"fusion-column-wrapper fusion-column-has-shadow fusion-flex-column-wrapper-legacy\"><div class=\"fusion-title title fusion-title-3 fusion-sep-none fusion-title-text fusion-title-size-one\"><h1 class=\"fusion-title-heading title-heading-left\" style=\"margin:0;\"><strong>La maison paroissiale de Pogny<\/strong><\/h1><\/div><div class=\"fusion-sep-clear\"><\/div><div class=\"fusion-separator fusion-clearfix\" style=\"float:left;margin-bottom:20px;width:100%;max-width:200px;\"><div class=\"fusion-separator-border sep-single sep-solid\" style=\"--awb-height:20px;--awb-amount:20px;--awb-sep-color:#379179;border-color:#379179;border-top-width:4px;\"><\/div><\/div><div class=\"fusion-sep-clear\"><\/div><div class=\"fusion-text fusion-text-7\"><p>La maison paroissiale se trouve au <b>10 rue du g\u00e9n\u00e9ral de Gaulle \u00e0 Pogny<\/b>. <span style=\"color: var(--awb-text-color); font-family: var(--awb-text-font-family); font-size: var(--awb-font-size); font-style: var(--awb-text-font-style); font-weight: var(--awb-text-font-weight); letter-spacing: var(--awb-letter-spacing); text-align: var(--awb-content-alignment); text-transform: var(--awb-text-transform); background-color: var(--awb-bg-color-hover);\">Pour rencontrer un pr\u00eatre, merci d&rsquo;appeler directement le 03.26.68.04.62<\/span><\/p>\n<p>Adresse mail de la paroisse : <a href=\"mailto:paroisse.sarry@chalons.catholique.fr\">paroisse.sarry@chalons.catholique.fr<\/a><\/p>\n<\/div><div class=\"fusion-title title fusion-title-4 fusion-sep-none fusion-title-text fusion-title-size-one\"><h1 class=\"fusion-title-heading title-heading-left\" style=\"margin:0;\"><strong>Les pr\u00eatres<\/strong><\/h1><\/div><div class=\"fusion-sep-clear\"><\/div><div class=\"fusion-separator fusion-clearfix\" style=\"float:left;margin-bottom:20px;width:100%;max-width:200px;\"><div class=\"fusion-separator-border sep-single sep-solid\" style=\"--awb-height:20px;--awb-amount:20px;--awb-sep-color:#379179;border-color:#379179;border-top-width:4px;\"><\/div><\/div><div class=\"fusion-sep-clear\"><\/div><div class=\"fusion-text fusion-text-8\"><p>La paroisse a une \u00e9quipe de 4 pr\u00eatres :<\/p>\n<ul>\n<li>Don Geoffroy Bohineust est cur\u00e9 de la paroisse. <\/li>\n<li>Don Lukas Klinger, vicaire et pr\u00eatre r\u00e9f\u00e9rent. <\/li>\n<li>Don Antonin Dichamp, vicaire ;<\/li>\n<li>Don J\u00e9r\u00f4me \u00c9lisabeth, vicaire<\/li>\n<\/ul>\n<p style=\"text-align: justify; \">Ils partagent leur temps entre la paroisse des Moth\u00e9es et les paroisses Sainte-Th\u00e9r\u00e8se (Ch\u00e2lons Sud), Saint-Memmie (Saint-Memmie), Saint-\u00c9loi (Coole Marne et Soude), Saint-\u00c9tienne (Ch\u00e2lons Centre) et Sainte-Marie (Sources de la Vesle).<\/p>\n<\/div><div class=\"fusion-clearfix\"><\/div><\/div><\/div><div class=\"fusion-layout-column fusion_builder_column fusion-builder-column-9 fusion_builder_column_1_2 1_2 fusion-one-half fusion-column-last\" style=\"--awb-bg-size:cover;width:50%;width:calc(50% - ( ( 4% ) * 0.5 ) );\"><div class=\"fusion-column-wrapper fusion-column-has-shadow fusion-flex-column-wrapper-legacy\"><div class=\"fusion-clearfix\"><\/div><\/div><\/div><\/div><\/div>\n","protected":false},"excerpt":{"rendered":"","protected":false},"author":150,"featured_media":0,"parent":0,"menu_order":0,"comment_status":"closed","ping_status":"closed","template":"","meta":{"xn-wppe-expiration":[],"xn-wppe-expiration-action":[],"xn-wppe-expiration-prefix":[],"footnotes":""},"_links":{"self":[{"href":"https:\/\/chalons.catholique.fr\/paroissedesmothees\/wp-json\/wp\/v2\/pages\/241"}],"collection":[{"href":"https:\/\/chalons.catholique.fr\/paroissedesmothees\/wp-json\/wp\/v2\/pages"}],"about":[{"href":"https:\/\/chalons.catholique.fr\/paroissedesmothees\/wp-json\/wp\/v2\/types\/page"}],"author":[{"embeddable":true,"href":"https:\/\/chalons.catholique.fr\/paroissedesmothees\/wp-json\/wp\/v2\/users\/150"}],"replies":[{"embeddable":true,"href":"https:\/\/chalons.catholique.fr\/paroissedesmothees\/wp-json\/wp\/v2\/comments?post=241"}],"version-history":[{"count":5,"href":"https:\/\/chalons.catholique.fr\/paroissedesmothees\/wp-json\/wp\/v2\/pages\/241\/revisions"}],"predecessor-version":[{"id":1152,"href":"https:\/\/chalons.catholique.fr\/paroissedesmothees\/wp-json\/wp\/v2\/pages\/241\/revisions\/1152"}],"wp:attachment":[{"href":"https:\/\/chalons.catholique.fr\/paroissedesmothees\/wp-json\/wp\/v2\/media?parent=241"}],"curies":[{"name":"wp","href":"https:\/\/api.w.org\/{rel}","templated":true}]}}