{"id":181,"date":"2017-10-26T11:04:20","date_gmt":"2017-10-26T10:04:20","guid":{"rendered":"http:\/\/chalons.catholique.fr\/saintfrancois3\/?page_id=181"},"modified":"2022-07-21T16:41:14","modified_gmt":"2022-07-21T15:41:14","slug":"chorale","status":"publish","type":"page","link":"https:\/\/chalons.catholique.fr\/paroissedesmothees\/activites\/liturgie\/chorale\/","title":{"rendered":"Les chorales"},"content":{"rendered":"<p>Notre paroisse \u00e0 la chance d&rsquo;avoir non pas une mais deux chorales.<\/p>\n<p>La premi\u00e8re, qu&rsquo;on pourrait appeler \u00ab\u00a0l&rsquo;historique\u00a0\u00bb, assure les chants \u00e0 la messe, aux obs\u00e8ques et \u00e0 certains mariages. Les r\u00e9p\u00e9titions se font le mardi \u00e0 17h30 l&rsquo;hiver et 18h l&rsquo;\u00e9t\u00e9 \u00e0 l&rsquo;\u00e9glise de st Germain la ville.<\/p>\n<p>La deuxi\u00e8me, \u00ab\u00a0Notes Rep\u00e8res\u00a0\u00bb, est un groupe polyphonique (la polyphonie est un chant \u00e0 plusieurs voix : soprane, alto, t\u00e9nor et basse) qui propose de pr\u00e9parer des chants pour certains moments de la messe. Les r\u00e9p\u00e9titions ont lieu \u00e0 Pogny (Eglise en \u00e9t\u00e9 et salle paroissiale en hiver) le jeudi \u00e0 20h.<\/p>\n<p>Pour les dates des r\u00e9p\u00e9titions des deux groupes consultez le P&rsquo;tit Mot des Moth\u00e9es.<\/p>\n","protected":false},"excerpt":{"rendered":"<p>Notre paroisse \u00e0 la chance d&rsquo;avoir non pas une mais deux chorales. La premi\u00e8re, qu&rsquo;on pourrait appeler \u00ab\u00a0l&rsquo;historique\u00a0\u00bb, assure les chants \u00e0 la messe, aux obs\u00e8ques et \u00e0 certains mariages. Les r\u00e9p\u00e9titions se font le mardi \u00e0 17h30 l&rsquo;hiver et 18h l&rsquo;\u00e9t\u00e9 \u00e0 l&rsquo;\u00e9glise de st Germain la ville. La deuxi\u00e8me, \u00ab\u00a0Notes Rep\u00e8res\u00a0\u00bb, est un [&hellip;]<\/p>\n","protected":false},"author":150,"featured_media":0,"parent":178,"menu_order":0,"comment_status":"closed","ping_status":"closed","template":"","meta":{"xn-wppe-expiration":[],"xn-wppe-expiration-action":[],"xn-wppe-expiration-prefix":[],"footnotes":""},"_links":{"self":[{"href":"https:\/\/chalons.catholique.fr\/paroissedesmothees\/wp-json\/wp\/v2\/pages\/181"}],"collection":[{"href":"https:\/\/chalons.catholique.fr\/paroissedesmothees\/wp-json\/wp\/v2\/pages"}],"about":[{"href":"https:\/\/chalons.catholique.fr\/paroissedesmothees\/wp-json\/wp\/v2\/types\/page"}],"author":[{"embeddable":true,"href":"https:\/\/chalons.catholique.fr\/paroissedesmothees\/wp-json\/wp\/v2\/users\/150"}],"replies":[{"embeddable":true,"href":"https:\/\/chalons.catholique.fr\/paroissedesmothees\/wp-json\/wp\/v2\/comments?post=181"}],"version-history":[{"count":0,"href":"https:\/\/chalons.catholique.fr\/paroissedesmothees\/wp-json\/wp\/v2\/pages\/181\/revisions"}],"up":[{"embeddable":true,"href":"https:\/\/chalons.catholique.fr\/paroissedesmothees\/wp-json\/wp\/v2\/pages\/178"}],"wp:attachment":[{"href":"https:\/\/chalons.catholique.fr\/paroissedesmothees\/wp-json\/wp\/v2\/media?parent=181"}],"curies":[{"name":"wp","href":"https:\/\/api.w.org\/{rel}","templated":true}]}}