{"id":143,"date":"2017-10-25T11:09:40","date_gmt":"2017-10-25T10:09:40","guid":{"rendered":"http:\/\/chalons.catholique.fr\/saintfrancois3\/?page_id=143"},"modified":"2024-08-25T20:58:57","modified_gmt":"2024-08-25T19:58:57","slug":"catechisme","status":"publish","type":"page","link":"https:\/\/chalons.catholique.fr\/paroissedesmothees\/catechisme\/","title":{"rendered":"Cat\u00e9chisme"},"content":{"rendered":"<div class=\"ead-preview\"><div class=\"ead-document\" style=\"position: relative;padding-top: 90%;\"><div class=\"ead-iframe-wrapper\"><iframe src=\"\/\/docs.google.com\/viewer?url=https%3A%2F%2Fchalons.catholique.fr%2Fparoissedesmothees%2Fwp-content%2Fuploads%2Fsites%2F37%2F2024%2F08%2FTract-inscription-kt-2024-1.pdf&amp;embedded=true&amp;hl=en\" title=\"Document embarqu\u00e9\" class=\"ead-iframe\" style=\"width: 100%;height: 100%;border: none;position: absolute;left: 0;top: 0;visibility: hidden;\"><\/iframe><\/div>\t\t\t<div class=\"ead-document-loading\" style=\"width:100%;height:100%;position:absolute;left:0;top:0;z-index:10;\">\n\t\t\t\t<div class=\"ead-loading-wrap\">\n\t\t\t\t\t<div class=\"ead-loading-main\">\n\t\t\t\t\t\t<div class=\"ead-loading\">\n\t\t\t\t\t\t\t<img src=\"https:\/\/chalons.catholique.fr\/paroissedesmothees\/wp-content\/plugins\/embed-any-document\/images\/loading.svg\" width=\"55\" height=\"55\" alt=\"Chargeur\">\n\t\t\t\t\t\t\t<span>En cours de chargement&hellip;<\/span>\n\t\t\t\t\t\t<\/div>\n\t\t\t\t\t<\/div>\n\t\t\t\t\t<div class=\"ead-loading-foot\">\n\t\t\t\t\t\t<div class=\"ead-loading-foot-title\">\n\t\t\t\t\t\t\t<img src=\"https:\/\/chalons.catholique.fr\/paroissedesmothees\/wp-content\/plugins\/embed-any-document\/images\/EAD-logo.svg\" alt=\"Logo EAD\" width=\"36\" height=\"23\"\/>\n\t\t\t\t\t\t\t<span>Cela prend trop de temps\u00a0?<\/span>\n\t\t\t\t\t\t<\/div>\n\t\t\t\t\t\t<p>\n\t\t\t\t\t\t\t<div class=\"ead-document-btn ead-reload-btn\" role=\"button\">\n\t\t\t\t\t\t\t\t<img src=\"https:\/\/chalons.catholique.fr\/paroissedesmothees\/wp-content\/plugins\/embed-any-document\/images\/reload.svg\" alt=\"Recharger\" width=\"12\" height=\"12\"\/> Recharger le document\t\t\t\t\t\t\t<\/div>\n\t\t\t\t\t\t\t<span>|<\/span>\n\t\t\t\t\t\t\t<a href=\"https:\/\/chalons.catholique.fr\/paroissedesmothees\/wp-content\/uploads\/sites\/37\/2024\/08\/Tract-inscription-kt-2024-1.pdf\" class=\"ead-document-btn\" target=\"_blank\">\n\t\t\t\t\t\t\t\t<img src=\"https:\/\/chalons.catholique.fr\/paroissedesmothees\/wp-content\/plugins\/embed-any-document\/images\/open.svg\" alt=\"Ouvert\" width=\"12\" height=\"12\"\/> Ouvrir dans un nouvel onglet\t\t\t\t\t\t\t<\/a>\n\t\t\t\t\t<\/div>\n\t\t\t\t<\/div>\n\t\t\t<\/div>\n\t\t<\/div><\/div>La cat\u00e9ch\u00e8se s\u2019adresse \u00e0 tous les enfants qui sont en niveau scolaire CE2 \u00e0 6<sup>\u00e8me<\/sup>, m\u00eame pour les non baptis\u00e9s.<\/p>\n<p>&nbsp;<\/p>\n<p style=\"text-align: right\">Coordinateur de la cat\u00e9ch\u00e8se : Denis HALIPRE<\/p>\n<p style=\"text-align: right\">mail : denis.halipre@live.fr<\/p>\n<p>&nbsp;<\/p>\n","protected":false},"excerpt":{"rendered":"<p>La cat\u00e9ch\u00e8se s\u2019adresse \u00e0 tous les enfants qui sont en niveau scolaire CE2 \u00e0 6\u00e8me, m\u00eame pour les non baptis\u00e9s. &nbsp; Coordinateur de la cat\u00e9ch\u00e8se : Denis HALIPRE mail : denis.halipre@live.fr &nbsp;<\/p>\n","protected":false},"author":150,"featured_media":0,"parent":0,"menu_order":0,"comment_status":"closed","ping_status":"closed","template":"","meta":{"xn-wppe-expiration":[],"xn-wppe-expiration-action":[],"xn-wppe-expiration-prefix":[],"footnotes":""},"_links":{"self":[{"href":"https:\/\/chalons.catholique.fr\/paroissedesmothees\/wp-json\/wp\/v2\/pages\/143"}],"collection":[{"href":"https:\/\/chalons.catholique.fr\/paroissedesmothees\/wp-json\/wp\/v2\/pages"}],"about":[{"href":"https:\/\/chalons.catholique.fr\/paroissedesmothees\/wp-json\/wp\/v2\/types\/page"}],"author":[{"embeddable":true,"href":"https:\/\/chalons.catholique.fr\/paroissedesmothees\/wp-json\/wp\/v2\/users\/150"}],"replies":[{"embeddable":true,"href":"https:\/\/chalons.catholique.fr\/paroissedesmothees\/wp-json\/wp\/v2\/comments?post=143"}],"version-history":[{"count":2,"href":"https:\/\/chalons.catholique.fr\/paroissedesmothees\/wp-json\/wp\/v2\/pages\/143\/revisions"}],"predecessor-version":[{"id":1145,"href":"https:\/\/chalons.catholique.fr\/paroissedesmothees\/wp-json\/wp\/v2\/pages\/143\/revisions\/1145"}],"wp:attachment":[{"href":"https:\/\/chalons.catholique.fr\/paroissedesmothees\/wp-json\/wp\/v2\/media?parent=143"}],"curies":[{"name":"wp","href":"https:\/\/api.w.org\/{rel}","templated":true}]}}