{"id":98,"date":"2016-02-24T18:27:42","date_gmt":"2016-02-24T17:27:42","guid":{"rendered":"http:\/\/chalons.catholique.fr\/lepine\/?page_id=98"},"modified":"2024-06-26T08:28:44","modified_gmt":"2024-06-26T07:28:44","slug":"plan-et-acces","status":"publish","type":"page","link":"https:\/\/chalons.catholique.fr\/lepine\/infos-pratiques\/plan-et-acces\/","title":{"rendered":"Plan et acc\u00e8s"},"content":{"rendered":"<div class=\"fusion-fullwidth fullwidth-box fusion-builder-row-1 fusion-parallax-none nonhundred-percent-fullwidth non-hundred-percent-height-scrolling\" style=\"--awb-border-radius-top-left:0px;--awb-border-radius-top-right:0px;--awb-border-radius-bottom-right:0px;--awb-border-radius-bottom-left:0px;--awb-padding-top:500px;--awb-background-image:url(&quot;https:\/\/chalons.catholique.fr\/lepine\/wp-content\/uploads\/sites\/5\/2019\/12\/michal-parzuchowski-dmH3NWhYTHQ-unsplash-scaled.jpg&quot;);--awb-background-size:cover;--awb-flex-wrap:wrap;\" ><div class=\"fusion-builder-row fusion-row\"><\/div><\/div><div class=\"fusion-fullwidth fullwidth-box fusion-builder-row-2 nonhundred-percent-fullwidth non-hundred-percent-height-scrolling\" style=\"--awb-border-radius-top-left:0px;--awb-border-radius-top-right:0px;--awb-border-radius-bottom-right:0px;--awb-border-radius-bottom-left:0px;--awb-padding-top:20px;--awb-flex-wrap:wrap;\" ><div class=\"fusion-builder-row fusion-row\"><div class=\"fusion-layout-column fusion_builder_column fusion-builder-column-0 fusion_builder_column_1_1 1_1 fusion-one-full fusion-column-first fusion-column-last\" style=\"--awb-bg-size:cover;\"><div class=\"fusion-column-wrapper fusion-column-has-shadow fusion-flex-column-wrapper-legacy\"><div class=\"fusion-text fusion-text-1\"><p>L&rsquo;\u00c9pine est un petit village situ\u00e9 en plein c\u0153ur du d\u00e9partement de la Marne, \u00e0 10 km \u00e0 l&rsquo;Est de Ch\u00e2lons-en-Champagne.<\/p>\n<p><b>Distance de L&rsquo;\u00c9pine \u00e0<\/b> :<\/p>\n<ul>\n<li>Reims : 51 km<\/li>\n<li>Paris : 180 km<\/li>\n<li>Metz : 150 km<\/li>\n<li>Nancy : 165 km<\/li>\n<li>Strasbourg : 300 km<\/li>\n<li>TROYES : 93kms<\/li>\n<li><span style=\"color: var(--body_typography-color); font-family: var(--body_typography-font-family); font-size: var(--body_typography-font-size); font-style: var(--body_typography-font-style,normal); letter-spacing: var(--body_typography-letter-spacing);\">VERDUN : 85kms<\/span><\/li>\n<\/ul>\n<\/div><div class=\"fusion-title title fusion-title-1 fusion-sep-none fusion-title-center fusion-title-text fusion-title-size-three\"><h3 class=\"fusion-title-heading title-heading-center fusion-responsive-typography-calculated\" style=\"margin:0;--fontSize:18;--minFontSize:18;line-height:1.5;\">Venir en v\u00e9lo :<\/h3><\/div><div class=\"fusion-text fusion-text-2\"><p><strong><a href=\"https:\/\/www.chalons-tourisme.com\/offres\/location-de-velos-a-loffice-de-tourisme-chalons-en-champagne-fr-3091620\/\" target=\"_blank\" rel=\"noopener noreferrer\">Site location de v\u00e9lo<\/a><\/strong><\/p>\n<\/div><div class=\"fusion-title title fusion-title-2 fusion-sep-none fusion-title-center fusion-title-text fusion-title-size-three\"><h3 class=\"fusion-title-heading title-heading-center fusion-responsive-typography-calculated\" style=\"margin:0;--fontSize:18;--minFontSize:18;line-height:1.5;\">Venir en taxi :<\/h3><\/div><div class=\"fusion-text fusion-text-3\"><p><strong><a href=\"https:\/\/www.taxi-caroline-chalons-51.com\/\" target=\"_blank\" rel=\"noopener noreferrer\">Site taxi Caroline<\/a><\/strong> (25\u20ac le trajet de la gare jusqu\u2019au sanctuaire) : 06 83 18 73 04<\/p>\n<\/div><div class=\"fusion-title title fusion-title-3 fusion-sep-none fusion-title-center fusion-title-text fusion-title-size-three\"><h3 class=\"fusion-title-heading title-heading-center fusion-responsive-typography-calculated\" style=\"margin:0;--fontSize:18;--minFontSize:18;line-height:1.5;\">Venir en train :<\/h3><\/div><div class=\"fusion-text fusion-text-4\"><ul type=\"disc\">\n<li>Gare de Ch\u00e2lons-en-Champagne : 10 km<\/li>\n<li>Gare CHAMPAGNE-ARDENNE TGV : 53 km<\/li>\n<\/ul>\n<\/div><div class=\"fusion-title title fusion-title-4 fusion-sep-none fusion-title-center fusion-title-text fusion-title-size-three\"><h3 class=\"fusion-title-heading title-heading-center fusion-responsive-typography-calculated\" style=\"margin:0;--fontSize:18;--minFontSize:18;line-height:1.5;\">Venir en voiture :<\/h3><\/div><div class=\"fusion-text fusion-text-5\"><ul type=\"disc\">\n<li>A26 &#8211; sortie 17 &#8211; Ch\u00e2lons-Saint Gibrien (15 km) sortie 18 &#8211; Chalons-Mont Choisy (15 km )<\/li>\n<\/ul>\n<ul type=\"disc\">\n<li>A4 &#8211; sortie 28 -Saint-\u00c9tienne-au-Temple (11 km ) sortie 27 &#8211; La Veuve (20 km )<\/li>\n<\/ul>\n<\/div><div class=\"fusion-title title fusion-title-5 fusion-sep-none fusion-title-center fusion-title-text fusion-title-size-three\"><h3 class=\"fusion-title-heading title-heading-center fusion-responsive-typography-calculated\" style=\"margin:0;--fontSize:18;--minFontSize:18;line-height:1.5;\">Venir \u00e0 pieds :<\/h3><\/div><center><iframe src=\"https:\/\/www.google.com\/maps\/embed?pb=!1m46!1m12!1m3!1d4303.0469444044475!2d4.465114898344094!3d48.97516761908925!2m3!1f0!2f0!3f0!3m2!1i1024!2i768!4f13.1!4m31!3e2!4m5!1s0x47ebde225bc678c5%3A0x40a5fb99a3b59e0!2sCh%C3%A2lons-en-Champagne%2C%2051000!3m2!1d48.956682!2d4.363073!4m3!3m2!1d48.9527779!2d4.3900986!4m3!3m2!1d48.9531049!2d4.3908556999999995!4m3!3m2!1d48.9565128!2d4.3999961!4m3!3m2!1d48.9579465!2d4.4095832999999995!4m3!3m2!1d48.9640475!2d4.4478265!4m3!3m2!1d48.9770186!2d4.469868!5e1!3m2!1sfr!2sfr!4v1656427017834!5m2!1sfr!2sfr\" width=\"1000\" height=\"450\" style=\"border:0;\" allowfullscreen=\"\" loading=\"lazy\" referrerpolicy=\"no-referrer-when-downgrade\"><\/iframe><\/center><div class=\"fusion-sep-clear\"><\/div><div class=\"fusion-separator fusion-full-width-sep\" style=\"margin-left: auto;margin-right: auto;margin-top:20px;width:100%;\"><\/div><div class=\"fusion-sep-clear\"><\/div><div class=\"fusion-clearfix\"><\/div><\/div><\/div><\/div><\/div>\n","protected":false},"excerpt":{"rendered":"","protected":false},"author":5,"featured_media":0,"parent":1208,"menu_order":0,"comment_status":"closed","ping_status":"closed","template":"","meta":{"xn-wppe-expiration":[],"xn-wppe-expiration-action":[],"xn-wppe-expiration-prefix":[],"footnotes":""},"_links":{"self":[{"href":"https:\/\/chalons.catholique.fr\/lepine\/wp-json\/wp\/v2\/pages\/98"}],"collection":[{"href":"https:\/\/chalons.catholique.fr\/lepine\/wp-json\/wp\/v2\/pages"}],"about":[{"href":"https:\/\/chalons.catholique.fr\/lepine\/wp-json\/wp\/v2\/types\/page"}],"author":[{"embeddable":true,"href":"https:\/\/chalons.catholique.fr\/lepine\/wp-json\/wp\/v2\/users\/5"}],"replies":[{"embeddable":true,"href":"https:\/\/chalons.catholique.fr\/lepine\/wp-json\/wp\/v2\/comments?post=98"}],"version-history":[{"count":1,"href":"https:\/\/chalons.catholique.fr\/lepine\/wp-json\/wp\/v2\/pages\/98\/revisions"}],"predecessor-version":[{"id":3949,"href":"https:\/\/chalons.catholique.fr\/lepine\/wp-json\/wp\/v2\/pages\/98\/revisions\/3949"}],"up":[{"embeddable":true,"href":"https:\/\/chalons.catholique.fr\/lepine\/wp-json\/wp\/v2\/pages\/1208"}],"wp:attachment":[{"href":"https:\/\/chalons.catholique.fr\/lepine\/wp-json\/wp\/v2\/media?parent=98"}],"curies":[{"name":"wp","href":"https:\/\/api.w.org\/{rel}","templated":true}]}}