{"id":61,"date":"2016-02-23T17:51:50","date_gmt":"2016-02-23T16:51:50","guid":{"rendered":"http:\/\/chalons.catholique.fr\/lepine\/?page_id=61"},"modified":"2023-02-17T15:39:54","modified_gmt":"2023-02-17T14:39:54","slug":"adresses-utiles","status":"publish","type":"page","link":"https:\/\/chalons.catholique.fr\/lepine\/infos-pratiques\/adresses-utiles\/","title":{"rendered":"Adresses utiles"},"content":{"rendered":"<div class=\"fusion-fullwidth fullwidth-box fusion-builder-row-1 fusion-parallax-fixed nonhundred-percent-fullwidth non-hundred-percent-height-scrolling\" style=\"--awb-background-position:left bottom;--awb-border-radius-top-left:0px;--awb-border-radius-top-right:0px;--awb-border-radius-bottom-right:0px;--awb-border-radius-bottom-left:0px;--awb-padding-top:500px;--awb-margin-top:0px;--awb-background-image:url(&quot;https:\/\/chalons.catholique.fr\/lepine\/wp-content\/uploads\/sites\/5\/2019\/07\/IMG_1228-e1574262647188.jpg&quot;);--awb-background-size:cover;--awb-flex-wrap:wrap;background-attachment:fixed;\" ><div class=\"fusion-builder-row fusion-row\"><\/div><\/div><div class=\"fusion-fullwidth fullwidth-box fusion-builder-row-2 nonhundred-percent-fullwidth non-hundred-percent-height-scrolling\" style=\"--awb-border-radius-top-left:0px;--awb-border-radius-top-right:0px;--awb-border-radius-bottom-right:0px;--awb-border-radius-bottom-left:0px;--awb-padding-top:20px;--awb-flex-wrap:wrap;\" ><div class=\"fusion-builder-row fusion-row\"><div class=\"fusion-layout-column fusion_builder_column fusion-builder-column-0 fusion_builder_column_1_1 1_1 fusion-one-full fusion-column-first fusion-column-last\" style=\"--awb-bg-size:cover;\"><div class=\"fusion-column-wrapper fusion-column-has-shadow fusion-flex-column-wrapper-legacy\"><div class=\"fusion-text fusion-text-1\"><div data-ccp-timestamp=\"1658742183148\">\n<h2>Brasserie de la basilique :<\/h2>\n<ul>\n<li><span style=\"color: var(--body_typography-color);font-family: var(--body_typography-font-family);font-size: var(--body_typography-font-size);font-style: var(--body_typography-font-style,normal);font-weight: var(--body_typography-font-weight);letter-spacing: var(--body_typography-letter-spacing)\">Repas sur place le midi<\/span><\/li>\n<li>Adresse : 22 Av. du Luxembourg, 51460 L&rsquo;\u00c9pine<\/li>\n<li><span style=\"color: var(--body_typography-color);font-family: var(--body_typography-font-family);font-size: var(--body_typography-font-size);font-style: var(--body_typography-font-style,normal);font-weight: var(--body_typography-font-weight);letter-spacing: var(--body_typography-letter-spacing)\">Horaires : Lun &#8211; Ven : 7h &#8211; 19h ; Sdi : 9h &#8211; 18h ; Ferm\u00e9 le dimanche.<\/span><\/li>\n<li><span style=\"color: var(--body_typography-color);font-family: var(--body_typography-font-family);font-size: var(--body_typography-font-size);font-style: var(--body_typography-font-style,normal);font-weight: var(--body_typography-font-weight);letter-spacing: var(--body_typography-letter-spacing)\">T\u00e9l\u00e9phone : 03 26 66 95 11<\/span><\/li>\n<\/ul>\n<p>Aux armes de Champagne<\/p>\n<h2>Fournil de la basilique :<\/h2>\n<ul>\n<li>Vente \u00e0 emporter. Boulangerie, p\u00e2tisserie, sandwisherie et pizzas.<\/li>\n<li>Adresse : 35 Av. du Luxembourg, 51460 L&rsquo;Epine<\/li>\n<li>Horaires : Lun au Ven : 04:30\u201314:00, 16:00\u201319:00 ; Sdi : 04:30\u201312:30 ; Ferm\u00e9 le dimanche.<\/li>\n<li>T\u00e9l\u00e9phone : 03 26 68 20 54<\/li>\n<li>Facebook : founildelabasilique<\/li>\n<\/ul>\n<h2>Office du tourisme de Ch\u00e2lons :<\/h2>\n<ul>\n<li>Adresse : 3 Quai des Arts, 51000 Ch\u00e2lons-en-Champagne<\/li>\n<li>Horaires : Lun-Sam : 9h30-12h ; 13h30-18h ; Ferm\u00e9 le dimanche<\/li>\n<li>T\u00e9l\u00e9phone : 03 26 65 17 89<\/li>\n<li>Site web : <a href=\"https:\/\/www.chalons-tourisme.com\/\">https:\/\/www.chalons-tourisme.com\/<\/a><\/li>\n<\/ul>\n<h2>Intermarch\u00e9 de Courtisols :<\/h2>\n<ul>\n<li>Adresse : 2 Rue Denis Papin, 51460 Courtisols (\u00e0 5 min de la basilique en voiture)<\/li>\n<li>Horaires : Lun au Ven : 09:00\u201319:15, sdi 09:00\u201319:00, dim 09:30\u201312:00<\/li>\n<li>T\u00e9l\u00e9phone : 03 26 66 64 54<\/li>\n<li>Site web : <a href=\"https:\/\/www.intermarche.com\/magasin\">https:\/\/www.intermarche.com\/magasin<\/a><\/li>\n<\/ul>\n<h2>La Bouquinerie<\/h2>\n<ul>\n<li>G\u00e9r\u00e9e par <strong>l&rsquo;Association des Amis de la basilique<\/strong>\u00a0au profit de l&rsquo;entretien et de la restauration de la basilique, la Bouquinerie est ouverte au public <strong>le 1er dimanche du mois, de mai \u00e0 octobre.<\/strong><\/li>\n<li>Elle se situe dans une ancienne grange enti\u00e8rement restaur\u00e9e, au milieu de <strong>l&rsquo;All\u00e9e du Ch\u00e2teau.<\/strong><\/li>\n<li>Plus de <strong>16 000 romans et \u0153uvres d&rsquo;occasion<\/strong> relatives \u00e0 l&rsquo;histoire, la g\u00e9ographique, le terroir, la politique les arts,\u00a0le sport, la religion et la jeunesse sont propos\u00e9s \u00e0 la vente ainsi que des cartes anciennes de monuments de la r\u00e9gion.<\/li>\n<\/ul>\n<h2>Ecurie des minis poons<\/h2>\n<ul>\n<li>Location de poneys et chevaux pour se balader en famille<\/li>\n<li>D\u00e9couverte du poney et animations<\/li>\n<li>Promenades en cal\u00e8che<\/li>\n<li>Tarifs r\u00e9duits groupes et familles<\/li>\n<li>7 avenue du Luxembourg, 51460 L&rsquo;Epine<\/li>\n<li>T\u00e9l\u00e9phone : 06 48 71 80 34<\/li>\n<li>Page Facebook : Ecurie des minis poons<\/li>\n<\/ul>\n<\/div>\n<\/div><div class=\"fusion-clearfix\"><\/div><\/div><\/div><\/div><\/div>\n","protected":false},"excerpt":{"rendered":"","protected":false},"author":5,"featured_media":0,"parent":1208,"menu_order":0,"comment_status":"closed","ping_status":"closed","template":"","meta":{"xn-wppe-expiration":[],"xn-wppe-expiration-action":[],"xn-wppe-expiration-prefix":[],"footnotes":""},"_links":{"self":[{"href":"https:\/\/chalons.catholique.fr\/lepine\/wp-json\/wp\/v2\/pages\/61"}],"collection":[{"href":"https:\/\/chalons.catholique.fr\/lepine\/wp-json\/wp\/v2\/pages"}],"about":[{"href":"https:\/\/chalons.catholique.fr\/lepine\/wp-json\/wp\/v2\/types\/page"}],"author":[{"embeddable":true,"href":"https:\/\/chalons.catholique.fr\/lepine\/wp-json\/wp\/v2\/users\/5"}],"replies":[{"embeddable":true,"href":"https:\/\/chalons.catholique.fr\/lepine\/wp-json\/wp\/v2\/comments?post=61"}],"version-history":[{"count":6,"href":"https:\/\/chalons.catholique.fr\/lepine\/wp-json\/wp\/v2\/pages\/61\/revisions"}],"predecessor-version":[{"id":3748,"href":"https:\/\/chalons.catholique.fr\/lepine\/wp-json\/wp\/v2\/pages\/61\/revisions\/3748"}],"up":[{"embeddable":true,"href":"https:\/\/chalons.catholique.fr\/lepine\/wp-json\/wp\/v2\/pages\/1208"}],"wp:attachment":[{"href":"https:\/\/chalons.catholique.fr\/lepine\/wp-json\/wp\/v2\/media?parent=61"}],"curies":[{"name":"wp","href":"https:\/\/api.w.org\/{rel}","templated":true}]}}