{"id":3586,"date":"2022-10-27T13:49:29","date_gmt":"2022-10-27T12:49:29","guid":{"rendered":"https:\/\/chalons.catholique.fr\/lepine\/?page_id=3586"},"modified":"2025-07-08T14:19:56","modified_gmt":"2025-07-08T13:19:56","slug":"agenda","status":"publish","type":"page","link":"https:\/\/chalons.catholique.fr\/lepine\/agenda\/","title":{"rendered":"Agenda"},"content":{"rendered":"<div class=\"fusion-fullwidth fullwidth-box fusion-builder-row-1 fusion-flex-container nonhundred-percent-fullwidth non-hundred-percent-height-scrolling\" style=\"--awb-border-radius-top-left:0px;--awb-border-radius-top-right:0px;--awb-border-radius-bottom-right:0px;--awb-border-radius-bottom-left:0px;--awb-flex-wrap:wrap;\" ><div class=\"fusion-builder-row fusion-row fusion-flex-align-items-flex-start fusion-flex-content-wrap\" style=\"max-width:1185.6px;margin-left: calc(-4% \/ 2 );margin-right: calc(-4% \/ 2 );\"><div class=\"fusion-layout-column fusion_builder_column fusion-builder-column-0 fusion_builder_column_1_1 1_1 fusion-flex-column\" style=\"--awb-bg-size:cover;--awb-width-large:100%;--awb-margin-top-large:0px;--awb-spacing-right-large:1.92%;--awb-margin-bottom-large:0px;--awb-spacing-left-large:1.92%;--awb-width-medium:100%;--awb-spacing-right-medium:1.92%;--awb-spacing-left-medium:1.92%;--awb-width-small:100%;--awb-spacing-right-small:1.92%;--awb-spacing-left-small:1.92%;\"><div class=\"fusion-column-wrapper fusion-flex-justify-content-flex-start fusion-content-layout-column\"><div class=\"fusion-text fusion-text-1\"><h1 data-fontsize=\"25\" style=\"--fontSize: 25; line-height: 1.4;\" data-lineheight=\"35px\" class=\"fusion-responsive-typography-calculated\"><b>CALENDRIER 2025-2026<\/b><\/h1>\n<h2 data-fontsize=\"20\" style=\"--fontSize: 20; line-height: 1.5; --minFontSize: 20;\" data-lineheight=\"30px\" class=\"fusion-responsive-typography-calculated\"><b>Tout au long de l&rsquo;ann\u00e9e<\/b><\/h2>\n<ul>\n<li><a href=\"https:\/\/chalons.catholique.fr\/lepine\/infos-pratiques\/horaires\/\" target=\"_blank\" rel=\"noopener noreferrer\">Messes, offices, adoration, chapelet<\/a><\/li>\n<li><a href=\"https:\/\/chalons.catholique.fr\/lepine\/les-propositions\/un-sanctuaire-pour-la-vie\/#alzm\" target=\"_blank\" rel=\"noopener noreferrer\">Accueil Louis et Z\u00e9lie Martin<\/a><\/li>\n<\/ul>\n<h2 data-fontsize=\"20\" style=\"--fontSize: 20; line-height: 1.5; --minFontSize: 20;\" data-lineheight=\"30px\" class=\"fusion-responsive-typography-calculated\"><b>Septembre<\/b><\/h2>\n<ul>\n<li><b>Jeudi 4 septembre \u00e0 21h15 :<\/b> <a href=\"https:\/\/chalons.catholique.fr\/lepine\/les-propositions\/un-sanctuaire-marial\/#Neuvaines\">Heure Sainte<\/a><\/li>\n<li><b>Vendredi 6<\/b><b> septembre \u00e0 15h :<\/b> <a href=\"https:\/\/chalons.catholique.fr\/lepine\/les-propositions\/un-sanctuaire-marial\/#Neuvaines\">pri\u00e8re pour les vocations<\/a><\/li>\n<li><b>Lundi 8 septembre : <\/b>Nativit\u00e9<b> <\/b>de la Vierge Marie (11h : chapelet et 11h30 messe)<\/li>\n<li><b>Samedi 20 septembre : <\/b><a href=\"https:\/\/chalons.catholique.fr\/lepine\/les-propositions\/un-sanctuaire-diocesain\/#prieralamesse\" target=\"_blank\" rel=\"noopener noreferrer\">\u00e9cole de pri\u00e8re<\/a><\/li>\n<li><b>Samedi 27 et dimanche 28 septembre : <\/b><a href=\"https:\/\/chalons.catholique.fr\/lepine\/les-propositions\/un-sanctuaire-marial\/#pelerinages\" target=\"_blank\" rel=\"noopener noreferrer\">p\u00e8lerinage des m\u00e8res<\/a><\/li>\n<li><b>Dimanche 21 septembre <\/b>(Journ\u00e9es du patrimoine) : <a href=\"https:\/\/chalons.catholique.fr\/lepine\/les-propositions\/un-sanctuaire-diocesain\/#mission\" target=\"_blank\" rel=\"noopener noreferrer\">journ\u00e9e-mission<\/a><\/li>\n<\/ul>\n<h2 data-fontsize=\"20\" style=\"--fontSize: 20; line-height: 1.5; --minFontSize: 20;\" data-lineheight=\"30px\" class=\"fusion-responsive-typography-calculated\"><b>Octobre<\/b><\/h2>\n<ul>\n<li><b>Jeudi 2 octobre \u00e0 21h15 :<\/b> <a href=\"https:\/\/chalons.catholique.fr\/lepine\/les-propositions\/un-sanctuaire-marial\/#Neuvaines\">Heure Sainte<\/a><\/li>\n<li><b>Mardi 7 octobre :<\/b> Notre Dame du Rosaire (11h : Chapelet et 11h30 messe)<\/li>\n<li><b>Jeudi 9 octobre \u00e0 14h : <\/b><i><a href=\"https:\/\/chalons.catholique.fr\/lepine\/les-propositions\/un-sanctuaire-diocesain\/#ecoute\" target=\"_blank\" rel=\"noopener noreferrer\">\u00ab\u00a0Les Psaumes au fil de l&rsquo;ann\u00e9e\u00a0\u00bb<\/a><\/i><\/li>\n<li><b>Samedi 11 octobre \u00e0 14h30 : <\/b>\u00c9cole de pri\u00e8re Mariale<\/li>\n<li>\n<p><b>Jeudi 16 octobre de 9h30 \u00e0 15h30 : <\/b>journ\u00e9e \u00ab Femme Source Vive \u00bb<\/p>\n<\/li>\n<\/ul>\n<h2 data-fontsize=\"20\" style=\"--fontSize: 20; line-height: 1.5; --minFontSize: 20;\" data-lineheight=\"30px\" class=\"fusion-responsive-typography-calculated\"><b>Novembre<\/b><\/h2>\n<ul>\n<li><b>Jeudi 6 novembre \u00e0 21h15 : <\/b>Heure Sainte<\/li>\n<li><b>Jeudi 13 novembre \u00e0 14h :<\/b> <a href=\"https:\/\/chalons.catholique.fr\/lepine\/les-propositions\/un-sanctuaire-diocesain\/#ecoute\" target=\"_blank\" rel=\"noopener noreferrer\">\u00ab\u00a0Les Psaumes au fil de l&rsquo;ann\u00e9e\u00a0\u00bb<\/a><\/li>\n<li><b>Mardi 18 novembre \u00e0 20h : <\/b><a href=\"https:\/\/chalons.catholique.fr\/lepine\/les-propositions\/un-sanctuaire-pour-la-vie\/#soir%C3%A9es\" target=\"_blank\" rel=\"noopener noreferrer\"><i>soir\u00e9e \u00ab Pause-Nazareth \u00bb pour les mamans<\/i><\/a><\/li>\n<li><b>Samedi 30 novembre \u00e0 10h : <\/b>\u00e9veil \u00e0 la pri\u00e8re<\/li>\n<li><b>30 novembre &#8211; 8 d\u00e9cembre : <\/b>neuvaine de l\u2019Immacul\u00e9 Conception<\/li>\n<\/ul>\n<h2 data-fontsize=\"20\" style=\"--fontSize: 20; line-height: 1.5; --minFontSize: 20;\" data-lineheight=\"30px\" class=\"fusion-responsive-typography-calculated\"><b>D\u00e9cembre<\/b><\/h2>\n<ul>\n<li><b>Jeudi 4 d\u00e9cembre \u00e0 21h15 :<\/b> Heure Sainte<\/li>\n<li><b>Samedi 6 d\u00e9cembre :<\/b> Ecole de pri\u00e8re Mariale<\/li>\n<li><b>Lundi 8 d\u00e9cembre : <\/b>Solennit\u00e9 de l&rsquo;Immacul\u00e9e Conception : Messe \u00e0 11h30 pr\u00e9sid\u00e9e par Mgr Javary avec lecture du livre d&rsquo;or.<\/li>\n<li><b>Jeudi 11 d\u00e9cembre \u00e0 14h :<\/b> <a href=\"https:\/\/chalons.catholique.fr\/lepine\/les-propositions\/un-sanctuaire-diocesain\/#ecoute\">\u00ab\u00a0Les Psaumes au fil de l&rsquo;ann\u00e9e\u00a0\u00bb<\/a><\/li>\n<li><b>Mercredi 17 d\u00e9cembre \u00e0 19h : <\/b><i>Messe Rorate <\/i>\u00e0 la lumi\u00e8re des bougies<\/li>\n<li><b>Mercredi 24 d\u00e9cembre \u00e0 14h : <\/b>Vigile de No\u00ebl \u00e0 21h et Messe de la Nuit \u00e0 23h<\/li>\n<li><b>Mercredi 31 d\u00e9cembre : <\/b>Vigile Mariale et adoration jusqu&rsquo;\u00e0 minuit<\/li>\n<\/ul>\n<h2 data-fontsize=\"20\" style=\"--fontSize: 20; line-height: 1.5; --minFontSize: 20;\" data-lineheight=\"30px\" class=\"fusion-responsive-typography-calculated\"><b>Janvier<\/b><\/h2>\n<ul>\n<li><b>Jeudi 1er janvier \u00e0 11h30 : <\/b>messe de Marie, M\u00e8re de Dieu ( V\u00eapres \u00e0 16h)<\/li>\n<\/ul>\n<h2 data-fontsize=\"20\" style=\"--fontSize: 20; line-height: 1.5; --minFontSize: 20;\" data-lineheight=\"30px\" class=\"fusion-responsive-typography-calculated\"><b>F\u00e9vrier<\/b><\/h2>\n<ul>\n<li><b>Lundi 2 f\u00e9vrier : <\/b>Pr\u00e9sentation de J\u00e9sus au temple; Journ\u00e9e de la vie consacr\u00e9e.<\/li>\n<li><b>Jeudi 5 f\u00e9vrier \u00e0 21h15 : <\/b>Heure Sainte<\/li>\n<li><b>Samedi 7 f\u00e9vrier \u00e0 14h30 :<\/b> \u00c9cole de pri\u00e8re Mariale<\/li>\n<li><b>Samedi 7 &#8211; dimanche 8 f\u00e9vrier : <\/b>24h pour Dieu (<i>organis\u00e9 par la pastorale des jeunes<\/i>)<\/li>\n<li><b>Mardi 10 f\u00e9vrier de 9h30 \u00e0 15h30 : <\/b>Soir\u00e9e \u00ab\u00a0Pause-Nazareth\u00a0\u00bb pour les mamans<\/li>\n<li><b>Vendredi 7 f\u00e9vrier \u00e0 15h : <\/b>pri\u00e8re pour les vocations<\/li>\n<li><b>Jeudis 12 f\u00e9vrier \u00e0 14h : <\/b><a href=\"https:\/\/chalons.catholique.fr\/lepine\/les-propositions\/un-sanctuaire-diocesain\/#ecoute\" target=\"_blank\" rel=\"noopener noreferrer\">\u00ab\u00a0Les Psaumes au fil de l&rsquo;ann\u00e9e\u00a0\u00bb<\/a><\/li>\n<\/ul>\n<h2 data-fontsize=\"20\" style=\"--fontSize: 20; line-height: 1.5; --minFontSize: 20;\" data-lineheight=\"30px\" class=\"fusion-responsive-typography-calculated\"><b>Mars<\/b><\/h2>\n<ul>\n<li><b>Jeudi 5 mars : <\/b>Heure Sainte<\/li>\n<li><b>Jeudi 12 mars \u00e0 20h : <\/b>Journ\u00e9e Source Vive<\/li>\n<li><b>Jeudi 19 mars \u00e0 14h : <\/b><a href=\"https:\/\/chalons.catholique.fr\/lepine\/les-propositions\/un-sanctuaire-diocesain\/#ecoute\" target=\"_blank\" rel=\"noopener noreferrer\">\u00ab\u00a0Les Psaumes au fil de l&rsquo;ann\u00e9e\u00a0\u00bb<\/a><\/li>\n<li><b>Samedi 21 mars \u00e0 14h30 : <\/b>\u00c9cole de pri\u00e8re Mariale<\/li>\n<li><b>Mardi 24 mars \u00e0 20h :<\/b> Procession au flambeaux depuis le Pont des bergers<\/li>\n<li><b>Mercredi 25 mars<\/b> : Solennit\u00e9 de l&rsquo;Annonciation<\/li>\n<li><b>Samedi 28 mars \u00e0 9h45 : <\/b>Temps fort de l&rsquo;\u00e9veil \u00e0 la pri\u00e8re<\/li>\n<\/ul>\n<h2 data-fontsize=\"20\" style=\"--fontSize: 20; line-height: 1.5; --minFontSize: 20;\" data-lineheight=\"30px\" class=\"fusion-responsive-typography-calculated\"><b>Avril<\/b><\/h2>\n<ul>\n<li><b>Jeudi 9 avril \u00e0 14h : <\/b><a href=\"https:\/\/chalons.catholique.fr\/lepine\/les-propositions\/un-sanctuaire-diocesain\/#ecoute\" target=\"_blank\" rel=\"noopener noreferrer\">\u00ab\u00a0Les Psaumes au fil de l&rsquo;ann\u00e9e\u00a0\u00bb<\/a><\/li>\n<li><b>Samedi 26 et dimanche 27 avril : <\/b><a href=\"https:\/\/chalons.catholique.fr\/lepine\/les-propositions\/un-sanctuaire-marial\/#pelerinages\" target=\"_blank\" rel=\"noopener noreferrer\">p\u00e8lerinage des p\u00e8res de famille<\/a><\/li>\n<\/ul>\n<h2 data-fontsize=\"20\" style=\"--fontSize: 20; line-height: 1.5; --minFontSize: 20;\" data-lineheight=\"30px\" class=\"fusion-responsive-typography-calculated\"><b>Mai, \u00ab mois de marie \u00bb<\/b><\/h2>\n<ul>\n<li><b>Dimanche 3 mai : <\/b>P\u00e8lerinage dioc\u00e9sain <\/li>\n<li><b>Jeudi 7 mai \u00e0 21h15 : <\/b>Heure Sainte<\/li>\n<li><b>Vendredi 8 mai :<\/b> F\u00eate de Notre Dame de l&rsquo;\u00c9pine (suivi du geste de l&rsquo;eau et b\u00e9n\u00e9diction au puits)<\/li>\n<li><b>Mardi 12 mai \u00e0 20h :<\/b> soir\u00e9e \u00ab Pause-Nazareth \u00bb pour les mamans<\/li>\n<li><b>Jeudi 21 mai \u00e0 20h : <\/b>Journ\u00e9e \u00ab Source Vive\u00bb<\/li>\n<li><b>Lundi 25 mai : <\/b>Lundi de Pentec\u00f4te, Marie, m\u00e8re de l&rsquo;\u00e9glise ( Chapelet \u00e0 11h et messe \u00e0 11h30)<\/li>\n<li><b>Jeudi 28 mai \u00e0 14h : <\/b><a href=\"https:\/\/chalons.catholique.fr\/lepine\/les-propositions\/un-sanctuaire-diocesain\/#ecoute\">\u00ab\u00a0Les Psaumes au fil de l&rsquo;ann\u00e9e\u00a0\u00bb<\/a><\/li>\n<li><b>Samedi 30 mai \u00e0 9h45 : <\/b>Temps fort de l&rsquo;\u00e9veil \u00e0 la pri\u00e8re<\/li>\n<li><b>Samedi 30 mai \u00e0 14h30 : <\/b>\u00c9cole de pri\u00e8re mariale<\/li>\n<\/ul>\n<h2 data-fontsize=\"20\" style=\"--fontSize: 20; line-height: 1.5; --minFontSize: 20;\" data-lineheight=\"30px\" class=\"fusion-responsive-typography-calculated\"><b>Juin<\/b><\/h2>\n<ul>\n<li><b>Jeudi 4 juin  \u00e0 21h15 : <\/b>Heure Sainte<\/li>\n<li><b>Jeudis 11 juin \u00e0 14h : <\/b><a href=\"https:\/\/chalons.catholique.fr\/lepine\/les-propositions\/un-sanctuaire-diocesain\/#ecoute\" target=\"_blank\" rel=\"noopener noreferrer\">\u00ab\u00a0Les Psaumes au fil de l&rsquo;ann\u00e9e\u00a0\u00bb<\/a><\/li>\n<\/ul>\n<h2 data-fontsize=\"20\" style=\"--fontSize: 20; line-height: 1.5; --minFontSize: 20;\" data-lineheight=\"30px\" class=\"fusion-responsive-typography-calculated\"><b>Juillet<\/b><\/h2>\n<ul>\n<li><\/li>\n<\/ul>\n<h2 data-fontsize=\"20\" style=\"--fontSize: 20; line-height: 1.5; --minFontSize: 20;\" data-lineheight=\"30px\" class=\"fusion-responsive-typography-calculated\"><b>Ao\u00fbt<\/b><\/h2>\n<ul>\n<li><b>Vendredi 14 et samedi 15 ao\u00fbt : <\/b>Assomption de la Vierge Marie.<br \/>Vendredi 14 Ao\u00fbt &#8211; 21 h : Marche aux Flambeau<br \/>Samedi 15 Ao\u00fbt &#8211; 10h30 : messe pr\u00e9sid\u00e9e par Mgr Javary, avec cons\u00e9cration des enfants et couronnement de la Vierge<\/li>\n<\/ul>\n<\/div><\/div><\/div><\/div><\/div>\n","protected":false},"excerpt":{"rendered":"","protected":false},"author":246,"featured_media":0,"parent":0,"menu_order":0,"comment_status":"closed","ping_status":"closed","template":"","meta":{"xn-wppe-expiration":[],"xn-wppe-expiration-action":[],"xn-wppe-expiration-prefix":[],"footnotes":""},"_links":{"self":[{"href":"https:\/\/chalons.catholique.fr\/lepine\/wp-json\/wp\/v2\/pages\/3586"}],"collection":[{"href":"https:\/\/chalons.catholique.fr\/lepine\/wp-json\/wp\/v2\/pages"}],"about":[{"href":"https:\/\/chalons.catholique.fr\/lepine\/wp-json\/wp\/v2\/types\/page"}],"author":[{"embeddable":true,"href":"https:\/\/chalons.catholique.fr\/lepine\/wp-json\/wp\/v2\/users\/246"}],"replies":[{"embeddable":true,"href":"https:\/\/chalons.catholique.fr\/lepine\/wp-json\/wp\/v2\/comments?post=3586"}],"version-history":[{"count":26,"href":"https:\/\/chalons.catholique.fr\/lepine\/wp-json\/wp\/v2\/pages\/3586\/revisions"}],"predecessor-version":[{"id":4041,"href":"https:\/\/chalons.catholique.fr\/lepine\/wp-json\/wp\/v2\/pages\/3586\/revisions\/4041"}],"wp:attachment":[{"href":"https:\/\/chalons.catholique.fr\/lepine\/wp-json\/wp\/v2\/media?parent=3586"}],"curies":[{"name":"wp","href":"https:\/\/api.w.org\/{rel}","templated":true}]}}