{"id":3050,"date":"2022-07-18T14:58:31","date_gmt":"2022-07-18T13:58:31","guid":{"rendered":"https:\/\/chalons.catholique.fr\/lepine\/?page_id=3050"},"modified":"2025-06-19T13:23:35","modified_gmt":"2025-06-19T12:23:35","slug":"parcours-du-pelerin","status":"publish","type":"page","link":"https:\/\/chalons.catholique.fr\/lepine\/prier-avec-nd-de-lepine\/parcours-du-pelerin\/","title":{"rendered":"Parcours du p\u00e8lerin"},"content":{"rendered":"<div class=\"fusion-fullwidth fullwidth-box fusion-builder-row-1 fusion-flex-container fusion-parallax-fixed nonhundred-percent-fullwidth non-hundred-percent-height-scrolling\" style=\"--awb-background-position:center bottom;--awb-border-radius-top-left:0px;--awb-border-radius-top-right:0px;--awb-border-radius-bottom-right:0px;--awb-border-radius-bottom-left:0px;--awb-padding-top:400px;--awb-padding-right:0px;--awb-padding-bottom:0px;--awb-padding-left:0px;--awb-margin-top:30px;--awb-margin-bottom:30px;--awb-background-image:url(&quot;https:\/\/chalons.catholique.fr\/lepine\/wp-content\/uploads\/sites\/5\/2022\/07\/notredame3.png&quot;);--awb-background-size:cover;--awb-flex-wrap:wrap;background-attachment:fixed;\" ><div class=\"fusion-builder-row fusion-row fusion-flex-align-items-flex-start fusion-flex-content-wrap\" style=\"max-width:1185.6px;margin-left: calc(-4% \/ 2 );margin-right: calc(-4% \/ 2 );\"><div class=\"fusion-layout-column fusion_builder_column fusion-builder-column-0 fusion_builder_column_1_1 1_1 fusion-flex-column\" style=\"--awb-bg-size:cover;--awb-width-large:100%;--awb-margin-top-large:0px;--awb-spacing-right-large:1.92%;--awb-margin-bottom-large:20px;--awb-spacing-left-large:1.92%;--awb-width-medium:100%;--awb-order-medium:0;--awb-spacing-right-medium:1.92%;--awb-spacing-left-medium:1.92%;--awb-width-small:100%;--awb-order-small:0;--awb-spacing-right-small:1.92%;--awb-spacing-left-small:1.92%;\"><div class=\"fusion-column-wrapper fusion-column-has-shadow fusion-flex-justify-content-flex-start fusion-content-layout-column\"><\/div><\/div><\/div><\/div><div class=\"fusion-fullwidth fullwidth-box fusion-builder-row-2 fusion-flex-container nonhundred-percent-fullwidth non-hundred-percent-height-scrolling\" style=\"--awb-border-radius-top-left:0px;--awb-border-radius-top-right:0px;--awb-border-radius-bottom-right:0px;--awb-border-radius-bottom-left:0px;--awb-flex-wrap:wrap;\" ><div class=\"fusion-builder-row fusion-row fusion-flex-align-items-flex-start fusion-flex-content-wrap\" style=\"max-width:1185.6px;margin-left: calc(-4% \/ 2 );margin-right: calc(-4% \/ 2 );\"><div class=\"fusion-layout-column fusion_builder_column fusion-builder-column-1 fusion_builder_column_1_1 1_1 fusion-flex-column fusion-flex-align-self-center\" style=\"--awb-bg-size:cover;--awb-width-large:100%;--awb-margin-top-large:0px;--awb-spacing-right-large:1.92%;--awb-margin-bottom-large:0px;--awb-spacing-left-large:1.92%;--awb-width-medium:100%;--awb-order-medium:0;--awb-spacing-right-medium:1.92%;--awb-spacing-left-medium:1.92%;--awb-width-small:100%;--awb-order-small:0;--awb-spacing-right-small:1.92%;--awb-spacing-left-small:1.92%;\"><div class=\"fusion-column-wrapper fusion-column-has-shadow fusion-flex-justify-content-flex-start fusion-content-layout-column\"><div class=\"fusion-title title fusion-title-1 fusion-sep-none fusion-title-text fusion-title-size-one\"><h1 class=\"fusion-title-heading title-heading-left fusion-responsive-typography-calculated\" style=\"margin:0;--fontSize:25;line-height:1.4;\">Parcours du p\u00e8lerin<\/h1><\/div><div class=\"fusion-text fusion-text-1\"><p><span data-contrast=\"auto\">De tr\u00e8s loin, les fl\u00e8ches de la basilique, tourn\u00e9es vers le ciel, attirent le p\u00e8lerin en qu\u00eate d\u2019absolu.<br \/><\/span><span data-contrast=\"auto\">A son arriv\u00e9e au sanctuaire, il trouvera \u00e0 travers la \u00ab\u202fl\u00e9gende de L\u2019\u00c9pine\u202f\u00bb plusieurs signes donn\u00e9s par la Vierge Marie \u00e0 son intention\u202f:<\/span><\/p>\n<ul>\n<li data-leveltext=\"-\" data-font=\"Calibri\" data-listid=\"1\" data-list-defn-props=\"{'335551671':0,'335552541':1,'335559684':-2,'335559685':720,'335559991':360,'469769226':'Calibri','469769242':&#091;8226&#093;,'469777803':'left','469777804':'-','469777815':'hybridMultilevel'}\" data-aria-posinset=\"0\" data-aria-level=\"1\"><span data-contrast=\"auto\">Un buisson ardent, promesse de d\u00e9livrance (cf. Exode 3, 14)<\/span><\/li>\n<li data-leveltext=\"-\" data-font=\"Calibri\" data-listid=\"1\" data-list-defn-props=\"{'335551671':0,'335552541':1,'335559684':-2,'335559685':720,'335559991':360,'469769226':'Calibri','469769242':&#091;8226&#093;,'469777803':'left','469777804':'-','469777815':'hybridMultilevel'}\" data-aria-posinset=\"0\" data-aria-level=\"1\"><span data-contrast=\"auto\">Une statue d\u00e9couverte dans les \u00e9pines, signe de la pr\u00e9sence constante de Marie au c\u0153ur de nos \u00e9preuves<\/span><\/li>\n<li data-leveltext=\"-\" data-font=\"Calibri\" data-listid=\"1\" data-list-defn-props=\"{'335551671':0,'335552541':1,'335559684':-2,'335559685':720,'335559991':360,'469769226':'Calibri','469769242':&#091;8226&#093;,'469777803':'left','469777804':'-','469777815':'hybridMultilevel'}\" data-aria-posinset=\"0\" data-aria-level=\"1\"><span data-contrast=\"auto\">Des \u00e9pines qui reverdissent et deviennent fleurs d\u2019aub\u00e9pine, symbole de beaut\u00e9 et de puret\u00e9 retrouv\u00e9e<\/span><\/li>\n<li data-leveltext=\"-\" data-font=\"Calibri\" data-listid=\"1\" data-list-defn-props=\"{'335551671':0,'335552541':1,'335559684':-2,'335559685':720,'335559991':360,'469769226':'Calibri','469769242':&#091;8226&#093;,'469777803':'left','469777804':'-','469777815':'hybridMultilevel'}\" data-aria-posinset=\"0\" data-aria-level=\"1\"><span data-contrast=\"auto\">Un puits creus\u00e9 dans une terre jadis st\u00e9rile, esp\u00e9rance de f\u00e9condit\u00e9 et de vie redonn\u00e9e<\/span><\/li>\n<li data-leveltext=\"-\" data-font=\"Calibri\" data-listid=\"1\" data-list-defn-props=\"{'335551671':0,'335552541':1,'335559684':-2,'335559685':720,'335559991':360,'469769226':'Calibri','469769242':&#091;8226&#093;,'469777803':'left','469777804':'-','469777815':'hybridMultilevel'}\" data-aria-posinset=\"0\" data-aria-level=\"1\"><span data-contrast=\"auto\">Une tradition s\u00e9culaire de gu\u00e9risons, naissances et protection de la petite enfance.<\/span><\/li>\n<\/ul>\n<p><span data-contrast=\"auto\">Ces diff\u00e9rents signes rejoignent aujourd\u2019hui encore toute d\u00e9marche p\u00e8lerine :<\/span><\/p>\n<ul>\n<li data-leveltext=\"-\" data-font=\"Calibri\" data-listid=\"1\" data-list-defn-props=\"{'335551671':0,'335552541':1,'335559684':-2,'335559685':720,'335559991':360,'469769226':'Calibri','469769242':&#091;8226&#093;,'469777803':'left','469777804':'-','469777815':'hybridMultilevel'}\" data-aria-posinset=\"0\" data-aria-level=\"1\"><span data-contrast=\"auto\">Qu\u00eate de sens, de lumi\u00e8re<\/span><\/li>\n<li data-leveltext=\"-\" data-font=\"Calibri\" data-listid=\"1\" data-list-defn-props=\"{'335551671':0,'335552541':1,'335559684':-2,'335559685':720,'335559991':360,'469769226':'Calibri','469769242':&#091;8226&#093;,'469777803':'left','469777804':'-','469777815':'hybridMultilevel'}\" data-aria-posinset=\"0\" data-aria-level=\"1\"><span data-contrast=\"auto\">D\u00e9sir de gu\u00e9rison int\u00e9rieure, de lib\u00e9ration<\/span><\/li>\n<li data-leveltext=\"-\" data-font=\"Calibri\" data-listid=\"1\" data-list-defn-props=\"{'335551671':0,'335552541':1,'335559684':-2,'335559685':720,'335559991':360,'469769226':'Calibri','469769242':&#091;8226&#093;,'469777803':'left','469777804':'-','469777815':'hybridMultilevel'}\" data-aria-posinset=\"0\" data-aria-level=\"1\"><span data-contrast=\"auto\">Recherche de consolation et de protection<\/span><\/li>\n<li data-leveltext=\"-\" data-font=\"Calibri\" data-listid=\"1\" data-list-defn-props=\"{'335551671':0,'335552541':1,'335559684':-2,'335559685':720,'335559991':360,'469769226':'Calibri','469769242':&#091;8226&#093;,'469777803':'left','469777804':'-','469777815':'hybridMultilevel'}\" data-aria-posinset=\"0\" data-aria-level=\"1\"><span data-contrast=\"auto\">Demande de f\u00e9condit\u00e9<\/span><\/li>\n<\/ul>\n<p><span data-contrast=\"auto\">A Notre-Dame de l\u2019Epine, Marie nous attend pour rena\u00eetre \u00e0 la vie\u202f!<\/span><\/p>\n<p><strong>Le d\u00e9pliant du parcours du p\u00e8lerin \u00ab\u202fEntrez dans la L\u00e9gende de L&rsquo;Epine \u00bb (disponible dans la basilique) peut accompagner votre d\u00e9marche de pri\u00e8re en 4 \u00e9tapes \u00e0 l\u2019int\u00e9rieur de la basilique (1 lieu \/ 1 geste \/ 1 parole)\u202f:<\/strong><\/p>\n<ul>\n<li><span data-contrast=\"auto\">La statue\u202f: d\u00e9poser ses \u00e9pines aux pieds de Marie et allumer un cierge. <\/span><i><span data-contrast=\"auto\">\u00ab Ma gr\u00e2ce te suffit, car ma puissance se d\u00e9ploie dans ta faiblesse. \u00bb (2 Corinthiens 12, 7-9)<\/span><\/i><\/li>\n<li><span data-contrast=\"auto\">La mise au tombeau\u202f: toucher la blessure du c\u0153ur de J\u00e9sus et recevoir le baume consolateur de la Vierge Marie. <\/span><i><span data-contrast=\"auto\">\u00ab\u202fPar ses blessures, nous sommes gu\u00e9ris.\u202f\u00bb (1 Pierre 2, 20)<\/span><\/i><\/li>\n<li><span data-contrast=\"auto\">La fresque du tabernacle reliquaire\u202f: prier les litanies de la Vierge et d\u00e9poser une intention de pri\u00e8re. <\/span><i><span data-contrast=\"auto\">\u00ab Comme le lis au milieu des \u00e9pines, ainsi ma bien-aim\u00e9e parmi les jeunes femmes. \u00bb (Cantique 2,2)<\/span><\/i><\/li>\n<li><span data-contrast=\"auto\">Le puits\u202f: lire l\u2019\u00e9vangile de la Samaritaine et recevoir l\u2019eau du puits pour retrouver la f\u00e9condit\u00e9 de sa vie. <\/span><i><span data-contrast=\"auto\">\u00ab\u202fL\u2019eau que je lui donnerai deviendra en lui une source d\u2019eau jaillissant pour la vie \u00e9ternelle. \u00bb (Jean 4, 4-14)<\/span><\/i><\/li>\n<\/ul>\n<p>Ce parcours peut \u00eatre v\u00e9cu individuellement (15 minutes) ou en groupe de p\u00e8lerinage, de mani\u00e8re personnelle ou en \u00e9tant accompagn\u00e9 par une S\u0153ur, sur demande.<\/p>\n<p><strong>Deux parcours-d\u00e9couverte pour les enfants existent \u00e9galement sous forme de d\u00e9pliant, l&rsquo;un spirituel, l&rsquo;autre ludique. (Sur demande aupr\u00e8s des Soeurs).<\/strong><\/p>\n<p><span data-contrast=\"auto\">Renseignements\u202fpar t\u00e9l\u00e9phone au 07 66 12 01 28 ou par mail\u202f: <\/span><a href=\"mailto:reservation.ndle@chalons.catholique.fr\"><span data-contrast=\"none\">reservation.ndle@chalons.catholique.fr<\/span><\/a><\/p>\n<\/div><div class=\"fusion-separator fusion-full-width-sep\" style=\"align-self: center;margin-left: auto;margin-right: auto;margin-top:10px;width:100%;\"><\/div><\/div><\/div><\/div><\/div><div class=\"fusion-fullwidth fullwidth-box fusion-builder-row-3 fusion-flex-container nonhundred-percent-fullwidth non-hundred-percent-height-scrolling\" style=\"--awb-border-radius-top-left:0px;--awb-border-radius-top-right:0px;--awb-border-radius-bottom-right:0px;--awb-border-radius-bottom-left:0px;--awb-flex-wrap:wrap;\" ><div class=\"fusion-builder-row fusion-row fusion-flex-align-items-flex-start fusion-flex-content-wrap\" style=\"max-width:1185.6px;margin-left: calc(-4% \/ 2 );margin-right: calc(-4% \/ 2 );\"><div class=\"fusion-layout-column fusion_builder_column fusion-builder-column-2 fusion_builder_column_1_1 1_1 fusion-flex-column\" style=\"--awb-bg-size:cover;--awb-width-large:100%;--awb-margin-top-large:0px;--awb-spacing-right-large:1.92%;--awb-margin-bottom-large:20px;--awb-spacing-left-large:1.92%;--awb-width-medium:100%;--awb-order-medium:0;--awb-spacing-right-medium:1.92%;--awb-spacing-left-medium:1.92%;--awb-width-small:100%;--awb-order-small:0;--awb-spacing-right-small:1.92%;--awb-spacing-left-small:1.92%;\"><div class=\"fusion-column-wrapper fusion-column-has-shadow fusion-flex-justify-content-flex-start fusion-content-layout-column\"><div class=\"fusion-separator fusion-full-width-sep\" style=\"align-self: center;margin-left: auto;margin-right: auto;margin-top:50px;width:100%;\"><\/div><\/div><\/div><\/div><\/div>\n","protected":false},"excerpt":{"rendered":"","protected":false},"author":158,"featured_media":0,"parent":1739,"menu_order":0,"comment_status":"closed","ping_status":"closed","template":"","meta":{"xn-wppe-expiration":[],"xn-wppe-expiration-action":[],"xn-wppe-expiration-prefix":[],"footnotes":""},"_links":{"self":[{"href":"https:\/\/chalons.catholique.fr\/lepine\/wp-json\/wp\/v2\/pages\/3050"}],"collection":[{"href":"https:\/\/chalons.catholique.fr\/lepine\/wp-json\/wp\/v2\/pages"}],"about":[{"href":"https:\/\/chalons.catholique.fr\/lepine\/wp-json\/wp\/v2\/types\/page"}],"author":[{"embeddable":true,"href":"https:\/\/chalons.catholique.fr\/lepine\/wp-json\/wp\/v2\/users\/158"}],"replies":[{"embeddable":true,"href":"https:\/\/chalons.catholique.fr\/lepine\/wp-json\/wp\/v2\/comments?post=3050"}],"version-history":[{"count":2,"href":"https:\/\/chalons.catholique.fr\/lepine\/wp-json\/wp\/v2\/pages\/3050\/revisions"}],"predecessor-version":[{"id":4032,"href":"https:\/\/chalons.catholique.fr\/lepine\/wp-json\/wp\/v2\/pages\/3050\/revisions\/4032"}],"up":[{"embeddable":true,"href":"https:\/\/chalons.catholique.fr\/lepine\/wp-json\/wp\/v2\/pages\/1739"}],"wp:attachment":[{"href":"https:\/\/chalons.catholique.fr\/lepine\/wp-json\/wp\/v2\/media?parent=3050"}],"curies":[{"name":"wp","href":"https:\/\/api.w.org\/{rel}","templated":true}]}}