{"id":3030,"date":"2022-07-13T15:17:14","date_gmt":"2022-07-13T14:17:14","guid":{"rendered":"https:\/\/chalons.catholique.fr\/lepine\/?page_id=3030"},"modified":"2022-07-29T16:06:28","modified_gmt":"2022-07-29T15:06:28","slug":"en-quelques-dates","status":"publish","type":"page","link":"https:\/\/chalons.catholique.fr\/lepine\/histoire-et-decouverte\/en-quelques-dates\/","title":{"rendered":"En quelques dates"},"content":{"rendered":"<div class=\"fusion-fullwidth fullwidth-box fusion-builder-row-1 fusion-flex-container nonhundred-percent-fullwidth non-hundred-percent-height-scrolling\" style=\"--awb-border-radius-top-left:0px;--awb-border-radius-top-right:0px;--awb-border-radius-bottom-right:0px;--awb-border-radius-bottom-left:0px;--awb-margin-top:30px;--awb-flex-wrap:wrap;\" ><div class=\"fusion-builder-row fusion-row fusion-flex-align-items-flex-start fusion-flex-content-wrap\" style=\"max-width:1185.6px;margin-left: calc(-4% \/ 2 );margin-right: calc(-4% \/ 2 );\"><div class=\"fusion-layout-column fusion_builder_column fusion-builder-column-0 fusion_builder_column_1_1 1_1 fusion-flex-column\" style=\"--awb-bg-size:cover;--awb-width-large:100%;--awb-margin-top-large:0px;--awb-spacing-right-large:1.92%;--awb-margin-bottom-large:20px;--awb-spacing-left-large:1.92%;--awb-width-medium:100%;--awb-order-medium:0;--awb-spacing-right-medium:1.92%;--awb-spacing-left-medium:1.92%;--awb-width-small:100%;--awb-order-small:0;--awb-spacing-right-small:1.92%;--awb-spacing-left-small:1.92%;\"><div class=\"fusion-column-wrapper fusion-column-has-shadow fusion-flex-justify-content-flex-start fusion-content-layout-column\"><div class=\"fusion-title title fusion-title-1 fusion-sep-none fusion-title-text fusion-title-size-one\"><h1 class=\"fusion-title-heading title-heading-left fusion-responsive-typography-calculated\" style=\"margin:0;--fontSize:25;line-height:1.4;\">En quelques dates&#8230;<\/h1><\/div><div class=\"fusion-text fusion-text-1\"><ul>\n<li><b><span data-contrast=\"auto\">Vers 1200<\/span><\/b><span data-contrast=\"auto\">\u202f: premi\u00e8re mention, dans un testament de Chalons, de \u00ab\u202fNotre-Dame de l\u2019Epine\u202f\u00bb, modeste chapelle rurale entre les villages de Courtisols et Melette (paroisse), desservant probablement les quelques habitations de Chivette.<\/span>\u00a0<br \/><b><\/b><\/li>\n<li><b><span data-contrast=\"auto\">1337-1453<\/span><\/b><span data-contrast=\"auto\">\u202f: guerre de Cent Ans (entrave l\u2019essor de Chalons)<\/span>\u00a0<br \/><b><\/b><\/li>\n<li><b><span data-contrast=\"auto\">Grande peste 1347-1352<\/span><\/b><span data-contrast=\"auto\">\u202f(ou Peste noire)\u202f: ravage la ville de Chalons<\/span>\u00a0<br \/><b><\/b><\/li>\n<li><b><span data-contrast=\"auto\">24-25 mars 1400<\/span><\/b><span data-contrast=\"auto\">, Solennit\u00e9 de l\u2019Annonciation : date approximative donn\u00e9e par Edme Baugier (1721) pour la d\u00e9couverte de la statue<\/span>\u00a0<br \/><b><\/b><\/li>\n<li><b><span data-contrast=\"auto\">D\u00e9but du XVe si\u00e8cle<\/span><\/b><span data-contrast=\"auto\">\u202f: les habitants se lancent dans un ambitieux chantier de reconstruction.<\/span>\u00a0<br \/><b><\/b><\/li>\n<li><b><span data-contrast=\"auto\">1404-1406\u202f:<\/span><\/b><span data-contrast=\"auto\"> un proc\u00e8s \u00e0 l\u2019occasion des d\u00e9buts du chantier de construction \u00e9voque l&rsquo;existence d&rsquo;un p\u00e8lerinage \u00e0 la Vierge Marie que l&rsquo;on d\u00e9crit comme \u00ab\u202fimm\u00e9morial\u202f\u00bb.<\/span>\u00a0<br \/><b><\/b><\/li>\n<li><b><span data-contrast=\"auto\">1405\u202f:<\/span><\/b><span data-contrast=\"auto\"> les lettres patentes de Charles VI prouvent que de nombreux p\u00e8lerins y font des legs et d\u2019importantes offrandes en raison \u00ab\u202fdes miracles faits en l&rsquo;honneur de la Vierge Marie\u202f\u00bb.<\/span>\u00a0<br \/><b><\/b><\/li>\n<li><b><span data-contrast=\"auto\">1406-1527<\/span><\/b><span data-contrast=\"auto\">\u202f: chantier de construction de la basilique (dirig\u00e9 par la fabrique et financ\u00e9 par les offrandes des p\u00e8lerins, de toutes conditions sociales)<\/span>\u00a0<br \/><b><\/b><\/li>\n<li><b><span data-contrast=\"auto\">1408\u202f:<\/span><\/b><span data-contrast=\"auto\"> p\u00e8lerinage de Gilles Paixel, riche bourgeois de Verdun, de retour de Terre Sainte. Offre une relique du \u00ab\u202fSaint Lait de la Vierge\u202f\u00bb (fragment du sol de la grotte de la Nativit\u00e9 \u00e0 Bethl\u00e9em).<\/span>\u00a0<br \/><b><\/b><\/li>\n<li><b><span data-contrast=\"auto\">1412-1431<\/span><\/b><span data-contrast=\"auto\">\u202f: vie de Jeanne d\u2019Arc (de passage pr\u00e8s de L\u2019Epine quelques jours avant le sacre du roi Charles VII \u00e0 Reims le 17 juillet 1429)<\/span>\u00a0<br \/><b><\/b><\/li>\n<li><b><span data-contrast=\"auto\">1431<\/span><\/b><span data-contrast=\"auto\">\u202f: bataille entre les troupes fran\u00e7aises et les Anglo-bourguignons entre L&rsquo;\u00c9pine et Ch\u00e2lons au lieu-dit La Croisette<\/span>\u00a0<br \/><b><\/b><\/li>\n<li><b><span data-contrast=\"auto\">1458\u202f<\/span><\/b><span data-contrast=\"auto\">: transfert du si\u00e8ge de la paroisse de Melette \u00e0 L&rsquo;\u00c9pine, par bulle du pape Calixte III<\/span>\u00a0<br \/><b><\/b><\/li>\n<li><b><span data-contrast=\"auto\">1445\u202f<\/span><\/b><span data-contrast=\"auto\">: reconnaissance officielle du p\u00e8lerinage populaire, par la venue du roi Charles VII<\/span>\u00a0<br \/><b><\/b><\/li>\n<li><b><span data-contrast=\"auto\">15 ao\u00fbt 1471<\/span><\/b><span data-contrast=\"auto\">\u202f: offrande de 1200 \u00e9cus d&rsquo;or \u00e0 Notre-Dame de L&rsquo;\u00c9pine par le roi Louis XI, en acquittement d\u2019un v\u0153u (lib\u00e9ration). (Utilis\u00e9e pour la construction de la fl\u00e8che sud).<\/span>\u00a0<br \/><b><\/b><\/li>\n<li><b><span data-contrast=\"auto\">1567\u202f<\/span><\/b><span data-contrast=\"auto\">: passage des troupes protestantes de Coligny, poursuivie par le duc d&rsquo;Anjou (futur Henri III).\u00a0 Une l\u00e9gende raconte que le seigneur de L&rsquo;\u00c9pine aurait alors d\u00e9fendu l&rsquo;\u00e9glise assi\u00e9g\u00e9e par les protestants. <\/span>\u00a0<br \/><b><\/b><\/li>\n<li><b><span data-contrast=\"auto\">1610<\/span><\/b><span data-contrast=\"auto\">\u202f: les troupes royales stationn\u00e9es \u00e0 L&rsquo;\u00c9pine apprennent la mort de Henri IV, assassin\u00e9 \u00e0 Paris le 14 mai (inscription sur la fa\u00e7ade de la basilique)<\/span>\u00a0<br \/><b><\/b><\/li>\n<li><b><span data-contrast=\"auto\">1621\u202f<\/span><\/b><span data-contrast=\"auto\">: approbation de la confr\u00e9rie de Notre-Dame de l\u2019Epine par le pape Gr\u00e9goire XV<\/span>\u00a0<br \/><b><\/b><\/li>\n<li><b><span data-contrast=\"auto\">1614 et 1624\/1628<\/span><\/b><span data-contrast=\"auto\">\u202f: d\u00e9veloppement de la \u00ab\u202fl\u00e9gende\u202f\u00bb (r\u00e9cit) de \u00ab\u202fl\u2019invention\u202f\u00bb (d\u00e9couverte) de la statue miraculeuse par deux premi\u00e8res gravures (r\u00e9alis\u00e9es respectivement par Roussel et Picard)<\/span>\u00a0<br \/><b><\/b><\/li>\n<li><b><span data-contrast=\"auto\">1624-1770<\/span><\/b><span data-contrast=\"auto\">\u202f: pr\u00e9sence des Minimes au sanctuaire. XVII\u00e8me si\u00e8cle\u202f: obtention de \u00ab\u202flettres de sauvegarde\u202f\u00bb. La basilique comme lieu de refuge pour les habitants et leurs biens.<\/span>\u00a0<br \/><b><\/b><\/li>\n<li><b><span data-contrast=\"auto\">A partir de 1727-7758\u202f:<\/span><\/b><span data-contrast=\"auto\"> cure de l\u2019Epine tenue par les Lazaristes (ma\u00eetre-autel de 1732, avec la niche contenant la statue\u202f: aujourd\u2019hui \u00e0 la chapelle du Tombeau).<\/span>\u00a0<br \/><b><\/b><\/li>\n<li><b><span data-contrast=\"auto\">1729<\/span><\/b><span data-contrast=\"auto\">\u202f: mention de l\u2019eau du puits \u00ab\u202fdont on boit par d\u00e9votion\u202f\u00bb (p\u00e8lerinage de Mademoiselle de Mortemart)<\/span>\u00a0<br \/><b><\/b><\/li>\n<li><b><span data-contrast=\"auto\">D\u00e9cembre 1793<\/span><\/b><span data-contrast=\"auto\">\u202f: saccage des statues de la basilique par les r\u00e9volutionnaires. La statue est cach\u00e9e dans une cave (actuel emplacement de la boutique de la basilique).<\/span>\u00a0<br \/><b><\/b><\/li>\n<li><b><span data-contrast=\"auto\">1798<\/span><\/b><span data-contrast=\"auto\">\u202f: destruction de la fl\u00e8che nord pour installer le t\u00e9l\u00e9graphe Chappe reliant Paris et Strasbourg (utilis\u00e9 jusqu\u2019en 1851)<\/span>\u00a0<br \/><b><\/b><\/li>\n<li><b><span data-contrast=\"auto\">1824\u202f:<\/span><\/b><span data-contrast=\"auto\"> cons\u00e9cration du dioc\u00e8se \u00e0 Notre-Dame de l\u2019Epine par Mgr de Prilly<\/span>\u00a0<br \/><b><\/b><\/li>\n<li><b><span data-contrast=\"auto\">1838\u202f:<\/span><\/b><span data-contrast=\"auto\"> passage de Victor Hugo<\/span>\u00a0<br \/><b><\/b><\/li>\n<li><b><span data-contrast=\"auto\">1867\u202f<\/span><\/b><span data-contrast=\"auto\">: reconstruction de la fl\u00e8che nord, financ\u00e9e par Napol\u00e9on III (visitant les troupes \u00e0 Mourmelon)<\/span>\u00a0<br \/><b><\/b><\/li>\n<li><b><span data-contrast=\"auto\">1870\u202f<\/span><\/b><span data-contrast=\"auto\">: quelques Allemands viennent prier \u00e0 l&rsquo;\u00e9glise et respectent le lieu (t\u00e9moignage du cur\u00e9)<\/span>\u00a0<br \/><b><\/b><\/li>\n<li><b><span data-contrast=\"auto\">1873\u202f:<\/span><\/b><span data-contrast=\"auto\"> lancement du p\u00e8lerinage dioc\u00e9sain (le dimanche suivant le 8 mai)<\/span>\u00a0<br \/><b><\/b><\/li>\n<li><b><span data-contrast=\"auto\">1890\u202f:<\/span><\/b><span data-contrast=\"auto\"> couronnement de la statue (10 000 personnes)<\/span>\u00a0<br \/><b><\/b><\/li>\n<li><b><span data-contrast=\"auto\">28 mai 1914<\/span><\/b><span data-contrast=\"auto\">\u202f: \u00e0 la demande de Mgr Tissier, l\u2019\u00e9glise est \u00e9lev\u00e9e au rang de basilique mineure par le pape saint Pie X<\/span>\u00a0<br \/><b><\/b><\/li>\n<li><b><span data-contrast=\"auto\">3-12 septembre 1914<\/span><\/b><span data-contrast=\"auto\">\u202f: occupation du village par les troupes allemandes. Gr\u00e2ce \u00e0 l\u2019intervention du lieutenant Louis Crapez d&rsquo;Hangouwart, la basilique est pr\u00e9serv\u00e9e de la destruction alors que le village est en partie incendi\u00e9. L\u2019\u00e9glise sert d\u2019h\u00f4pital.<\/span>\u00a0<br \/><b><\/b><\/li>\n<li><b><span data-contrast=\"auto\">1914-1921<\/span><\/b><span data-contrast=\"auto\">\u202f: accomplissement par Mgr Tissier de son v\u0153u de venir 12 fois \u00e0 pied \u00e0 L\u2019Epine pour y c\u00e9l\u00e9brer la messe, si la ville de Chalons \u00e9chappe \u00e0 l\u2019occupation.<\/span>\u00a0<br \/><b><\/b><\/li>\n<li><b><span data-contrast=\"auto\">1939-1945<\/span><\/b><span data-contrast=\"auto\">\u202f: cr\u00e9ation de l\u2019association Notre-Dame de L&rsquo;\u00c9pine pour les prisonniers de guerre. Au lendemain de la guerre, des prisonniers apport\u00e8rent une croix faite de barbel\u00e9s en reconnaissance.<\/span>\u00a0<br \/><b><\/b><\/li>\n<li><b><span data-contrast=\"auto\">16 mai 1946<\/span><\/b><span data-contrast=\"auto\">\u202f: lors du p\u00e8lerinage dioc\u00e9sain, annonce par Mgr Tissier de sa gu\u00e9rison, survenue l\u2019ann\u00e9e pr\u00e9c\u00e9dente par l\u2019intercession de Notre-Dame de l\u2019Epine<\/span>\u00a0<br \/><b><\/b><\/li>\n<li><b><span data-contrast=\"auto\">3 juillet 1946\u202f<\/span><\/b><span data-contrast=\"auto\">: p\u00e8lerinage du nonce apostolique Angelo Roncalli, futur saint Jean XXIII<\/span>\u00a0<br \/><b><\/b><\/li>\n<li><b><span data-contrast=\"auto\">1998\u202f:<\/span><\/b><span data-contrast=\"auto\"> inscription de la basilique Notre-Dame de l\u2019Epine au patrimoine mondial de l\u2019UNESCO, au titre des chemins de saint Jacques de Compostelle<\/span>\u00a0<br \/><b><\/b><\/li>\n<li><b><span data-contrast=\"auto\">14 mai 2023\u202f:<\/span><\/b><span data-contrast=\"auto\"> 150<\/span><span data-contrast=\"auto\">\u00e8me<\/span><span data-contrast=\"auto\"> anniversaire du p\u00e8lerinage dioc\u00e9sain \u00e0 L\u2019Epine<\/span><span data-ccp-props=\"{\">\u00a0<\/span><\/li>\n<\/ul>\n<\/div><\/div><\/div><\/div><\/div>\n","protected":false},"excerpt":{"rendered":"","protected":false},"author":158,"featured_media":0,"parent":1568,"menu_order":0,"comment_status":"closed","ping_status":"closed","template":"","meta":{"xn-wppe-expiration":[],"xn-wppe-expiration-action":[],"xn-wppe-expiration-prefix":[],"footnotes":""},"_links":{"self":[{"href":"https:\/\/chalons.catholique.fr\/lepine\/wp-json\/wp\/v2\/pages\/3030"}],"collection":[{"href":"https:\/\/chalons.catholique.fr\/lepine\/wp-json\/wp\/v2\/pages"}],"about":[{"href":"https:\/\/chalons.catholique.fr\/lepine\/wp-json\/wp\/v2\/types\/page"}],"author":[{"embeddable":true,"href":"https:\/\/chalons.catholique.fr\/lepine\/wp-json\/wp\/v2\/users\/158"}],"replies":[{"embeddable":true,"href":"https:\/\/chalons.catholique.fr\/lepine\/wp-json\/wp\/v2\/comments?post=3030"}],"version-history":[{"count":0,"href":"https:\/\/chalons.catholique.fr\/lepine\/wp-json\/wp\/v2\/pages\/3030\/revisions"}],"up":[{"embeddable":true,"href":"https:\/\/chalons.catholique.fr\/lepine\/wp-json\/wp\/v2\/pages\/1568"}],"wp:attachment":[{"href":"https:\/\/chalons.catholique.fr\/lepine\/wp-json\/wp\/v2\/media?parent=3030"}],"curies":[{"name":"wp","href":"https:\/\/api.w.org\/{rel}","templated":true}]}}