{"id":3024,"date":"2022-07-13T15:15:56","date_gmt":"2022-07-13T14:15:56","guid":{"rendered":"https:\/\/chalons.catholique.fr\/lepine\/?page_id=3024"},"modified":"2025-06-18T09:48:56","modified_gmt":"2025-06-18T08:48:56","slug":"visites-guidees-et-concerts","status":"publish","type":"page","link":"https:\/\/chalons.catholique.fr\/lepine\/infos-pratiques\/visites-guidees-et-concerts\/","title":{"rendered":"Visites guid\u00e9es et concerts"},"content":{"rendered":"<div class=\"fusion-fullwidth fullwidth-box fusion-builder-row-1 fusion-flex-container nonhundred-percent-fullwidth non-hundred-percent-height-scrolling\" style=\"--awb-border-radius-top-left:0px;--awb-border-radius-top-right:0px;--awb-border-radius-bottom-right:0px;--awb-border-radius-bottom-left:0px;--awb-margin-top:30px;--awb-flex-wrap:wrap;\" ><div class=\"fusion-builder-row fusion-row fusion-flex-align-items-flex-start fusion-flex-content-wrap\" style=\"max-width:1185.6px;margin-left: calc(-4% \/ 2 );margin-right: calc(-4% \/ 2 );\"><div class=\"fusion-layout-column fusion_builder_column fusion-builder-column-0 fusion_builder_column_1_1 1_1 fusion-flex-column\" style=\"--awb-bg-size:cover;--awb-width-large:100%;--awb-margin-top-large:0px;--awb-spacing-right-large:1.92%;--awb-margin-bottom-large:20px;--awb-spacing-left-large:1.92%;--awb-width-medium:100%;--awb-order-medium:0;--awb-spacing-right-medium:1.92%;--awb-spacing-left-medium:1.92%;--awb-width-small:100%;--awb-order-small:0;--awb-spacing-right-small:1.92%;--awb-spacing-left-small:1.92%;\"><div class=\"fusion-column-wrapper fusion-column-has-shadow fusion-flex-justify-content-flex-start fusion-content-layout-column\"><div class=\"fusion-title title fusion-title-1 fusion-sep-none fusion-title-text fusion-title-size-one\"><h1 class=\"fusion-title-heading title-heading-left fusion-responsive-typography-calculated\" style=\"margin:0;--fontSize:25;line-height:1.4;\">Visites guid\u00e9es et concerts<\/h1><\/div><div class=\"fusion-separator\" style=\"align-self: flex-start;margin-right:auto;margin-bottom:30px;width:100%;max-width:150px;\"><div class=\"fusion-separator-border sep-single sep-solid\" style=\"--awb-height:20px;--awb-amount:20px;--awb-sep-color:#f9b233;border-color:#f9b233;border-top-width:3px;\"><\/div><\/div><div class=\"fusion-title title fusion-title-2 fusion-sep-none fusion-title-text fusion-title-size-two\"><h2 class=\"fusion-title-heading title-heading-left fusion-responsive-typography-calculated\" style=\"margin:0;--fontSize:20;--minFontSize:20;line-height:1.5;\">Visites guid\u00e9es<\/h2><\/div><div class=\"fusion-separator\" style=\"align-self: flex-start;margin-right:auto;margin-bottom:30px;width:100%;max-width:150px;\"><div class=\"fusion-separator-border sep-single sep-solid\" style=\"--awb-height:20px;--awb-amount:20px;--awb-sep-color:#24588b;border-color:#24588b;border-top-width:3px;\"><\/div><\/div><div class=\"fusion-text fusion-text-1\"><p><span data-contrast=\"auto\">En dehors des horaires des c\u00e9l\u00e9brations, des visites guid\u00e9es \u00e0 caract\u00e8re historique, culturel et spirituel sont propos\u00e9es sur demande par l\u2019\u00e9quipe du sanctuaire.<\/span><span data-ccp-props=\"{\"><br \/><\/span><span data-contrast=\"auto\">Elles peuvent \u00eatre r\u00e9alis\u00e9es  par Jean-Baptiste Renault, chercheur en Histoire \u00e0 l\u2019Universit\u00e9 de Lorraine, ou par une S\u0153ur b\u00e9n\u00e9dictine du Sacr\u00e9-C\u0153ur de Montmartre.<\/span><span data-ccp-props=\"{\"> <\/span><\/p>\n<p><span data-contrast=\"auto\">La participation aux frais est libre.<\/span><span data-ccp-props=\"{\"> <\/span><\/p>\n<p><span data-contrast=\"auto\">Contact et r\u00e9servation\u202f:<\/span><span data-ccp-props=\"{\"> <br \/><\/span><span data-contrast=\"auto\">Tel\u202f: 07 57 51 42 82<br \/><\/span><span data-contrast=\"auto\">Mail\u202f: <\/span><a href=\"mailto:reservation.ndle@chalons.catholique.fr\"><span data-contrast=\"none\">reservation.ndle@chalons.catholique.fr<\/span><\/a><span data-ccp-props=\"{\"> <\/span><\/p>\n<p><span data-contrast=\"auto\">Ou <\/span><span data-contrast=\"auto\">\u00e0 l&rsquo;aide de ce formulaire<\/span><span data-ccp-props=\"{\"> : <\/span><\/p>\n<div class=\"frm_forms  with_frm_style frm_style_style-formidable\" id=\"frm_form_4_container\" >\n<form enctype=\"multipart\/form-data\" method=\"post\" class=\"frm-show-form  frm_pro_form \" id=\"form_contact-form3\"  >\n<div class=\"frm_form_fields \">\n<fieldset>\n<legend class=\"frm_screen_reader\">Nous contacter<\/legend>\r\n<h3 class=\"frm_form_title\">Nous contacter<\/h3>\r\n<div class=\"frm_description\"><p>Nous sommes \u00e0 votre \u00e9coute. Merci de nous envoyer votre demande \u00e0 l'aide du formulaire ci-dessous et nous vous r\u00e9pondrons d\u00e8s que possible.<\/p>\n<\/div><div class=\"frm_fields_container\">\n<input type=\"hidden\" name=\"frm_action\" value=\"create\" \/>\n<input type=\"hidden\" name=\"form_id\" value=\"4\" \/>\n<input type=\"hidden\" name=\"frm_hide_fields_4\" id=\"frm_hide_fields_4\" value=\"\" \/>\n<input type=\"hidden\" name=\"form_key\" value=\"contact-form3\" \/>\n<input type=\"hidden\" name=\"item_meta[0]\" value=\"\" \/>\n<input type=\"hidden\" id=\"frm_submit_entry_4\" name=\"frm_submit_entry_4\" value=\"77eac7211a\" \/><input type=\"hidden\" name=\"_wp_http_referer\" value=\"\/lepine\/wp-json\/wp\/v2\/pages\/3024\" \/><div id=\"frm_field_57_container\" class=\"frm_form_field  frm_html_container form-field\">Vos coordonn\u00e9es nous sont indispensables pour traiter votre demande.<br \/>\nConform\u00e9ment \u00e0 la loi informatique et libert\u00e9s du 6 janvier 1978, vous disposez d'un droit d'acc\u00e8s, de modification, de rectification et de suppression des donn\u00e9es vous concernant.<br \/>\nPour exercer ce droit, vous pouvez vous adresser \u00e0\u00a0<a href=\"vosdroits@chalons.catholique.fr\">vosdroits@chalons.catholique.fr<\/a><\/div>\n<div id=\"frm_field_15_container\" class=\"frm_form_field form-field  frm_required_field frm_top_container frm_first frm_half\">\r\n    <label for=\"field_qh4icy4\" id=\"field_qh4icy4_label\" class=\"frm_primary_label\">Nom\r\n        <span class=\"frm_required\">*<\/span>\r\n    <\/label>\r\n    <input type=\"text\" id=\"field_qh4icy4\" name=\"item_meta[15]\" value=\"\"  data-reqmsg=\"Ce champ ne peut pas \u00eatre vide\" aria-required=\"true\" data-invmsg=\"Name est non valide\" aria-invalid=\"false\"  \/>\r\n    \r\n    \r\n<\/div>\n<div id=\"frm_field_21_container\" class=\"frm_form_field form-field  frm_required_field frm_top_container frm_half\">\r\n    <label for=\"field_q98p8\" id=\"field_q98p8_label\" class=\"frm_primary_label\">Pr\u00e9nom\r\n        <span class=\"frm_required\">*<\/span>\r\n    <\/label>\r\n    <input type=\"text\" id=\"field_q98p8\" name=\"item_meta[21]\" value=\"\"  data-reqmsg=\"Ce champ ne peut pas \u00eatre vide\" aria-required=\"true\" data-invmsg=\"texte est non valide\" aria-invalid=\"false\"  \/>\r\n    \r\n    \r\n<\/div>\n<div id=\"frm_field_17_container\" class=\"frm_form_field form-field  frm_required_field frm_top_container frm_first frm_half\">\r\n    <label for=\"field_29yf4d4\" id=\"field_29yf4d4_label\" class=\"frm_primary_label\">Email\r\n        <span class=\"frm_required\">*<\/span>\r\n    <\/label>\r\n    <input type=\"email\" id=\"field_29yf4d4\" name=\"item_meta[17]\" value=\"\"  data-reqmsg=\"Ce champ ne peut pas \u00eatre vide\" aria-required=\"true\" data-invmsg=\"Please enter a valid email address\" aria-invalid=\"false\"  \/>\r\n    \r\n    \r\n<\/div>\n<div id=\"frm_field_23_container\" class=\"frm_form_field form-field  frm_top_container frm_half\">\r\n    <label for=\"field_oqun1\" id=\"field_oqun1_label\" class=\"frm_primary_label\">T\u00e9l\u00e9phone\r\n        <span class=\"frm_required\"><\/span>\r\n    <\/label>\r\n    <input type=\"tel\" id=\"field_oqun1\" name=\"item_meta[23]\" value=\"\"  data-invmsg=\"Phone est non valide\" aria-invalid=\"false\" pattern=\"((\\+\\d{1,3}(-|.| )?\\(?\\d\\)?(-| |.)?\\d{1,5})|(\\(?\\d{2,6}\\)?))(-|.| )?(\\d{3,4})(-|.| )?(\\d{4})(( x| ext)\\d{1,5}){0,1}$\"  \/>\r\n    \r\n    \r\n<\/div>\n<div id=\"frm_field_24_container\" class=\"frm_form_field form-field  frm_top_container\">\r\n    <label for=\"field_shske\" id=\"field_shske_label\" class=\"frm_primary_label\">Adresse\r\n        <span class=\"frm_required\"><\/span>\r\n    <\/label>\r\n    <input type=\"text\" id=\"field_shske\" name=\"item_meta[24]\" value=\"\"  data-invmsg=\"texte est non valide\" aria-invalid=\"false\"  \/>\r\n    \r\n    \r\n<\/div>\n<div id=\"frm_field_18_container\" class=\"frm_form_field form-field  frm_required_field frm_top_container frm12 frm_first\">\r\n    <label for=\"field_9jv0r14\" id=\"field_9jv0r14_label\" class=\"frm_primary_label\">Objet de votre demande :\r\n        <span class=\"frm_required\">*<\/span>\r\n    <\/label>\r\n    <textarea name=\"item_meta[18]\" id=\"field_9jv0r14\" rows=\"5\"  data-reqmsg=\"Ce champ ne peut pas \u00eatre vide\" aria-required=\"true\" data-invmsg=\"Objet de votre demande : est non valide\" aria-invalid=\"false\"  ><\/textarea>\r\n    \r\n    \r\n<\/div>\n<div id=\"frm_field_58_container\" class=\"frm_form_field form-field  frm_top_container vertical_radio\">\r\n    <div  id=\"field_r1ueu_label\" class=\"frm_primary_label\">\r\n        <span class=\"frm_required\" aria-hidden=\"true\"><\/span>\r\n    <\/div>\r\n    <div class=\"frm_opt_container\" aria-labelledby=\"field_r1ueu_label\" role=\"group\">\t\t<div class=\"frm_checkbox\" id=\"frm_checkbox_58-0\"><label for=\"field_r1ueu-0\"><input type=\"checkbox\" name=\"item_meta[58][]\" id=\"field_r1ueu-0\" value=\"En soumettant ce formulaire, j&#039;accepte que ces donn\u00e9es soient utilis\u00e9es dans le cadre des activit\u00e9s du sanctuaires.\"  data-invmsg=\" est non valide\" aria-invalid=\"false\"   \/> En soumettant ce formulaire, j'accepte que ces donn\u00e9es soient utilis\u00e9es dans le cadre des activit\u00e9s du sanctuaires.<\/label><\/div>\n<\/div>\r\n    \r\n    \r\n<\/div>\n\t<input type=\"hidden\" name=\"item_key\" value=\"\" \/>\n\t\t\t\t<div class=\"frm_verify\" aria-hidden=\"true\">\n\t\t\t\t<label for=\"frm_email_4\">\n\t\t\t\t\tSi vous \u00eates un humain, ne remplissez pas ce champ.\t\t\t\t<\/label>\n\t\t\t\t<input type=\"text\" class=\"frm_verify\" id=\"frm_email_4\" name=\"frm_verify\" value=\"\"  \/>\n\t\t\t<\/div>\n\t\t<input name=\"frm_state\" type=\"hidden\" value=\"jBMx20Uou0oJ+mQOgjXyVHZDME+kNSiQ11WYZoOi8P8=\" \/><div class=\"frm_submit\">\r\n\r\n<button class=\"frm_button_submit frm_final_submit\" type=\"submit\"   formnovalidate=\"formnovalidate\">Envoyer<\/button>\r\n\r\n<\/div><\/div>\n<\/fieldset>\n<\/div>\n<\/form>\n<\/div>\n\n<\/div><\/div><\/div><\/div><\/div><div class=\"fusion-fullwidth fullwidth-box fusion-builder-row-2 fusion-flex-container nonhundred-percent-fullwidth non-hundred-percent-height-scrolling\" style=\"--awb-border-radius-top-left:0px;--awb-border-radius-top-right:0px;--awb-border-radius-bottom-right:0px;--awb-border-radius-bottom-left:0px;--awb-flex-wrap:wrap;\" ><div class=\"fusion-builder-row fusion-row fusion-flex-align-items-flex-start fusion-flex-content-wrap\" style=\"max-width:1185.6px;margin-left: calc(-4% \/ 2 );margin-right: calc(-4% \/ 2 );\"><div class=\"fusion-layout-column fusion_builder_column fusion-builder-column-1 fusion_builder_column_1_1 1_1 fusion-flex-column\" style=\"--awb-bg-size:cover;--awb-width-large:100%;--awb-margin-top-large:0px;--awb-spacing-right-large:1.92%;--awb-margin-bottom-large:20px;--awb-spacing-left-large:1.92%;--awb-width-medium:100%;--awb-order-medium:0;--awb-spacing-right-medium:1.92%;--awb-spacing-left-medium:1.92%;--awb-width-small:100%;--awb-order-small:0;--awb-spacing-right-small:1.92%;--awb-spacing-left-small:1.92%;\"><div class=\"fusion-column-wrapper fusion-column-has-shadow fusion-flex-justify-content-flex-start fusion-content-layout-column\"><div class=\"fusion-title title fusion-title-3 fusion-sep-none fusion-title-text fusion-title-size-two\"><h2 class=\"fusion-title-heading title-heading-left fusion-responsive-typography-calculated\" style=\"margin:0;--fontSize:20;--minFontSize:20;line-height:1.5;\">Concerts<\/h2><\/div><div class=\"fusion-separator\" style=\"align-self: flex-start;margin-right:auto;margin-bottom:30px;width:100%;max-width:150px;\"><div class=\"fusion-separator-border sep-single sep-solid\" style=\"--awb-height:20px;--awb-amount:20px;--awb-sep-color:#24588b;border-color:#24588b;border-top-width:3px;\"><\/div><\/div><div class=\"fusion-text fusion-text-2\"><p><span data-contrast=\"auto\">Chaque ann\u00e9e a lieu \u00e0 la basilique Notre-Dame de L\u2019Epine un Festival de musique ancienne et sacr\u00e9e, organis\u00e9 par Jean-Christophe Lecl\u00e8re, organiste titulaire, et l\u2019Ensemble Cordis et Organo.<\/span><span data-ccp-props=\"{\"> <\/span><\/p>\n<p><i><span data-contrast=\"auto\">Voir aussi\u202f: Histoire et visite_La visite en image_les grandes orgues<\/span><\/i><span data-ccp-props=\"{\"> <\/span><\/p>\n<p><span data-contrast=\"auto\">Prochaines dates du 23<\/span><span data-contrast=\"auto\">\u00e8me<\/span><span data-contrast=\"auto\"> Festival de musique ancienne et sacr\u00e9e 2022\u202f:<\/span><span data-ccp-props=\"{\"> <\/span><\/p>\n<ul>\n<li data-leveltext=\"-\" data-font=\"Calibri\" data-listid=\"1\" data-list-defn-props=\"{\" aria-setsize=\"-1\" data-aria-posinset=\"0\" data-aria-level=\"1\"><span data-contrast=\"auto\">Lundi 15 ao\u00fbt \u00e0 17h\u202f: \u00ab\u202fLaudate Dominum\u202f\u00bb. Petits motets autour de Claudio Monteverdi. (Soprano\u202f: Marina Bartoli-Compostella. Orgue\u202f: Jean-Christophe Lecl\u00e8re). <\/span><i><span data-contrast=\"auto\">Entr\u00e9e libre.<\/span><\/i><span data-ccp-props=\"{\"> <\/span><\/li>\n<\/ul>\n<ul>\n<li data-leveltext=\"-\" data-font=\"Calibri\" data-listid=\"1\" data-list-defn-props=\"{\" aria-setsize=\"-1\" data-aria-posinset=\"0\" data-aria-level=\"1\"><span data-contrast=\"auto\">Dimanche 28 ao\u00fbt \u00e0 16h30\u202f: \u00ab\u202fL\u2019art de Girolamo Frescobaldi\u202f\u00bb.<\/span> <br \/><span data-contrast=\"auto\">(Violon\u202f: Minori Deguchi. Orgue\u202f: Jean-Christophe Lecl\u00e8re). <\/span><i><span data-contrast=\"auto\">Entr\u00e9e libre.<\/span><\/i><span data-ccp-props=\"{\"> <\/span><\/li>\n<\/ul>\n<ul>\n<li data-leveltext=\"-\" data-font=\"Calibri\" data-listid=\"1\" data-list-defn-props=\"{\" aria-setsize=\"-1\" data-aria-posinset=\"0\" data-aria-level=\"1\"><span data-contrast=\"auto\">Samedi 1<\/span><span data-contrast=\"auto\">er<\/span><span data-contrast=\"auto\"> octobre \u00e0 20h30\u202f: \u00ab\u202fV\u00eapres de la Vierge\u202f\u00bb de Claudio Monteverdi (1610), par les Solistes de la Grue Baroque, Ensemble vocal et instrumental.<\/span> <br \/><span data-contrast=\"auto\">(Direction\u202f: Michele Vannelli, Ma\u00eetre de chapelle de la basilique san Petronio \u00e0 Bologne. Chanteurs, violons, alti, violoncelle, violone, fl\u00fbtes, cornets \u00e0 bouquin, sacqueboutes et grand orgue). <\/span><i><span data-contrast=\"auto\">Tarif unique\u202f: 20 Euros. Gratuit scolaires et \u00e9tudiants.<\/span><\/i><span data-ccp-props=\"{\"> <\/span><\/li>\n<\/ul>\n<p><span data-contrast=\"auto\">Renseignements\u202f: <\/span><a href=\"mailto:cordisetorgano@gmail.com\"><span data-contrast=\"none\">cordisetorgano@gmail.com<\/span><span data-ccp-props=\"{\"> <\/span><\/a><\/p>\n<p><span data-contrast=\"auto\">Facebook\u202f: <\/span><a href=\"https:\/\/www.facebook.com\/profile.php?id=100067867743579\"><span data-contrast=\"auto\">Festival de Musique Ancienne de l\u2019Epine en Champagne<\/span><span data-ccp-props=\"{\"> <\/span><\/a><span data-ccp-props=\"{\"><\/span><\/p>\n<\/div><\/div><\/div><\/div><\/div>\n","protected":false},"excerpt":{"rendered":"","protected":false},"author":158,"featured_media":0,"parent":1208,"menu_order":0,"comment_status":"closed","ping_status":"closed","template":"","meta":{"xn-wppe-expiration":[],"xn-wppe-expiration-action":[],"xn-wppe-expiration-prefix":[],"footnotes":""},"_links":{"self":[{"href":"https:\/\/chalons.catholique.fr\/lepine\/wp-json\/wp\/v2\/pages\/3024"}],"collection":[{"href":"https:\/\/chalons.catholique.fr\/lepine\/wp-json\/wp\/v2\/pages"}],"about":[{"href":"https:\/\/chalons.catholique.fr\/lepine\/wp-json\/wp\/v2\/types\/page"}],"author":[{"embeddable":true,"href":"https:\/\/chalons.catholique.fr\/lepine\/wp-json\/wp\/v2\/users\/158"}],"replies":[{"embeddable":true,"href":"https:\/\/chalons.catholique.fr\/lepine\/wp-json\/wp\/v2\/comments?post=3024"}],"version-history":[{"count":2,"href":"https:\/\/chalons.catholique.fr\/lepine\/wp-json\/wp\/v2\/pages\/3024\/revisions"}],"predecessor-version":[{"id":4018,"href":"https:\/\/chalons.catholique.fr\/lepine\/wp-json\/wp\/v2\/pages\/3024\/revisions\/4018"}],"up":[{"embeddable":true,"href":"https:\/\/chalons.catholique.fr\/lepine\/wp-json\/wp\/v2\/pages\/1208"}],"wp:attachment":[{"href":"https:\/\/chalons.catholique.fr\/lepine\/wp-json\/wp\/v2\/media?parent=3024"}],"curies":[{"name":"wp","href":"https:\/\/api.w.org\/{rel}","templated":true}]}}