{"id":2975,"date":"2022-06-27T16:16:55","date_gmt":"2022-06-27T15:16:55","guid":{"rendered":"https:\/\/chalons.catholique.fr\/lepine\/?page_id=2975"},"modified":"2022-09-08T14:08:56","modified_gmt":"2022-09-08T13:08:56","slug":"demander-une-messe","status":"publish","type":"page","link":"https:\/\/chalons.catholique.fr\/lepine\/demander-une-messe\/","title":{"rendered":"Demander une messe"},"content":{"rendered":"<div class=\"fusion-fullwidth fullwidth-box fusion-builder-row-1 fusion-parallax-none nonhundred-percent-fullwidth non-hundred-percent-height-scrolling\" style=\"--awb-border-radius-top-left:0px;--awb-border-radius-top-right:0px;--awb-border-radius-bottom-right:0px;--awb-border-radius-bottom-left:0px;--awb-padding-top:500px;--awb-background-image:url(&quot;https:\/\/chalons.catholique.fr\/lepine\/wp-content\/uploads\/sites\/5\/2022\/06\/iStock-178446892-scaled.jpg&quot;);--awb-background-size:cover;--awb-flex-wrap:wrap;\" ><div class=\"fusion-builder-row fusion-row\"><\/div><\/div><div class=\"fusion-fullwidth fullwidth-box fusion-builder-row-2 nonhundred-percent-fullwidth non-hundred-percent-height-scrolling\" style=\"--awb-border-radius-top-left:0px;--awb-border-radius-top-right:0px;--awb-border-radius-bottom-right:0px;--awb-border-radius-bottom-left:0px;--awb-padding-top:30px;--awb-flex-wrap:wrap;\" ><div class=\"fusion-builder-row fusion-row\"><div class=\"fusion-layout-column fusion_builder_column fusion-builder-column-0 fusion_builder_column_1_1 1_1 fusion-one-full fusion-column-first fusion-column-last\" style=\"--awb-bg-size:cover;--awb-margin-bottom:0px;\"><div class=\"fusion-column-wrapper fusion-column-has-shadow fusion-flex-column-wrapper-legacy\"><div class=\"fusion-title title fusion-title-1 fusion-sep-none fusion-title-text fusion-title-size-three\"><h3 class=\"fusion-title-heading title-heading-left fusion-responsive-typography-calculated\" style=\"margin:0;--fontSize:18;--minFontSize:18;line-height:1.5;\">Demander une messe.<\/h3><\/div><div class=\"fusion-title title fusion-title-2 fusion-sep-none fusion-title-text fusion-title-size-four\"><h4 class=\"fusion-title-heading title-heading-left fusion-responsive-typography-calculated\" style=\"margin:0;--fontSize:15;--minFontSize:15;line-height:1.5;\">Un beau cadeau pour ceux qu\u2019on aime.<\/h4><\/div><div class=\"fusion-text fusion-text-1\"><p class=\"has-text-align-left\">Demander une messe, c\u2019est entrer dans la pri\u00e8re de l\u2019Eglise, confier \u00e0 Dieu les intentions qui nous sont ch\u00e8res et soutenir les pr\u00eatres.<\/p>\n<p class=\"has-text-align-left\">En effet, chaque fois que la messe est c\u00e9l\u00e9br\u00e9e, le Christ est pr\u00e9sent et offert \u00ab pour la multitude \u00bb : tout l\u2019amour de Dieu pour les hommes est alors donn\u00e9.<\/p>\n<p class=\"has-text-align-left\">Ainsi, si la messe a une valeur universelle et est  toujours c\u00e9l\u00e9br\u00e9e pour \u201cla gloire de Dieu et le salut du monde\u201d, le pr\u00eatre peut y associer une intention particuli\u00e8re.<\/p>\n<p>La messe ne s&rsquo;ach\u00e8te ni ne se vend, mais l&rsquo;usage veut qu&rsquo;\u00e0 l&rsquo;occasion d&rsquo;une demande de c\u00e9l\u00e9bration de messe \u00e0 ses intentions personnelles on fasse une offrande qui contribuera ainsi \u00e0 la subsistance du pr\u00eatre qui la c\u00e9l\u00e9brera.<\/p>\n<p><strong>Pour \u00e9viter toutes disparit\u00e9s de pratique et toute impression de commerce, l&rsquo;offrande est fix\u00e9e par la Conf\u00e9rence des \u00e9v\u00eaques de France pour tout le pays. Actuellement, la somme indiqu\u00e9e est de 18 euros pour une messe. <br \/><\/strong><\/p>\n<p><strong>Vous pouvez envoyer votre offrande par ch\u00e8que \u00e0 l&rsquo;ordre de \u00ab\u00a0Communaut\u00e9 Saint Martin\u00a0\u00bb \u00e0 l&rsquo;adresse suivante : <\/strong><\/p>\n<p><strong>Basilique Notre-Dame de l&rsquo;Epine &#8211; Demander une messe<br \/>1 rue Emile Barbier <br \/>51460 L&rsquo;EPINE<\/strong><\/p>\n<\/div><div class=\"fusion-clearfix\"><\/div><\/div><\/div><\/div><\/div><div class=\"fusion-fullwidth fullwidth-box fusion-builder-row-3 nonhundred-percent-fullwidth non-hundred-percent-height-scrolling\" style=\"--awb-border-radius-top-left:0px;--awb-border-radius-top-right:0px;--awb-border-radius-bottom-right:0px;--awb-border-radius-bottom-left:0px;--awb-padding-top:30px;--awb-flex-wrap:wrap;\" ><div class=\"fusion-builder-row fusion-row\"><div class=\"fusion-layout-column fusion_builder_column fusion-builder-column-1 fusion_builder_column_1_1 1_1 fusion-one-full fusion-column-first fusion-column-last\" style=\"--awb-bg-size:cover;\"><div class=\"fusion-column-wrapper fusion-column-has-shadow fusion-flex-column-wrapper-legacy\"><div class=\"frm_forms  with_frm_style frm_style_style-formidable\" id=\"frm_form_8_container\" >\n<form enctype=\"multipart\/form-data\" method=\"post\" class=\"frm-show-form  frm_pro_form \" id=\"form_demanderunemesse\"  >\n<div class=\"frm_form_fields \">\n<fieldset>\n<legend class=\"frm_screen_reader\">Demander une messe<\/legend>\r\n<h3 class=\"frm_form_title\">Demander une messe<\/h3>\r\n<div class=\"frm_fields_container\">\n<input type=\"hidden\" name=\"frm_action\" value=\"create\" \/>\n<input type=\"hidden\" name=\"form_id\" value=\"8\" \/>\n<input type=\"hidden\" name=\"frm_hide_fields_8\" id=\"frm_hide_fields_8\" value=\"\" \/>\n<input type=\"hidden\" name=\"form_key\" value=\"demanderunemesse\" \/>\n<input type=\"hidden\" name=\"item_meta[0]\" value=\"\" \/>\n<input type=\"hidden\" id=\"frm_submit_entry_8\" name=\"frm_submit_entry_8\" value=\"e34403c6ec\" \/><input type=\"hidden\" name=\"_wp_http_referer\" value=\"\/lepine\/wp-json\/wp\/v2\/pages\/2975\" \/><div id=\"frm_field_55_container\" class=\"frm_form_field  frm12 frm_html_container form-field\">Vos coordonn\u00e9es nous sont indispensables pour traiter votre demande.<br \/>\nConform\u00e9ment \u00e0 la loi informatique et libert\u00e9s du 6 janvier 1978, vous disposez d'un droit d'acc\u00e8s, de modification, de rectification et de suppression des donn\u00e9es vous concernant.<br \/>\nPour exercer ce droit, vous pouvez vous adresser \u00e0\u00a0<a href=\"vosdroits@chalons.catholique.fr\">vosdroits@chalons.catholique.fr<\/a><\/div>\n<div id=\"frm_field_50_container\" class=\"frm_form_field form-field  frm_top_container frm_half\">\r\n    <label for=\"field_jwz0f2\" id=\"field_jwz0f2_label\" class=\"frm_primary_label\">Pr\u00e9nom\r\n        <span class=\"frm_required\"><\/span>\r\n    <\/label>\r\n    <input type=\"text\" id=\"field_jwz0f2\" name=\"item_meta[50]\" value=\"\"  data-invmsg=\"texte est non valide\" aria-invalid=\"false\"  \/>\r\n    \r\n    \r\n<\/div>\n<div id=\"frm_field_49_container\" class=\"frm_form_field form-field  frm_top_container frm_half\">\r\n    <label for=\"field_yh3ii2\" id=\"field_yh3ii2_label\" class=\"frm_primary_label\">Nom\r\n        <span class=\"frm_required\"><\/span>\r\n    <\/label>\r\n    <input type=\"text\" id=\"field_yh3ii2\" name=\"item_meta[49]\" value=\"\"  data-invmsg=\"texte est non valide\" aria-invalid=\"false\"  \/>\r\n    \r\n    \r\n<\/div>\n<div id=\"frm_field_51_container\" class=\"frm_form_field form-field  frm_required_field frm_top_container frm6 frm6 frm12 frm_first\">\r\n    <label for=\"field_g3z02\" id=\"field_g3z02_label\" class=\"frm_primary_label\">Email\r\n        <span class=\"frm_required\">*<\/span>\r\n    <\/label>\r\n    <input type=\"text\" id=\"field_g3z02\" name=\"item_meta[51]\" value=\"\"  data-reqmsg=\"Ce champ ne peut pas \u00eatre vide\" aria-required=\"true\" data-invmsg=\"texte est non valide\" aria-invalid=\"false\"  \/>\r\n    \r\n    \r\n<\/div>\n<div id=\"frm_field_52_container\" class=\"frm_form_field form-field  frm_required_field frm_top_container frm6 frm_first\">\r\n    <label for=\"field_lks0y2\" id=\"field_lks0y2_label\" class=\"frm_primary_label\">Je demande une messe pour :\r\n        <span class=\"frm_required\">*<\/span>\r\n    <\/label>\r\n    <textarea name=\"item_meta[52]\" id=\"field_lks0y2\" rows=\"5\"  data-reqmsg=\"Ce champ ne peut pas \u00eatre vide\" aria-required=\"true\" data-invmsg=\"Je demande une messe pour : est non valide\" aria-invalid=\"false\"  ><\/textarea>\r\n    \r\n    \r\n<\/div>\n<div id=\"frm_field_54_container\" class=\"frm_form_field form-field  frm_top_container frm6\">\n    <label for=\"field_irwwd\" id=\"field_irwwd_label\" class=\"frm_primary_label\">\u00e0 la date suivante :\n        <span class=\"frm_required\" aria-hidden=\"true\"><\/span>\n    <\/label>\n    <input type=\"text\" id=\"field_irwwd\" name=\"item_meta[54]\" value=\"\"  maxlength=\"10\" data-invmsg=\"Date est non valide\" class=\"frm_date\" aria-invalid=\"false\"  \/>\n    \n    \n<\/div>\n<div id=\"frm_field_56_container\" class=\"frm_form_field form-field  frm_top_container vertical_radio\">\n    <div  id=\"field_9pj83_label\" class=\"frm_primary_label\">\n        <span class=\"frm_required\" aria-hidden=\"true\"><\/span>\n    <\/div>\n    <div class=\"frm_opt_container\" aria-labelledby=\"field_9pj83_label\" role=\"group\">\t\t<div class=\"frm_checkbox\" id=\"frm_checkbox_56-0\"><label for=\"field_9pj83-0\"><input type=\"checkbox\" name=\"item_meta[56][]\" id=\"field_9pj83-0\" value=\"En soumettant ce formulaire, j&#039;accepte que ces donn\u00e9es soient utilis\u00e9es dans le cadre des activit\u00e9s du sanctuaires.\"  data-invmsg=\" est non valide\" aria-invalid=\"false\"   \/> En soumettant ce formulaire, j'accepte que ces donn\u00e9es soient utilis\u00e9es dans le cadre des activit\u00e9s du sanctuaires.<\/label><\/div>\n<\/div>\n    \n    \n<\/div>\n\t<input type=\"hidden\" name=\"item_key\" value=\"\" \/>\n\t\t\t\t<div class=\"frm_verify\" aria-hidden=\"true\">\n\t\t\t\t<label for=\"frm_email_8\">\n\t\t\t\t\tSi vous \u00eates un humain, ne remplissez pas ce champ.\t\t\t\t<\/label>\n\t\t\t\t<input type=\"text\" class=\"frm_verify\" id=\"frm_email_8\" name=\"frm_verify\" value=\"\"  \/>\n\t\t\t<\/div>\n\t\t<input name=\"frm_state\" type=\"hidden\" value=\"jBMx20Uou0oJ+mQOgjXyVHZDME+kNSiQ11WYZoOi8P8=\" \/><div class=\"frm_submit\">\r\n\r\n<button class=\"frm_button_submit frm_final_submit\" type=\"submit\"  >Envoyer<\/button>\r\n\r\n<\/div><\/div>\n<\/fieldset>\n<\/div>\n<\/form>\n<\/div>\n<div class=\"fusion-clearfix\"><\/div><\/div><\/div><\/div><\/div>\n","protected":false},"excerpt":{"rendered":"","protected":false},"author":158,"featured_media":0,"parent":0,"menu_order":0,"comment_status":"closed","ping_status":"closed","template":"100-width.php","meta":{"xn-wppe-expiration":[],"xn-wppe-expiration-action":[],"xn-wppe-expiration-prefix":[],"footnotes":""},"_links":{"self":[{"href":"https:\/\/chalons.catholique.fr\/lepine\/wp-json\/wp\/v2\/pages\/2975"}],"collection":[{"href":"https:\/\/chalons.catholique.fr\/lepine\/wp-json\/wp\/v2\/pages"}],"about":[{"href":"https:\/\/chalons.catholique.fr\/lepine\/wp-json\/wp\/v2\/types\/page"}],"author":[{"embeddable":true,"href":"https:\/\/chalons.catholique.fr\/lepine\/wp-json\/wp\/v2\/users\/158"}],"replies":[{"embeddable":true,"href":"https:\/\/chalons.catholique.fr\/lepine\/wp-json\/wp\/v2\/comments?post=2975"}],"version-history":[{"count":0,"href":"https:\/\/chalons.catholique.fr\/lepine\/wp-json\/wp\/v2\/pages\/2975\/revisions"}],"wp:attachment":[{"href":"https:\/\/chalons.catholique.fr\/lepine\/wp-json\/wp\/v2\/media?parent=2975"}],"curies":[{"name":"wp","href":"https:\/\/api.w.org\/{rel}","templated":true}]}}